{"id":4063,"date":"2022-02-18T12:46:16","date_gmt":"2022-02-18T12:46:16","guid":{"rendered":"https:\/\/www.fervalle.com\/torum-2\/"},"modified":"2025-06-03T10:18:59","modified_gmt":"2025-06-03T10:18:59","slug":"torum-2","status":"publish","type":"product","link":"https:\/\/www.fervalle.com\/fr\/produit\/torum-2\/","title":{"rendered":"TORUM\u00ae"},"content":{"rendered":"","protected":false},"excerpt":{"rendered":"<h2>Nettoyant, assainissant et d\u00e9tartrant des syst\u00e8mes d&rsquo;irrigation.<\/h2>\n<p style=\"text-align: justify;\">Solution stabilis\u00e9e de dioxyde de chlore \u00e0 99,9%, pr\u00eate \u00e0 l&#8217;emploi, \u00e0 une concentration de 0,75%.<\/p>\n<p><img decoding=\"async\" class=\"alignnone size-full wp-image-568\" src=\"https:\/\/fervalle.com\/wp-content\/uploads\/2022\/02\/fertirrigacion-logo.jpg\" alt=\"\" width=\"70\" height=\"70\" srcset=\"https:\/\/www.fervalle.com\/wp-content\/uploads\/2022\/02\/fertirrigacion-logo.jpg 70w, https:\/\/www.fervalle.com\/wp-content\/uploads\/2022\/02\/fertirrigacion-logo-64x64.jpg 64w\" sizes=\"(max-width: 70px) 100vw, 70px\" \/>  <img decoding=\"async\" class=\"alignnone size-full wp-image-569\" src=\"https:\/\/fervalle.com\/wp-content\/uploads\/2022\/02\/residuo-cero.jpg\" alt=\"\" width=\"70\" height=\"70\" srcset=\"https:\/\/www.fervalle.com\/wp-content\/uploads\/2022\/02\/residuo-cero.jpg 70w, https:\/\/www.fervalle.com\/wp-content\/uploads\/2022\/02\/residuo-cero-64x64.jpg 64w\" sizes=\"(max-width: 70px) 100vw, 70px\" \/><\/p>\n<p><span style=\"font-size: 12pt;\"><strong>AVANTAGES ET B\u00c9N\u00c9FICES :<\/strong><\/span><\/p>\n<ul>\n<li>Traitement de l&rsquo;assainissement de l&rsquo;eau dans les situations \u00e0 haut risque.<\/li>\n<li>Traitement de nettoyage et de d\u00e9sinfection du syst\u00e8me de distribution d&rsquo;eau.<\/li>\n<li>Traitement choc pour \u00e9liminer le biofilm et les algues.<\/li>\n<li>Pr\u00e9vention du biofilm et des algues.<\/li>\n<\/ul>\n<p><b>POSOLOGIE ET MODE D&rsquo;EMPLOI :<\/b><\/p>\n<ul>\n<li>Nettoyage et d\u00e9sinfection des syst\u00e8mes d&rsquo;irrigation\n<ul>\n<li>Appliquer de 7 \u00e0 10L\/1000L d&rsquo;eau. Il est recommand\u00e9 de consulter l&rsquo;\u00e9quipe technique.<\/li>\n<\/ul>\n<\/li>\n<\/ul>\n<p><span style=\"font-size: 12pt;\"><strong>Composition :<\/strong> Dioxyde de chlore.<\/span><\/p>\n","protected":false},"featured_media":3012,"template":"","meta":[],"product_brand":[],"product_cat":[400],"product_tag":[762,781,776,824],"class_list":{"0":"post-4063","1":"product","2":"type-product","3":"status-publish","4":"has-post-thumbnail","6":"product_cat-red-line-fr","7":"product_tag-detartrant","8":"product_tag-nettoyeur","9":"product_tag-sterilisation","10":"product_tag-torum-fr","11":"pa_funcion-desinfectants-fr","12":"pa_funcion-detartrants","14":"first","15":"instock","16":"shipping-taxable","17":"product-type-simple"},"jetpack_sharing_enabled":true,"_links":{"self":[{"href":"https:\/\/www.fervalle.com\/fr\/wp-json\/wp\/v2\/product\/4063","targetHints":{"allow":["GET"]}}],"collection":[{"href":"https:\/\/www.fervalle.com\/fr\/wp-json\/wp\/v2\/product"}],"about":[{"href":"https:\/\/www.fervalle.com\/fr\/wp-json\/wp\/v2\/types\/product"}],"version-history":[{"count":1,"href":"https:\/\/www.fervalle.com\/fr\/wp-json\/wp\/v2\/product\/4063\/revisions"}],"predecessor-version":[{"id":30073,"href":"https:\/\/www.fervalle.com\/fr\/wp-json\/wp\/v2\/product\/4063\/revisions\/30073"}],"wp:featuredmedia":[{"embeddable":true,"href":"https:\/\/www.fervalle.com\/fr\/wp-json\/wp\/v2\/media\/3012"}],"wp:attachment":[{"href":"https:\/\/www.fervalle.com\/fr\/wp-json\/wp\/v2\/media?parent=4063"}],"wp:term":[{"taxonomy":"product_brand","embeddable":true,"href":"https:\/\/www.fervalle.com\/fr\/wp-json\/wp\/v2\/product_brand?post=4063"},{"taxonomy":"product_cat","embeddable":true,"href":"https:\/\/www.fervalle.com\/fr\/wp-json\/wp\/v2\/product_cat?post=4063"},{"taxonomy":"product_tag","embeddable":true,"href":"https:\/\/www.fervalle.com\/fr\/wp-json\/wp\/v2\/product_tag?post=4063"}],"curies":[{"name":"wp","href":"https:\/\/api.w.org\/{rel}","templated":true}]}}