{"id":4062,"date":"2022-02-18T12:59:33","date_gmt":"2022-02-18T12:59:33","guid":{"rendered":"https:\/\/www.fervalle.com\/oxibale-15\/"},"modified":"2025-06-03T10:17:35","modified_gmt":"2025-06-03T10:17:35","slug":"oxybale","status":"publish","type":"product","link":"https:\/\/www.fervalle.com\/fr\/produit\/oxybale\/","title":{"rendered":"OXIBALE 15\u00ae"},"content":{"rendered":"","protected":false},"excerpt":{"rendered":"<h2>Conditionnement et entretien de l&rsquo;eau d&rsquo;irrigation.<\/h2>\n<p style=\"text-align: justify;\">Produit destin\u00e9 \u00e0 l&rsquo;entretien optimal de l&rsquo;eau des bassins, r\u00e9servoirs ou r\u00e9servoirs destin\u00e9s \u00e0 l&rsquo;eau d&rsquo;irrigation.<\/p>\n<p>  <img decoding=\"async\" class=\"alignnone size-full wp-image-569\" src=\"https:\/\/fervalle.com\/wp-content\/uploads\/2022\/02\/residuo-cero.jpg\" alt=\"\" width=\"70\" height=\"70\" srcset=\"https:\/\/www.fervalle.com\/wp-content\/uploads\/2022\/02\/residuo-cero.jpg 70w, https:\/\/www.fervalle.com\/wp-content\/uploads\/2022\/02\/residuo-cero-64x64.jpg 64w\" sizes=\"(max-width: 70px) 100vw, 70px\" \/><\/p>\n<p><span style=\"font-size: 12pt;\"><strong>AVANTAGES ET B\u00c9N\u00c9FICES :<\/strong><\/span><\/p>\n<ul>\n<li>Traitement de l&rsquo;assainissement de l&rsquo;eau dans les situations \u00e0 haut risque.<\/li>\n<li>Traitement de nettoyage et de d\u00e9sinfection du syst\u00e8me de distribution d&rsquo;eau.<\/li>\n<li>Traitement choc pour \u00e9liminer le biofilm et les algues.<\/li>\n<li>Pr\u00e9vention du biofilm et des algues.<\/li>\n<\/ul>\n<p><b>POSOLOGIE ET MODE D&rsquo;EMPLOI :<\/b><\/p>\n<ul>\n<li>Appliquer jusqu&rsquo;\u00e0 un maximum de 3 kg de produit pour 100 m\u00e8tres cubes d&rsquo;eau.<\/li>\n<\/ul>\n<p><span style=\"font-size: 12pt;\"><strong>Composition :<\/strong> permanganate de potassium.<\/span><\/p>\n","protected":false},"featured_media":3040,"template":"","meta":[],"product_brand":[],"product_cat":[400],"product_tag":[763,776],"class_list":{"0":"post-4062","1":"product","2":"type-product","3":"status-publish","4":"has-post-thumbnail","6":"product_cat-red-line-fr","7":"product_tag-desinfectant","8":"product_tag-sterilisation","9":"pa_composicion-permanganate-de-potassium","10":"pa_funcion-desinfectants-fr","12":"first","13":"instock","14":"shipping-taxable","15":"product-type-simple"},"jetpack_sharing_enabled":true,"_links":{"self":[{"href":"https:\/\/www.fervalle.com\/fr\/wp-json\/wp\/v2\/product\/4062","targetHints":{"allow":["GET"]}}],"collection":[{"href":"https:\/\/www.fervalle.com\/fr\/wp-json\/wp\/v2\/product"}],"about":[{"href":"https:\/\/www.fervalle.com\/fr\/wp-json\/wp\/v2\/types\/product"}],"version-history":[{"count":1,"href":"https:\/\/www.fervalle.com\/fr\/wp-json\/wp\/v2\/product\/4062\/revisions"}],"predecessor-version":[{"id":30071,"href":"https:\/\/www.fervalle.com\/fr\/wp-json\/wp\/v2\/product\/4062\/revisions\/30071"}],"wp:featuredmedia":[{"embeddable":true,"href":"https:\/\/www.fervalle.com\/fr\/wp-json\/wp\/v2\/media\/3040"}],"wp:attachment":[{"href":"https:\/\/www.fervalle.com\/fr\/wp-json\/wp\/v2\/media?parent=4062"}],"wp:term":[{"taxonomy":"product_brand","embeddable":true,"href":"https:\/\/www.fervalle.com\/fr\/wp-json\/wp\/v2\/product_brand?post=4062"},{"taxonomy":"product_cat","embeddable":true,"href":"https:\/\/www.fervalle.com\/fr\/wp-json\/wp\/v2\/product_cat?post=4062"},{"taxonomy":"product_tag","embeddable":true,"href":"https:\/\/www.fervalle.com\/fr\/wp-json\/wp\/v2\/product_tag?post=4062"}],"curies":[{"name":"wp","href":"https:\/\/api.w.org\/{rel}","templated":true}]}}