{"id":4059,"date":"2022-02-18T14:25:03","date_gmt":"2022-02-18T14:25:03","guid":{"rendered":"https:\/\/www.fervalle.com\/manux-2\/"},"modified":"2022-02-18T14:25:03","modified_gmt":"2022-02-18T14:25:03","slug":"manux-2","status":"publish","type":"product","link":"https:\/\/www.fervalle.com\/fr\/produit\/manux-2\/","title":{"rendered":"MANUX\u00ae"},"content":{"rendered":"","protected":false},"excerpt":{"rendered":"<h2 style=\"text-align: justify;\">Am\u00e9liore la structure du sol et la capacit\u00e9 de r\u00e9tention d&rsquo;eau.<\/h2>\n<p>Solution liquide \u00e0 base de polym\u00e8res \u00e0 haute capacit\u00e9 pour favoriser la r\u00e9tention d&rsquo;eau autour du bulbe racinaire de la plante.<\/p>\n<p><img decoding=\"async\" class=\"alignnone size-full wp-image-568\" src=\"https:\/\/fervalle.com\/wp-content\/uploads\/2022\/02\/fertirrigacion-logo.jpg\" alt=\"\" width=\"70\" height=\"70\" srcset=\"https:\/\/www.fervalle.com\/wp-content\/uploads\/2022\/02\/fertirrigacion-logo.jpg 70w, https:\/\/www.fervalle.com\/wp-content\/uploads\/2022\/02\/fertirrigacion-logo-64x64.jpg 64w\" sizes=\"(max-width: 70px) 100vw, 70px\" \/>  <img decoding=\"async\" class=\"alignnone size-full wp-image-569\" src=\"https:\/\/fervalle.com\/wp-content\/uploads\/2022\/02\/residuo-cero.jpg\" alt=\"\" width=\"70\" height=\"70\" srcset=\"https:\/\/www.fervalle.com\/wp-content\/uploads\/2022\/02\/residuo-cero.jpg 70w, https:\/\/www.fervalle.com\/wp-content\/uploads\/2022\/02\/residuo-cero-64x64.jpg 64w\" sizes=\"(max-width: 70px) 100vw, 70px\" \/><\/p>\n<p><span style=\"font-size: 12pt;\"><strong>AVANTAGES ET B\u00c9N\u00c9FICES :<\/strong><\/span><\/p>\n<ul>\n<li>Il favorise et am\u00e9liore la structure du sol.<\/li>\n<li>Il favorise la r\u00e9tention d&rsquo;eau dans la zone racinaire, en maintenant des conditions d&rsquo;humidit\u00e9 optimales pour la croissance des plantes.<\/li>\n<li>Il est indiqu\u00e9 pour pr\u00e9venir la perte d&rsquo;eau, en particulier dans les sols peu argileux.<\/li>\n<\/ul>\n<p><b>POSOLOGIE ET MODE D&rsquo;EMPLOI :<\/b><\/p>\n<table width=\"584\">\n<tbody>\n<tr>\n<td style=\"background-color: #232230;\" width=\"154\"><span style=\"color: #ffffff;\"><strong>CULTIVE<\/strong><\/span><\/td>\n<td style=\"background-color: #232230;\" width=\"272\"><span style=\"color: #ffffff;\"><strong>TEMPS D&rsquo;APPLICATION<\/strong><\/span><\/td>\n<td style=\"background-color: #232230;\" width=\"159\"><span style=\"color: #ffffff;\"><strong>FERTIGATION<\/strong><\/span><\/td>\n<\/tr>\n<tr>\n<td width=\"154\">arbres fruitiers<\/td>\n<td rowspan=\"5\" width=\"272\">Appliquer pendant le cycle de culture<\/td>\n<td rowspan=\"5\" width=\"159\">&nbsp;<\/p>\n<p>2 \u2013 3 litres\/ha<\/p>\n<p>&nbsp;<\/td>\n<\/tr>\n<tr>\n<td width=\"154\">horticole<\/td>\n<\/tr>\n<tr>\n<td width=\"154\">olive<\/td>\n<\/tr>\n<tr>\n<td width=\"154\">raisin de table et vigne<\/td>\n<\/tr>\n<tr>\n<td width=\"154\">agrumes<\/td>\n<\/tr>\n<\/tbody>\n<\/table>\n<p><span style=\"font-size: 12pt;\"><strong>Composition :<\/strong> Polym\u00e8re.<\/span><\/p>\n","protected":false},"featured_media":3052,"template":"","meta":[],"product_brand":[],"product_cat":[400],"product_tag":[812],"class_list":{"0":"post-4059","1":"product","2":"type-product","3":"status-publish","4":"has-post-thumbnail","6":"product_cat-red-line-fr","7":"product_tag-retenue-deau","9":"first","10":"instock","11":"shipping-taxable","12":"product-type-simple"},"jetpack_sharing_enabled":true,"_links":{"self":[{"href":"https:\/\/www.fervalle.com\/fr\/wp-json\/wp\/v2\/product\/4059","targetHints":{"allow":["GET"]}}],"collection":[{"href":"https:\/\/www.fervalle.com\/fr\/wp-json\/wp\/v2\/product"}],"about":[{"href":"https:\/\/www.fervalle.com\/fr\/wp-json\/wp\/v2\/types\/product"}],"version-history":[{"count":0,"href":"https:\/\/www.fervalle.com\/fr\/wp-json\/wp\/v2\/product\/4059\/revisions"}],"wp:featuredmedia":[{"embeddable":true,"href":"https:\/\/www.fervalle.com\/fr\/wp-json\/wp\/v2\/media\/3052"}],"wp:attachment":[{"href":"https:\/\/www.fervalle.com\/fr\/wp-json\/wp\/v2\/media?parent=4059"}],"wp:term":[{"taxonomy":"product_brand","embeddable":true,"href":"https:\/\/www.fervalle.com\/fr\/wp-json\/wp\/v2\/product_brand?post=4059"},{"taxonomy":"product_cat","embeddable":true,"href":"https:\/\/www.fervalle.com\/fr\/wp-json\/wp\/v2\/product_cat?post=4059"},{"taxonomy":"product_tag","embeddable":true,"href":"https:\/\/www.fervalle.com\/fr\/wp-json\/wp\/v2\/product_tag?post=4059"}],"curies":[{"name":"wp","href":"https:\/\/api.w.org\/{rel}","templated":true}]}}