{"id":4054,"date":"2022-02-18T14:37:13","date_gmt":"2022-02-18T14:37:13","guid":{"rendered":"https:\/\/www.fervalle.com\/chlorquitan\/"},"modified":"2025-06-03T10:17:34","modified_gmt":"2025-06-03T10:17:34","slug":"chlorquitan","status":"publish","type":"product","link":"https:\/\/www.fervalle.com\/fr\/produit\/chlorquitan\/","title":{"rendered":"CHLORQUITAN\u00ae"},"content":{"rendered":"","protected":false},"excerpt":{"rendered":"<p style=\"text-align: justify;\"><strong>Solution liquide \u00e0 base de chlorhydrate de chitosane<\/strong> , dont l&rsquo;effet sur la plante est de renforcer les m\u00e9canismes de d\u00e9fense de la plante contre l&rsquo; <strong>attaque des champignons et des bact\u00e9ries<\/strong> nuisibles au d\u00e9veloppement et \u00e0 la croissance des cultures. Le chitosane est une mol\u00e9cule naturellement pr\u00e9sente dans les exosquelettes des crustac\u00e9s marins, qui augmente la production de phytoalexines v\u00e9g\u00e9tales.<\/p>\n<p><img decoding=\"async\" class=\"alignnone size-full wp-image-582\" src=\"https:\/\/fervalle.com\/wp-content\/uploads\/2022\/02\/ECO-FERVALLE.jpg\" alt=\"\" width=\"70\" height=\"70\" srcset=\"https:\/\/www.fervalle.com\/wp-content\/uploads\/2022\/02\/ECO-FERVALLE.jpg 70w, https:\/\/www.fervalle.com\/wp-content\/uploads\/2022\/02\/ECO-FERVALLE-64x64.jpg 64w\" sizes=\"(max-width: 70px) 100vw, 70px\" \/><img decoding=\"async\" class=\"alignnone size-full wp-image-568\" src=\"https:\/\/fervalle.com\/wp-content\/uploads\/2022\/02\/fertirrigacion-logo.jpg\" alt=\"\" width=\"70\" height=\"70\" srcset=\"https:\/\/www.fervalle.com\/wp-content\/uploads\/2022\/02\/fertirrigacion-logo.jpg 70w, https:\/\/www.fervalle.com\/wp-content\/uploads\/2022\/02\/fertirrigacion-logo-64x64.jpg 64w\" sizes=\"(max-width: 70px) 100vw, 70px\" \/>  <img decoding=\"async\" class=\"alignnone size-full wp-image-569\" src=\"https:\/\/fervalle.com\/wp-content\/uploads\/2022\/02\/residuo-cero.jpg\" alt=\"\" width=\"70\" height=\"70\" srcset=\"https:\/\/www.fervalle.com\/wp-content\/uploads\/2022\/02\/residuo-cero.jpg 70w, https:\/\/www.fervalle.com\/wp-content\/uploads\/2022\/02\/residuo-cero-64x64.jpg 64w\" sizes=\"(max-width: 70px) 100vw, 70px\" \/><\/p>\n<p><span style=\"font-size: 12pt;\"><strong>Composition :<\/strong> Chlorhydrate de chitosane.<\/span><\/p>\n","protected":false},"featured_media":3681,"template":"","meta":[],"product_brand":[],"product_cat":[594],"product_tag":[809],"class_list":{"0":"post-4054","1":"product","2":"type-product","3":"status-publish","4":"has-post-thumbnail","6":"product_cat-orange-line-fr","7":"product_tag-chitosan-fr-2","8":"pa_composicion-chitosan-fr-2","9":"pa_funcion-bio-insecticides-fr-2","10":"pa_funcion-biofongicides","12":"first","13":"instock","14":"shipping-taxable","15":"product-type-simple"},"jetpack_sharing_enabled":true,"_links":{"self":[{"href":"https:\/\/www.fervalle.com\/fr\/wp-json\/wp\/v2\/product\/4054","targetHints":{"allow":["GET"]}}],"collection":[{"href":"https:\/\/www.fervalle.com\/fr\/wp-json\/wp\/v2\/product"}],"about":[{"href":"https:\/\/www.fervalle.com\/fr\/wp-json\/wp\/v2\/types\/product"}],"version-history":[{"count":1,"href":"https:\/\/www.fervalle.com\/fr\/wp-json\/wp\/v2\/product\/4054\/revisions"}],"predecessor-version":[{"id":30067,"href":"https:\/\/www.fervalle.com\/fr\/wp-json\/wp\/v2\/product\/4054\/revisions\/30067"}],"wp:featuredmedia":[{"embeddable":true,"href":"https:\/\/www.fervalle.com\/fr\/wp-json\/wp\/v2\/media\/3681"}],"wp:attachment":[{"href":"https:\/\/www.fervalle.com\/fr\/wp-json\/wp\/v2\/media?parent=4054"}],"wp:term":[{"taxonomy":"product_brand","embeddable":true,"href":"https:\/\/www.fervalle.com\/fr\/wp-json\/wp\/v2\/product_brand?post=4054"},{"taxonomy":"product_cat","embeddable":true,"href":"https:\/\/www.fervalle.com\/fr\/wp-json\/wp\/v2\/product_cat?post=4054"},{"taxonomy":"product_tag","embeddable":true,"href":"https:\/\/www.fervalle.com\/fr\/wp-json\/wp\/v2\/product_tag?post=4054"}],"curies":[{"name":"wp","href":"https:\/\/api.w.org\/{rel}","templated":true}]}}