{"id":4053,"date":"2022-02-18T14:37:31","date_gmt":"2022-02-18T14:37:31","guid":{"rendered":"https:\/\/www.fervalle.com\/allium-2\/"},"modified":"2022-10-20T11:20:18","modified_gmt":"2022-10-20T11:20:18","slug":"allium","status":"publish","type":"product","link":"https:\/\/www.fervalle.com\/fr\/produit\/allium\/","title":{"rendered":"ALLIUM\u00ae"},"content":{"rendered":"","protected":false},"excerpt":{"rendered":"<p style=\"text-align: justify;\">Solution d&rsquo;huile d&rsquo;oignon liquide qui agit comme <strong>r\u00e9pulsif et masque d&rsquo;odeurs<\/strong> . Il est utilis\u00e9 dans les cultures appartenant aux ombellif\u00e8res <strong>(carotte, c\u00e9leri, navet, panais, racine de persil)<\/strong> contre la mouche de la carotte (Psila rosae), masquant l&rsquo;odeur des cultures ombellif\u00e8res.<\/p>\n<p><img decoding=\"async\" class=\"alignnone size-full wp-image-582\" src=\"https:\/\/fervalle.com\/wp-content\/uploads\/2022\/02\/ECO-FERVALLE.jpg\" alt=\"\" width=\"70\" height=\"70\" srcset=\"https:\/\/www.fervalle.com\/wp-content\/uploads\/2022\/02\/ECO-FERVALLE.jpg 70w, https:\/\/www.fervalle.com\/wp-content\/uploads\/2022\/02\/ECO-FERVALLE-64x64.jpg 64w\" sizes=\"(max-width: 70px) 100vw, 70px\" \/> <img decoding=\"async\" class=\"alignnone size-full wp-image-569\" src=\"https:\/\/fervalle.com\/wp-content\/uploads\/2022\/02\/residuo-cero.jpg\" alt=\"\" width=\"70\" height=\"70\" srcset=\"https:\/\/www.fervalle.com\/wp-content\/uploads\/2022\/02\/residuo-cero.jpg 70w, https:\/\/www.fervalle.com\/wp-content\/uploads\/2022\/02\/residuo-cero-64x64.jpg 64w\" sizes=\"(max-width: 70px) 100vw, 70px\" \/><\/p>\n<p><span style=\"font-size: 12pt;\"><strong>Composition :<\/strong> Huile d&rsquo;oignon.<\/span><\/p>\n","protected":false},"featured_media":3687,"template":"","meta":[],"product_brand":[],"product_cat":[594],"product_tag":[810],"class_list":{"0":"post-4053","1":"product","2":"type-product","3":"status-publish","4":"has-post-thumbnail","6":"product_cat-orange-line-fr","7":"product_tag-repulsif","8":"pa_composicion-huile-doignon","9":"pa_funcion-repulsifs","11":"first","12":"instock","13":"shipping-taxable","14":"product-type-simple"},"jetpack_sharing_enabled":true,"_links":{"self":[{"href":"https:\/\/www.fervalle.com\/fr\/wp-json\/wp\/v2\/product\/4053","targetHints":{"allow":["GET"]}}],"collection":[{"href":"https:\/\/www.fervalle.com\/fr\/wp-json\/wp\/v2\/product"}],"about":[{"href":"https:\/\/www.fervalle.com\/fr\/wp-json\/wp\/v2\/types\/product"}],"version-history":[{"count":3,"href":"https:\/\/www.fervalle.com\/fr\/wp-json\/wp\/v2\/product\/4053\/revisions"}],"predecessor-version":[{"id":8694,"href":"https:\/\/www.fervalle.com\/fr\/wp-json\/wp\/v2\/product\/4053\/revisions\/8694"}],"wp:featuredmedia":[{"embeddable":true,"href":"https:\/\/www.fervalle.com\/fr\/wp-json\/wp\/v2\/media\/3687"}],"wp:attachment":[{"href":"https:\/\/www.fervalle.com\/fr\/wp-json\/wp\/v2\/media?parent=4053"}],"wp:term":[{"taxonomy":"product_brand","embeddable":true,"href":"https:\/\/www.fervalle.com\/fr\/wp-json\/wp\/v2\/product_brand?post=4053"},{"taxonomy":"product_cat","embeddable":true,"href":"https:\/\/www.fervalle.com\/fr\/wp-json\/wp\/v2\/product_cat?post=4053"},{"taxonomy":"product_tag","embeddable":true,"href":"https:\/\/www.fervalle.com\/fr\/wp-json\/wp\/v2\/product_tag?post=4053"}],"curies":[{"name":"wp","href":"https:\/\/api.w.org\/{rel}","templated":true}]}}