{"id":3598,"date":"2022-02-16T11:26:36","date_gmt":"2022-02-16T11:26:36","guid":{"rendered":"https:\/\/www.fervalle.com\/algavalle\/"},"modified":"2022-10-20T11:19:25","modified_gmt":"2022-10-20T11:19:25","slug":"branchie","status":"publish","type":"product","link":"https:\/\/www.fervalle.com\/fr\/produit\/branchie\/","title":{"rendered":"ALGAVALLE\u00ae"},"content":{"rendered":"","protected":false},"excerpt":{"rendered":"<h2>Formulation liquide d&rsquo;extrait d&rsquo;algues avec des acides amin\u00e9s.<\/h2>\n<p style=\"text-align: justify;\"><strong>Formulation liquide d&rsquo;extrait d&rsquo;algues avec des acides amin\u00e9s et enrichie en micro\u00e9l\u00e9ments<\/strong> . Les algues agissent comme un puissant r\u00e9gulateur naturel de croissance tandis que les acides amin\u00e9s apportent l&rsquo;azote dont la plante a besoin pour son d\u00e9veloppement. Ceux-ci agissent comme complexants du mangan\u00e8se et du zinc, micronutriments indispensables \u00e0 la r\u00e9gulation de la synth\u00e8se des mol\u00e9cules impliqu\u00e9es dans le d\u00e9veloppement et la croissance de la plante. Il agit principalement dans la formation du fruit et l&rsquo;enracinement.<\/p>\n<p><img decoding=\"async\" class=\"alignnone size-full wp-image-582\" src=\"https:\/\/fervalle.com\/wp-content\/uploads\/2022\/02\/ECO-FERVALLE.jpg\" alt=\"\" width=\"70\" height=\"70\" srcset=\"https:\/\/www.fervalle.com\/wp-content\/uploads\/2022\/02\/ECO-FERVALLE.jpg 70w, https:\/\/www.fervalle.com\/wp-content\/uploads\/2022\/02\/ECO-FERVALLE-64x64.jpg 64w\" sizes=\"(max-width: 70px) 100vw, 70px\" \/><img decoding=\"async\" class=\"alignnone size-full wp-image-583\" src=\"https:\/\/fervalle.com\/wp-content\/uploads\/2022\/02\/FOLIAR-FERVALLE.jpg\" alt=\"\" width=\"70\" height=\"70\" srcset=\"https:\/\/www.fervalle.com\/wp-content\/uploads\/2022\/02\/FOLIAR-FERVALLE.jpg 70w, https:\/\/www.fervalle.com\/wp-content\/uploads\/2022\/02\/FOLIAR-FERVALLE-64x64.jpg 64w\" sizes=\"(max-width: 70px) 100vw, 70px\" \/><img decoding=\"async\" class=\"size-full wp-image-568\" src=\"https:\/\/fervalle.com\/wp-content\/uploads\/2022\/02\/fertirrigacion-logo.jpg\" alt=\"\" width=\"70\" height=\"70\" srcset=\"https:\/\/www.fervalle.com\/wp-content\/uploads\/2022\/02\/fertirrigacion-logo.jpg 70w, https:\/\/www.fervalle.com\/wp-content\/uploads\/2022\/02\/fertirrigacion-logo-64x64.jpg 64w\" sizes=\"(max-width: 70px) 100vw, 70px\" \/> <img loading=\"lazy\" decoding=\"async\" class=\"alignnone size-full wp-image-569\" src=\"https:\/\/fervalle.com\/wp-content\/uploads\/2022\/02\/residuo-cero.jpg\" alt=\"\" width=\"70\" height=\"70\" srcset=\"https:\/\/www.fervalle.com\/wp-content\/uploads\/2022\/02\/residuo-cero.jpg 70w, https:\/\/www.fervalle.com\/wp-content\/uploads\/2022\/02\/residuo-cero-64x64.jpg 64w\" sizes=\"(max-width: 70px) 100vw, 70px\" \/> <img loading=\"lazy\" decoding=\"async\" class=\"alignnone size-full wp-image-584\" src=\"https:\/\/fervalle.com\/wp-content\/uploads\/2022\/02\/SHC-CERTIFICACION.jpg\" alt=\"\" width=\"70\" height=\"70\" srcset=\"https:\/\/www.fervalle.com\/wp-content\/uploads\/2022\/02\/SHC-CERTIFICACION.jpg 70w, https:\/\/www.fervalle.com\/wp-content\/uploads\/2022\/02\/SHC-CERTIFICACION-64x64.jpg 64w\" sizes=\"(max-width: 70px) 100vw, 70px\" \/> <img loading=\"lazy\" decoding=\"async\" class=\"alignnone size-full wp-image-603\" src=\"https:\/\/fervalle.com\/wp-content\/uploads\/2022\/02\/DEMETER-BIODINAMICA-LOGO.jpg\" alt=\"\" width=\"70\" height=\"70\" \/> <img loading=\"lazy\" decoding=\"async\" class=\"alignnone size-full wp-image-588\" src=\"https:\/\/fervalle.com\/wp-content\/uploads\/2022\/02\/CAAE-FERVALLE-LOGOTIPO.jpg\" alt=\"\" width=\"70\" height=\"70\" srcset=\"https:\/\/www.fervalle.com\/wp-content\/uploads\/2022\/02\/CAAE-FERVALLE-LOGOTIPO.jpg 70w, https:\/\/www.fervalle.com\/wp-content\/uploads\/2022\/02\/CAAE-FERVALLE-LOGOTIPO-64x64.jpg 64w\" sizes=\"(max-width: 70px) 100vw, 70px\" \/><\/p>\n<p><strong>CERTIFICATIONS POUR L&rsquo;AGRICULTURE :<\/strong> \u00c9COLOGIQUE, BIODYNAMIQUE.<\/p>\n<p><span style=\"font-size: 12pt;\"><strong>AVANTAGES ET B\u00c9N\u00c9FICES\u00a0:<\/strong><\/span><\/p>\n<ul>\n<li>Apport des r\u00e9gulateurs naturels de croissance.<\/li>\n<li>Stimule la formation de nouvelles racines.<\/li>\n<li>Il favorise la nouaison et la formation du fruit.<\/li>\n<li>Il agit comme un protecteur contre les situations de stress dans les cultures caus\u00e9es par la s\u00e9cheresse, le froid ou la phytotoxicit\u00e9 caus\u00e9e par les m\u00e9taux lourds.<\/li>\n<\/ul>\n<p><b>POSOLOGIE ET MODE D&rsquo;EMPLOI\u00a0:<\/b><\/p>\n<table style=\"width: 100.374%;\" width=\"0\">\n<tbody>\n<tr>\n<td style=\"width: 20.1461%;\" width=\"154\"><strong>CULTIVE<\/strong><\/td>\n<td style=\"width: 34.0292%;\" width=\"272\"><strong>TEMPS D&rsquo;APPLICATION<\/strong><\/td>\n<td style=\"width: 24.9478%;\" width=\"195\"><strong>FOLIAIRE<\/strong><\/td>\n<td style=\"width: 20.6681%;\" width=\"159\"><strong>FERTIGATION<\/strong><\/td>\n<\/tr>\n<tr>\n<td style=\"width: 20.1461%;\" width=\"154\">arbres fruitiers<\/td>\n<td style=\"width: 34.0292%;\" width=\"272\">Au d\u00e9but de la floraison, au d\u00e9but de la nouaison et jusqu&rsquo;\u00e0 la maturation du fruit<\/td>\n<td style=\"width: 24.9478%;\" rowspan=\"5\" width=\"195\">2,5 &#8211; 4 litres\/1000 litres<\/td>\n<td style=\"width: 20.6681%;\" width=\"159\">&nbsp;<\/p>\n<p>4 &#8211; 7 litres\/ha<\/p>\n<p>&nbsp;<\/td>\n<\/tr>\n<tr>\n<td style=\"width: 20.1461%;\" width=\"154\">horticole<\/td>\n<td style=\"width: 34.0292%;\" width=\"272\">De la greffe \u00e0 la fin du cycle de culture<\/td>\n<td style=\"width: 20.6681%;\" width=\"159\">5 &#8211; 8 litres\/ha<\/td>\n<\/tr>\n<tr>\n<td style=\"width: 20.1461%;\" width=\"154\">olive<\/td>\n<td style=\"width: 34.0292%;\" width=\"272\">Du d\u00e9but du bourgeonnement \u00e0 la floraison<\/td>\n<td style=\"width: 20.6681%;\" width=\"159\">5 &#8211; 8 litres\/ha<\/td>\n<\/tr>\n<tr>\n<td style=\"width: 20.1461%;\" width=\"154\">raisin de table et vigne<\/td>\n<td style=\"width: 34.0292%;\" width=\"272\">D\u00e8s l&rsquo;apparition des boutons floraux, pendant la floraison et jusqu&rsquo;\u00e0 la nouaison<\/td>\n<td style=\"width: 20.6681%;\" width=\"159\">4 &#8211; 7 litres\/ha<\/td>\n<\/tr>\n<tr>\n<td style=\"width: 20.1461%;\" width=\"154\">agrumes<\/td>\n<td style=\"width: 34.0292%;\" width=\"272\">D\u00e8s le d\u00e9bourrement<\/td>\n<td style=\"width: 20.6681%;\" width=\"159\">4 &#8211; 7 litres\/ha<\/td>\n<\/tr>\n<\/tbody>\n<\/table>\n<p><span style=\"font-size: 12pt;\"><strong>Composition :<\/strong> cr\u00e8me d&rsquo;algues, mangan\u00e8se et zinc.<\/span><\/p>\n","protected":false},"featured_media":2916,"template":"","meta":[],"product_brand":[],"product_cat":[340],"product_tag":[731,760],"class_list":{"0":"post-3598","1":"product","2":"type-product","3":"status-publish","4":"has-post-thumbnail","6":"product_cat-ligne-verte","7":"product_tag-mineraux","8":"product_tag-creme-dalgues-35","9":"pa_composicion-algues","10":"pa_composicion-manganese-fr","11":"pa_composicion-zinc-fr","12":"pa_funcion-ameliorants-de-la-nouaison","13":"pa_funcion-biostimulants-fr","14":"pa_funcion-engraissement","15":"pa_funcion-enhancers-de-floraison","17":"first","18":"instock","19":"shipping-taxable","20":"product-type-simple"},"jetpack_sharing_enabled":true,"_links":{"self":[{"href":"https:\/\/www.fervalle.com\/fr\/wp-json\/wp\/v2\/product\/3598","targetHints":{"allow":["GET"]}}],"collection":[{"href":"https:\/\/www.fervalle.com\/fr\/wp-json\/wp\/v2\/product"}],"about":[{"href":"https:\/\/www.fervalle.com\/fr\/wp-json\/wp\/v2\/types\/product"}],"version-history":[{"count":1,"href":"https:\/\/www.fervalle.com\/fr\/wp-json\/wp\/v2\/product\/3598\/revisions"}],"predecessor-version":[{"id":8691,"href":"https:\/\/www.fervalle.com\/fr\/wp-json\/wp\/v2\/product\/3598\/revisions\/8691"}],"wp:featuredmedia":[{"embeddable":true,"href":"https:\/\/www.fervalle.com\/fr\/wp-json\/wp\/v2\/media\/2916"}],"wp:attachment":[{"href":"https:\/\/www.fervalle.com\/fr\/wp-json\/wp\/v2\/media?parent=3598"}],"wp:term":[{"taxonomy":"product_brand","embeddable":true,"href":"https:\/\/www.fervalle.com\/fr\/wp-json\/wp\/v2\/product_brand?post=3598"},{"taxonomy":"product_cat","embeddable":true,"href":"https:\/\/www.fervalle.com\/fr\/wp-json\/wp\/v2\/product_cat?post=3598"},{"taxonomy":"product_tag","embeddable":true,"href":"https:\/\/www.fervalle.com\/fr\/wp-json\/wp\/v2\/product_tag?post=3598"}],"curies":[{"name":"wp","href":"https:\/\/api.w.org\/{rel}","templated":true}]}}