{"id":7086,"date":"2022-07-20T10:59:17","date_gmt":"2022-07-20T10:59:17","guid":{"rendered":"https:\/\/www.fervalle.com\/tomate\/"},"modified":"2022-08-01T10:47:58","modified_gmt":"2022-08-01T10:47:58","slug":"tomate","status":"publish","type":"page","link":"https:\/\/www.fervalle.com\/fr\/tomate\/","title":{"rendered":"TOMATE"},"content":{"rendered":"\t\t<div data-elementor-type=\"wp-page\" data-elementor-id=\"7086\" class=\"elementor elementor-7086 elementor-6356\" data-elementor-post-type=\"page\">\n\t\t\t\t\t\t<section class=\"elementor-section elementor-top-section elementor-element elementor-element-870438f elementor-section-full_width elementor-section-height-default elementor-section-height-default\" data-id=\"870438f\" data-element_type=\"section\" data-e-type=\"section\">\n\t\t\t\t\t\t<div class=\"elementor-container elementor-column-gap-no\">\n\t\t\t\t\t<div class=\"elementor-column elementor-col-100 elementor-top-column elementor-element elementor-element-8baa251\" data-id=\"8baa251\" data-element_type=\"column\" data-e-type=\"column\">\n\t\t\t<div class=\"elementor-widget-wrap elementor-element-populated\">\n\t\t\t\t\t\t<div class=\"elementor-element elementor-element-2371fdb elementor-cta--skin-cover elementor-widget elementor-widget-call-to-action\" data-id=\"2371fdb\" data-element_type=\"widget\" data-e-type=\"widget\" data-widget_type=\"call-to-action.default\">\n\t\t\t\t<div class=\"elementor-widget-container\">\n\t\t\t\t\t\t\t<div class=\"elementor-cta\">\n\t\t\t\t\t<div class=\"elementor-cta__bg-wrapper\">\n\t\t\t\t<div class=\"elementor-cta__bg elementor-bg\" style=\"background-image: url(https:\/\/www.fervalle.com\/wp-content\/uploads\/2022\/07\/TOMATE-HEADER.jpg);\" role=\"img\" aria-label=\"TOMATE-HEADER\"><\/div>\n\t\t\t\t<div class=\"elementor-cta__bg-overlay\"><\/div>\n\t\t\t<\/div>\n\t\t\t\t\t\t\t<div class=\"elementor-cta__content\">\n\t\t\t\t\n\t\t\t\t\t\t\t\t\t<h2 class=\"elementor-cta__title elementor-cta__content-item elementor-content-item\">\n\t\t\t\t\t\tSTRAT\u00c9GIE DE CULTURE POUR\t\t\t\t\t<\/h2>\n\t\t\t\t\n\t\t\t\t\t\t\t\t\t<div class=\"elementor-cta__description elementor-cta__content-item elementor-content-item\">\n\t\t\t\t\t\tTOMATE\t\t\t\t\t<\/div>\n\t\t\t\t\n\t\t\t\t\t\t\t<\/div>\n\t\t\t\t\t\t<\/div>\n\t\t\t\t\t\t<\/div>\n\t\t\t\t<\/div>\n\t\t\t\t\t<\/div>\n\t\t<\/div>\n\t\t\t\t\t<\/div>\n\t\t<\/section>\n\t\t\t\t<section class=\"elementor-section elementor-top-section elementor-element elementor-element-a44947b elementor-section-boxed elementor-section-height-default elementor-section-height-default\" data-id=\"a44947b\" data-element_type=\"section\" data-e-type=\"section\">\n\t\t\t\t\t\t<div class=\"elementor-container elementor-column-gap-default\">\n\t\t\t\t\t<div class=\"elementor-column elementor-col-100 elementor-top-column elementor-element elementor-element-5b1fc12\" data-id=\"5b1fc12\" data-element_type=\"column\" data-e-type=\"column\">\n\t\t\t<div class=\"elementor-widget-wrap elementor-element-populated\">\n\t\t\t\t\t\t<div class=\"elementor-element elementor-element-ba6b5e1 elementor-widget elementor-widget-spacer\" data-id=\"ba6b5e1\" data-element_type=\"widget\" data-e-type=\"widget\" data-widget_type=\"spacer.default\">\n\t\t\t\t<div class=\"elementor-widget-container\">\n\t\t\t\t\t\t\t<div class=\"elementor-spacer\">\n\t\t\t<div class=\"elementor-spacer-inner\"><\/div>\n\t\t<\/div>\n\t\t\t\t\t\t<\/div>\n\t\t\t\t<\/div>\n\t\t\t\t\t<\/div>\n\t\t<\/div>\n\t\t\t\t\t<\/div>\n\t\t<\/section>\n\t\t\t\t<section class=\"elementor-section elementor-top-section elementor-element elementor-element-410ecd0 elementor-section-boxed elementor-section-height-default elementor-section-height-default\" data-id=\"410ecd0\" data-element_type=\"section\" data-e-type=\"section\">\n\t\t\t\t\t\t<div class=\"elementor-container elementor-column-gap-default\">\n\t\t\t\t\t<div class=\"elementor-column elementor-col-50 elementor-top-column elementor-element elementor-element-664ebc6\" data-id=\"664ebc6\" data-element_type=\"column\" data-e-type=\"column\">\n\t\t\t<div class=\"elementor-widget-wrap elementor-element-populated\">\n\t\t\t\t\t\t<div class=\"elementor-element elementor-element-185aee7 elementor-widget elementor-widget-image\" data-id=\"185aee7\" data-element_type=\"widget\" data-e-type=\"widget\" data-widget_type=\"image.default\">\n\t\t\t\t<div class=\"elementor-widget-container\">\n\t\t\t\t\t\t\t\t\t\t\t\t\t\t\t<img fetchpriority=\"high\" decoding=\"async\" width=\"300\" height=\"288\" src=\"https:\/\/www.fervalle.com\/wp-content\/uploads\/2022\/07\/580b57fcd9996e24bc43c23b-300x288.png\" class=\"attachment-medium size-medium wp-image-6364\" alt=\"\" srcset=\"https:\/\/www.fervalle.com\/wp-content\/uploads\/2022\/07\/580b57fcd9996e24bc43c23b-300x288.png 300w, https:\/\/www.fervalle.com\/wp-content\/uploads\/2022\/07\/580b57fcd9996e24bc43c23b-1024x982.png 1024w, https:\/\/www.fervalle.com\/wp-content\/uploads\/2022\/07\/580b57fcd9996e24bc43c23b-768x736.png 768w, https:\/\/www.fervalle.com\/wp-content\/uploads\/2022\/07\/580b57fcd9996e24bc43c23b-1536x1472.png 1536w, https:\/\/www.fervalle.com\/wp-content\/uploads\/2022\/07\/580b57fcd9996e24bc43c23b-2048x1963.png 2048w, https:\/\/www.fervalle.com\/wp-content\/uploads\/2022\/07\/580b57fcd9996e24bc43c23b-1320x1265.png 1320w, https:\/\/www.fervalle.com\/wp-content\/uploads\/2022\/07\/580b57fcd9996e24bc43c23b-600x575.png 600w, https:\/\/www.fervalle.com\/wp-content\/uploads\/2022\/07\/580b57fcd9996e24bc43c23b-64x61.png 64w\" sizes=\"(max-width: 300px) 100vw, 300px\" \/>\t\t\t\t\t\t\t\t\t\t\t\t\t\t\t<\/div>\n\t\t\t\t<\/div>\n\t\t\t\t\t<\/div>\n\t\t<\/div>\n\t\t\t\t<div class=\"elementor-column elementor-col-50 elementor-top-column elementor-element elementor-element-b3320d2\" data-id=\"b3320d2\" data-element_type=\"column\" data-e-type=\"column\">\n\t\t\t<div class=\"elementor-widget-wrap elementor-element-populated\">\n\t\t\t\t\t\t<div class=\"elementor-element elementor-element-607d125 elementor-widget elementor-widget-text-editor\" data-id=\"607d125\" data-element_type=\"widget\" data-e-type=\"widget\" data-widget_type=\"text-editor.default\">\n\t\t\t\t<div class=\"elementor-widget-container\">\n\t\t\t\t\t\t\t\t\t<h1 style=\"text-align: center;\"><span style=\"color: #eb0000;\"><strong>Culture de la tomate.<\/strong><\/span><\/h1><p style=\"text-align: justify;\">La tomate est le l\u00e9gume le plus connu au monde et aussi celui qui a la plus grande valeur \u00e9conomique. L&rsquo;Espagne est l&rsquo;un des principaux producteurs de tomates fra\u00eeches. La demande pour ce l\u00e9gume ne cesse de cro\u00eetre et, par cons\u00e9quent, ses cultures, sa production et sa commercialisation le sont aussi.<\/p><p style=\"text-align: justify;\">De mani\u00e8re g\u00e9n\u00e9rale, la tomate est consid\u00e9r\u00e9e comme une culture exigeante en termes d&rsquo;irrigation, de soleil et de nutriments. De plus, un grand nombre de ravageurs et de maladies lui sont associ\u00e9s et leur culture n\u00e9cessite des soins sp\u00e9cifiques comme le tutorage ou la taille des pousses secondaires. Par cons\u00e9quent, c&rsquo;est une culture qui demande beaucoup d&rsquo;attention, comme nous le verrons plus en d\u00e9tail ci-dessous.<\/p>\t\t\t\t\t\t\t\t<\/div>\n\t\t\t\t<\/div>\n\t\t\t\t\t<\/div>\n\t\t<\/div>\n\t\t\t\t\t<\/div>\n\t\t<\/section>\n\t\t\t\t<section class=\"elementor-section elementor-top-section elementor-element elementor-element-c43447e elementor-section-boxed elementor-section-height-default elementor-section-height-default\" data-id=\"c43447e\" data-element_type=\"section\" data-e-type=\"section\">\n\t\t\t\t\t\t<div class=\"elementor-container elementor-column-gap-default\">\n\t\t\t\t\t<div class=\"elementor-column elementor-col-100 elementor-top-column elementor-element elementor-element-90f6cd9\" data-id=\"90f6cd9\" data-element_type=\"column\" data-e-type=\"column\">\n\t\t\t<div class=\"elementor-widget-wrap elementor-element-populated\">\n\t\t\t\t\t\t<div class=\"elementor-element elementor-element-b7e5732 elementor-widget elementor-widget-spacer\" data-id=\"b7e5732\" data-element_type=\"widget\" data-e-type=\"widget\" data-widget_type=\"spacer.default\">\n\t\t\t\t<div class=\"elementor-widget-container\">\n\t\t\t\t\t\t\t<div class=\"elementor-spacer\">\n\t\t\t<div class=\"elementor-spacer-inner\"><\/div>\n\t\t<\/div>\n\t\t\t\t\t\t<\/div>\n\t\t\t\t<\/div>\n\t\t\t\t\t<\/div>\n\t\t<\/div>\n\t\t\t\t\t<\/div>\n\t\t<\/section>\n\t\t\t\t<section class=\"elementor-section elementor-top-section elementor-element elementor-element-d90e4a0 elementor-section-boxed elementor-section-height-default elementor-section-height-default\" data-id=\"d90e4a0\" data-element_type=\"section\" data-e-type=\"section\" data-settings=\"{&quot;background_background&quot;:&quot;classic&quot;}\">\n\t\t\t\t\t\t<div class=\"elementor-container elementor-column-gap-default\">\n\t\t\t\t\t<div class=\"elementor-column elementor-col-100 elementor-top-column elementor-element elementor-element-fd5d8ed\" data-id=\"fd5d8ed\" data-element_type=\"column\" data-e-type=\"column\">\n\t\t\t<div class=\"elementor-widget-wrap elementor-element-populated\">\n\t\t\t\t\t\t<div class=\"elementor-element elementor-element-0a78e8a elementor-widget elementor-widget-spacer\" data-id=\"0a78e8a\" data-element_type=\"widget\" data-e-type=\"widget\" data-widget_type=\"spacer.default\">\n\t\t\t\t<div class=\"elementor-widget-container\">\n\t\t\t\t\t\t\t<div class=\"elementor-spacer\">\n\t\t\t<div class=\"elementor-spacer-inner\"><\/div>\n\t\t<\/div>\n\t\t\t\t\t\t<\/div>\n\t\t\t\t<\/div>\n\t\t\t\t\t<\/div>\n\t\t<\/div>\n\t\t\t\t\t<\/div>\n\t\t<\/section>\n\t\t\t\t<section class=\"elementor-section elementor-top-section elementor-element elementor-element-32cafdb elementor-section-boxed elementor-section-height-default elementor-section-height-default\" data-id=\"32cafdb\" data-element_type=\"section\" data-e-type=\"section\">\n\t\t\t\t\t\t<div class=\"elementor-container elementor-column-gap-default\">\n\t\t\t\t\t<div class=\"elementor-column elementor-col-100 elementor-top-column elementor-element elementor-element-86e9ccf\" data-id=\"86e9ccf\" data-element_type=\"column\" data-e-type=\"column\">\n\t\t\t<div class=\"elementor-widget-wrap elementor-element-populated\">\n\t\t\t\t\t\t<div class=\"elementor-element elementor-element-96914b2 elementor-widget elementor-widget-text-editor\" data-id=\"96914b2\" data-element_type=\"widget\" data-e-type=\"widget\" data-widget_type=\"text-editor.default\">\n\t\t\t\t<div class=\"elementor-widget-container\">\n\t\t\t\t\t\t\t\t\t<h2> <\/h2><h2 style=\"text-align: justify;\"><span style=\"color: #eb0000;\"><strong>\u00bb Plantation des tomates<\/strong><\/span><\/h2><p style=\"text-align: justify;\">Lors de la plantation de plants des tomates, il faut garantir que la zone choisie pr\u00e9sente les conditions id\u00e9ales.<\/p><h3 style=\"text-align: justify;\">\u00b7Sol<\/h3><p style=\"text-align: justify;\">Les plants des tomates sont des plantes peu exigeantes en termes de sol, car elles ont un syst\u00e8me racinaire peu profond et sont capables de s&rsquo;adapter aux sols pauvres. Cependant, ils pr\u00e9f\u00e8rent un <strong>sol profond, bien drain\u00e9 et riche en mati\u00e8re organique<\/strong>.<\/p><p style=\"text-align: justify;\">D&rsquo;autre part, ils ont besoin d&rsquo;une humidit\u00e9 constante, surtout en \u00e9t\u00e9. Cependant, l&rsquo;inondation doit \u00eatre \u00e9vit\u00e9 car sinon les racines peuvent pourrir et l&rsquo;apparition de maladies est favoris\u00e9e.<\/p><p style=\"text-align: justify;\">De plus, il convient de mentionner que c&rsquo;est l&rsquo;esp\u00e8ce cultiv\u00e9e qui tol\u00e8re le mieux les conditions de salinit\u00e9, tant dans le sol que dans l&rsquo;eau d&rsquo;irrigation. Le pH du sol doit \u00eatre compris entre 6,5 et 7.<\/p><h3 style=\"text-align: justify;\">\u00b7Climat<\/h3><p style=\"text-align: justify;\">Le plant de la tomate est un type de plante qui s&rsquo;adapte bien \u00e0 une <strong>grande vari\u00e9t\u00e9 de climats<\/strong>, mais qui est <strong>tr\u00e8s sensible au gel<\/strong>. Ce sont des plantes qui ont besoin de beaucoup du soleil.<\/p><h2 style=\"text-align: justify;\"><span style=\"color: #eb0000;\"><strong>\u00bb <\/strong><strong>Soins requis par la tomate<\/strong><\/span><\/h2><p style=\"text-align: justify;\">Les plants des tomates sont des plantes qui demandent beaucoup des soins et d&rsquo;attention, comme nous l&rsquo;avons mentionn\u00e9 pr\u00e9c\u00e9demment, ce sont des l\u00e9gumes exigeants en termes des nutriments, d&rsquo;eau, de soleil, etc.<\/p><h3 style=\"text-align: justify;\">\u00b7P\u00e9pini\u00e8re<\/h3><p style=\"text-align: justify;\">Les graines des tomates doivent \u00eatre pr\u00e9alablement sem\u00e9es dans des p\u00e9pini\u00e8res. Les p\u00e9pini\u00e8res des semences commencent \u00e0 se pr\u00e9parer <strong>\u00e0 la fin de l&rsquo;hiver ou au d\u00e9but du printemps<\/strong>. Les graines prennent g\u00e9n\u00e9ralement environ 5 \u00e0 10 jours pour germer, mais ils ne seront pas pr\u00eates \u00e0 \u00eatre transplant\u00e9s tant qu&rsquo;ils n&rsquo;auront pas environ 3 \u00e0 6 vraies feuilles.<\/p><p style=\"text-align: justify;\">De plus, avant de repiquer, nous devons nous assurer que les risques de gel\u00e9es soudaines qui pourraient tuer nos petits plants sont pass\u00e9s.<\/p><h3 style=\"text-align: justify;\">\u00b7Conditionnement du sol pour la culture de la tomate<\/h3><p style=\"text-align: justify;\">Avant la plantation, l&rsquo;id\u00e9al est d&rsquo;effectuer un<strong>travail du sol en profondeur et d&rsquo;appliquer une couche de mati\u00e8re organique sur le sol,<\/strong>en remuant le sol pour qu&rsquo;il p\u00e9n\u00e8tre.<\/p><p style=\"text-align: justify;\">L&rsquo;apport d&rsquo;azote comme engrais de fond n&rsquo;est pas recommand\u00e9 car un exc\u00e8s d&rsquo;azote peut causer des dommages nuisibles aux tomates. Il n&rsquo;est recommand\u00e9 que dans le cas o\u00f9 la terre a de tr\u00e8s faibles niveaux de cet \u00e9l\u00e9ment.<\/p><p style=\"text-align: justify;\">Au contraire, l&rsquo;apport du <strong>phosphore<\/strong> est n\u00e9cessaire, car il contribue de mani\u00e8re significative au d\u00e9veloppement racinaire et \u00e0 la floraison. De plus, pour que les fruits poussent correctement, ils ont \u00e9galement besoin du <strong>potassium<\/strong>.<\/p><h3 style=\"text-align: justify;\">\u00b7Arrosage des tomates<\/h3><p style=\"text-align: justify;\">L&rsquo;irrigation des plants des tomates doit \u00eatre <strong>abondante et r\u00e9guli\u00e8re<\/strong>. Les tomates pr\u00e9f\u00e8rent l&rsquo;eau dans les racines, jamais dans les feuilles. Pour s&rsquo;assurer que les couches profondes du sol restent humides, il est pr\u00e9f\u00e9rable d&rsquo;arroser profond\u00e9ment et moins souvent, plut\u00f4t que tous les jours pendant une courte p\u00e9riode. Ainsi, on \u00e9vitera que l&rsquo;eau ne reste que dans la couche superficielle et s&rsquo;\u00e9vapore plus facilement. De plus, il est pr\u00e9f\u00e9rable d&rsquo;installer un syst\u00e8me d&rsquo;irrigation goutte \u00e0 goutte pour \u00e9viter l&rsquo;apparition de champignons.<\/p><h3 style=\"text-align: justify;\">\u00b7 Le tuteurage<\/h3><p style=\"text-align: justify;\">Le tuteurage est une pratique <strong>essentielle pour les plants des tomates<\/strong>. Il sert \u00e0 maintenir les plantes droites et \u00e0 emp\u00eacher les feuilles et les fruits de toucher le sol. De plus, il am\u00e9liore l&rsquo;a\u00e9ration et favorise l&rsquo;incidence de la lumi\u00e8re du soleil sur les plantes, am\u00e9liorant ainsi la production finale et la qualit\u00e9 des fruits.<\/p><h3 style=\"text-align: justify;\">\u00b7Taille<\/h3><p style=\"text-align: justify;\">Dans les plants des tomates, <strong>une taille de formation<\/strong> est effectu\u00e9e, c&rsquo;est-\u00e0-dire que les tiges lat\u00e9rales trop longues, \u00e2g\u00e9es ou malades, etc. sont \u00e9limin\u00e9es. De cette fa\u00e7on, la croissance et la production de la plante sont am\u00e9lior\u00e9es.<\/p><h3 style=\"text-align: justify;\">\u00b7\u00c9limination des bourgeons<\/h3><p style=\"text-align: justify;\">Les bourgeons sont de petites branches qui poussent au sommet d&rsquo;une autre branche et qu&rsquo;on enl\u00e8ve afin de <strong>concentrer toute l&rsquo;\u00e9nergie sur la branche principale<\/strong>. De cette fa\u00e7on, ces branches sont renforc\u00e9es et la production des tomates augmente.<\/p><h2 style=\"text-align: justify;\"><span style=\"color: #eb0000;\"><strong>\u00bb <\/strong><strong>Engrais pour la culture de la tomate<\/strong><\/span><\/h2><p style=\"text-align: justify;\">Les plants des tomates doivent \u00eatre fertilis\u00e9s avec des engrais riches en azote, phosphore et potassium.<\/p><p style=\"text-align: justify;\"><strong>L&rsquo;azote<\/strong> est n\u00e9cessaire, pas en exc\u00e8s, dans les premiers stades de d\u00e9veloppement pour favoriser une forte croissance des semis, bien que la consommation la plus \u00e9lev\u00e9e se situe peu de temps avant la floraison. <strong>Le potassium<\/strong> est n\u00e9cessaire en plus grande quantit\u00e9 que l&rsquo;azote. La plante a \u00e9galement besoin de <strong>phosphore<\/strong> dans les premiers stades pour garantir le bon d\u00e9veloppement des racines et des fleurs.<\/p><p style=\"text-align: justify;\">Il est int\u00e9ressant de noter que plus de 60 % de l&rsquo;azote, du phosphore et du potassium absorb\u00e9s par la plante seront utilis\u00e9s dans le fruit.<\/p><p style=\"text-align: justify;\"><strong>Le calcium<\/strong> est un autre \u00e9l\u00e9ment qui est n\u00e9cessaire en quantit\u00e9s relativement importantes. En fait, il a parfois la m\u00eame importance que l&rsquo;azote. La consommation de ce nutriment se fait de la floraison, en passant par le d\u00e9veloppement du fruit jusqu&rsquo;\u00e0 la r\u00e9colte, il est donc n\u00e9cessaire de l&rsquo;apporter tout au long de la saison. <strong>Le magn\u00e9sium<\/strong> est \u00e9galement important, bien qu&rsquo;il soit moins n\u00e9cessaire que le calcium et qu&rsquo;il soit principalement absorb\u00e9 pendant la floraison. Le soufre est n\u00e9cessaire tout au long de la saison de croissance.<\/p><p style=\"text-align: justify;\">En ce qui concerne les micronutriments, <strong>le bore<\/strong> est impliqu\u00e9 de mani\u00e8re significative dans le processus de maturation des fruits. C&rsquo;est un \u00e9l\u00e9ment essentiel pour l&rsquo;int\u00e9grit\u00e9 structurelle de la plante, la viabilit\u00e9 du pollen, le d\u00e9veloppement de la fleur et du fruit. Pour sa part, le <strong>zinc<\/strong> est un nutriment important pour le d\u00e9veloppement et le fonctionnement des hormones de croissance.<\/p><p style=\"text-align: justify;\">Pour obtenir une <strong>culture des tomates bio<\/strong>, il faut apporter r\u00e9guli\u00e8rement et en quantit\u00e9 suffisante de la mati\u00e8re organique et des restes min\u00e9raux, ainsi que des engrais et des engrais compos\u00e9s \u00e0 base d&rsquo;algues et de substances naturelles, afin d&rsquo;assurer une bonne fertilit\u00e9.<\/p><h2 style=\"text-align: justify;\"><span style=\"color: #eb0000;\"><strong>\u00bb<\/strong><strong>R\u00e9colte<\/strong><\/span> <span style=\"color: #eb0000;\"><strong>des tomates<\/strong><\/span><\/h2><p style=\"text-align: justify;\">Les tomates peuvent \u00eatre r\u00e9colt\u00e9es d\u00e8s qu&rsquo;elles commencent \u00e0 virer l\u00e9g\u00e8rement du vert au rouge.<\/p><p style=\"text-align: justify;\">Selon la vari\u00e9t\u00e9, les tomates seront r\u00e9colt\u00e9es:<\/p><ul style=\"text-align: justify;\"><li>Vari\u00e9t\u00e9s pr\u00e9coces: \u00e0 4-5 mois.<\/li><li>Vari\u00e9t\u00e9s tardives: entre 8-9 mois.<\/li><\/ul><p style=\"text-align: justify;\"> <\/p>\t\t\t\t\t\t\t\t<\/div>\n\t\t\t\t<\/div>\n\t\t\t\t\t<\/div>\n\t\t<\/div>\n\t\t\t\t\t<\/div>\n\t\t<\/section>\n\t\t\t\t<section class=\"elementor-section elementor-top-section elementor-element elementor-element-6758614 elementor-section-full_width elementor-section-height-default elementor-section-height-default\" data-id=\"6758614\" data-element_type=\"section\" data-e-type=\"section\">\n\t\t\t\t\t\t<div class=\"elementor-container elementor-column-gap-no\">\n\t\t\t\t\t<div class=\"elementor-column elementor-col-100 elementor-top-column elementor-element elementor-element-3b602cb\" data-id=\"3b602cb\" data-element_type=\"column\" data-e-type=\"column\">\n\t\t\t<div class=\"elementor-widget-wrap elementor-element-populated\">\n\t\t\t\t\t\t<div class=\"elementor-element elementor-element-66840b5 elementor-widget elementor-widget-spacer\" data-id=\"66840b5\" data-element_type=\"widget\" data-e-type=\"widget\" data-widget_type=\"spacer.default\">\n\t\t\t\t<div class=\"elementor-widget-container\">\n\t\t\t\t\t\t\t<div class=\"elementor-spacer\">\n\t\t\t<div class=\"elementor-spacer-inner\"><\/div>\n\t\t<\/div>\n\t\t\t\t\t\t<\/div>\n\t\t\t\t<\/div>\n\t\t\t\t<div class=\"elementor-element elementor-element-6cf1eb0 elementor-widget elementor-widget-image\" data-id=\"6cf1eb0\" data-element_type=\"widget\" data-e-type=\"widget\" data-widget_type=\"image.default\">\n\t\t\t\t<div class=\"elementor-widget-container\">\n\t\t\t\t\t\t\t\t\t\t\t\t\t\t\t<img decoding=\"async\" width=\"1904\" height=\"467\" src=\"https:\/\/www.fervalle.com\/wp-content\/uploads\/2022\/07\/fruit-front.jpg\" class=\"attachment-full size-full wp-image-6189\" alt=\"\" srcset=\"https:\/\/www.fervalle.com\/wp-content\/uploads\/2022\/07\/fruit-front.jpg 1904w, https:\/\/www.fervalle.com\/wp-content\/uploads\/2022\/07\/fruit-front-300x74.jpg 300w, https:\/\/www.fervalle.com\/wp-content\/uploads\/2022\/07\/fruit-front-1024x251.jpg 1024w, https:\/\/www.fervalle.com\/wp-content\/uploads\/2022\/07\/fruit-front-768x188.jpg 768w, https:\/\/www.fervalle.com\/wp-content\/uploads\/2022\/07\/fruit-front-1536x377.jpg 1536w, https:\/\/www.fervalle.com\/wp-content\/uploads\/2022\/07\/fruit-front-1320x324.jpg 1320w, https:\/\/www.fervalle.com\/wp-content\/uploads\/2022\/07\/fruit-front-600x147.jpg 600w, https:\/\/www.fervalle.com\/wp-content\/uploads\/2022\/07\/fruit-front-64x16.jpg 64w\" sizes=\"(max-width: 1904px) 100vw, 1904px\" \/>\t\t\t\t\t\t\t\t\t\t\t\t\t\t\t<\/div>\n\t\t\t\t<\/div>\n\t\t\t\t\t<\/div>\n\t\t<\/div>\n\t\t\t\t\t<\/div>\n\t\t<\/section>\n\t\t\t\t<\/div>\n\t\t","protected":false},"excerpt":{"rendered":"<p>STRAT\u00c9GIE DE CULTURE POUR TOMATE Culture de la tomate. La tomate est le l\u00e9gume le plus connu au monde et aussi celui qui a la plus grande valeur \u00e9conomique. L&rsquo;Espagne est l&rsquo;un des principaux producteurs de tomates fra\u00eeches. La demande pour ce l\u00e9gume ne cesse de cro\u00eetre et, par cons\u00e9quent, ses cultures, sa production et &#8230; <a title=\"TOMATE\" class=\"read-more\" href=\"https:\/\/www.fervalle.com\/fr\/tomate\/\" aria-label=\"Plus sur TOMATE\">Lire plus<\/a><\/p>\n","protected":false},"author":1,"featured_media":0,"parent":0,"menu_order":0,"comment_status":"closed","ping_status":"closed","template":"elementor_header_footer","meta":{"_joinchat":[],"footnotes":""},"class_list":["post-7086","page","type-page","status-publish"],"jetpack_sharing_enabled":true,"_links":{"self":[{"href":"https:\/\/www.fervalle.com\/fr\/wp-json\/wp\/v2\/pages\/7086","targetHints":{"allow":["GET"]}}],"collection":[{"href":"https:\/\/www.fervalle.com\/fr\/wp-json\/wp\/v2\/pages"}],"about":[{"href":"https:\/\/www.fervalle.com\/fr\/wp-json\/wp\/v2\/types\/page"}],"author":[{"embeddable":true,"href":"https:\/\/www.fervalle.com\/fr\/wp-json\/wp\/v2\/users\/1"}],"replies":[{"embeddable":true,"href":"https:\/\/www.fervalle.com\/fr\/wp-json\/wp\/v2\/comments?post=7086"}],"version-history":[{"count":1,"href":"https:\/\/www.fervalle.com\/fr\/wp-json\/wp\/v2\/pages\/7086\/revisions"}],"predecessor-version":[{"id":7087,"href":"https:\/\/www.fervalle.com\/fr\/wp-json\/wp\/v2\/pages\/7086\/revisions\/7087"}],"wp:attachment":[{"href":"https:\/\/www.fervalle.com\/fr\/wp-json\/wp\/v2\/media?parent=7086"}],"curies":[{"name":"wp","href":"https:\/\/api.w.org\/{rel}","templated":true}]}}