{"id":7056,"date":"2022-07-19T09:56:44","date_gmt":"2022-07-19T09:56:44","guid":{"rendered":"https:\/\/www.fervalle.com\/laitues\/"},"modified":"2022-07-28T07:52:31","modified_gmt":"2022-07-28T07:52:31","slug":"laitues","status":"publish","type":"page","link":"https:\/\/www.fervalle.com\/fr\/laitues\/","title":{"rendered":"LAITUES"},"content":{"rendered":"\t\t<div data-elementor-type=\"wp-page\" data-elementor-id=\"7056\" class=\"elementor elementor-7056 elementor-6104\" data-elementor-post-type=\"page\">\n\t\t\t\t\t\t<section class=\"elementor-section elementor-top-section elementor-element elementor-element-870438f elementor-section-full_width elementor-section-height-default elementor-section-height-default\" data-id=\"870438f\" data-element_type=\"section\" data-e-type=\"section\">\n\t\t\t\t\t\t<div class=\"elementor-container elementor-column-gap-no\">\n\t\t\t\t\t<div class=\"elementor-column elementor-col-100 elementor-top-column elementor-element elementor-element-8baa251\" data-id=\"8baa251\" data-element_type=\"column\" data-e-type=\"column\">\n\t\t\t<div class=\"elementor-widget-wrap elementor-element-populated\">\n\t\t\t\t\t\t<div class=\"elementor-element elementor-element-2371fdb elementor-cta--skin-cover elementor-widget elementor-widget-call-to-action\" data-id=\"2371fdb\" data-element_type=\"widget\" data-e-type=\"widget\" data-widget_type=\"call-to-action.default\">\n\t\t\t\t<div class=\"elementor-widget-container\">\n\t\t\t\t\t\t\t<div class=\"elementor-cta\">\n\t\t\t\t\t<div class=\"elementor-cta__bg-wrapper\">\n\t\t\t\t<div class=\"elementor-cta__bg elementor-bg\" style=\"background-image: url(https:\/\/www.fervalle.com\/wp-content\/uploads\/2022\/07\/LECHUGAS-HEADER.jpg);\" role=\"img\" aria-label=\"LECHUGAS-HEADER\"><\/div>\n\t\t\t\t<div class=\"elementor-cta__bg-overlay\"><\/div>\n\t\t\t<\/div>\n\t\t\t\t\t\t\t<div class=\"elementor-cta__content\">\n\t\t\t\t\n\t\t\t\t\t\t\t\t\t<h2 class=\"elementor-cta__title elementor-cta__content-item elementor-content-item\">\n\t\t\t\t\t\tSTRAT\u00c9GIE DE CULTURE POUR\t\t\t\t\t<\/h2>\n\t\t\t\t\n\t\t\t\t\t\t\t\t\t<div class=\"elementor-cta__description elementor-cta__content-item elementor-content-item\">\n\t\t\t\t\t\tLAITUES\t\t\t\t\t<\/div>\n\t\t\t\t\n\t\t\t\t\t\t\t<\/div>\n\t\t\t\t\t\t<\/div>\n\t\t\t\t\t\t<\/div>\n\t\t\t\t<\/div>\n\t\t\t\t\t<\/div>\n\t\t<\/div>\n\t\t\t\t\t<\/div>\n\t\t<\/section>\n\t\t\t\t<section class=\"elementor-section elementor-top-section elementor-element elementor-element-d36b153 elementor-section-boxed elementor-section-height-default elementor-section-height-default\" data-id=\"d36b153\" data-element_type=\"section\" data-e-type=\"section\">\n\t\t\t\t\t\t<div class=\"elementor-container elementor-column-gap-default\">\n\t\t\t\t\t<div class=\"elementor-column elementor-col-100 elementor-top-column elementor-element elementor-element-261c01d\" data-id=\"261c01d\" data-element_type=\"column\" data-e-type=\"column\">\n\t\t\t<div class=\"elementor-widget-wrap elementor-element-populated\">\n\t\t\t\t\t\t<div class=\"elementor-element elementor-element-522a6f5 elementor-widget elementor-widget-spacer\" data-id=\"522a6f5\" data-element_type=\"widget\" data-e-type=\"widget\" data-widget_type=\"spacer.default\">\n\t\t\t\t<div class=\"elementor-widget-container\">\n\t\t\t\t\t\t\t<div class=\"elementor-spacer\">\n\t\t\t<div class=\"elementor-spacer-inner\"><\/div>\n\t\t<\/div>\n\t\t\t\t\t\t<\/div>\n\t\t\t\t<\/div>\n\t\t\t\t\t<\/div>\n\t\t<\/div>\n\t\t\t\t\t<\/div>\n\t\t<\/section>\n\t\t\t\t<section class=\"elementor-section elementor-top-section elementor-element elementor-element-d39d5e8 elementor-section-boxed elementor-section-height-default elementor-section-height-default\" data-id=\"d39d5e8\" data-element_type=\"section\" data-e-type=\"section\">\n\t\t\t\t\t\t<div class=\"elementor-container elementor-column-gap-default\">\n\t\t\t\t\t<div class=\"elementor-column elementor-col-50 elementor-top-column elementor-element elementor-element-562f7f3\" data-id=\"562f7f3\" data-element_type=\"column\" data-e-type=\"column\">\n\t\t\t<div class=\"elementor-widget-wrap elementor-element-populated\">\n\t\t\t\t\t\t<div class=\"elementor-element elementor-element-63da775 elementor-widget elementor-widget-image\" data-id=\"63da775\" data-element_type=\"widget\" data-e-type=\"widget\" data-widget_type=\"image.default\">\n\t\t\t\t<div class=\"elementor-widget-container\">\n\t\t\t\t\t\t\t\t\t\t\t\t\t\t\t<img fetchpriority=\"high\" decoding=\"async\" width=\"300\" height=\"300\" src=\"https:\/\/www.fervalle.com\/wp-content\/uploads\/2022\/07\/Butterhead-Lettuce-PNG-Clipart-300x300.png\" class=\"attachment-medium size-medium wp-image-6299\" alt=\"\" srcset=\"https:\/\/www.fervalle.com\/wp-content\/uploads\/2022\/07\/Butterhead-Lettuce-PNG-Clipart-300x300.png 300w, https:\/\/www.fervalle.com\/wp-content\/uploads\/2022\/07\/Butterhead-Lettuce-PNG-Clipart-150x150.png 150w, https:\/\/www.fervalle.com\/wp-content\/uploads\/2022\/07\/Butterhead-Lettuce-PNG-Clipart-600x600.png 600w, https:\/\/www.fervalle.com\/wp-content\/uploads\/2022\/07\/Butterhead-Lettuce-PNG-Clipart-100x100.png 100w, https:\/\/www.fervalle.com\/wp-content\/uploads\/2022\/07\/Butterhead-Lettuce-PNG-Clipart-64x64.png 64w, https:\/\/www.fervalle.com\/wp-content\/uploads\/2022\/07\/Butterhead-Lettuce-PNG-Clipart.png 700w\" sizes=\"(max-width: 300px) 100vw, 300px\" \/>\t\t\t\t\t\t\t\t\t\t\t\t\t\t\t<\/div>\n\t\t\t\t<\/div>\n\t\t\t\t\t<\/div>\n\t\t<\/div>\n\t\t\t\t<div class=\"elementor-column elementor-col-50 elementor-top-column elementor-element elementor-element-1dd5a73\" data-id=\"1dd5a73\" data-element_type=\"column\" data-e-type=\"column\">\n\t\t\t<div class=\"elementor-widget-wrap elementor-element-populated\">\n\t\t\t\t\t\t<div class=\"elementor-element elementor-element-ebebc40 elementor-widget elementor-widget-text-editor\" data-id=\"ebebc40\" data-element_type=\"widget\" data-e-type=\"widget\" data-widget_type=\"text-editor.default\">\n\t\t\t\t<div class=\"elementor-widget-container\">\n\t\t\t\t\t\t\t\t\t<h1 style=\"text-align: center;\"><span style=\"color: #99cc00;\"><strong>Culture de laitue.<\/strong><\/span><\/h1><p style=\"text-align: justify;\">La laitue est un l\u00e9gume qui n\u00e9cessite un minimum de soins et qui n&rsquo;est gu\u00e8re affect\u00e9 par les parasites, c&rsquo;est pourquoi elle est consid\u00e9r\u00e9e comme tr\u00e8s facile \u00e0 cultiver. Comme son cycle de production est court, il peut \u00eatre plant\u00e9 avec d&rsquo;autres l\u00e9gumes \u00e0 cycle plus long pour mieux exploiter l&rsquo;espace. De plus, il existe de nombreuses vari\u00e9t\u00e9s de ce l\u00e9gume et en les combinant, vous pouvez avoir une r\u00e9colte tout au long de l&rsquo;ann\u00e9e.<\/p><p style=\"text-align: justify;\">Ces derni\u00e8res ann\u00e9es, la culture de la laitue est devenue tr\u00e8s importante, en raison \u00e0 la fois de la grande vari\u00e9t\u00e9 de types de laitue qui existent et de l&rsquo;augmentation de la consommation d&rsquo;aliments de quatri\u00e8me gamme. Les aliments de quatri\u00e8me gamme sont des l\u00e9gumes, des fruits et des l\u00e9gumes qui ont subi une transformation minimale (lavage, hachage et emballage) et qui sont pr\u00eats \u00e0 \u00eatre consomm\u00e9s.<\/p>\t\t\t\t\t\t\t\t<\/div>\n\t\t\t\t<\/div>\n\t\t\t\t\t<\/div>\n\t\t<\/div>\n\t\t\t\t\t<\/div>\n\t\t<\/section>\n\t\t\t\t<section class=\"elementor-section elementor-top-section elementor-element elementor-element-03621cd elementor-section-boxed elementor-section-height-default elementor-section-height-default\" data-id=\"03621cd\" data-element_type=\"section\" data-e-type=\"section\" data-settings=\"{&quot;background_background&quot;:&quot;classic&quot;}\">\n\t\t\t\t\t\t\t<div class=\"elementor-background-overlay\"><\/div>\n\t\t\t\t\t\t\t<div class=\"elementor-container elementor-column-gap-default\">\n\t\t\t\t\t<div class=\"elementor-column elementor-col-100 elementor-top-column elementor-element elementor-element-adccafc\" data-id=\"adccafc\" data-element_type=\"column\" data-e-type=\"column\">\n\t\t\t<div class=\"elementor-widget-wrap elementor-element-populated\">\n\t\t\t\t\t\t<div class=\"elementor-element elementor-element-04c4a0a elementor-widget elementor-widget-spacer\" data-id=\"04c4a0a\" data-element_type=\"widget\" data-e-type=\"widget\" data-widget_type=\"spacer.default\">\n\t\t\t\t<div class=\"elementor-widget-container\">\n\t\t\t\t\t\t\t<div class=\"elementor-spacer\">\n\t\t\t<div class=\"elementor-spacer-inner\"><\/div>\n\t\t<\/div>\n\t\t\t\t\t\t<\/div>\n\t\t\t\t<\/div>\n\t\t\t\t\t<\/div>\n\t\t<\/div>\n\t\t\t\t\t<\/div>\n\t\t<\/section>\n\t\t\t\t<section class=\"elementor-section elementor-top-section elementor-element elementor-element-a44947b elementor-section-boxed elementor-section-height-default elementor-section-height-default\" data-id=\"a44947b\" data-element_type=\"section\" data-e-type=\"section\">\n\t\t\t\t\t\t<div class=\"elementor-container elementor-column-gap-default\">\n\t\t\t\t\t<div class=\"elementor-column elementor-col-100 elementor-top-column elementor-element elementor-element-5b1fc12\" data-id=\"5b1fc12\" data-element_type=\"column\" data-e-type=\"column\">\n\t\t\t<div class=\"elementor-widget-wrap elementor-element-populated\">\n\t\t\t\t\t\t<div class=\"elementor-element elementor-element-afb4b05 elementor-widget elementor-widget-spacer\" data-id=\"afb4b05\" data-element_type=\"widget\" data-e-type=\"widget\" data-widget_type=\"spacer.default\">\n\t\t\t\t<div class=\"elementor-widget-container\">\n\t\t\t\t\t\t\t<div class=\"elementor-spacer\">\n\t\t\t<div class=\"elementor-spacer-inner\"><\/div>\n\t\t<\/div>\n\t\t\t\t\t\t<\/div>\n\t\t\t\t<\/div>\n\t\t\t\t<div class=\"elementor-element elementor-element-663f979 elementor-widget elementor-widget-text-editor\" data-id=\"663f979\" data-element_type=\"widget\" data-e-type=\"widget\" data-widget_type=\"text-editor.default\">\n\t\t\t\t<div class=\"elementor-widget-container\">\n\t\t\t\t\t\t\t\t\t<h2 style=\"text-align: justify;\"><span style=\"color: #99cc00;\"><strong>\u00bbPlantation de laitue<\/strong><\/span><\/h2><p style=\"text-align: justify;\">Lors de la plantation de laitues, l&rsquo;id\u00e9al est de le faire sur des buttes ou des trottoirs, \u00e0 une hauteur d&rsquo;environ 25 cm, afin qu&rsquo;elles n&rsquo;entrent pas en contact direct avec l&rsquo;humidit\u00e9 et ainsi \u00e9viter les maladies et la pourriture du col de la laitue. Mais, en plus, nous devons prendre en compte une s\u00e9rie de facteurs tels que :<\/p><h3 style=\"text-align: justify;\"> <\/h3><h3 style=\"text-align: justify;\">\u00b7Sol<\/h3><p style=\"text-align: justify;\">En g\u00e9n\u00e9ral, les laitues pr\u00e9f\u00e8rent les <strong>sols limoneux sableux l\u00e9gers, riches en nutriments et bien drain\u00e9s<\/strong>. Si plant\u00e9 dans un sol pauvre en \u00e9l\u00e9ments nutritifs, il est recommand\u00e9 d&rsquo;ajouter du compost bien d\u00e9compos\u00e9. Le pH optimal du sol pour ce l\u00e9gume devrait se situer entre 6,7 et 7,4. De plus, c&rsquo;est une culture sensible \u00e0 la s\u00e9cheresse, mais il faut faire particuli\u00e8rement attention \u00e0 garder la surface du sol s\u00e8che, sinon l&rsquo;apparition de la pourriture du col de la laitue est favoris\u00e9e.<\/p><p style=\"text-align: justify;\">On peut indiquer que la laitue pr\u00e9f\u00e8re certains sols ou d&rsquo;autres selon la vari\u00e9t\u00e9 que l&rsquo;on souhaite planter:<\/p><ul style=\"text-align: justify;\"><li><strong>Vari\u00e9t\u00e9s de printemps<\/strong>: sols sablonneux, car ils se r\u00e9chauffent plus vite et les r\u00e9coltes sont plus pr\u00e9coces.<\/li><li><strong>Vari\u00e9t\u00e9s d&rsquo;\u00e9t\u00e9<\/strong>: sols riches en mati\u00e8re organique, permettant ainsi une plus grande utilisation des ressources en eau.<\/li><li><strong>Vari\u00e9t\u00e9s d&rsquo;automne<\/strong>: sols limoneux, car ils se refroidissent plus lentement.<\/li><\/ul><h3 style=\"text-align: justify;\"> <\/h3><h3 style=\"text-align: justify;\">\u00b7Climat<\/h3><p style=\"text-align: justify;\">La laitue s&rsquo;adapte bien \u00e0 <strong>presque tous les climats<\/strong>, puisqu&rsquo;elle r\u00e9siste \u00e0 une tr\u00e8s large gamme de temp\u00e9ratures (de -6<sup>o<\/sup>C \u00e0 30<sup>o<\/sup>C). Cependant, en dessous de 6<sup>o<\/sup>C sa croissance est stopp\u00e9e donc, dans les r\u00e9gions froides, il est n\u00e9cessaire de couvrir les cultures avec du plastique protecteur.<\/p><h2 style=\"text-align: justify;\"><span style=\"color: #99cc00;\"><strong>\u00bb<\/strong><\/span><span style=\"color: #99cc00;\"><strong>Soins requis par la laitue<\/strong><\/span><\/h2><h3 style=\"text-align: justify;\">\u00b7P\u00e9pini\u00e8re<\/h3><p style=\"text-align: justify;\">Pour la culture de la laitue, les graines sont sem\u00e9es dans des <strong>p\u00e9pini\u00e8res pendant 30 \u00e0 40 jours<\/strong>. Une fois que les plantes mesurent environ 8 cm de haut et ont 5-6 feuilles, elles sont pr\u00eates \u00e0 \u00eatre transplant\u00e9es dans le jardin.<\/p><h3 style=\"text-align: justify;\">\u00b7Conditionnement du sol pour la culture de la laitue<\/h3><p style=\"text-align: justify;\">En premier lieu, pour \u00e9viter d&rsquo;endommager l&rsquo;engorgement des laitues, il est important de niveler le sol. De plus, les <strong>cr\u00eates<\/strong> n\u00e9cessaires seront form\u00e9es sur lesquelles, plus tard, les l\u00e9gumes seront plant\u00e9s.<\/p><p style=\"text-align: justify;\">Une autre caract\u00e9ristique de cette culture est qu&rsquo;il est recommand\u00e9 de cultiver apr\u00e8s des l\u00e9gumineuses, des c\u00e9r\u00e9ales ou des jach\u00e8res et non apr\u00e8s des crucif\u00e8res ou des composites.<\/p><p style=\"text-align: justify;\">D&rsquo;autre part, il est important de pr\u00e9ciser qu&rsquo;il s&rsquo;agit d&rsquo;une culture \u00e0 cycle court et tr\u00e8s <strong>sensible aux produits chimiques<\/strong>, la d\u00e9sinfection chimique du sol est donc d\u00e9conseill\u00e9e (solarisation en \u00e9t\u00e9 conseill\u00e9e).<\/p><p style=\"text-align: justify;\">Enfin, pendant l&rsquo;hiver, un <strong>rembourrage<\/strong> avec des feuilles de poly\u00e9thyl\u00e8ne noires ou transparentes est recommand\u00e9. Ces feuilles sont \u00e9galement utilis\u00e9es avec les laitues de petite taille et celles qui ne forment pas de bourgeons dont les feuilles restent tr\u00e8s ouvertes, \u00e9vitant ainsi qu&rsquo;elles ne se salissent.<\/p><h3 style=\"text-align: justify;\">\u00b7Laitue irrigation<\/h3><p style=\"text-align: justify;\">Pour la culture de la laitue, il est tr\u00e8s important de contr\u00f4ler l&rsquo;humidit\u00e9 du sol et d&rsquo;\u00e9viter l&rsquo;engorgement. Par cons\u00e9quent, les <strong>risques seront fr\u00e9quents, mais peu abondants<\/strong>.<\/p><p style=\"text-align: justify;\">L&rsquo;irrigation goutte \u00e0 goutte (en serre) et les bandes d&rsquo;exsudation (en ext\u00e9rieur) sont les meilleurs syst\u00e8mes d&rsquo;irrigation pour ce type de culture en raison de leur transmission constante de l&rsquo;eau, mais sans probl\u00e8mes d&rsquo;engorgement.<\/p><h3 style=\"text-align: justify;\">\u00b7Blanchiment<\/h3><p style=\"text-align: justify;\">Dans les <strong>laitues \u00e0 feuilles allong\u00e9es<\/strong>, comme la Romaine, des techniques de blanchiment sont utilis\u00e9es. Les techniques de blanchiment consistent \u00e0 attacher les feuilles avec un \u00e9lastique entre 5 et 7 jours avant la r\u00e9colte. Avec cela, il est pr\u00e9vu que les feuilles int\u00e9rieures soient aussi blanches que possible au lieu de la couleur vert fonc\u00e9 typique.<\/p><h3 style=\"text-align: justify;\">\u00b7Mauvaises herbes<\/h3><p style=\"text-align: justify;\">Il est tr\u00e8s important <strong>d&rsquo;\u00e9liminer les mauvaises herbes<\/strong> dans les cultures de laitue, car elles peuvent cr\u00e9er un environnement propice au d\u00e9veloppement de maladies.<\/p><h2 style=\"text-align: justify;\"><span style=\"color: #99cc00;\"><strong>\u00bb<\/strong><\/span><span style=\"color: #99cc00;\"><strong>Engrais pour la culture de la laitue<\/strong><\/span><\/h2><p style=\"text-align: justify;\">Les l\u00e9gumes verts \u00e0 feuilles ont des besoins alimentaires de base, ce qui en fait des l\u00e9gumes faciles \u00e0 cultiver.<\/p><p style=\"text-align: justify;\">La laitue en particulier a besoin <strong>d&rsquo;azote<\/strong> pour assurer une croissance foliaire productive. De plus, le <strong>potassium<\/strong> et le <strong>phosphate<\/strong> sont \u00e9galement des nutriments importants pour cette culture. Cependant, une fertilisation excessive, en particulier azot\u00e9e, doit \u00eatre \u00e9vit\u00e9e pour \u00e9viter une \u00e9ventuelle phytotoxicit\u00e9 due \u00e0 un exc\u00e8s de sels et pour obtenir des feuilles de qualit\u00e9 et une formation id\u00e9ale des bourgeons. Par cons\u00e9quent, des engrais \u00e9quilibr\u00e9s avec des parties \u00e9gales d&rsquo;azote, de potassium et de phosphate seront appliqu\u00e9s.<\/p><p style=\"text-align: justify;\">Quant \u00e0 l&rsquo;engrais potassique, les apports de cet \u00e9l\u00e9ment doivent \u00eatre contr\u00f4l\u00e9s, surtout en saison froide, mais, en plus, il est important de garder \u00e0 l&rsquo;esprit que la laitue, consommant plus de potassium, absorbera plus de <strong>magn\u00e9sium<\/strong>. Par cons\u00e9quent, cela doit \u00eatre pris en compte lors de l&rsquo;\u00e9quilibrage de cette \u00e9ventuelle d\u00e9ficience.<\/p><p style=\"text-align: justify;\">D&rsquo;autre part, c&rsquo;est une culture assez exigeante en <strong>molybd\u00e8ne<\/strong> durant les premiers stades de d\u00e9veloppement. L&rsquo;application de cet \u00e9l\u00e9ment, \u00e0 la fois pr\u00e9ventivement et pour corriger d&rsquo;\u00e9ventuelles carences, est recommand\u00e9e par application foliaire.<\/p><p style=\"text-align: justify;\">Si ce que vous voulez est une <strong>culture de laitue \u00e9cologique<\/strong>, vous pouvez m\u00e9langer du compost, du fumier bien d\u00e9compos\u00e9, des \u00e9mulsions de poisson, etc. dans le sol avant la plantation. Cela donnera aux plantes les nutriments dont elles ont besoin pour maximiser la production.<\/p><h2 style=\"text-align: justify;\"><span style=\"color: #99cc00;\"><strong>\u00bb<\/strong><\/span><span style=\"color: #99cc00;\"><strong>R\u00e9colte de laitue<\/strong><\/span><\/h2><p style=\"text-align: justify;\">La maturit\u00e9 des laitues est mesur\u00e9e par le degr\u00e9 de compactage de leurs t\u00eates. Une t\u00eate est consid\u00e9r\u00e9e comme compacte et donc pr\u00eate \u00e0 \u00eatre r\u00e9colt\u00e9e lorsqu&rsquo;une force manuelle mod\u00e9r\u00e9e est n\u00e9cessaire pour la comprimer (sans \u00eatre extr\u00eamement dure).<\/p>\t\t\t\t\t\t\t\t<\/div>\n\t\t\t\t<\/div>\n\t\t\t\t\t<\/div>\n\t\t<\/div>\n\t\t\t\t\t<\/div>\n\t\t<\/section>\n\t\t\t\t<section class=\"elementor-section elementor-top-section elementor-element elementor-element-531ee92 elementor-section-full_width elementor-section-height-default elementor-section-height-default\" data-id=\"531ee92\" data-element_type=\"section\" data-e-type=\"section\">\n\t\t\t\t\t\t<div class=\"elementor-container elementor-column-gap-no\">\n\t\t\t\t\t<div class=\"elementor-column elementor-col-100 elementor-top-column elementor-element elementor-element-36aaf36\" data-id=\"36aaf36\" data-element_type=\"column\" data-e-type=\"column\">\n\t\t\t<div class=\"elementor-widget-wrap elementor-element-populated\">\n\t\t\t\t\t\t<div class=\"elementor-element elementor-element-66840b5 elementor-widget elementor-widget-spacer\" data-id=\"66840b5\" data-element_type=\"widget\" data-e-type=\"widget\" data-widget_type=\"spacer.default\">\n\t\t\t\t<div class=\"elementor-widget-container\">\n\t\t\t\t\t\t\t<div class=\"elementor-spacer\">\n\t\t\t<div class=\"elementor-spacer-inner\"><\/div>\n\t\t<\/div>\n\t\t\t\t\t\t<\/div>\n\t\t\t\t<\/div>\n\t\t\t\t<div class=\"elementor-element elementor-element-3f49962 elementor-widget elementor-widget-image\" data-id=\"3f49962\" data-element_type=\"widget\" data-e-type=\"widget\" data-widget_type=\"image.default\">\n\t\t\t\t<div class=\"elementor-widget-container\">\n\t\t\t\t\t\t\t\t\t\t\t\t\t\t\t<img decoding=\"async\" width=\"1904\" height=\"467\" src=\"https:\/\/www.fervalle.com\/wp-content\/uploads\/2022\/07\/fruit-front.jpg\" class=\"attachment-full size-full wp-image-6189\" alt=\"\" srcset=\"https:\/\/www.fervalle.com\/wp-content\/uploads\/2022\/07\/fruit-front.jpg 1904w, https:\/\/www.fervalle.com\/wp-content\/uploads\/2022\/07\/fruit-front-300x74.jpg 300w, https:\/\/www.fervalle.com\/wp-content\/uploads\/2022\/07\/fruit-front-1024x251.jpg 1024w, https:\/\/www.fervalle.com\/wp-content\/uploads\/2022\/07\/fruit-front-768x188.jpg 768w, https:\/\/www.fervalle.com\/wp-content\/uploads\/2022\/07\/fruit-front-1536x377.jpg 1536w, https:\/\/www.fervalle.com\/wp-content\/uploads\/2022\/07\/fruit-front-1320x324.jpg 1320w, https:\/\/www.fervalle.com\/wp-content\/uploads\/2022\/07\/fruit-front-600x147.jpg 600w, https:\/\/www.fervalle.com\/wp-content\/uploads\/2022\/07\/fruit-front-64x16.jpg 64w\" sizes=\"(max-width: 1904px) 100vw, 1904px\" \/>\t\t\t\t\t\t\t\t\t\t\t\t\t\t\t<\/div>\n\t\t\t\t<\/div>\n\t\t\t\t\t<\/div>\n\t\t<\/div>\n\t\t\t\t\t<\/div>\n\t\t<\/section>\n\t\t\t\t<\/div>\n\t\t","protected":false},"excerpt":{"rendered":"<p>STRAT\u00c9GIE DE CULTURE POUR LAITUES Culture de laitue. La laitue est un l\u00e9gume qui n\u00e9cessite un minimum de soins et qui n&rsquo;est gu\u00e8re affect\u00e9 par les parasites, c&rsquo;est pourquoi elle est consid\u00e9r\u00e9e comme tr\u00e8s facile \u00e0 cultiver. Comme son cycle de production est court, il peut \u00eatre plant\u00e9 avec d&rsquo;autres l\u00e9gumes \u00e0 cycle plus long &#8230; <a title=\"LAITUES\" class=\"read-more\" href=\"https:\/\/www.fervalle.com\/fr\/laitues\/\" aria-label=\"Plus sur LAITUES\">Lire plus<\/a><\/p>\n","protected":false},"author":1,"featured_media":0,"parent":0,"menu_order":0,"comment_status":"closed","ping_status":"closed","template":"elementor_header_footer","meta":{"_joinchat":[],"footnotes":""},"class_list":["post-7056","page","type-page","status-publish"],"jetpack_sharing_enabled":true,"_links":{"self":[{"href":"https:\/\/www.fervalle.com\/fr\/wp-json\/wp\/v2\/pages\/7056","targetHints":{"allow":["GET"]}}],"collection":[{"href":"https:\/\/www.fervalle.com\/fr\/wp-json\/wp\/v2\/pages"}],"about":[{"href":"https:\/\/www.fervalle.com\/fr\/wp-json\/wp\/v2\/types\/page"}],"author":[{"embeddable":true,"href":"https:\/\/www.fervalle.com\/fr\/wp-json\/wp\/v2\/users\/1"}],"replies":[{"embeddable":true,"href":"https:\/\/www.fervalle.com\/fr\/wp-json\/wp\/v2\/comments?post=7056"}],"version-history":[{"count":1,"href":"https:\/\/www.fervalle.com\/fr\/wp-json\/wp\/v2\/pages\/7056\/revisions"}],"predecessor-version":[{"id":7057,"href":"https:\/\/www.fervalle.com\/fr\/wp-json\/wp\/v2\/pages\/7056\/revisions\/7057"}],"wp:attachment":[{"href":"https:\/\/www.fervalle.com\/fr\/wp-json\/wp\/v2\/media?parent=7056"}],"curies":[{"name":"wp","href":"https:\/\/api.w.org\/{rel}","templated":true}]}}