{"id":7044,"date":"2022-07-20T11:05:56","date_gmt":"2022-07-20T11:05:56","guid":{"rendered":"https:\/\/www.fervalle.com\/brocoli\/"},"modified":"2022-07-27T08:50:21","modified_gmt":"2022-07-27T08:50:21","slug":"brocoli","status":"publish","type":"page","link":"https:\/\/www.fervalle.com\/fr\/brocoli\/","title":{"rendered":"BROCOLI"},"content":{"rendered":"\t\t<div data-elementor-type=\"wp-page\" data-elementor-id=\"7044\" class=\"elementor elementor-7044 elementor-6370\" data-elementor-post-type=\"page\">\n\t\t\t\t\t\t<section class=\"elementor-section elementor-top-section elementor-element elementor-element-870438f elementor-section-full_width elementor-section-height-default elementor-section-height-default\" data-id=\"870438f\" data-element_type=\"section\" data-e-type=\"section\">\n\t\t\t\t\t\t<div class=\"elementor-container elementor-column-gap-no\">\n\t\t\t\t\t<div class=\"elementor-column elementor-col-100 elementor-top-column elementor-element elementor-element-8baa251\" data-id=\"8baa251\" data-element_type=\"column\" data-e-type=\"column\">\n\t\t\t<div class=\"elementor-widget-wrap elementor-element-populated\">\n\t\t\t\t\t\t<div class=\"elementor-element elementor-element-2371fdb elementor-cta--skin-cover elementor-widget elementor-widget-call-to-action\" data-id=\"2371fdb\" data-element_type=\"widget\" data-e-type=\"widget\" data-widget_type=\"call-to-action.default\">\n\t\t\t\t<div class=\"elementor-widget-container\">\n\t\t\t\t\t\t\t<div class=\"elementor-cta\">\n\t\t\t\t\t<div class=\"elementor-cta__bg-wrapper\">\n\t\t\t\t<div class=\"elementor-cta__bg elementor-bg\" style=\"background-image: url(https:\/\/www.fervalle.com\/wp-content\/uploads\/2022\/07\/BROCOLI-HEADER.jpg);\" role=\"img\" aria-label=\"BROCOLI-HEADER\"><\/div>\n\t\t\t\t<div class=\"elementor-cta__bg-overlay\"><\/div>\n\t\t\t<\/div>\n\t\t\t\t\t\t\t<div class=\"elementor-cta__content\">\n\t\t\t\t\n\t\t\t\t\t\t\t\t\t<h2 class=\"elementor-cta__title elementor-cta__content-item elementor-content-item\">\n\t\t\t\t\t\tSTRAT\u00c9GIE DE CULTURE POUR\t\t\t\t\t<\/h2>\n\t\t\t\t\n\t\t\t\t\t\t\t\t\t<div class=\"elementor-cta__description elementor-cta__content-item elementor-content-item\">\n\t\t\t\t\t\tBROCOLI\t\t\t\t\t<\/div>\n\t\t\t\t\n\t\t\t\t\t\t\t<\/div>\n\t\t\t\t\t\t<\/div>\n\t\t\t\t\t\t<\/div>\n\t\t\t\t<\/div>\n\t\t\t\t\t<\/div>\n\t\t<\/div>\n\t\t\t\t\t<\/div>\n\t\t<\/section>\n\t\t\t\t<section class=\"elementor-section elementor-top-section elementor-element elementor-element-a44947b elementor-section-boxed elementor-section-height-default elementor-section-height-default\" data-id=\"a44947b\" data-element_type=\"section\" data-e-type=\"section\">\n\t\t\t\t\t\t<div class=\"elementor-container elementor-column-gap-default\">\n\t\t\t\t\t<div class=\"elementor-column elementor-col-100 elementor-top-column elementor-element elementor-element-5b1fc12\" data-id=\"5b1fc12\" data-element_type=\"column\" data-e-type=\"column\">\n\t\t\t<div class=\"elementor-widget-wrap elementor-element-populated\">\n\t\t\t\t\t\t<div class=\"elementor-element elementor-element-ba6b5e1 elementor-widget elementor-widget-spacer\" data-id=\"ba6b5e1\" data-element_type=\"widget\" data-e-type=\"widget\" data-widget_type=\"spacer.default\">\n\t\t\t\t<div class=\"elementor-widget-container\">\n\t\t\t\t\t\t\t<div class=\"elementor-spacer\">\n\t\t\t<div class=\"elementor-spacer-inner\"><\/div>\n\t\t<\/div>\n\t\t\t\t\t\t<\/div>\n\t\t\t\t<\/div>\n\t\t\t\t\t<\/div>\n\t\t<\/div>\n\t\t\t\t\t<\/div>\n\t\t<\/section>\n\t\t\t\t<section class=\"elementor-section elementor-top-section elementor-element elementor-element-dfa31e0 elementor-section-boxed elementor-section-height-default elementor-section-height-default\" data-id=\"dfa31e0\" data-element_type=\"section\" data-e-type=\"section\">\n\t\t\t\t\t\t<div class=\"elementor-container elementor-column-gap-default\">\n\t\t\t\t\t<div class=\"elementor-column elementor-col-50 elementor-top-column elementor-element elementor-element-d613480\" data-id=\"d613480\" data-element_type=\"column\" data-e-type=\"column\">\n\t\t\t<div class=\"elementor-widget-wrap elementor-element-populated\">\n\t\t\t\t\t\t<div class=\"elementor-element elementor-element-b5c5a92 elementor-widget elementor-widget-image\" data-id=\"b5c5a92\" data-element_type=\"widget\" data-e-type=\"widget\" data-widget_type=\"image.default\">\n\t\t\t\t<div class=\"elementor-widget-container\">\n\t\t\t\t\t\t\t\t\t\t\t\t\t\t\t<img fetchpriority=\"high\" decoding=\"async\" width=\"300\" height=\"187\" src=\"https:\/\/www.fervalle.com\/wp-content\/uploads\/2022\/07\/Green-Broccoli-Transparent-Images-PNG-300x187.png\" class=\"attachment-medium size-medium wp-image-6382\" alt=\"\" srcset=\"https:\/\/www.fervalle.com\/wp-content\/uploads\/2022\/07\/Green-Broccoli-Transparent-Images-PNG-300x187.png 300w, https:\/\/www.fervalle.com\/wp-content\/uploads\/2022\/07\/Green-Broccoli-Transparent-Images-PNG-64x40.png 64w, https:\/\/www.fervalle.com\/wp-content\/uploads\/2022\/07\/Green-Broccoli-Transparent-Images-PNG.png 600w\" sizes=\"(max-width: 300px) 100vw, 300px\" \/>\t\t\t\t\t\t\t\t\t\t\t\t\t\t\t<\/div>\n\t\t\t\t<\/div>\n\t\t\t\t\t<\/div>\n\t\t<\/div>\n\t\t\t\t<div class=\"elementor-column elementor-col-50 elementor-top-column elementor-element elementor-element-4d7cc08\" data-id=\"4d7cc08\" data-element_type=\"column\" data-e-type=\"column\">\n\t\t\t<div class=\"elementor-widget-wrap elementor-element-populated\">\n\t\t\t\t\t\t<div class=\"elementor-element elementor-element-b04b9fd elementor-widget elementor-widget-text-editor\" data-id=\"b04b9fd\" data-element_type=\"widget\" data-e-type=\"widget\" data-widget_type=\"text-editor.default\">\n\t\t\t\t<div class=\"elementor-widget-container\">\n\t\t\t\t\t\t\t\t\t<h1 style=\"text-align: center;\"><span style=\"color: #339966;\"><strong>Culture du brocoli.<\/strong><\/span><\/h1><p style=\"text-align: justify;\">Le brocoli, aussi appel\u00e9 brocoli, appartient \u00e0 la famille des plantes crucif\u00e8res, comme le chou ou le chou-fleur. Les t\u00eates de fleurs et les tiges sont les parties de plantes que nous consommons \u00e0 partir de ces plantes.<\/p><p style=\"text-align: justify;\">Le brocoli est consid\u00e9r\u00e9 comme l&rsquo;un des l\u00e9gumes ayant la plus haute valeur nutritive. Sa teneur en fibres est \u00e9lev\u00e9e et elle poss\u00e8de des bienfaits antioxydants, d\u00e9puratifs, immunologiques et pr\u00e9ventifs contre le cancer.<\/p><p> <\/p>\t\t\t\t\t\t\t\t<\/div>\n\t\t\t\t<\/div>\n\t\t\t\t\t<\/div>\n\t\t<\/div>\n\t\t\t\t\t<\/div>\n\t\t<\/section>\n\t\t\t\t<section class=\"elementor-section elementor-top-section elementor-element elementor-element-e23052a elementor-section-boxed elementor-section-height-default elementor-section-height-default\" data-id=\"e23052a\" data-element_type=\"section\" data-e-type=\"section\">\n\t\t\t\t\t\t<div class=\"elementor-container elementor-column-gap-default\">\n\t\t\t\t\t<div class=\"elementor-column elementor-col-100 elementor-top-column elementor-element elementor-element-1559cc5\" data-id=\"1559cc5\" data-element_type=\"column\" data-e-type=\"column\">\n\t\t\t<div class=\"elementor-widget-wrap elementor-element-populated\">\n\t\t\t\t\t\t<div class=\"elementor-element elementor-element-7569c01 elementor-widget elementor-widget-spacer\" data-id=\"7569c01\" data-element_type=\"widget\" data-e-type=\"widget\" data-widget_type=\"spacer.default\">\n\t\t\t\t<div class=\"elementor-widget-container\">\n\t\t\t\t\t\t\t<div class=\"elementor-spacer\">\n\t\t\t<div class=\"elementor-spacer-inner\"><\/div>\n\t\t<\/div>\n\t\t\t\t\t\t<\/div>\n\t\t\t\t<\/div>\n\t\t\t\t\t<\/div>\n\t\t<\/div>\n\t\t\t\t\t<\/div>\n\t\t<\/section>\n\t\t\t\t<section class=\"elementor-section elementor-top-section elementor-element elementor-element-c05cd61 elementor-section-boxed elementor-section-height-default elementor-section-height-default\" data-id=\"c05cd61\" data-element_type=\"section\" data-e-type=\"section\" data-settings=\"{&quot;background_background&quot;:&quot;classic&quot;}\">\n\t\t\t\t\t\t<div class=\"elementor-container elementor-column-gap-default\">\n\t\t\t\t\t<div class=\"elementor-column elementor-col-100 elementor-top-column elementor-element elementor-element-8c1f0d2\" data-id=\"8c1f0d2\" data-element_type=\"column\" data-e-type=\"column\">\n\t\t\t<div class=\"elementor-widget-wrap elementor-element-populated\">\n\t\t\t\t\t\t<div class=\"elementor-element elementor-element-e375e8d elementor-widget elementor-widget-spacer\" data-id=\"e375e8d\" data-element_type=\"widget\" data-e-type=\"widget\" data-widget_type=\"spacer.default\">\n\t\t\t\t<div class=\"elementor-widget-container\">\n\t\t\t\t\t\t\t<div class=\"elementor-spacer\">\n\t\t\t<div class=\"elementor-spacer-inner\"><\/div>\n\t\t<\/div>\n\t\t\t\t\t\t<\/div>\n\t\t\t\t<\/div>\n\t\t\t\t\t<\/div>\n\t\t<\/div>\n\t\t\t\t\t<\/div>\n\t\t<\/section>\n\t\t\t\t<section class=\"elementor-section elementor-top-section elementor-element elementor-element-32cafdb elementor-section-boxed elementor-section-height-default elementor-section-height-default\" data-id=\"32cafdb\" data-element_type=\"section\" data-e-type=\"section\">\n\t\t\t\t\t\t<div class=\"elementor-container elementor-column-gap-default\">\n\t\t\t\t\t<div class=\"elementor-column elementor-col-100 elementor-top-column elementor-element elementor-element-86e9ccf\" data-id=\"86e9ccf\" data-element_type=\"column\" data-e-type=\"column\">\n\t\t\t<div class=\"elementor-widget-wrap elementor-element-populated\">\n\t\t\t\t\t\t<div class=\"elementor-element elementor-element-96914b2 elementor-widget elementor-widget-text-editor\" data-id=\"96914b2\" data-element_type=\"widget\" data-e-type=\"widget\" data-widget_type=\"text-editor.default\">\n\t\t\t\t<div class=\"elementor-widget-container\">\n\t\t\t\t\t\t\t\t\t<h2> <\/h2><h2 style=\"text-align: justify;\"><span style=\"color: #339966;\"><strong>\u00bb Plantation de brocoli<\/strong><\/span><\/h2><p style=\"text-align: justify;\">Lorsqu&rsquo;il s&rsquo;agit de planter des plants de brocoli dans le champ, vous avez le choix entre deux p\u00e9riodes principales.<\/p><ul style=\"text-align: justify;\"><li><strong>Printemps<\/strong>: pour que le brocoli soit pr\u00eat \u00e0 \u00eatre r\u00e9colt\u00e9 au d\u00e9but de l&rsquo;\u00e9t\u00e9.<\/li><li><strong>Automne<\/strong>: la r\u00e9colte a lieu pendant l&rsquo;hiver.<\/li><\/ul><p style=\"text-align: justify;\">Dans de nombreux cas, le moment id\u00e9al pour planter du brocoli \u00e0 l&rsquo;ext\u00e9rieur est \u00e0 l&rsquo;automne.<\/p><h3 style=\"text-align: justify;\">\u00b7Sol<\/h3><p style=\"text-align: justify;\">Le brocoli peut pousser dans une grande vari\u00e9t\u00e9 de sols, mais il pr\u00e9f\u00e8re <strong>les sols mous (pas excessivement), fertilis\u00e9s, frais, bien drain\u00e9s et avec une humidit\u00e9 r\u00e9guli\u00e8re, \u00e9vitant l&rsquo;engorgement<\/strong>. De plus, bien qu&rsquo;ils poussent mieux dans les sols acides, ils s&rsquo;adaptent mieux aux sols neutres et ne tol\u00e8rent pas les sols calcaires.<\/p><p style=\"text-align: justify;\">Dans les sols trop acides, la maladie appel\u00e9e \u00ab\u00a0hernie ou pouliche\u00a0\u00bb pourrait se d\u00e9velopper, ce qui produit un \u00e9paississement des racines et la plante ne se d\u00e9veloppe pas correctement<\/p><h3 style=\"text-align: justify;\">\u00b7Climat<\/h3><p style=\"text-align: justify;\">Le brocoli, typique des r\u00e9gions m\u00e9diterran\u00e9ennes, est un l\u00e9gume d&rsquo;hiver. Il a besoin de certaines <strong>doses de froid<\/strong>, il est donc g\u00e9n\u00e9ralement cultiv\u00e9 en automne-hiver. Son temp\u00e9rature de d\u00e9veloppement optimale se situe entre 10 et 20<sup>o<\/sup>C.<\/p><p style=\"text-align: justify;\">Il est important que le moment de la formation de l&rsquo;inflorescence ne co\u00efncide pas avec des mois tr\u00e8s chauds ou avec de fortes gel\u00e9es.<\/p><h3 style=\"text-align: justify;\">\u00b7Orientation sur la parcelle<\/h3><p style=\"text-align: justify;\">Les agriculteurs plantent principalement du brocoli <strong>en rang\u00e9es simples<\/strong>. Les distances et le nombre de plantes d\u00e9pendent de la vari\u00e9t\u00e9 de brocoli et de leur taille souhait\u00e9e, ainsi que des conditions environnementales.<\/p><p style=\"text-align: justify;\">De plus, il est \u00e0 noter que lors de la plantation des semis dans le sol, il est crucial de le faire \u00e0 la m\u00eame profondeur qu&rsquo;ils se trouvaient dans le lit de semence.<\/p><h2 style=\"text-align: justify;\"><span style=\"color: #339966;\"><strong>\u00bb <\/strong><strong>Soins requis par le brocoli<\/strong><\/span><\/h2><h3 style=\"text-align: justify;\">\u00b7P\u00e9pini\u00e8re<\/h3><p style=\"text-align: justify;\">Compte tenu de la date \u00e0 laquelle il est plant\u00e9 (printemps et automne, selon la vari\u00e9t\u00e9 choisie), le brocoli est initialement sem\u00e9 <strong>en p\u00e9pini\u00e8re pendant 45 \u00e0 55 jours<\/strong>. Durant cette \u00e9tape, les arrosages sont fr\u00e9quents.<\/p><p style=\"text-align: justify;\">Une fois que les plantes ont germ\u00e9 et qu&rsquo;elles ont suffisamment pouss\u00e9, elles sont d\u00e9finitivement repiqu\u00e9es au jardin.<\/p><h3 style=\"text-align: justify;\">\u00b7Conditionnement du sol pour la culture du brocoli<\/h3><p style=\"text-align: justify;\">Plusieurs semaines avant le repiquage, les travaux de <strong>pr\u00e9paration du sol<\/strong> commencent. Les roches et autres mat\u00e9riaux ind\u00e9sirables sont enlev\u00e9s et labour\u00e9s. La charrue am\u00e9liore l&rsquo;a\u00e9ration et le drainage de la terre.<\/p><p style=\"text-align: justify;\">Une semaine avant la plantation, de la <strong>mati\u00e8re organique<\/strong>, principalement du fumier, est appliqu\u00e9e et les buttes n\u00e9cessaires sont form\u00e9es. De plus, il convient de noter que les cultures les plus recommand\u00e9es pour le brocoli sont les pommes de terre, les oignons, les tomates, les melons, le ma\u00efs, etc. et que les rotations avec d&rsquo;autres l\u00e9gumes crucif\u00e8res tels que radis, choux, navets, etc. doivent \u00eatre \u00e9vit\u00e9es.<\/p><h3 style=\"text-align: justify;\">\u00b7Irrigation du brocoli<\/h3><p style=\"text-align: justify;\">En ce qui concerne l&rsquo;approvisionnement en eau, le brocoli n\u00e9cessite une humidit\u00e9 constante tout au long de son cycle. <strong>L&rsquo;irrigation<\/strong> sera <strong>fr\u00e9quente et abondante, sans inonder le sol<\/strong>.<\/p><p style=\"text-align: justify;\">Lorsque les inflorescences se forment, il est d\u00e9conseill\u00e9 de les asperger d&rsquo;eau car cela pourrait provoquer l&rsquo;apparition de pourriture et de champignons. L&rsquo;irrigation goutte \u00e0 goutte est l&rsquo;option la plus recommand\u00e9e. <strong>De plus<\/strong>, dans le but d&rsquo;am\u00e9liorer ses caract\u00e9ristiques organoleptiques, l&rsquo;irrigation est r\u00e9duite <strong>lorsque la partie florale<\/strong> est sur le point de m\u00fbrir.<\/p><h3 style=\"text-align: justify;\">\u00b7Gestion des mauvaises herbes du brocoli<\/h3><p style=\"text-align: justify;\">Au cours de la premi\u00e8re \u00e9tape du d\u00e9veloppement du brocoli, il est tr\u00e8s important d&rsquo;\u00e9liminer les mauvaises herbes, car elles rivalisent avec les jeunes plantes pour l&rsquo;espace, la lumi\u00e8re, l&rsquo;eau et les nutriments. Cependant, lorsque le l\u00e9gume a suffisamment pouss\u00e9, les mauvaises herbes ne sont pas un probl\u00e8me majeur.<\/p><p style=\"text-align: justify;\"><strong> <\/strong><\/p><h2 style=\"text-align: justify;\"><span style=\"color: #339966;\"><strong>\u00bb <\/strong><strong>Engrais pour la culture du brocoli<\/strong><\/span><\/h2><p style=\"text-align: justify;\">En ce qui concerne la fertilisation, le brocoli est consid\u00e9r\u00e9 comme une <strong>culture exigeante<\/strong>, notamment en <strong>azote<\/strong> et en <strong>potassium<\/strong>, donc du compost d\u00e9compos\u00e9 sera appliqu\u00e9. De plus, la taille finale du brocoli et le nombre de capitules qu&rsquo;il pr\u00e9sente seront grandement influenc\u00e9s par la pr\u00e9sence de cette mati\u00e8re organique dans le sol. Peut \u00eatre appliqu\u00e9 comme:<\/p><ul style=\"text-align: justify;\"><li><strong>Fertilisation du fond<\/strong>: lorsque nous conditionnons le sol pour recevoir les plantes.<\/li><li><strong>En rembourrant<\/strong> autour de la tige.<\/li><\/ul><p style=\"text-align: justify;\">Ces l\u00e9gumes n\u00e9cessitent \u00e9galement des doses de <strong>bore<\/strong> et, dans les sols o\u00f9 le <strong>magn\u00e9sium<\/strong> est rare, il est conseill\u00e9 d&rsquo;ajouter cet \u00e9l\u00e9ment. <\/p><p style=\"text-align: justify;\">Si ce que nous voulons est une <strong>culture de brocoli biologique<\/strong>, les engrais que nous appliquerons seront compos\u00e9s uniquement de mati\u00e8re organique, comme du fumier, du houmous, du compost, etc.<\/p><h2> <\/h2><h2 style=\"text-align: justify;\"><span style=\"color: #339966;\"><strong>\u00bb <\/strong><strong>R\u00e9colte de brocoli<\/strong><\/span><\/h2><p style=\"text-align: justify;\">Le brocoli peut g\u00e9n\u00e9ralement \u00eatre r\u00e9colt\u00e9 <strong>60 \u00e0 90 jours apr\u00e8s le repiquage<\/strong>, selon la vari\u00e9t\u00e9.<\/p><p style=\"text-align: justify;\">Ce l\u00e9gume est r\u00e9colt\u00e9 lorsque les t\u00eates atteignent la taille selon sa vari\u00e9t\u00e9. De plus, ils doivent \u00eatre compacts et avoir une couleur verte uniforme.<\/p><p style=\"text-align: justify;\">Tout d&rsquo;abord, la t\u00eate principale centrale est r\u00e9colt\u00e9e. Les t\u00eates lat\u00e9rales m\u00fbrissent normalement plus tard. Apr\u00e8s avoir r\u00e9colt\u00e9 la t\u00eate centrale, il est recommand\u00e9 de recouvrir d&rsquo;un peu de compost pour favoriser la formation de plus de pousses (deux ou trois pousses secondaires peuvent \u00eatre supprim\u00e9es).<\/p><p style=\"text-align: justify;\">Il est important de noter qu&rsquo;un retard de r\u00e9colte peut entra\u00eener des pertes de qualit\u00e9, car les t\u00eates peuvent se d\u00e9tacher et jaunir.<\/p><p style=\"text-align: justify;\"> <\/p>\t\t\t\t\t\t\t\t<\/div>\n\t\t\t\t<\/div>\n\t\t\t\t\t<\/div>\n\t\t<\/div>\n\t\t\t\t\t<\/div>\n\t\t<\/section>\n\t\t\t\t<section class=\"elementor-section elementor-top-section elementor-element elementor-element-6758614 elementor-section-full_width elementor-section-height-default elementor-section-height-default\" data-id=\"6758614\" data-element_type=\"section\" data-e-type=\"section\">\n\t\t\t\t\t\t<div class=\"elementor-container elementor-column-gap-no\">\n\t\t\t\t\t<div class=\"elementor-column elementor-col-100 elementor-top-column elementor-element elementor-element-3b602cb\" data-id=\"3b602cb\" data-element_type=\"column\" data-e-type=\"column\">\n\t\t\t<div class=\"elementor-widget-wrap elementor-element-populated\">\n\t\t\t\t\t\t<div class=\"elementor-element elementor-element-66840b5 elementor-widget elementor-widget-spacer\" data-id=\"66840b5\" data-element_type=\"widget\" data-e-type=\"widget\" data-widget_type=\"spacer.default\">\n\t\t\t\t<div class=\"elementor-widget-container\">\n\t\t\t\t\t\t\t<div class=\"elementor-spacer\">\n\t\t\t<div class=\"elementor-spacer-inner\"><\/div>\n\t\t<\/div>\n\t\t\t\t\t\t<\/div>\n\t\t\t\t<\/div>\n\t\t\t\t<div class=\"elementor-element elementor-element-6cf1eb0 elementor-widget elementor-widget-image\" data-id=\"6cf1eb0\" data-element_type=\"widget\" data-e-type=\"widget\" data-widget_type=\"image.default\">\n\t\t\t\t<div class=\"elementor-widget-container\">\n\t\t\t\t\t\t\t\t\t\t\t\t\t\t\t<img decoding=\"async\" width=\"1904\" height=\"467\" src=\"https:\/\/www.fervalle.com\/wp-content\/uploads\/2022\/07\/fruit-front.jpg\" class=\"attachment-full size-full wp-image-6189\" alt=\"\" srcset=\"https:\/\/www.fervalle.com\/wp-content\/uploads\/2022\/07\/fruit-front.jpg 1904w, https:\/\/www.fervalle.com\/wp-content\/uploads\/2022\/07\/fruit-front-300x74.jpg 300w, https:\/\/www.fervalle.com\/wp-content\/uploads\/2022\/07\/fruit-front-1024x251.jpg 1024w, https:\/\/www.fervalle.com\/wp-content\/uploads\/2022\/07\/fruit-front-768x188.jpg 768w, https:\/\/www.fervalle.com\/wp-content\/uploads\/2022\/07\/fruit-front-1536x377.jpg 1536w, https:\/\/www.fervalle.com\/wp-content\/uploads\/2022\/07\/fruit-front-1320x324.jpg 1320w, https:\/\/www.fervalle.com\/wp-content\/uploads\/2022\/07\/fruit-front-600x147.jpg 600w, https:\/\/www.fervalle.com\/wp-content\/uploads\/2022\/07\/fruit-front-64x16.jpg 64w\" sizes=\"(max-width: 1904px) 100vw, 1904px\" \/>\t\t\t\t\t\t\t\t\t\t\t\t\t\t\t<\/div>\n\t\t\t\t<\/div>\n\t\t\t\t\t<\/div>\n\t\t<\/div>\n\t\t\t\t\t<\/div>\n\t\t<\/section>\n\t\t\t\t<\/div>\n\t\t","protected":false},"excerpt":{"rendered":"<p>STRAT\u00c9GIE DE CULTURE POUR BROCOLI Culture du brocoli. Le brocoli, aussi appel\u00e9 brocoli, appartient \u00e0 la famille des plantes crucif\u00e8res, comme le chou ou le chou-fleur. Les t\u00eates de fleurs et les tiges sont les parties de plantes que nous consommons \u00e0 partir de ces plantes. Le brocoli est consid\u00e9r\u00e9 comme l&rsquo;un des l\u00e9gumes ayant &#8230; <a title=\"BROCOLI\" class=\"read-more\" href=\"https:\/\/www.fervalle.com\/fr\/brocoli\/\" aria-label=\"Plus sur BROCOLI\">Lire plus<\/a><\/p>\n","protected":false},"author":1,"featured_media":0,"parent":0,"menu_order":0,"comment_status":"closed","ping_status":"closed","template":"elementor_header_footer","meta":{"_joinchat":[],"footnotes":""},"class_list":["post-7044","page","type-page","status-publish"],"jetpack_sharing_enabled":true,"_links":{"self":[{"href":"https:\/\/www.fervalle.com\/fr\/wp-json\/wp\/v2\/pages\/7044","targetHints":{"allow":["GET"]}}],"collection":[{"href":"https:\/\/www.fervalle.com\/fr\/wp-json\/wp\/v2\/pages"}],"about":[{"href":"https:\/\/www.fervalle.com\/fr\/wp-json\/wp\/v2\/types\/page"}],"author":[{"embeddable":true,"href":"https:\/\/www.fervalle.com\/fr\/wp-json\/wp\/v2\/users\/1"}],"replies":[{"embeddable":true,"href":"https:\/\/www.fervalle.com\/fr\/wp-json\/wp\/v2\/comments?post=7044"}],"version-history":[{"count":1,"href":"https:\/\/www.fervalle.com\/fr\/wp-json\/wp\/v2\/pages\/7044\/revisions"}],"predecessor-version":[{"id":7045,"href":"https:\/\/www.fervalle.com\/fr\/wp-json\/wp\/v2\/pages\/7044\/revisions\/7045"}],"wp:attachment":[{"href":"https:\/\/www.fervalle.com\/fr\/wp-json\/wp\/v2\/media?parent=7044"}],"curies":[{"name":"wp","href":"https:\/\/api.w.org\/{rel}","templated":true}]}}