{"id":7040,"date":"2022-07-20T10:04:23","date_gmt":"2022-07-20T10:04:23","guid":{"rendered":"https:\/\/www.fervalle.com\/amandiers\/"},"modified":"2022-07-27T06:42:08","modified_gmt":"2022-07-27T06:42:08","slug":"amandiers","status":"publish","type":"page","link":"https:\/\/www.fervalle.com\/fr\/amandiers\/","title":{"rendered":"AMANDIERS"},"content":{"rendered":"\t\t<div data-elementor-type=\"wp-page\" data-elementor-id=\"7040\" class=\"elementor elementor-7040 elementor-6319\" data-elementor-post-type=\"page\">\n\t\t\t\t\t\t<section class=\"elementor-section elementor-top-section elementor-element elementor-element-870438f elementor-section-full_width elementor-section-height-default elementor-section-height-default\" data-id=\"870438f\" data-element_type=\"section\" data-e-type=\"section\">\n\t\t\t\t\t\t<div class=\"elementor-container elementor-column-gap-no\">\n\t\t\t\t\t<div class=\"elementor-column elementor-col-100 elementor-top-column elementor-element elementor-element-8baa251\" data-id=\"8baa251\" data-element_type=\"column\" data-e-type=\"column\">\n\t\t\t<div class=\"elementor-widget-wrap elementor-element-populated\">\n\t\t\t\t\t\t<div class=\"elementor-element elementor-element-2371fdb elementor-cta--skin-cover elementor-widget elementor-widget-call-to-action\" data-id=\"2371fdb\" data-element_type=\"widget\" data-e-type=\"widget\" data-widget_type=\"call-to-action.default\">\n\t\t\t\t<div class=\"elementor-widget-container\">\n\t\t\t\t\t\t\t<div class=\"elementor-cta\">\n\t\t\t\t\t<div class=\"elementor-cta__bg-wrapper\">\n\t\t\t\t<div class=\"elementor-cta__bg elementor-bg\" style=\"background-image: url(https:\/\/www.fervalle.com\/wp-content\/uploads\/2022\/07\/almendros-header-1.jpg);\" role=\"img\" aria-label=\"almendros-header\"><\/div>\n\t\t\t\t<div class=\"elementor-cta__bg-overlay\"><\/div>\n\t\t\t<\/div>\n\t\t\t\t\t\t\t<div class=\"elementor-cta__content\">\n\t\t\t\t\n\t\t\t\t\t\t\t\t\t<h2 class=\"elementor-cta__title elementor-cta__content-item elementor-content-item\">\n\t\t\t\t\t\tSTRAT\u00c9GIE DE CULTURE POUR\t\t\t\t\t<\/h2>\n\t\t\t\t\n\t\t\t\t\t\t\t\t\t<div class=\"elementor-cta__description elementor-cta__content-item elementor-content-item\">\n\t\t\t\t\t\tAMANDIERS\t\t\t\t\t<\/div>\n\t\t\t\t\n\t\t\t\t\t\t\t<\/div>\n\t\t\t\t\t\t<\/div>\n\t\t\t\t\t\t<\/div>\n\t\t\t\t<\/div>\n\t\t\t\t\t<\/div>\n\t\t<\/div>\n\t\t\t\t\t<\/div>\n\t\t<\/section>\n\t\t\t\t<section class=\"elementor-section elementor-top-section elementor-element elementor-element-a44947b elementor-section-boxed elementor-section-height-default elementor-section-height-default\" data-id=\"a44947b\" data-element_type=\"section\" data-e-type=\"section\">\n\t\t\t\t\t\t<div class=\"elementor-container elementor-column-gap-default\">\n\t\t\t\t\t<div class=\"elementor-column elementor-col-100 elementor-top-column elementor-element elementor-element-5b1fc12\" data-id=\"5b1fc12\" data-element_type=\"column\" data-e-type=\"column\">\n\t\t\t<div class=\"elementor-widget-wrap elementor-element-populated\">\n\t\t\t\t\t\t<div class=\"elementor-element elementor-element-c3e77b7 elementor-widget elementor-widget-spacer\" data-id=\"c3e77b7\" data-element_type=\"widget\" data-e-type=\"widget\" data-widget_type=\"spacer.default\">\n\t\t\t\t<div class=\"elementor-widget-container\">\n\t\t\t\t\t\t\t<div class=\"elementor-spacer\">\n\t\t\t<div class=\"elementor-spacer-inner\"><\/div>\n\t\t<\/div>\n\t\t\t\t\t\t<\/div>\n\t\t\t\t<\/div>\n\t\t\t\t\t<\/div>\n\t\t<\/div>\n\t\t\t\t\t<\/div>\n\t\t<\/section>\n\t\t\t\t<section class=\"elementor-section elementor-top-section elementor-element elementor-element-d5c51dd elementor-section-boxed elementor-section-height-default elementor-section-height-default\" data-id=\"d5c51dd\" data-element_type=\"section\" data-e-type=\"section\">\n\t\t\t\t\t\t<div class=\"elementor-container elementor-column-gap-default\">\n\t\t\t\t\t<div class=\"elementor-column elementor-col-50 elementor-top-column elementor-element elementor-element-5223584\" data-id=\"5223584\" data-element_type=\"column\" data-e-type=\"column\">\n\t\t\t<div class=\"elementor-widget-wrap elementor-element-populated\">\n\t\t\t\t\t\t<div class=\"elementor-element elementor-element-ccd67b1 elementor-widget elementor-widget-image\" data-id=\"ccd67b1\" data-element_type=\"widget\" data-e-type=\"widget\" data-widget_type=\"image.default\">\n\t\t\t\t<div class=\"elementor-widget-container\">\n\t\t\t\t\t\t\t\t\t\t\t\t\t\t\t<img fetchpriority=\"high\" decoding=\"async\" width=\"496\" height=\"311\" src=\"https:\/\/www.fervalle.com\/wp-content\/uploads\/2022\/07\/kisspng-almond-blossoms-flower-clip-art-5ae2af8bc99f63.7452009215248055158259.png\" class=\"attachment-large size-large wp-image-6326\" alt=\"\" srcset=\"https:\/\/www.fervalle.com\/wp-content\/uploads\/2022\/07\/kisspng-almond-blossoms-flower-clip-art-5ae2af8bc99f63.7452009215248055158259.png 496w, https:\/\/www.fervalle.com\/wp-content\/uploads\/2022\/07\/kisspng-almond-blossoms-flower-clip-art-5ae2af8bc99f63.7452009215248055158259-300x188.png 300w, https:\/\/www.fervalle.com\/wp-content\/uploads\/2022\/07\/kisspng-almond-blossoms-flower-clip-art-5ae2af8bc99f63.7452009215248055158259-64x40.png 64w\" sizes=\"(max-width: 496px) 100vw, 496px\" \/>\t\t\t\t\t\t\t\t\t\t\t\t\t\t\t<\/div>\n\t\t\t\t<\/div>\n\t\t\t\t\t<\/div>\n\t\t<\/div>\n\t\t\t\t<div class=\"elementor-column elementor-col-50 elementor-top-column elementor-element elementor-element-79a30ff\" data-id=\"79a30ff\" data-element_type=\"column\" data-e-type=\"column\">\n\t\t\t<div class=\"elementor-widget-wrap elementor-element-populated\">\n\t\t\t\t\t\t<div class=\"elementor-element elementor-element-e455c9d elementor-widget elementor-widget-text-editor\" data-id=\"e455c9d\" data-element_type=\"widget\" data-e-type=\"widget\" data-widget_type=\"text-editor.default\">\n\t\t\t\t<div class=\"elementor-widget-container\">\n\t\t\t\t\t\t\t\t\t<h1 style=\"text-align: center;\"><span style=\"color: #800000;\"><strong>Culture d&rsquo;amandiers.<\/strong><\/span><\/h1><p style=\"text-align: justify;\">La production mondiale d&rsquo;amandes a augment\u00e9 ces derni\u00e8res ann\u00e9es, les \u00c9tats-Unis \u00e9tant le principal pays producteur, suivis de l&rsquo;Espagne et de l&rsquo;Italie. Sur le march\u00e9 des fruits secs, les amandes sont en t\u00eate du classement tant au niveau national qu&rsquo;international.<\/p><p style=\"text-align: justify;\">L&rsquo;amandier est un arbre fruitier d&rsquo;une grande importance au niveau de la vulgarisation dans notre pays. Traditionnellement, les amandiers ont \u00e9t\u00e9 cultiv\u00e9s dans des conditions extr\u00eames de climat, de sol, d&rsquo;orographie, etc. C&rsquo;\u00e9tait donc une culture marginale \u00e0 faible productivit\u00e9, une culture marginale \u00e9tant celle dont les d\u00e9penses de culture sont \u00e9gales \u00e0 la valeur de sa production. Cependant, la faible productivit\u00e9 de ces arbres \u00e9tait \u00e9galement influenc\u00e9e par la gestion qui en \u00e9tait faite : faible apport d&rsquo;engrais et de produits phytosanitaires, pollinisation m\u00e9diocre, vari\u00e9t\u00e9s pr\u00e9coces et sensibles aux maladies et au gel, etc.<\/p><p style=\"text-align: justify;\">Pour toutes ces raisons, les producteurs d&rsquo;amandes ont d\u00fb rechercher des syst\u00e8mes de culture d&rsquo;amandiers plus productifs et efficaces pour garantir la rentabilit\u00e9 des exploitations.<\/p><p> <\/p>\t\t\t\t\t\t\t\t<\/div>\n\t\t\t\t<\/div>\n\t\t\t\t\t<\/div>\n\t\t<\/div>\n\t\t\t\t\t<\/div>\n\t\t<\/section>\n\t\t\t\t<section class=\"elementor-section elementor-top-section elementor-element elementor-element-e723745 elementor-section-boxed elementor-section-height-default elementor-section-height-default\" data-id=\"e723745\" data-element_type=\"section\" data-e-type=\"section\">\n\t\t\t\t\t\t<div class=\"elementor-container elementor-column-gap-default\">\n\t\t\t\t\t<div class=\"elementor-column elementor-col-100 elementor-top-column elementor-element elementor-element-c098053\" data-id=\"c098053\" data-element_type=\"column\" data-e-type=\"column\">\n\t\t\t<div class=\"elementor-widget-wrap elementor-element-populated\">\n\t\t\t\t\t\t<div class=\"elementor-element elementor-element-ba6b5e1 elementor-widget elementor-widget-spacer\" data-id=\"ba6b5e1\" data-element_type=\"widget\" data-e-type=\"widget\" data-widget_type=\"spacer.default\">\n\t\t\t\t<div class=\"elementor-widget-container\">\n\t\t\t\t\t\t\t<div class=\"elementor-spacer\">\n\t\t\t<div class=\"elementor-spacer-inner\"><\/div>\n\t\t<\/div>\n\t\t\t\t\t\t<\/div>\n\t\t\t\t<\/div>\n\t\t\t\t\t<\/div>\n\t\t<\/div>\n\t\t\t\t\t<\/div>\n\t\t<\/section>\n\t\t\t\t<section class=\"elementor-section elementor-top-section elementor-element elementor-element-b0ab267 elementor-section-boxed elementor-section-height-default elementor-section-height-default\" data-id=\"b0ab267\" data-element_type=\"section\" data-e-type=\"section\" data-settings=\"{&quot;background_background&quot;:&quot;classic&quot;}\">\n\t\t\t\t\t\t<div class=\"elementor-container elementor-column-gap-default\">\n\t\t\t\t\t<div class=\"elementor-column elementor-col-100 elementor-top-column elementor-element elementor-element-daf6f64\" data-id=\"daf6f64\" data-element_type=\"column\" data-e-type=\"column\">\n\t\t\t<div class=\"elementor-widget-wrap elementor-element-populated\">\n\t\t\t\t\t\t<div class=\"elementor-element elementor-element-26e807e elementor-widget elementor-widget-spacer\" data-id=\"26e807e\" data-element_type=\"widget\" data-e-type=\"widget\" data-widget_type=\"spacer.default\">\n\t\t\t\t<div class=\"elementor-widget-container\">\n\t\t\t\t\t\t\t<div class=\"elementor-spacer\">\n\t\t\t<div class=\"elementor-spacer-inner\"><\/div>\n\t\t<\/div>\n\t\t\t\t\t\t<\/div>\n\t\t\t\t<\/div>\n\t\t\t\t\t<\/div>\n\t\t<\/div>\n\t\t\t\t\t<\/div>\n\t\t<\/section>\n\t\t\t\t<section class=\"elementor-section elementor-top-section elementor-element elementor-element-32cafdb elementor-section-boxed elementor-section-height-default elementor-section-height-default\" data-id=\"32cafdb\" data-element_type=\"section\" data-e-type=\"section\">\n\t\t\t\t\t\t<div class=\"elementor-container elementor-column-gap-default\">\n\t\t\t\t\t<div class=\"elementor-column elementor-col-100 elementor-top-column elementor-element elementor-element-86e9ccf\" data-id=\"86e9ccf\" data-element_type=\"column\" data-e-type=\"column\">\n\t\t\t<div class=\"elementor-widget-wrap elementor-element-populated\">\n\t\t\t\t\t\t<div class=\"elementor-element elementor-element-96914b2 elementor-widget elementor-widget-text-editor\" data-id=\"96914b2\" data-element_type=\"widget\" data-e-type=\"widget\" data-widget_type=\"text-editor.default\">\n\t\t\t\t<div class=\"elementor-widget-container\">\n\t\t\t\t\t\t\t\t\t<p> <\/p><h2 style=\"text-align: justify;\"><span style=\"color: #800000;\"><strong>\u00bb<\/strong><\/span><span style=\"color: #800000;\"><strong>Plantation d&rsquo;amandiers<\/strong><\/span><\/h2><p style=\"text-align: justify;\">Dans la culture de l&rsquo;amandier, il existe deux options de plantation, selon qu&rsquo;il est fabriqu\u00e9 \u00e0 partir de:<\/p><ul style=\"text-align: justify;\"><li><strong>Noix (graines) non transform\u00e9es<\/strong>: id\u00e9alement, faites-les germer au pr\u00e9alable dans un environnement contr\u00f4l\u00e9.<\/li><li><strong>Jeunes arbres ou pousses<\/strong>: Fournit de meilleurs r\u00e9sultats, m\u00eame si c&rsquo;est l&rsquo;option la plus ch\u00e8re.<\/li><\/ul><p style=\"text-align: justify;\">De plus, lors de la plantation d&rsquo;amandiers, il faut garantir que la zone choisie pr\u00e9sente les conditions id\u00e9ales.<\/p><h3 style=\"text-align: justify;\">\u00b7Sol<\/h3><p style=\"text-align: justify;\">Le mieux est un sol bien <strong>drain\u00e9, l\u00e9ger et fertile<\/strong> (l&rsquo;amandier est capable de survivre dans des sols secs mais sa productivit\u00e9 est consid\u00e9rablement r\u00e9duite).<\/p><h3 style=\"text-align: justify;\">\u00b7Climat<\/h3><p style=\"text-align: justify;\">L&rsquo;amandier pr\u00e9f\u00e8re les climats <strong>chauds avec beaucoup de soleil.<\/strong> Pour choisir la vari\u00e9t\u00e9 d&rsquo;amandier que l&rsquo;on souhaite planter, il est important de conna\u00eetre les caract\u00e9ristiques climatiques de chaque zone.<\/p><h3 style=\"text-align: justify;\">\u00b7Orientation et pente du terrain<\/h3><p style=\"text-align: justify;\">Lors de la d\u00e9termination de l&rsquo;orientation des rang\u00e9es d&rsquo;arbres, il est vraiment int\u00e9ressant de prendre en compte <strong>l&rsquo;\u00e9clairage, la longueur de la parcelle, la pente du terrain et la direction des vents<\/strong>.<\/p><h3 style=\"text-align: justify;\">\u00b7Possibilit\u00e9 d&rsquo;arrosage<\/h3><p style=\"text-align: justify;\">Si vous avez une source d&rsquo;eau disponible, il est pr\u00e9f\u00e9rable d&rsquo;installer un syst\u00e8me d&rsquo;irrigation. <strong>L&rsquo;irrigation goutte \u00e0 goutte<\/strong> est recommand\u00e9e car elle minimise les pertes dues \u00e0 l&rsquo;\u00e9vaporation et au ruissellement.<\/p><h2 style=\"text-align: justify;\"><span style=\"color: #800000;\"><strong>\u00bb <\/strong><\/span><span style=\"color: #800000;\"><strong>Soins requis par les amandiers<\/strong><\/span><\/h2><p style=\"text-align: justify;\">La culture de l&rsquo;amandier est \u00e9tablie principalement dans les <strong>zones c\u00f4ti\u00e8res m\u00e9diterran\u00e9ennes<\/strong> et est capable de s&rsquo;adapter \u00e0 des conditions p\u00e9dologiques et climatiques tr\u00e8s diverses. Il r\u00e9siste aux hautes temp\u00e9ratures de l&rsquo;\u00e9t\u00e9 et au froid intense de l&rsquo;hiver. De plus, l&rsquo;amandier est capable de supporter de longues p\u00e9riodes de s\u00e9cheresse et de survivre dans des sols tr\u00e8s pauvres. Cependant, comme nous l&rsquo;avons d\u00e9j\u00e0 mentionn\u00e9 pr\u00e9c\u00e9demment, toutes ces circonstances affecteront n\u00e9gativement vos niveaux de production.<\/p><h3 style=\"text-align: justify;\">\u00b7Conditionnement du sol pour la culture des amandiers<\/h3><p style=\"text-align: justify;\">Les amandiers sont des arbres tr\u00e8s sensibles \u00e0 l&rsquo;\u00e9touffement des racines et aux attaques fongiques. Par cons\u00e9quent, il est important d&rsquo;enlever les restes des plantations pr\u00e9c\u00e9dentes et de nettoyer la zone des buissons et des mauvaises herbes.<\/p><p style=\"text-align: justify;\">Pour favoriser le d\u00e9veloppement des racines et la filtration de l&rsquo;eau, un drainage profond et un travail du sol crois\u00e9 (t\u00e2ches de pr\u00e9paration du sol) sont effectu\u00e9s.<\/p><p style=\"text-align: justify;\">Enfin, pour garantir que le sol dispose des \u00e9l\u00e9ments nutritifs n\u00e9cessaires aux amandiers, un engrais de fond tel que du fumier est appliqu\u00e9.<\/p><h3 style=\"text-align: justify;\">\u00b7Irrigation aux amandes<\/h3><p style=\"text-align: justify;\">Bien que la plupart des amandiers soient cultiv\u00e9s en terre s\u00e8che, il a \u00e9t\u00e9 prouv\u00e9 que ce sont des arbres qui appr\u00e9cient beaucoup l&rsquo;irrigation, augmentant ainsi leur production de mani\u00e8re significative.<\/p><p>En Espagne, de plus en plus d&rsquo;agriculteurs utilisent des techniques d&rsquo;irrigation d\u00e9ficitaire pour les amandiers. La p\u00e9riode de plus grand besoin en eau de cet arbre se situe entre le d\u00e9but du grossissement rapide de l&rsquo;amandier et le moment o\u00f9 il atteint sa longueur finale.<br>Pendant le reste de la p\u00e9riode de production, l&rsquo;irrigation sera r\u00e9duite, mais pas supprim\u00e9e.<\/p><p style=\"text-align: justify;\">De plus, il est int\u00e9ressant de souligner que l&rsquo;irrigation des jours avant la r\u00e9colte favorise le d\u00e9tachement de l&rsquo;\u00e9corce de l&rsquo;amandier.<\/p><h3 style=\"text-align: justify;\">\u00b7Taille d&rsquo;amandier<\/h3><h4 style=\"text-align: justify;\">o Taille de formation<\/h4><p style=\"text-align: justify;\">Il est fait pour que la lumi\u00e8re puisse atteindre toute la partie a\u00e9rienne de l&rsquo;arbre, dans le but de favoriser la photosynth\u00e8se. De plus, cela permet \u00e9galement aux succursales de soutenir la production plus tard.<\/p><p style=\"text-align: justify;\">Ce type de taille se fait durant les quatre premi\u00e8res ann\u00e9es et en hiver.<\/p><h4 style=\"text-align: justify;\">o Taille de production<\/h4><p style=\"text-align: justify;\">Le but de cet \u00e9lagage est d&rsquo;\u00e9tablir des branches secondaires productives, de contr\u00f4ler la forme et la taille des branches, d&rsquo;\u00e9liminer les rejets et d&rsquo;\u00e9liminer les branches mortes ou endommag\u00e9es.<\/p><h4 style=\"text-align: justify;\">o Taille de r\u00e9novation ou de rajeunissement<\/h4><p style=\"text-align: justify;\">Elle est r\u00e9alis\u00e9e lorsqu&rsquo;une baisse de productivit\u00e9 est d\u00e9tect\u00e9e en raison du vieillissement des branches.<\/p><p style=\"text-align: justify;\"><strong> <\/strong><\/p><h2 style=\"text-align: justify;\"><span style=\"color: #800000;\"><strong>\u00bb <\/strong><\/span><span style=\"color: #800000;\"><strong>Engrais pour la culture des amandiers <\/strong><\/span> <\/h2><p style=\"text-align: justify;\">G\u00e9n\u00e9ralement, une bonne fertilisation des amandiers doit comprendre:<\/p><ul style=\"text-align: justify;\"><li><strong>Macronutriments<\/strong>: calcium, azote, magn\u00e9sium, potassium, phosphore et soufre.<\/li><li><strong>Oligo\u00e9l\u00e9ments<\/strong>: mangan\u00e8se, bore, zinc, chlore, cuivre, fer et molybd\u00e8ne.<\/li><\/ul><p style=\"text-align: justify;\"><strong>L&rsquo;azote<\/strong>est un \u00e9l\u00e9ment essentiel au d\u00e9veloppement du syst\u00e8me v\u00e9g\u00e9tatif puisqu&rsquo;il participe \u00e0 la croissance et \u00e0 la formation de la chlorophylle. Sa carence peut provoquer le jaunissement des feuilles et stopper la croissance de l&rsquo;arbre.<\/p><p style=\"text-align: justify;\">Le <strong>phosphore<\/strong> est essentiel \u00e0 la maturation des fleurs et des fruits et au d\u00e9veloppement des racines. Son manque peut assombrir les feuilles et r\u00e9duire la floraison et la formation des fruits.<\/p><p style=\"text-align: justify;\">Le <strong>potassium<\/strong> favorise la r\u00e9sistance des arbres \u00e0 la s\u00e9cheresse et au gel, augmentant la productivit\u00e9. Si cet \u00e9l\u00e9ment est rare, la mortalit\u00e9 des bourgeons augmente et par cons\u00e9quent la production est r\u00e9duite.<\/p><p style=\"text-align: justify;\">Quant aux micronutriments, le <strong>calcium<\/strong> et le <strong>magn\u00e9sium<\/strong> sont des \u00e9l\u00e9ments fondamentaux dans la formation du fruit ; <strong>le fer<\/strong> et <strong>le bore<\/strong> participent \u00e0 la nouaison et \u00e0 la floraison.<\/p><p style=\"text-align: justify;\">Lors de la fertilisation des amandiers, il est important de souligner que pour avoir un bon programme de fertilisation des amandiers, des analyses pr\u00e9alables doivent \u00eatre effectu\u00e9es pour d\u00e9terminer les carences du sol et l&rsquo;\u00e9tat nutritionnel des arbres. Cela vous permettra de voir leurs carences afin de fournir aux arbres les nutriments dont ils ont besoin.<\/p><p style=\"text-align: justify;\">Si ce que nous voulons est une <strong>culture d&rsquo;amandiers bio<\/strong>, les engrais que nous appliquerons seront compos\u00e9s de mati\u00e8re organique, comme du fumier, du houmous, du compost, etc.<\/p><h2 style=\"text-align: justify;\"><span style=\"color: #800000;\"><strong>\u00bb <\/strong><\/span><span style=\"color: #800000;\"><strong>R\u00e9colte d&rsquo;amandes<\/strong><\/span><\/h2><ul style=\"text-align: justify;\"><li><strong>Manuel<\/strong>: Des tiges et des b\u00e2ches sont utilis\u00e9es pour ramasser les fruits.<\/li><li><strong>Avec des machines<\/strong>: comme des vibrateurs avec des parapluies invers\u00e9s ou des moissonneuses-batteuses qui \u00e9treignent les arbres et secouent les cimes.<\/li><\/ul><p style=\"text-align: justify;\"> <\/p>\t\t\t\t\t\t\t\t<\/div>\n\t\t\t\t<\/div>\n\t\t\t\t\t<\/div>\n\t\t<\/div>\n\t\t\t\t\t<\/div>\n\t\t<\/section>\n\t\t\t\t<section class=\"elementor-section elementor-top-section elementor-element elementor-element-6758614 elementor-section-full_width elementor-section-height-default elementor-section-height-default\" data-id=\"6758614\" data-element_type=\"section\" data-e-type=\"section\">\n\t\t\t\t\t\t<div class=\"elementor-container elementor-column-gap-no\">\n\t\t\t\t\t<div class=\"elementor-column elementor-col-100 elementor-top-column elementor-element elementor-element-3b602cb\" data-id=\"3b602cb\" data-element_type=\"column\" data-e-type=\"column\">\n\t\t\t<div class=\"elementor-widget-wrap elementor-element-populated\">\n\t\t\t\t\t\t<div class=\"elementor-element elementor-element-66840b5 elementor-widget elementor-widget-spacer\" data-id=\"66840b5\" data-element_type=\"widget\" data-e-type=\"widget\" data-widget_type=\"spacer.default\">\n\t\t\t\t<div class=\"elementor-widget-container\">\n\t\t\t\t\t\t\t<div class=\"elementor-spacer\">\n\t\t\t<div class=\"elementor-spacer-inner\"><\/div>\n\t\t<\/div>\n\t\t\t\t\t\t<\/div>\n\t\t\t\t<\/div>\n\t\t\t\t<div class=\"elementor-element elementor-element-6cf1eb0 elementor-widget elementor-widget-image\" data-id=\"6cf1eb0\" data-element_type=\"widget\" data-e-type=\"widget\" data-widget_type=\"image.default\">\n\t\t\t\t<div class=\"elementor-widget-container\">\n\t\t\t\t\t\t\t\t\t\t\t\t\t\t\t<img decoding=\"async\" width=\"1904\" height=\"467\" src=\"https:\/\/www.fervalle.com\/wp-content\/uploads\/2022\/07\/fruit-front.jpg\" class=\"attachment-full size-full wp-image-6189\" alt=\"\" srcset=\"https:\/\/www.fervalle.com\/wp-content\/uploads\/2022\/07\/fruit-front.jpg 1904w, https:\/\/www.fervalle.com\/wp-content\/uploads\/2022\/07\/fruit-front-300x74.jpg 300w, https:\/\/www.fervalle.com\/wp-content\/uploads\/2022\/07\/fruit-front-1024x251.jpg 1024w, https:\/\/www.fervalle.com\/wp-content\/uploads\/2022\/07\/fruit-front-768x188.jpg 768w, https:\/\/www.fervalle.com\/wp-content\/uploads\/2022\/07\/fruit-front-1536x377.jpg 1536w, https:\/\/www.fervalle.com\/wp-content\/uploads\/2022\/07\/fruit-front-1320x324.jpg 1320w, https:\/\/www.fervalle.com\/wp-content\/uploads\/2022\/07\/fruit-front-600x147.jpg 600w, https:\/\/www.fervalle.com\/wp-content\/uploads\/2022\/07\/fruit-front-64x16.jpg 64w\" sizes=\"(max-width: 1904px) 100vw, 1904px\" \/>\t\t\t\t\t\t\t\t\t\t\t\t\t\t\t<\/div>\n\t\t\t\t<\/div>\n\t\t\t\t\t<\/div>\n\t\t<\/div>\n\t\t\t\t\t<\/div>\n\t\t<\/section>\n\t\t\t\t<\/div>\n\t\t","protected":false},"excerpt":{"rendered":"<p>STRAT\u00c9GIE DE CULTURE POUR AMANDIERS Culture d&rsquo;amandiers. La production mondiale d&rsquo;amandes a augment\u00e9 ces derni\u00e8res ann\u00e9es, les \u00c9tats-Unis \u00e9tant le principal pays producteur, suivis de l&rsquo;Espagne et de l&rsquo;Italie. Sur le march\u00e9 des fruits secs, les amandes sont en t\u00eate du classement tant au niveau national qu&rsquo;international. L&rsquo;amandier est un arbre fruitier d&rsquo;une grande importance &#8230; <a title=\"AMANDIERS\" class=\"read-more\" href=\"https:\/\/www.fervalle.com\/fr\/amandiers\/\" aria-label=\"Plus sur AMANDIERS\">Lire plus<\/a><\/p>\n","protected":false},"author":1,"featured_media":0,"parent":0,"menu_order":0,"comment_status":"closed","ping_status":"closed","template":"elementor_header_footer","meta":{"_joinchat":[],"footnotes":""},"class_list":["post-7040","page","type-page","status-publish"],"jetpack_sharing_enabled":true,"_links":{"self":[{"href":"https:\/\/www.fervalle.com\/fr\/wp-json\/wp\/v2\/pages\/7040","targetHints":{"allow":["GET"]}}],"collection":[{"href":"https:\/\/www.fervalle.com\/fr\/wp-json\/wp\/v2\/pages"}],"about":[{"href":"https:\/\/www.fervalle.com\/fr\/wp-json\/wp\/v2\/types\/page"}],"author":[{"embeddable":true,"href":"https:\/\/www.fervalle.com\/fr\/wp-json\/wp\/v2\/users\/1"}],"replies":[{"embeddable":true,"href":"https:\/\/www.fervalle.com\/fr\/wp-json\/wp\/v2\/comments?post=7040"}],"version-history":[{"count":1,"href":"https:\/\/www.fervalle.com\/fr\/wp-json\/wp\/v2\/pages\/7040\/revisions"}],"predecessor-version":[{"id":7041,"href":"https:\/\/www.fervalle.com\/fr\/wp-json\/wp\/v2\/pages\/7040\/revisions\/7041"}],"wp:attachment":[{"href":"https:\/\/www.fervalle.com\/fr\/wp-json\/wp\/v2\/media?parent=7040"}],"curies":[{"name":"wp","href":"https:\/\/api.w.org\/{rel}","templated":true}]}}