{"id":4197,"date":"2021-12-21T09:11:07","date_gmt":"2021-12-21T09:11:07","guid":{"rendered":"https:\/\/www.fervalle.com\/fournisseurs\/"},"modified":"2025-06-03T09:24:13","modified_gmt":"2025-06-03T09:24:13","slug":"fournisseurs","status":"publish","type":"page","link":"https:\/\/www.fervalle.com\/fr\/fournisseurs\/","title":{"rendered":"Fournisseurs"},"content":{"rendered":"\t\t<div data-elementor-type=\"wp-page\" data-elementor-id=\"4197\" class=\"elementor elementor-4197 elementor-476\" data-elementor-post-type=\"page\">\n\t\t\t\t\t\t<section class=\"elementor-section elementor-top-section elementor-element elementor-element-4d6a824 elementor-section-boxed elementor-section-height-default elementor-section-height-default\" data-id=\"4d6a824\" data-element_type=\"section\" data-e-type=\"section\">\n\t\t\t\t\t\t<div class=\"elementor-container elementor-column-gap-default\">\n\t\t\t\t\t<div class=\"elementor-column elementor-col-50 elementor-top-column elementor-element elementor-element-9cc6567\" data-id=\"9cc6567\" data-element_type=\"column\" data-e-type=\"column\">\n\t\t\t<div class=\"elementor-widget-wrap elementor-element-populated\">\n\t\t\t\t\t\t<div class=\"elementor-element elementor-element-8e6c222 elementor-widget elementor-widget-spacer\" data-id=\"8e6c222\" data-element_type=\"widget\" data-e-type=\"widget\" data-widget_type=\"spacer.default\">\n\t\t\t\t<div class=\"elementor-widget-container\">\n\t\t\t\t\t\t\t<div class=\"elementor-spacer\">\n\t\t\t<div class=\"elementor-spacer-inner\"><\/div>\n\t\t<\/div>\n\t\t\t\t\t\t<\/div>\n\t\t\t\t<\/div>\n\t\t\t\t<div class=\"elementor-element elementor-element-20a4edc elementor-nav-menu--dropdown-tablet elementor-nav-menu__text-align-aside elementor-nav-menu--toggle elementor-nav-menu--burger elementor-widget elementor-widget-nav-menu\" data-id=\"20a4edc\" data-element_type=\"widget\" data-e-type=\"widget\" data-settings=\"{&quot;layout&quot;:&quot;horizontal&quot;,&quot;submenu_icon&quot;:{&quot;value&quot;:&quot;&lt;i class=\\&quot;fas fa-caret-down\\&quot; aria-hidden=\\&quot;true\\&quot;&gt;&lt;\\\/i&gt;&quot;,&quot;library&quot;:&quot;fa-solid&quot;},&quot;toggle&quot;:&quot;burger&quot;}\" data-widget_type=\"nav-menu.default\">\n\t\t\t\t<div class=\"elementor-widget-container\">\n\t\t\t\t\t\t\t\t<nav aria-label=\"Menu\" class=\"elementor-nav-menu--main elementor-nav-menu__container elementor-nav-menu--layout-horizontal e--pointer-underline e--animation-fade\">\n\t\t\t\t<ul id=\"menu-1-20a4edc\" class=\"elementor-nav-menu\"><li class=\"menu-item menu-item-type-post_type menu-item-object-page menu-item-30372\"><a href=\"https:\/\/www.fervalle.com\/fr\/recherche-et-developpement\/\" class=\"elementor-item\">Recherche et d\u00e9veloppement<\/a><\/li>\n<li class=\"menu-item menu-item-type-post_type menu-item-object-page menu-item-30373\"><a href=\"https:\/\/www.fervalle.com\/fr\/certificats\/\" class=\"elementor-item\">Certificats<\/a><\/li>\n<li class=\"menu-item menu-item-type-post_type menu-item-object-page menu-item-30374\"><a href=\"https:\/\/www.fervalle.com\/fr\/politique-de-qualite\/\" class=\"elementor-item\">Politique de Qualit\u00e9<\/a><\/li>\n<li class=\"menu-item menu-item-type-post_type menu-item-object-page menu-item-30375\"><a href=\"https:\/\/www.fervalle.com\/fr\/conditions-generales-de-vente\/\" class=\"elementor-item\">Conditions g\u00e9n\u00e9rales de Vente<\/a><\/li>\n<li class=\"menu-item menu-item-type-post_type menu-item-object-page menu-item-30376\"><a href=\"https:\/\/www.fervalle.com\/fr\/fournisseurs\/\" class=\"elementor-item\">Fournisseurs<\/a><\/li>\n<li class=\"menu-item menu-item-type-post_type menu-item-object-page menu-item-30377\"><a href=\"https:\/\/www.fervalle.com\/fr\/travaille-avec-nous\/\" class=\"elementor-item\">Travaille avec Nous<\/a><\/li>\n<\/ul>\t\t\t<\/nav>\n\t\t\t\t\t<div class=\"elementor-menu-toggle\" role=\"button\" tabindex=\"0\" aria-label=\"Permuter le menu\" aria-expanded=\"false\">\n\t\t\t<i aria-hidden=\"true\" role=\"presentation\" class=\"elementor-menu-toggle__icon--open eicon-menu-bar\"><\/i><i aria-hidden=\"true\" role=\"presentation\" class=\"elementor-menu-toggle__icon--close eicon-close\"><\/i>\t\t<\/div>\n\t\t\t\t\t<nav class=\"elementor-nav-menu--dropdown elementor-nav-menu__container\" aria-hidden=\"true\">\n\t\t\t\t<ul id=\"menu-2-20a4edc\" class=\"elementor-nav-menu\"><li class=\"menu-item menu-item-type-post_type menu-item-object-page menu-item-30372\"><a href=\"https:\/\/www.fervalle.com\/fr\/recherche-et-developpement\/\" class=\"elementor-item\" tabindex=\"-1\">Recherche et d\u00e9veloppement<\/a><\/li>\n<li class=\"menu-item menu-item-type-post_type menu-item-object-page menu-item-30373\"><a href=\"https:\/\/www.fervalle.com\/fr\/certificats\/\" class=\"elementor-item\" tabindex=\"-1\">Certificats<\/a><\/li>\n<li class=\"menu-item menu-item-type-post_type menu-item-object-page menu-item-30374\"><a href=\"https:\/\/www.fervalle.com\/fr\/politique-de-qualite\/\" class=\"elementor-item\" tabindex=\"-1\">Politique de Qualit\u00e9<\/a><\/li>\n<li class=\"menu-item menu-item-type-post_type menu-item-object-page menu-item-30375\"><a href=\"https:\/\/www.fervalle.com\/fr\/conditions-generales-de-vente\/\" class=\"elementor-item\" tabindex=\"-1\">Conditions g\u00e9n\u00e9rales de Vente<\/a><\/li>\n<li class=\"menu-item menu-item-type-post_type menu-item-object-page menu-item-30376\"><a href=\"https:\/\/www.fervalle.com\/fr\/fournisseurs\/\" class=\"elementor-item\" tabindex=\"-1\">Fournisseurs<\/a><\/li>\n<li class=\"menu-item menu-item-type-post_type menu-item-object-page menu-item-30377\"><a href=\"https:\/\/www.fervalle.com\/fr\/travaille-avec-nous\/\" class=\"elementor-item\" tabindex=\"-1\">Travaille avec Nous<\/a><\/li>\n<\/ul>\t\t\t<\/nav>\n\t\t\t\t\t\t<\/div>\n\t\t\t\t<\/div>\n\t\t\t\t\t<\/div>\n\t\t<\/div>\n\t\t\t\t<div class=\"elementor-column elementor-col-50 elementor-top-column elementor-element elementor-element-84d514a\" data-id=\"84d514a\" data-element_type=\"column\" data-e-type=\"column\">\n\t\t\t<div class=\"elementor-widget-wrap elementor-element-populated\">\n\t\t\t\t\t\t<div class=\"elementor-element elementor-element-4a72315 elementor-widget elementor-widget-spacer\" data-id=\"4a72315\" data-element_type=\"widget\" data-e-type=\"widget\" data-widget_type=\"spacer.default\">\n\t\t\t\t<div class=\"elementor-widget-container\">\n\t\t\t\t\t\t\t<div class=\"elementor-spacer\">\n\t\t\t<div class=\"elementor-spacer-inner\"><\/div>\n\t\t<\/div>\n\t\t\t\t\t\t<\/div>\n\t\t\t\t<\/div>\n\t\t\t\t<div class=\"elementor-element elementor-element-56a88b9 elementor-widget elementor-widget-heading\" data-id=\"56a88b9\" data-element_type=\"widget\" data-e-type=\"widget\" data-widget_type=\"heading.default\">\n\t\t\t\t<div class=\"elementor-widget-container\">\n\t\t\t\t\t<h2 class=\"elementor-heading-title elementor-size-default\">Fournisseurs<\/h2>\t\t\t\t<\/div>\n\t\t\t\t<\/div>\n\t\t\t\t<div class=\"elementor-element elementor-element-7eb9643 elementor-widget-divider--view-line elementor-widget elementor-widget-divider\" data-id=\"7eb9643\" data-element_type=\"widget\" data-e-type=\"widget\" data-widget_type=\"divider.default\">\n\t\t\t\t<div class=\"elementor-widget-container\">\n\t\t\t\t\t\t\t<div class=\"elementor-divider\">\n\t\t\t<span class=\"elementor-divider-separator\">\n\t\t\t\t\t\t<\/span>\n\t\t<\/div>\n\t\t\t\t\t\t<\/div>\n\t\t\t\t<\/div>\n\t\t\t\t<div class=\"elementor-element elementor-element-1ad1be2 elementor-widget elementor-widget-text-editor\" data-id=\"1ad1be2\" data-element_type=\"widget\" data-e-type=\"widget\" data-widget_type=\"text-editor.default\">\n\t\t\t\t<div class=\"elementor-widget-container\">\n\t\t\t\t\t\t\t\t\t<div style=\"color: #333f48; font-family: 'Open Sans', Arial, sans-serif; background: center center \/ cover no-repeat; margin: 0px 0px 15px; padding: 0px; border: 0px; outline: 0px; font-size: 18px; vertical-align: baseline; text-size-adjust: 100%; overflow-wrap: break-word; text-align: justify; animation-timing-function: linear; animation-duration: 0.2s; text-transform: uppercase;\"><div style=\"margin: 0px; padding: 0px; border: 0px; outline: 0px; background: 0px 0px; vertical-align: baseline; text-size-adjust: 100%; position: relative;\"><p style=\"margin-bottom: 0px; outline: 0px; background: 0px 0px; vertical-align: baseline; text-size-adjust: 100%;\"><span style=\"font-family: helvetica, arial, sans-serif; color: #333333; font-size: 14pt;\"><strong style=\"text-transform: none;\">VOUS VOULEZ \u00caTRE FOURNISSEUR DE FERVALLE ?<\/strong><\/span><\/p><\/div><\/div><p><span style=\"font-family: helvetica, arial, sans-serif; color: #333333;\">Nous ajoutons des connaissances et des exp\u00e9riences particuli\u00e8res et d\u00e9veloppons des histoires de r\u00e9ussite au profit de nos fournisseurs dans n&rsquo;importe quelle zone g\u00e9ographique. Remplissez le formulaire ci-dessous et ce sera le d\u00e9but d&rsquo;une relation fructueuse et durable.<\/span><\/p>\t\t\t\t\t\t\t\t<\/div>\n\t\t\t\t<\/div>\n\t\t\t\t<div class=\"elementor-element elementor-element-e7f374b elementor-widget elementor-widget-html\" data-id=\"e7f374b\" data-element_type=\"widget\" data-e-type=\"widget\" data-widget_type=\"html.default\">\n\t\t\t\t<div class=\"elementor-widget-container\">\n\t\t\t\t\t<iframe frameborder=\"0\" style=\"height:44em;width:89%;border:none;\" src=\"https:\/\/forms.zohopublic.com\/candidorios\/form\/LeadsBLOG\/formperma\/pi8X7NE8mPjp5HB2sZeddLI8lMyS8IbdOkcTo-H-VYg\"><\/iframe>\t\t\t\t<\/div>\n\t\t\t\t<\/div>\n\t\t\t\t\t<\/div>\n\t\t<\/div>\n\t\t\t\t\t<\/div>\n\t\t<\/section>\n\t\t\t\t<section class=\"elementor-section elementor-top-section elementor-element elementor-element-34ff60b elementor-section-boxed elementor-section-height-default elementor-section-height-default\" data-id=\"34ff60b\" data-element_type=\"section\" data-e-type=\"section\">\n\t\t\t\t\t\t<div class=\"elementor-container elementor-column-gap-default\">\n\t\t\t\t\t<div class=\"elementor-column elementor-col-100 elementor-top-column elementor-element elementor-element-d6a9f4a\" data-id=\"d6a9f4a\" data-element_type=\"column\" data-e-type=\"column\">\n\t\t\t<div class=\"elementor-widget-wrap\">\n\t\t\t\t\t\t\t<\/div>\n\t\t<\/div>\n\t\t\t\t\t<\/div>\n\t\t<\/section>\n\t\t\t\t<\/div>\n\t\t","protected":false},"excerpt":{"rendered":"<p>Fournisseurs VOUS VOULEZ \u00caTRE FOURNISSEUR DE FERVALLE ? Nous ajoutons des connaissances et des exp\u00e9riences particuli\u00e8res et d\u00e9veloppons des histoires de r\u00e9ussite au profit de nos fournisseurs dans n&rsquo;importe quelle zone g\u00e9ographique. Remplissez le formulaire ci-dessous et ce sera le d\u00e9but d&rsquo;une relation fructueuse et durable.<\/p>\n","protected":false},"author":1,"featured_media":0,"parent":0,"menu_order":0,"comment_status":"closed","ping_status":"closed","template":"elementor_header_footer","meta":{"_joinchat":[],"footnotes":""},"class_list":["post-4197","page","type-page","status-publish"],"jetpack_sharing_enabled":true,"_links":{"self":[{"href":"https:\/\/www.fervalle.com\/fr\/wp-json\/wp\/v2\/pages\/4197","targetHints":{"allow":["GET"]}}],"collection":[{"href":"https:\/\/www.fervalle.com\/fr\/wp-json\/wp\/v2\/pages"}],"about":[{"href":"https:\/\/www.fervalle.com\/fr\/wp-json\/wp\/v2\/types\/page"}],"author":[{"embeddable":true,"href":"https:\/\/www.fervalle.com\/fr\/wp-json\/wp\/v2\/users\/1"}],"replies":[{"embeddable":true,"href":"https:\/\/www.fervalle.com\/fr\/wp-json\/wp\/v2\/comments?post=4197"}],"version-history":[{"count":2,"href":"https:\/\/www.fervalle.com\/fr\/wp-json\/wp\/v2\/pages\/4197\/revisions"}],"predecessor-version":[{"id":29876,"href":"https:\/\/www.fervalle.com\/fr\/wp-json\/wp\/v2\/pages\/4197\/revisions\/29876"}],"wp:attachment":[{"href":"https:\/\/www.fervalle.com\/fr\/wp-json\/wp\/v2\/media?parent=4197"}],"curies":[{"name":"wp","href":"https:\/\/api.w.org\/{rel}","templated":true}]}}