{"id":4180,"date":"2021-12-21T09:14:32","date_gmt":"2021-12-21T09:14:32","guid":{"rendered":"https:\/\/www.fervalle.com\/politique-des-cookies\/"},"modified":"2025-06-03T09:25:20","modified_gmt":"2025-06-03T09:25:20","slug":"politique-des-cookies","status":"publish","type":"page","link":"https:\/\/www.fervalle.com\/fr\/politique-des-cookies\/","title":{"rendered":"Politique des cookies"},"content":{"rendered":"\t\t<div data-elementor-type=\"wp-page\" data-elementor-id=\"4180\" class=\"elementor elementor-4180 elementor-496\" data-elementor-post-type=\"page\">\n\t\t\t\t\t\t<section class=\"elementor-section elementor-top-section elementor-element elementor-element-8c97752 elementor-section-boxed elementor-section-height-default elementor-section-height-default\" data-id=\"8c97752\" data-element_type=\"section\" data-e-type=\"section\">\n\t\t\t\t\t\t<div class=\"elementor-container elementor-column-gap-default\">\n\t\t\t\t\t<div class=\"elementor-column elementor-col-50 elementor-top-column elementor-element elementor-element-a5a4dfd\" data-id=\"a5a4dfd\" data-element_type=\"column\" data-e-type=\"column\">\n\t\t\t<div class=\"elementor-widget-wrap\">\n\t\t\t\t\t\t\t<\/div>\n\t\t<\/div>\n\t\t\t\t<div class=\"elementor-column elementor-col-50 elementor-top-column elementor-element elementor-element-09f6ba4\" data-id=\"09f6ba4\" data-element_type=\"column\" data-e-type=\"column\">\n\t\t\t<div class=\"elementor-widget-wrap elementor-element-populated\">\n\t\t\t\t\t\t<div class=\"elementor-element elementor-element-a749882 elementor-widget elementor-widget-spacer\" data-id=\"a749882\" data-element_type=\"widget\" data-e-type=\"widget\" data-widget_type=\"spacer.default\">\n\t\t\t\t<div class=\"elementor-widget-container\">\n\t\t\t\t\t\t\t<div class=\"elementor-spacer\">\n\t\t\t<div class=\"elementor-spacer-inner\"><\/div>\n\t\t<\/div>\n\t\t\t\t\t\t<\/div>\n\t\t\t\t<\/div>\n\t\t\t\t<div class=\"elementor-element elementor-element-6f130cf elementor-widget elementor-widget-heading\" data-id=\"6f130cf\" data-element_type=\"widget\" data-e-type=\"widget\" data-widget_type=\"heading.default\">\n\t\t\t\t<div class=\"elementor-widget-container\">\n\t\t\t\t\t<h2 class=\"elementor-heading-title elementor-size-default\">Politique des cookies<\/h2>\t\t\t\t<\/div>\n\t\t\t\t<\/div>\n\t\t\t\t<div class=\"elementor-element elementor-element-86e9b46 elementor-widget-divider--view-line elementor-widget elementor-widget-divider\" data-id=\"86e9b46\" data-element_type=\"widget\" data-e-type=\"widget\" data-widget_type=\"divider.default\">\n\t\t\t\t<div class=\"elementor-widget-container\">\n\t\t\t\t\t\t\t<div class=\"elementor-divider\">\n\t\t\t<span class=\"elementor-divider-separator\">\n\t\t\t\t\t\t<\/span>\n\t\t<\/div>\n\t\t\t\t\t\t<\/div>\n\t\t\t\t<\/div>\n\t\t\t\t<div class=\"elementor-element elementor-element-33bbaba elementor-widget elementor-widget-text-editor\" data-id=\"33bbaba\" data-element_type=\"widget\" data-e-type=\"widget\" data-widget_type=\"text-editor.default\">\n\t\t\t\t<div class=\"elementor-widget-container\">\n\t\t\t\t\t\t\t\t\t<p><span style=\"color: #333333;\"><strong>INFORMATIONS SUR LES COOKIES<\/strong><\/span><\/p>\n<p><span style=\"color: #333333;\"><b>QUE SONT LES COOKIES ?<\/b><\/span><\/p>\n<p><span style=\"color: #333333;\">Les cookies et autres technologies similaires telles que les objets locaux partag\u00e9s, les cookies flash ou les pixels, sont des outils utilis\u00e9s par les serveurs Web pour stocker et r\u00e9cup\u00e9rer des informations sur leurs visiteurs, ainsi que pour assurer le bon fonctionnement du site.<\/span><br><span style=\"color: #333333;\">L&rsquo;utilisation de ces dispositifs permet au serveur Web de se souvenir de certaines donn\u00e9es concernant l&rsquo;utilisateur, telles que ses pr\u00e9f\u00e9rences en mati\u00e8re de visualisation des pages de ce serveur, son nom et son mot de passe, les produits qui l&rsquo;int\u00e9ressent le plus, etc.<\/span><\/p>\n<p><span style=\"color: #333333;\"><strong>QUELS SONT LES TYPES DE COOKIES ?<\/strong><\/span><\/p>\n<p><span style=\"color: #333333; font-family: var( --e-global-typography-text-font-family ), Sans-serif; font-weight: var( --e-global-typography-text-font-weight );\">Il existe cinq groupes principaux de cookies :<\/span><\/p>\n<ul>\n<li><span style=\"color: #333333;\">Cookies analytiques : ils collectent des informations sur l&rsquo;utilisation du site web.<\/span><\/li>\n<li><span style=\"color: #333333;\">Cookies sociaux : il s&rsquo;agit de ceux n\u00e9cessaires aux r\u00e9seaux sociaux externes.<\/span><\/li>\n<li><span style=\"color: #333333;\">Cookies d&rsquo;affiliation : ils permettent de suivre les visites d&rsquo;autres sites web avec lesquels le site web a un contrat d&rsquo;affiliation (soci\u00e9t\u00e9s d&rsquo;affiliation).<\/span><\/li>\n<li><span style=\"color: #333333;\">Cookies publicitaires et comportementaux : ils collectent des informations sur les pr\u00e9f\u00e9rences et les choix personnels de l&rsquo;utilisateur (reciblage).<\/span><\/li>\n<li><span style=\"color: #333333;\">Cookies techniques et fonctionnels : ils sont strictement n\u00e9cessaires \u00e0 l&rsquo;utilisation du site web et \u00e0 la fourniture du service contract\u00e9.<\/span><\/li>\n<\/ul>\n<p><span style=\"color: #333333;\"><strong>COOKIES UTILIS\u00c9S SUR CE SITE WEB<\/strong><\/span><\/p>\n<ul>\n<li><span style=\"color: #333333;\">_lang : cookie technique et strictement n\u00e9cessaire contenant la langue de la session. Il est supprim\u00e9 lorsque le navigateur est ferm\u00e9.<\/span><\/li>\n<li><span style=\"color: #333333;\">ac_cookies : cookie technique et strictement n\u00e9cessaire contenant la valeur de l&rsquo;acceptation ou non de l&rsquo;installation de cookies. Il expire 1 an apr\u00e8s la derni\u00e8re mise \u00e0 jour.<\/span><\/li>\n<li><span style=\"color: #333333;\">_ga : cookie de Google Analytics qui permet la fonction de contr\u00f4le des visites uniques. La premi\u00e8re fois qu&rsquo;un utilisateur acc\u00e8de au site web par le biais d&rsquo;un navigateur, ce cookie sera d\u00e9fini. Lorsque cet utilisateur se rend \u00e0 nouveau sur le site web avec le m\u00eame navigateur, le cookie consid\u00e8re qu&rsquo;il s&rsquo;agit du m\u00eame utilisateur. Ce n&rsquo;est que si l&rsquo;utilisateur change de navigateur qu&rsquo;il sera consid\u00e9r\u00e9 comme un nouvel utilisateur. Il expire 2 ans apr\u00e8s la derni\u00e8re mise \u00e0 jour.<\/span><\/li>\n<li><span style=\"color: #333333;\">_gat : Ce cookie est associ\u00e9 \u00e0 Google Analytics. Utilis\u00e9 pour limiter le d\u00e9bit des demandes &#8211; limiter la collecte de donn\u00e9es sur les sites \u00e0 fort trafic. Il expire apr\u00e8s 10 minutes.<\/span><\/li>\n<li><span style=\"color: #333333;\">gid : Ce cookie est associ\u00e9 \u00e0 Google Analytics. Il est utilis\u00e9 pour distinguer les utilisateurs. Il expire apr\u00e8s 24 heures.<\/span><\/li>\n<\/ul>\n<p><span style=\"color: #333333;\"><strong>R\u00c9VOQUER LE CONSENTEMENT \u00c0 L&rsquo;INSTALLATION DE COOKIES COMMENT SUPPRIMER LES COOKIES DU NAVIGATEUR<\/strong><\/span><\/p>\n<p><span style=\"color: #333333;\"><strong>Chrome<\/strong><\/span><\/p>\n<ol>\n<li><span style=\"color: #333333;\">S\u00e9lectionnez l&rsquo;ic\u00f4ne Outils<\/span><\/li>\n<li><span style=\"color: #333333;\">Cliquez sur Param\u00e8tres.<\/span><\/li>\n<li><span style=\"color: #333333;\">Cliquez sur Afficher les options avanc\u00e9es.<\/span><\/li>\n<li><span style=\"color: #333333;\">Dans la section \u00ab\u00a0Vie priv\u00e9e\u00a0\u00bb, cliquez sur \u00ab\u00a0Param\u00e8tres de contenu\u00a0\u00bb. &#8211; Supprimez les cookies : Cliquez sur All cookies and site data&#8230; &#8211; Ne pas autoriser le stockage des cookies.<\/span><\/li>\n<li><span style=\"color: #333333;\">Cliquez sur Clear Browsing Data (Clear Cache).<\/span><\/li>\n<li><span style=\"color: #333333;\">Fermez et red\u00e9marrez le navigateur. Pour plus d&rsquo;informations sur Chrome, cliquez ici <a href=\"https:\/\/support.google.com\/chrome\/answer\/95647?hl=es\">: https:\/\/support.google.com\/chrome\/answer\/95647?hl=es<\/a><\/span><\/li>\n<\/ol>\n<p><span style=\"color: #333333;\"><strong>Internet Explorer.&nbsp;<\/strong><\/span><span style=\"color: #333333; font-family: var( --e-global-typography-text-font-family ), Sans-serif;\"><b>Version 11<\/b><\/span><\/p>\n<ol>\n<li><span style=\"color: #333333;\">S\u00e9lectionnez Outils | Options Internet.<\/span><\/li>\n<li><span style=\"color: #333333;\">Cliquez sur l&rsquo;onglet G\u00e9n\u00e9ral.<\/span><\/li>\n<li><span style=\"color: #333333;\">Dans la section \u00ab\u00a0Historique de navigation\u00a0\u00bb, cliquez sur Supprimer l&rsquo;historique de navigation \u00e0 la sortie.<\/span><\/li>\n<li><span style=\"color: #333333;\">S\u00e9lectionnez Supprimer les fichiers.<\/span><\/li>\n<li><span style=\"color: #333333;\">S\u00e9lectionnez Supprimer les cookies.<\/span><\/li>\n<li><span style=\"color: #333333;\">Cliquez sur Supprimer.<\/span><\/li>\n<li><span style=\"color: #333333;\">Cliquez sur OK.<\/span><\/li>\n<li><span style=\"color: #333333;\">Fermez et red\u00e9marrez le navigateur. Pour plus d&rsquo;informations sur Internet Explorer, cliquez ici <a href=\"https:\/\/support.microsoft.com\/es-es\/kb\/278835\">: https:\/\/support.microsoft.com\/es-es\/kb\/278835<\/a><\/span><\/li>\n<\/ol>\n<p><span style=\"color: #333333;\"><strong>Firefox.&nbsp;<\/strong><\/span><span style=\"color: #333333; font-family: var( --e-global-typography-text-font-family ), Sans-serif;\"><b>Version 18.1<\/b><\/span><\/p>\n<ol>\n<li><span style=\"color: #333333;\">S\u00e9lectionnez Firefox | Historique | Effacer l&rsquo;historique r\u00e9cent.<\/span><\/li>\n<li><span style=\"color: #333333;\">\u00c0 c\u00f4t\u00e9 de \u00ab\u00a0D\u00e9tails\u00a0\u00bb, cliquez sur la fl\u00e8che vers le bas.<\/span><\/li>\n<li><span style=\"color: #333333;\">S\u00e9lectionnez les cases \u00e0 cocher suivantes : Cookies, Cache, Connexions actives.<\/span><\/li>\n<li><span style=\"color: #333333;\">Dans le menu d\u00e9roulant \u00ab\u00a0Intervalle de temps pour la suppression\u00a0\u00bb, s\u00e9lectionnez Tout.<\/span><\/li>\n<li><span style=\"color: #333333;\">Cliquez sur Supprimer maintenant.<\/span><\/li>\n<li><span style=\"color: #333333;\">Fermez et red\u00e9marrez le navigateur. Vous pouvez accepter ou refuser les cookies sur une base individuelle dans les pr\u00e9f\u00e9rences de Firefox, dans la section Historique disponible sous Outils &gt; Options &gt; Confidentialit\u00e9. Pour plus d&rsquo;informations sur Mozilla Firefox, cliquez ici <a href=\"https:\/\/www.mozilla.org\/es-ES\/privacy\/websites\/#cookies\">: https:\/\/www.mozilla.org\/es-ES\/privacy\/websites\/#cookies<\/a><\/span><\/li>\n<\/ol>\n<p><b><span style=\"color: #333333;\">Safari. <\/span><span style=\"color: #333333; font-family: var( --e-global-typography-text-font-family ), Sans-serif;\">Version 5.1<\/span><\/b><\/p>\n<ol>\n<li><span style=\"color: #333333;\">S\u00e9lectionnez l&rsquo;ic\u00f4ne Safari \/ Editer | R\u00e9initialiser Safari.<\/span><\/li>\n<li><span style=\"color: #333333;\">S\u00e9lectionnez les cases \u00e0 cocher suivantes : Supprimer l&rsquo;historique, Supprimer toutes les donn\u00e9es du site Web<\/span><\/li>\n<li><span style=\"color: #333333;\">Cliquez sur R\u00e9initialiser.<\/span><\/li>\n<li><span style=\"color: #333333;\">Fermez et red\u00e9marrez le navigateur. Pour plus d&rsquo;informations sur Safari, cliquez ici : https:\/\/support.apple.com\/kb\/ph21411?locale=es_ES<\/span><\/li>\n<li><span style=\"color: #333333;\">Options d&rsquo;Opera &#8211; Avanc\u00e9 &#8211; Cookies. Les options de cookies contr\u00f4lent la mani\u00e8re dont Opera traite les cookies et donc leur acceptation ou leur rejet. Pour plus d&rsquo;informations sur Opera, cliquez ici <a href=\"https:\/\/help.opera.com\/Linux\/10.60\/es-ES\/cookies.html\">: https:\/\/help.opera.com\/Linux\/10.60\/es-ES\/cookies.html<\/a><\/span><\/li>\n<\/ol>\n<div>\n<p><span style=\"font-weight: bold;\"><span style=\"color: #333333;\">Op\u00e9ra<\/span><\/span><\/p>\n<p><span style=\"color: #333333;\">Options &#8211; Avanc\u00e9 &#8211; Cookies. Les options de cookies contr\u00f4lent la mani\u00e8re dont Opera traite les cookies et donc leur acceptation ou leur rejet. Pour plus d&rsquo;informations sur Opera, cliquez ici <a href=\"http:\/\/help.opera.com\/Linux\/10.60\/es-ES\/cookies.html\">: http:\/\/help.opera.com\/Linux\/10.60\/es-ES\/cookies.html<\/a><\/p><\/div>\n<p><span style=\"color: #333333;\"><strong>Autres navigateurs<\/strong><\/span><\/span><\/p>\n<p><span style=\"color: #333333;\">Consultez la documentation du navigateur que vous avez install\u00e9.<\/span><\/p>\t\t\t\t\t\t\t\t<\/div>\n\t\t\t\t<\/div>\n\t\t\t\t\t<\/div>\n\t\t<\/div>\n\t\t\t\t\t<\/div>\n\t\t<\/section>\n\t\t\t\t<section class=\"elementor-section elementor-top-section elementor-element elementor-element-c09b067 elementor-section-boxed elementor-section-height-default elementor-section-height-default\" data-id=\"c09b067\" data-element_type=\"section\" data-e-type=\"section\">\n\t\t\t\t\t\t<div class=\"elementor-container elementor-column-gap-default\">\n\t\t\t\t\t<div class=\"elementor-column elementor-col-100 elementor-top-column elementor-element elementor-element-6986658\" data-id=\"6986658\" data-element_type=\"column\" data-e-type=\"column\">\n\t\t\t<div class=\"elementor-widget-wrap elementor-element-populated\">\n\t\t\t\t\t\t<div class=\"elementor-element elementor-element-ad2332e elementor-widget elementor-widget-spacer\" data-id=\"ad2332e\" data-element_type=\"widget\" data-e-type=\"widget\" data-widget_type=\"spacer.default\">\n\t\t\t\t<div class=\"elementor-widget-container\">\n\t\t\t\t\t\t\t<div class=\"elementor-spacer\">\n\t\t\t<div class=\"elementor-spacer-inner\"><\/div>\n\t\t<\/div>\n\t\t\t\t\t\t<\/div>\n\t\t\t\t<\/div>\n\t\t\t\t\t<\/div>\n\t\t<\/div>\n\t\t\t\t\t<\/div>\n\t\t<\/section>\n\t\t\t\t<\/div>\n\t\t","protected":false},"excerpt":{"rendered":"<p>Politique des cookies INFORMATIONS SUR LES COOKIES QUE SONT LES COOKIES ? Les cookies et autres technologies similaires telles que les objets locaux partag\u00e9s, les cookies flash ou les pixels, sont des outils utilis\u00e9s par les serveurs Web pour stocker et r\u00e9cup\u00e9rer des informations sur leurs visiteurs, ainsi que pour assurer le bon fonctionnement du &#8230; <a title=\"Politique des cookies\" class=\"read-more\" href=\"https:\/\/www.fervalle.com\/fr\/politique-des-cookies\/\" aria-label=\"Plus sur Politique des cookies\">Lire plus<\/a><\/p>\n","protected":false},"author":1,"featured_media":0,"parent":0,"menu_order":0,"comment_status":"closed","ping_status":"closed","template":"elementor_header_footer","meta":{"_joinchat":[],"footnotes":""},"class_list":["post-4180","page","type-page","status-publish"],"jetpack_sharing_enabled":true,"_links":{"self":[{"href":"https:\/\/www.fervalle.com\/fr\/wp-json\/wp\/v2\/pages\/4180","targetHints":{"allow":["GET"]}}],"collection":[{"href":"https:\/\/www.fervalle.com\/fr\/wp-json\/wp\/v2\/pages"}],"about":[{"href":"https:\/\/www.fervalle.com\/fr\/wp-json\/wp\/v2\/types\/page"}],"author":[{"embeddable":true,"href":"https:\/\/www.fervalle.com\/fr\/wp-json\/wp\/v2\/users\/1"}],"replies":[{"embeddable":true,"href":"https:\/\/www.fervalle.com\/fr\/wp-json\/wp\/v2\/comments?post=4180"}],"version-history":[{"count":2,"href":"https:\/\/www.fervalle.com\/fr\/wp-json\/wp\/v2\/pages\/4180\/revisions"}],"predecessor-version":[{"id":29982,"href":"https:\/\/www.fervalle.com\/fr\/wp-json\/wp\/v2\/pages\/4180\/revisions\/29982"}],"wp:attachment":[{"href":"https:\/\/www.fervalle.com\/fr\/wp-json\/wp\/v2\/media?parent=4180"}],"curies":[{"name":"wp","href":"https:\/\/api.w.org\/{rel}","templated":true}]}}