{"id":3517,"date":"2022-03-02T16:41:30","date_gmt":"2022-03-02T16:41:30","guid":{"rendered":"https:\/\/www.fervalle.com\/certificats\/"},"modified":"2022-03-17T16:42:47","modified_gmt":"2022-03-17T16:42:47","slug":"certificats","status":"publish","type":"page","link":"https:\/\/www.fervalle.com\/fr\/certificats\/","title":{"rendered":"Certificats"},"content":{"rendered":"\t\t<div data-elementor-type=\"wp-page\" data-elementor-id=\"3517\" class=\"elementor elementor-3517 elementor-1648\" data-elementor-post-type=\"page\">\n\t\t\t\t\t\t<section class=\"elementor-section elementor-top-section elementor-element elementor-element-3e36ecd elementor-section-boxed elementor-section-height-default elementor-section-height-default\" data-id=\"3e36ecd\" data-element_type=\"section\" data-e-type=\"section\">\n\t\t\t\t\t\t<div class=\"elementor-container elementor-column-gap-default\">\n\t\t\t\t\t<div class=\"elementor-column elementor-col-50 elementor-top-column elementor-element elementor-element-eca4352\" data-id=\"eca4352\" data-element_type=\"column\" data-e-type=\"column\">\n\t\t\t<div class=\"elementor-widget-wrap elementor-element-populated\">\n\t\t\t\t\t\t<div class=\"elementor-element elementor-element-8cd25f1 elementor-widget elementor-widget-spacer\" data-id=\"8cd25f1\" data-element_type=\"widget\" data-e-type=\"widget\" data-widget_type=\"spacer.default\">\n\t\t\t\t<div class=\"elementor-widget-container\">\n\t\t\t\t\t\t\t<div class=\"elementor-spacer\">\n\t\t\t<div class=\"elementor-spacer-inner\"><\/div>\n\t\t<\/div>\n\t\t\t\t\t\t<\/div>\n\t\t\t\t<\/div>\n\t\t\t\t<div class=\"elementor-element elementor-element-abe5f1b elementor-nav-menu--dropdown-tablet elementor-nav-menu__text-align-aside elementor-nav-menu--toggle elementor-nav-menu--burger elementor-widget elementor-widget-nav-menu\" data-id=\"abe5f1b\" data-element_type=\"widget\" data-e-type=\"widget\" data-settings=\"{&quot;layout&quot;:&quot;horizontal&quot;,&quot;submenu_icon&quot;:{&quot;value&quot;:&quot;&lt;i class=\\&quot;fas fa-caret-down\\&quot; aria-hidden=\\&quot;true\\&quot;&gt;&lt;\\\/i&gt;&quot;,&quot;library&quot;:&quot;fa-solid&quot;},&quot;toggle&quot;:&quot;burger&quot;}\" data-widget_type=\"nav-menu.default\">\n\t\t\t\t<div class=\"elementor-widget-container\">\n\t\t\t\t\t\t\t\t<nav aria-label=\"Menu\" class=\"elementor-nav-menu--main elementor-nav-menu__container elementor-nav-menu--layout-horizontal e--pointer-underline e--animation-fade\">\n\t\t\t\t<ul id=\"menu-1-abe5f1b\" class=\"elementor-nav-menu\"><li class=\"menu-item menu-item-type-post_type menu-item-object-page menu-item-30372\"><a href=\"https:\/\/www.fervalle.com\/fr\/recherche-et-developpement\/\" class=\"elementor-item\">Recherche et d\u00e9veloppement<\/a><\/li>\n<li class=\"menu-item menu-item-type-post_type menu-item-object-page menu-item-30373\"><a href=\"https:\/\/www.fervalle.com\/fr\/certificats\/\" class=\"elementor-item\">Certificats<\/a><\/li>\n<li class=\"menu-item menu-item-type-post_type menu-item-object-page menu-item-30374\"><a href=\"https:\/\/www.fervalle.com\/fr\/politique-de-qualite\/\" class=\"elementor-item\">Politique de Qualit\u00e9<\/a><\/li>\n<li class=\"menu-item menu-item-type-post_type menu-item-object-page menu-item-30375\"><a href=\"https:\/\/www.fervalle.com\/fr\/conditions-generales-de-vente\/\" class=\"elementor-item\">Conditions g\u00e9n\u00e9rales de Vente<\/a><\/li>\n<li class=\"menu-item menu-item-type-post_type menu-item-object-page menu-item-30376\"><a href=\"https:\/\/www.fervalle.com\/fr\/fournisseurs\/\" class=\"elementor-item\">Fournisseurs<\/a><\/li>\n<li class=\"menu-item menu-item-type-post_type menu-item-object-page menu-item-30377\"><a href=\"https:\/\/www.fervalle.com\/fr\/travaille-avec-nous\/\" class=\"elementor-item\">Travaille avec Nous<\/a><\/li>\n<\/ul>\t\t\t<\/nav>\n\t\t\t\t\t<div class=\"elementor-menu-toggle\" role=\"button\" tabindex=\"0\" aria-label=\"Permuter le menu\" aria-expanded=\"false\">\n\t\t\t<i aria-hidden=\"true\" role=\"presentation\" class=\"elementor-menu-toggle__icon--open eicon-menu-bar\"><\/i><i aria-hidden=\"true\" role=\"presentation\" class=\"elementor-menu-toggle__icon--close eicon-close\"><\/i>\t\t<\/div>\n\t\t\t\t\t<nav class=\"elementor-nav-menu--dropdown elementor-nav-menu__container\" aria-hidden=\"true\">\n\t\t\t\t<ul id=\"menu-2-abe5f1b\" class=\"elementor-nav-menu\"><li class=\"menu-item menu-item-type-post_type menu-item-object-page menu-item-30372\"><a href=\"https:\/\/www.fervalle.com\/fr\/recherche-et-developpement\/\" class=\"elementor-item\" tabindex=\"-1\">Recherche et d\u00e9veloppement<\/a><\/li>\n<li class=\"menu-item menu-item-type-post_type menu-item-object-page menu-item-30373\"><a href=\"https:\/\/www.fervalle.com\/fr\/certificats\/\" class=\"elementor-item\" tabindex=\"-1\">Certificats<\/a><\/li>\n<li class=\"menu-item menu-item-type-post_type menu-item-object-page menu-item-30374\"><a href=\"https:\/\/www.fervalle.com\/fr\/politique-de-qualite\/\" class=\"elementor-item\" tabindex=\"-1\">Politique de Qualit\u00e9<\/a><\/li>\n<li class=\"menu-item menu-item-type-post_type menu-item-object-page menu-item-30375\"><a href=\"https:\/\/www.fervalle.com\/fr\/conditions-generales-de-vente\/\" class=\"elementor-item\" tabindex=\"-1\">Conditions g\u00e9n\u00e9rales de Vente<\/a><\/li>\n<li class=\"menu-item menu-item-type-post_type menu-item-object-page menu-item-30376\"><a href=\"https:\/\/www.fervalle.com\/fr\/fournisseurs\/\" class=\"elementor-item\" tabindex=\"-1\">Fournisseurs<\/a><\/li>\n<li class=\"menu-item menu-item-type-post_type menu-item-object-page menu-item-30377\"><a href=\"https:\/\/www.fervalle.com\/fr\/travaille-avec-nous\/\" class=\"elementor-item\" tabindex=\"-1\">Travaille avec Nous<\/a><\/li>\n<\/ul>\t\t\t<\/nav>\n\t\t\t\t\t\t<\/div>\n\t\t\t\t<\/div>\n\t\t\t\t\t<\/div>\n\t\t<\/div>\n\t\t\t\t<div class=\"elementor-column elementor-col-50 elementor-top-column elementor-element elementor-element-08ff8bb\" data-id=\"08ff8bb\" data-element_type=\"column\" data-e-type=\"column\">\n\t\t\t<div class=\"elementor-widget-wrap elementor-element-populated\">\n\t\t\t\t\t\t<div class=\"elementor-element elementor-element-631f09e elementor-widget elementor-widget-spacer\" data-id=\"631f09e\" data-element_type=\"widget\" data-e-type=\"widget\" data-widget_type=\"spacer.default\">\n\t\t\t\t<div class=\"elementor-widget-container\">\n\t\t\t\t\t\t\t<div class=\"elementor-spacer\">\n\t\t\t<div class=\"elementor-spacer-inner\"><\/div>\n\t\t<\/div>\n\t\t\t\t\t\t<\/div>\n\t\t\t\t<\/div>\n\t\t\t\t<div class=\"elementor-element elementor-element-d8b6c6a elementor-widget elementor-widget-heading\" data-id=\"d8b6c6a\" data-element_type=\"widget\" data-e-type=\"widget\" data-widget_type=\"heading.default\">\n\t\t\t\t<div class=\"elementor-widget-container\">\n\t\t\t\t\t<h2 class=\"elementor-heading-title elementor-size-default\">Nos certifications<\/h2>\t\t\t\t<\/div>\n\t\t\t\t<\/div>\n\t\t\t\t<div class=\"elementor-element elementor-element-75fb6ce elementor-widget-divider--view-line elementor-widget elementor-widget-divider\" data-id=\"75fb6ce\" data-element_type=\"widget\" data-e-type=\"widget\" data-widget_type=\"divider.default\">\n\t\t\t\t<div class=\"elementor-widget-container\">\n\t\t\t\t\t\t\t<div class=\"elementor-divider\">\n\t\t\t<span class=\"elementor-divider-separator\">\n\t\t\t\t\t\t<\/span>\n\t\t<\/div>\n\t\t\t\t\t\t<\/div>\n\t\t\t\t<\/div>\n\t\t\t\t<div class=\"elementor-element elementor-element-a902dd4 elementor-widget elementor-widget-text-editor\" data-id=\"a902dd4\" data-element_type=\"widget\" data-e-type=\"widget\" data-widget_type=\"text-editor.default\">\n\t\t\t\t<div class=\"elementor-widget-container\">\n\t\t\t\t\t\t\t\t\t<p><span style=\"font-family: helvetica, arial, sans-serif; color: #333333;\"><strong>Produits pour l&rsquo;agriculture biologique<\/strong><\/span><\/p><p><span style=\"font-family: helvetica, arial, sans-serif; color: #333333;\">Les produits certifi\u00e9s pour une utilisation en agriculture biologique ou en jardinage ont les certifications des soci\u00e9t\u00e9s de certification les plus importantes telles que <strong>SOHISCERT, ECOCERT, CAAE<\/strong> selon le pays dans lequel le produit est commercialis\u00e9.<\/span><\/p><p><span style=\"color: #333333;\"><strong><span style=\"font-family: helvetica, arial, sans-serif;\">Zero gaspillage<\/span><\/strong><\/span><\/p><p><span style=\"font-family: helvetica, arial, sans-serif; color: #333333;\">L&rsquo;agriculture moderne exige non seulement des produits de qualit\u00e9 avec des r\u00e9sultats efficaces, mais aussi des produits sans r\u00e9sidus, des engrais qui permettent d&rsquo;obtenir des aliments agricoles sains. Les produits commercialis\u00e9s par Industrias Qu\u00edmicas Fervalle sont conformes \u00e0 la r\u00e9glementation de l&rsquo;Union europ\u00e9enne en mati\u00e8re de d\u00e9chets, nous pouvons donc dire qu&rsquo;il s&rsquo;agit de produits Z\u00e9ro R\u00e9sidus.<\/span><\/p><p><span style=\"color: #333333;\"><strong><span style=\"font-family: helvetica, arial, sans-serif;\">Respect de l&rsquo;environnement<\/span><\/strong><\/span><\/p><p><span style=\"font-family: helvetica, arial, sans-serif; color: #333333;\">Dans nos processus, nous travaillons avec des techniques exigeantes et respectueuses de l&rsquo;environnement, de la recherche au recyclage du contenant final, en passant par l&rsquo;organisation environnementale ECOEMBES.<\/span><\/p><p><span style=\"color: #333333;\"><strong><span style=\"font-family: helvetica, arial, sans-serif;\">Autres r\u00e9glementations<\/span><\/strong><\/span><\/p><p><span style=\"font-family: helvetica, arial, sans-serif; color: #333333;\">Nous respectons toutes les r\u00e9glementations et certifications n\u00e9cessaires \u00e0 la recherche, au d\u00e9veloppement et \u00e0 la fabrication de produits chimiques, organiques, biologiques et \u00e9cologiques pour la nutrition et la protection des plantes.<\/span><\/p><p><span style=\"color: #333333;\"><strong><span style=\"font-family: helvetica, arial, sans-serif;\">R\u00e9glementations et lois sur les engrais et les engrais selon le pays de commercialisation.<\/span><\/strong><\/span><\/p><p><span style=\"color: #333333;\"><strong><span style=\"font-family: helvetica, arial, sans-serif;\">R\u00e9glementations et lois environnementales.<\/span><\/strong><\/span><\/p><p><span style=\"color: #333333;\"><strong><span style=\"font-family: helvetica, arial, sans-serif;\">R\u00e9glementations et lois sur les produits chimiques.<\/span><\/strong><\/span><\/p><p><strong><span style=\"font-family: helvetica, arial, sans-serif;\"><span style=\"color: #333333;\">R\u00e9glementations et lois sur les produits biologiques et \u00e9cologiques<\/span> .<\/span><\/strong><\/p>\t\t\t\t\t\t\t\t<\/div>\n\t\t\t\t<\/div>\n\t\t\t\t<div class=\"elementor-element elementor-element-e54a965 elementor-widget elementor-widget-spacer\" data-id=\"e54a965\" data-element_type=\"widget\" data-e-type=\"widget\" data-widget_type=\"spacer.default\">\n\t\t\t\t<div class=\"elementor-widget-container\">\n\t\t\t\t\t\t\t<div class=\"elementor-spacer\">\n\t\t\t<div class=\"elementor-spacer-inner\"><\/div>\n\t\t<\/div>\n\t\t\t\t\t\t<\/div>\n\t\t\t\t<\/div>\n\t\t\t\t\t<\/div>\n\t\t<\/div>\n\t\t\t\t\t<\/div>\n\t\t<\/section>\n\t\t\t\t<section class=\"elementor-section elementor-top-section elementor-element elementor-element-b3c6fb8 elementor-section-boxed elementor-section-height-default elementor-section-height-default\" data-id=\"b3c6fb8\" data-element_type=\"section\" data-e-type=\"section\" data-settings=\"{&quot;background_background&quot;:&quot;classic&quot;}\">\n\t\t\t\t\t\t<div class=\"elementor-container elementor-column-gap-default\">\n\t\t\t\t\t<div class=\"elementor-column elementor-col-20 elementor-top-column elementor-element elementor-element-c580f19\" data-id=\"c580f19\" data-element_type=\"column\" data-e-type=\"column\">\n\t\t\t<div class=\"elementor-widget-wrap elementor-element-populated\">\n\t\t\t\t\t\t<div class=\"elementor-element elementor-element-e59c65a elementor-widget elementor-widget-image\" data-id=\"e59c65a\" data-element_type=\"widget\" data-e-type=\"widget\" data-widget_type=\"image.default\">\n\t\t\t\t<div class=\"elementor-widget-container\">\n\t\t\t\t\t\t\t\t\t\t\t\t\t\t\t<img decoding=\"async\" width=\"100\" height=\"100\" src=\"https:\/\/www.fervalle.com\/wp-content\/uploads\/2022\/02\/CAAE-LOGO.png\" class=\"attachment-large size-large wp-image-2992\" alt=\"\" srcset=\"https:\/\/www.fervalle.com\/wp-content\/uploads\/2022\/02\/CAAE-LOGO.png 100w, https:\/\/www.fervalle.com\/wp-content\/uploads\/2022\/02\/CAAE-LOGO-64x64.png 64w\" sizes=\"(max-width: 100px) 100vw, 100px\" \/>\t\t\t\t\t\t\t\t\t\t\t\t\t\t\t<\/div>\n\t\t\t\t<\/div>\n\t\t\t\t\t<\/div>\n\t\t<\/div>\n\t\t\t\t<div class=\"elementor-column elementor-col-20 elementor-top-column elementor-element elementor-element-dacb695\" data-id=\"dacb695\" data-element_type=\"column\" data-e-type=\"column\">\n\t\t\t<div class=\"elementor-widget-wrap elementor-element-populated\">\n\t\t\t\t\t\t<div class=\"elementor-element elementor-element-aafe57b elementor-widget elementor-widget-image\" data-id=\"aafe57b\" data-element_type=\"widget\" data-e-type=\"widget\" data-widget_type=\"image.default\">\n\t\t\t\t<div class=\"elementor-widget-container\">\n\t\t\t\t\t\t\t\t\t\t\t\t\t\t\t<img decoding=\"async\" width=\"100\" height=\"100\" src=\"https:\/\/www.fervalle.com\/wp-content\/uploads\/2022\/02\/SHC-LOGOTIPO.png\" class=\"attachment-large size-large wp-image-2996\" alt=\"\" srcset=\"https:\/\/www.fervalle.com\/wp-content\/uploads\/2022\/02\/SHC-LOGOTIPO.png 100w, https:\/\/www.fervalle.com\/wp-content\/uploads\/2022\/02\/SHC-LOGOTIPO-64x64.png 64w\" sizes=\"(max-width: 100px) 100vw, 100px\" \/>\t\t\t\t\t\t\t\t\t\t\t\t\t\t\t<\/div>\n\t\t\t\t<\/div>\n\t\t\t\t\t<\/div>\n\t\t<\/div>\n\t\t\t\t<div class=\"elementor-column elementor-col-20 elementor-top-column elementor-element elementor-element-2a6d5c8\" data-id=\"2a6d5c8\" data-element_type=\"column\" data-e-type=\"column\">\n\t\t\t<div class=\"elementor-widget-wrap elementor-element-populated\">\n\t\t\t\t\t\t<div class=\"elementor-element elementor-element-ef4f678 elementor-widget elementor-widget-image\" data-id=\"ef4f678\" data-element_type=\"widget\" data-e-type=\"widget\" data-widget_type=\"image.default\">\n\t\t\t\t<div class=\"elementor-widget-container\">\n\t\t\t\t\t\t\t\t\t\t\t\t\t\t\t<img decoding=\"async\" width=\"100\" height=\"100\" src=\"https:\/\/www.fervalle.com\/wp-content\/uploads\/2022\/02\/ACOCERT-LOGO.png\" class=\"attachment-large size-large wp-image-3000\" alt=\"\" srcset=\"https:\/\/www.fervalle.com\/wp-content\/uploads\/2022\/02\/ACOCERT-LOGO.png 100w, https:\/\/www.fervalle.com\/wp-content\/uploads\/2022\/02\/ACOCERT-LOGO-64x64.png 64w\" sizes=\"(max-width: 100px) 100vw, 100px\" \/>\t\t\t\t\t\t\t\t\t\t\t\t\t\t\t<\/div>\n\t\t\t\t<\/div>\n\t\t\t\t\t<\/div>\n\t\t<\/div>\n\t\t\t\t<div class=\"elementor-column elementor-col-20 elementor-top-column elementor-element elementor-element-f128087\" data-id=\"f128087\" data-element_type=\"column\" data-e-type=\"column\">\n\t\t\t<div class=\"elementor-widget-wrap elementor-element-populated\">\n\t\t\t\t\t\t<div class=\"elementor-element elementor-element-00bb360 elementor-widget elementor-widget-image\" data-id=\"00bb360\" data-element_type=\"widget\" data-e-type=\"widget\" data-widget_type=\"image.default\">\n\t\t\t\t<div class=\"elementor-widget-container\">\n\t\t\t\t\t\t\t\t\t\t\t\t\t\t\t<img loading=\"lazy\" decoding=\"async\" width=\"100\" height=\"100\" src=\"https:\/\/www.fervalle.com\/wp-content\/uploads\/2022\/02\/SIGFITO-LOGO.png\" class=\"attachment-large size-large wp-image-3004\" alt=\"\" srcset=\"https:\/\/www.fervalle.com\/wp-content\/uploads\/2022\/02\/SIGFITO-LOGO.png 100w, https:\/\/www.fervalle.com\/wp-content\/uploads\/2022\/02\/SIGFITO-LOGO-64x64.png 64w\" sizes=\"(max-width: 100px) 100vw, 100px\" \/>\t\t\t\t\t\t\t\t\t\t\t\t\t\t\t<\/div>\n\t\t\t\t<\/div>\n\t\t\t\t\t<\/div>\n\t\t<\/div>\n\t\t\t\t<div class=\"elementor-column elementor-col-20 elementor-top-column elementor-element elementor-element-76c8735\" data-id=\"76c8735\" data-element_type=\"column\" data-e-type=\"column\">\n\t\t\t<div class=\"elementor-widget-wrap elementor-element-populated\">\n\t\t\t\t\t\t<div class=\"elementor-element elementor-element-497f4ca elementor-widget elementor-widget-image\" data-id=\"497f4ca\" data-element_type=\"widget\" data-e-type=\"widget\" data-widget_type=\"image.default\">\n\t\t\t\t<div class=\"elementor-widget-container\">\n\t\t\t\t\t\t\t\t\t\t\t\t\t\t\t<img loading=\"lazy\" decoding=\"async\" width=\"100\" height=\"100\" src=\"https:\/\/www.fervalle.com\/wp-content\/uploads\/2022\/02\/demeter-logo.png\" class=\"attachment-large size-large wp-image-3008\" alt=\"Fertilizantes Biodin\u00e1micos demeter\" srcset=\"https:\/\/www.fervalle.com\/wp-content\/uploads\/2022\/02\/demeter-logo.png 100w, https:\/\/www.fervalle.com\/wp-content\/uploads\/2022\/02\/demeter-logo-64x64.png 64w\" sizes=\"(max-width: 100px) 100vw, 100px\" \/>\t\t\t\t\t\t\t\t\t\t\t\t\t\t\t<\/div>\n\t\t\t\t<\/div>\n\t\t\t\t\t<\/div>\n\t\t<\/div>\n\t\t\t\t\t<\/div>\n\t\t<\/section>\n\t\t\t\t<section class=\"elementor-section elementor-top-section elementor-element elementor-element-646b574 elementor-section-boxed elementor-section-height-default elementor-section-height-default\" data-id=\"646b574\" data-element_type=\"section\" data-e-type=\"section\">\n\t\t\t\t\t\t<div class=\"elementor-container elementor-column-gap-default\">\n\t\t\t\t\t<div class=\"elementor-column elementor-col-100 elementor-top-column elementor-element elementor-element-502d0be\" data-id=\"502d0be\" data-element_type=\"column\" data-e-type=\"column\">\n\t\t\t<div class=\"elementor-widget-wrap elementor-element-populated\">\n\t\t\t\t\t\t<div class=\"elementor-element elementor-element-bbfaddf elementor-widget elementor-widget-spacer\" data-id=\"bbfaddf\" data-element_type=\"widget\" data-e-type=\"widget\" data-widget_type=\"spacer.default\">\n\t\t\t\t<div class=\"elementor-widget-container\">\n\t\t\t\t\t\t\t<div class=\"elementor-spacer\">\n\t\t\t<div class=\"elementor-spacer-inner\"><\/div>\n\t\t<\/div>\n\t\t\t\t\t\t<\/div>\n\t\t\t\t<\/div>\n\t\t\t\t\t<\/div>\n\t\t<\/div>\n\t\t\t\t\t<\/div>\n\t\t<\/section>\n\t\t\t\t<\/div>\n\t\t","protected":false},"excerpt":{"rendered":"<p>Nos certifications Produits pour l&rsquo;agriculture biologique Les produits certifi\u00e9s pour une utilisation en agriculture biologique ou en jardinage ont les certifications des soci\u00e9t\u00e9s de certification les plus importantes telles que SOHISCERT, ECOCERT, CAAE selon le pays dans lequel le produit est commercialis\u00e9. Zero gaspillage L&rsquo;agriculture moderne exige non seulement des produits de qualit\u00e9 avec des &#8230; <a title=\"Certificats\" class=\"read-more\" href=\"https:\/\/www.fervalle.com\/fr\/certificats\/\" aria-label=\"Plus sur Certificats\">Lire plus<\/a><\/p>\n","protected":false},"author":1,"featured_media":0,"parent":0,"menu_order":0,"comment_status":"closed","ping_status":"closed","template":"elementor_header_footer","meta":{"_joinchat":[],"footnotes":""},"class_list":["post-3517","page","type-page","status-publish"],"jetpack_sharing_enabled":true,"_links":{"self":[{"href":"https:\/\/www.fervalle.com\/fr\/wp-json\/wp\/v2\/pages\/3517","targetHints":{"allow":["GET"]}}],"collection":[{"href":"https:\/\/www.fervalle.com\/fr\/wp-json\/wp\/v2\/pages"}],"about":[{"href":"https:\/\/www.fervalle.com\/fr\/wp-json\/wp\/v2\/types\/page"}],"author":[{"embeddable":true,"href":"https:\/\/www.fervalle.com\/fr\/wp-json\/wp\/v2\/users\/1"}],"replies":[{"embeddable":true,"href":"https:\/\/www.fervalle.com\/fr\/wp-json\/wp\/v2\/comments?post=3517"}],"version-history":[{"count":1,"href":"https:\/\/www.fervalle.com\/fr\/wp-json\/wp\/v2\/pages\/3517\/revisions"}],"predecessor-version":[{"id":3518,"href":"https:\/\/www.fervalle.com\/fr\/wp-json\/wp\/v2\/pages\/3517\/revisions\/3518"}],"wp:attachment":[{"href":"https:\/\/www.fervalle.com\/fr\/wp-json\/wp\/v2\/media?parent=3517"}],"curies":[{"name":"wp","href":"https:\/\/api.w.org\/{rel}","templated":true}]}}