{"id":3456,"date":"2021-12-21T09:13:52","date_gmt":"2021-12-21T09:13:52","guid":{"rendered":"https:\/\/www.fervalle.com\/mentions-legales-et-ldp\/"},"modified":"2025-06-03T09:25:06","modified_gmt":"2025-06-03T09:25:06","slug":"mentions-legales-et-ldp","status":"publish","type":"page","link":"https:\/\/www.fervalle.com\/fr\/mentions-legales-et-ldp\/","title":{"rendered":"Avis juridique et protection des donn\u00e9es"},"content":{"rendered":"<p>INDUSTRIAS QUIMICAS FERVALLE, S.L., responsable du site web, ci-apr\u00e8s d\u00e9nomm\u00e9 RESPONSABLE, met \u00e0 la disposition des utilisateurs le pr\u00e9sent document, dans le but de respecter les obligations pr\u00e9vues par la loi 34\/2002, du 11 juillet, relative aux services de la soci\u00e9t\u00e9 de l&rsquo;information et au commerce \u00e9lectronique (LSSICE), BOE n\u00ba 166, ainsi que pour informer tous les utilisateurs du site web de ses conditions d&rsquo;utilisation.<\/p><p>Toute personne acc\u00e9dant \u00e0 ce site web assume le r\u00f4le d&rsquo;utilisateur et s&rsquo;engage \u00e0 observer et \u00e0 respecter scrupuleusement les dispositions du pr\u00e9sent document, ainsi que toute autre disposition l\u00e9gale applicable.<\/p><p>INDUSTRIAS QUIMICAS FERVALLE, S.L. se r\u00e9serve le droit de modifier tout type d&rsquo;information pouvant figurer sur le site Web, sans obligation de pr\u00e9avis ni d&rsquo;informer les utilisateurs de ces obligations, la publication sur le site Web d&rsquo;INDUSTRIAS QUIMICAS FERVALLE, S.L. \u00e9tant consid\u00e9r\u00e9e comme suffisante.<\/p><h2 class=\"wp-block-heading\">1. DONN\u00c9ES D&rsquo;IDENTIFICATION<\/h2><p>Nom de domaine : <a href=\"http:\/\/www.fervalle.com\">fervalle.com<\/a><br\/>Nom commercial : FERVALLE<br\/>Nom commercial : INDUSTRIAS QUIMICAS FERVALLE, S.L.<br\/>NIF : B73783227<br\/>Si\u00e8ge social : Calle Chile, 15 &#8211; 1\u00aa &#8211; 30600 Archena &#8211; Murcia (Espagne)<br\/>T\u00e9l\u00e9phone : 968 67 62 13<br\/>e-mail : info@fervalle.com<br\/>Inscrit au registre (mercantile \/ public) : Registro Mercantil de Murcia Tomo : 2938 Folio : 121 Hoja : Mu80926<\/p><p><strong>INDUSTRIAS QUIMICAS FERVALLE, S.L.<\/strong> est responsable du traitement des donn\u00e9es personnelles de l&rsquo;utilisateur et vous informe que ces donn\u00e9es seront trait\u00e9es conform\u00e9ment aux dispositions du R\u00e8glement (UE) 2016\/679 du 27 avril 2016 (GDPR), raison pour laquelle les informations de traitement suivantes vous sont fournies :<\/p><p><strong>Finalit\u00e9 du traitement<\/strong>: maintenir une relation commerciale avec vous et vous envoyer des communications telles que de nouvelles promotions sur nos produits ou services et des nouvelles pertinentes du secteur avec notre bulletin d&rsquo;information.<\/p><p><strong>Crit\u00e8res de conservation des donn\u00e9es<\/strong>: les donn\u00e9es sont conserv\u00e9es aussi longtemps qu&rsquo;il existe un int\u00e9r\u00eat mutuel \u00e0 maintenir la finalit\u00e9 du traitement et, lorsqu&rsquo;elles ne sont plus n\u00e9cessaires \u00e0 cette fin, elles sont effac\u00e9es avec des mesures de s\u00e9curit\u00e9 appropri\u00e9es pour garantir la pseudonymisation des donn\u00e9es ou leur destruction totale.<\/p><p><strong>Communication des donn\u00e9es<\/strong>: Les donn\u00e9es peuvent \u00eatre communiqu\u00e9es \u00e0 nos distributeurs dans le m\u00eame but.<\/p><p><strong>Droits de l&rsquo;utilisateur<\/strong>: le droit de retirer son consentement \u00e0 tout moment. Droit d&rsquo;acc\u00e8s, de rectification, de portabilit\u00e9 et de suppression de vos donn\u00e9es et de limitation ou d&rsquo;opposition \u00e0 leur traitement. Le droit d&rsquo;introduire une r\u00e9clamation aupr\u00e8s de l&rsquo;autorit\u00e9 de contr\u00f4le (agpd.es) si vous estimez que le traitement n&rsquo;est pas conforme \u00e0 la r\u00e9glementation en vigueur.<\/p><p><strong>Coordonn\u00e9es pour l&rsquo;exercice de vos droits<\/strong>: Calle Chile, 15, &#8211; 30600 Archena (Murcia). Courriel : <a href=\"mailto:info@fervalle.com?subject=Tratamiento%20de%20personal%20data%20personals\" target=\"_blank\" rel=\"noreferrer noopener\">info@fervalle.com<\/a> <\/p><h2 class=\"wp-block-heading\">2. DROITS DE PROPRI\u00c9T\u00c9 INTELLECTUELLE ET INDUSTRIELLE<\/h2><p>Le site web, y compris, mais sans s&rsquo;y limiter, sa programmation, son \u00e9dition, sa compilation et les autres \u00e9l\u00e9ments n\u00e9cessaires \u00e0 son fonctionnement, les dessins, les logos, les textes et\/ou les graphiques, sont la propri\u00e9t\u00e9 du RESPONSABLE ou, le cas \u00e9ch\u00e9ant, font l&rsquo;objet d&rsquo;une licence ou d&rsquo;une autorisation expresse de la part des auteurs. Tous les contenus du site web sont d\u00fbment prot\u00e9g\u00e9s par la r\u00e9glementation en mati\u00e8re de propri\u00e9t\u00e9 intellectuelle et industrielle, et sont inscrits dans les registres publics correspondants. <\/p><p>Quelle que soit la finalit\u00e9 poursuivie, la reproduction, l&rsquo;utilisation, l&rsquo;exploitation, la distribution et la commercialisation, totales ou partielles, n\u00e9cessitent dans tous les cas l&rsquo;autorisation \u00e9crite pr\u00e9alable du RESPONSABLE. Toute utilisation non autoris\u00e9e est consid\u00e9r\u00e9e comme une violation grave des droits de propri\u00e9t\u00e9 intellectuelle ou industrielle de l&rsquo;auteur. <\/p><p>Les dessins, logos, textes et\/ou graphiques qui n&rsquo;appartiennent pas au RESPONSABLE et qui peuvent appara\u00eetre sur le site appartiennent \u00e0 leurs propri\u00e9taires respectifs, qui sont eux-m\u00eames responsables de toute controverse \u00e9ventuelle qui pourrait survenir \u00e0 leur sujet. Le RESPONSABLE autorise express\u00e9ment les tiers \u00e0 rediriger directement vers les contenus sp\u00e9cifiques du site, et dans tous les cas \u00e0 rediriger vers le site principal de <a href=\"http:\/\/www.fervalle.com\">fervalle.com.<\/a> <\/p><p>Le RESPONSABLE reconna\u00eet en faveur de leurs propri\u00e9taires les droits de propri\u00e9t\u00e9 intellectuelle et industrielle correspondants, et leur simple mention ou apparition sur le site n&rsquo;implique pas l&rsquo;existence de droits ou de responsabilit\u00e9 \u00e0 leur \u00e9gard, ni n&rsquo;implique l&rsquo;approbation, le parrainage ou la recommandation par le m\u00eame . .<\/p><p>Pour faire tout type d&rsquo;observation concernant d&rsquo;\u00e9ventuelles violations des droits de propri\u00e9t\u00e9 intellectuelle ou industrielle, ainsi que de tout contenu du site Web, vous pouvez le faire par e-mail info@fervalle.com.<\/p><h2 class=\"wp-block-heading\">3. EXON\u00c9RATION DE RESPONSABILIT\u00c9<\/h2><p>Le RESPONSABLE est exon\u00e9r\u00e9 de tout type de responsabilit\u00e9 d\u00e9coulant des informations publi\u00e9es sur son site Web \u00e0 condition que ces informations aient \u00e9t\u00e9 manipul\u00e9es ou saisies par un tiers qui ne lui est pas li\u00e9.<\/p><p><strong>Utilisation des cookies<\/strong><\/p><p>Ce site Web peut utiliser des cookies techniques (petits fichiers d&rsquo;informations que le serveur envoie \u00e0 l&rsquo;ordinateur de la personne acc\u00e9dant \u00e0 la page) pour ex\u00e9cuter certaines fonctions consid\u00e9r\u00e9es comme essentielles au bon fonctionnement et \u00e0 l&rsquo;affichage du site. Les cookies utilis\u00e9s sont, en tout \u00e9tat de cause, temporaires, dans le seul but de rendre la navigation plus efficace, et disparaissent \u00e0 la fin de la session de l&rsquo;utilisateur. En aucun cas, ces cookies ne fournissent par eux-m\u00eames des donn\u00e9es personnelles et ne seront pas utilis\u00e9s pour les collecter.<\/p><p>Gr\u00e2ce \u00e0 l&rsquo;utilisation de cookies, il est \u00e9galement possible que le serveur sur lequel se trouve le site Web reconnaisse le navigateur utilis\u00e9 par l&rsquo;utilisateur afin de faciliter la navigation, permettant, par exemple, l&rsquo;acc\u00e8s des utilisateurs qui se sont pr\u00e9alablement inscrits aux zones, services, promotions ou concours qui leur sont exclusivement r\u00e9serv\u00e9s sans avoir \u00e0 s&rsquo;inscrire \u00e0 chaque visite. Ils peuvent \u00e9galement \u00eatre utilis\u00e9s pour mesurer l&rsquo;audience, les param\u00e8tres de fr\u00e9quentation, contr\u00f4ler la progression et le nombre d&rsquo;entr\u00e9es, etc. Dans ces cas, ces cookies sont techniquement dispensables mais b\u00e9n\u00e9fiques pour l&rsquo;utilisateur. Ce site Web n&rsquo;installera pas de cookies dispensables sans le consentement pr\u00e9alable de l&rsquo;utilisateur.<\/p><p>L&rsquo;utilisateur a la possibilit\u00e9 de configurer son navigateur pour \u00eatre alert\u00e9 de la r\u00e9ception de cookies et emp\u00eacher leur installation sur son ordinateur. Veuillez consulter les instructions de votre navigateur pour plus d&rsquo;informations.<\/p><p><strong>politique de lien<\/strong><\/p><p>\u00c0 partir du site Web, vous pouvez \u00eatre redirig\u00e9 vers du contenu provenant de sites Web tiers. \u00c9tant donn\u00e9 que le RESPONSABLE ne peut pas toujours contr\u00f4ler les contenus introduits par des tiers sur leurs sites Web respectifs, il n&rsquo;assume aucun type de responsabilit\u00e9 \u00e0 l&rsquo;\u00e9gard de ces contenus. En todo caso, proceder\u00e1 a la retirada inmediata de cualquier contenido que pudiera contravenir la legislaci\u00f3n nacional o internacional, la moral o el orden p\u00fablico, procediendo a la retirada inmediata de la redirecci\u00f3n a dicho sitio web, poniendo en conocimiento de las autoridades competentes el contenido en question.<\/p><p>Le RESPONSABLE n&rsquo;est pas responsable des informations et du contenu stock\u00e9s, \u00e0 titre d&rsquo;exemple mais non limitatif, dans les forums, les chats, les g\u00e9n\u00e9rateurs de blogs, les commentaires, les r\u00e9seaux sociaux ou tout autre moyen permettant \u00e0 des tiers de publier du contenu de mani\u00e8re ind\u00e9pendante sur le site Web du RESPONSABLE. Toutefois, et conform\u00e9ment aux dispositions des articles 11 et 16 de la LSSICE, il se met \u00e0 la disposition de tous les utilisateurs, autorit\u00e9s et forces de s\u00e9curit\u00e9, en collaborant activement au retrait ou, le cas \u00e9ch\u00e9ant, au blocage de tout contenu susceptible d&rsquo;affecter ou de contrevenir \u00e0 la l\u00e9gislation nationale ou internationale, aux droits des tiers ou aux bonnes m\u0153urs.<\/p><p>et l&rsquo;ordre public. Dans le cas o\u00f9 l&rsquo;utilisateur consid\u00e8re qu&rsquo;il existe un contenu sur le site Web qui pourrait \u00eatre susceptible de cette classification, veuillez en informer imm\u00e9diatement l&rsquo;administrateur du site Web.<\/p><p>Ce site Web a \u00e9t\u00e9 r\u00e9vis\u00e9 et test\u00e9 pour fonctionner correctement. En principe, un fonctionnement correct peut \u00eatre garanti 365 jours par an, 24 heures sur 24. Cependant, le RESPONSABLE n&rsquo;exclut pas la possibilit\u00e9 qu&rsquo;il y ait certaines erreurs de programmation, ou que des cas de force majeure, des catastrophes naturelles, des gr\u00e8ves ou des circonstances similaires se produisent qui rendent l&rsquo;acc\u00e8s au site Web impossible.<\/p><p><strong>Adresses IP<\/strong><\/p><p>Les serveurs du site Web peuvent d\u00e9tecter automatiquement l&rsquo;adresse IP et le nom de domaine utilis\u00e9s par l&rsquo;utilisateur. Une adresse IP est un num\u00e9ro attribu\u00e9 automatiquement \u00e0 un ordinateur lorsqu&rsquo;il se connecte \u00e0 Internet. Toutes ces informations sont enregistr\u00e9es dans un fichier d&rsquo;activit\u00e9 du serveur d\u00fbment enregistr\u00e9 qui permet le traitement ult\u00e9rieur des donn\u00e9es afin d&rsquo;obtenir uniquement des mesures statistiques permettant de conna\u00eetre le nombre d&rsquo;impressions de pages, le nombre de visites effectu\u00e9es sur les serveurs Web, l&rsquo;ordre des visites , le point d&rsquo;acc\u00e8s, etc.<\/p><h2 class=\"wp-block-heading\">4. DROIT APPLICABLE ET JURIDICTION<\/h2><p>Pour la r\u00e9solution de tous les litiges ou questions li\u00e9s \u00e0 ce site web ou aux activit\u00e9s qui y sont men\u00e9es, la l\u00e9gislation espagnole s&rsquo;applique, \u00e0 laquelle les parties se soumettent express\u00e9ment, et les Cours et Tribunaux o\u00f9 est domicili\u00e9 le propri\u00e9taire de ce site web sont comp\u00e9tents pour la r\u00e9solution de tous les litiges d\u00e9coulant de son utilisation ou li\u00e9s \u00e0 celle-ci.<\/p>","protected":false},"excerpt":{"rendered":"<p>INDUSTRIAS QUIMICAS FERVALLE, S.L., responsable du site web, ci-apr\u00e8s d\u00e9nomm\u00e9 RESPONSABLE, met \u00e0 la disposition des utilisateurs le pr\u00e9sent document, dans le but de respecter les obligations pr\u00e9vues par la loi 34\/2002, du 11 juillet, relative aux services de la soci\u00e9t\u00e9 de l&rsquo;information et au commerce \u00e9lectronique (LSSICE), BOE n\u00ba 166, ainsi que pour informer &#8230; <a title=\"Avis juridique et protection des donn\u00e9es\" class=\"read-more\" href=\"https:\/\/www.fervalle.com\/fr\/mentions-legales-et-ldp\/\" aria-label=\"Plus sur Avis juridique et protection des donn\u00e9es\">Lire plus<\/a><\/p>\n","protected":false},"author":1,"featured_media":0,"parent":0,"menu_order":0,"comment_status":"closed","ping_status":"closed","template":"","meta":{"_joinchat":[],"footnotes":""},"class_list":["post-3456","page","type-page","status-publish"],"jetpack_sharing_enabled":true,"_links":{"self":[{"href":"https:\/\/www.fervalle.com\/fr\/wp-json\/wp\/v2\/pages\/3456","targetHints":{"allow":["GET"]}}],"collection":[{"href":"https:\/\/www.fervalle.com\/fr\/wp-json\/wp\/v2\/pages"}],"about":[{"href":"https:\/\/www.fervalle.com\/fr\/wp-json\/wp\/v2\/types\/page"}],"author":[{"embeddable":true,"href":"https:\/\/www.fervalle.com\/fr\/wp-json\/wp\/v2\/users\/1"}],"replies":[{"embeddable":true,"href":"https:\/\/www.fervalle.com\/fr\/wp-json\/wp\/v2\/comments?post=3456"}],"version-history":[{"count":3,"href":"https:\/\/www.fervalle.com\/fr\/wp-json\/wp\/v2\/pages\/3456\/revisions"}],"predecessor-version":[{"id":29964,"href":"https:\/\/www.fervalle.com\/fr\/wp-json\/wp\/v2\/pages\/3456\/revisions\/29964"}],"wp:attachment":[{"href":"https:\/\/www.fervalle.com\/fr\/wp-json\/wp\/v2\/media?parent=3456"}],"curies":[{"name":"wp","href":"https:\/\/api.w.org\/{rel}","templated":true}]}}