{"id":879,"date":"2022-02-17T11:33:14","date_gmt":"2022-02-17T11:33:14","guid":{"rendered":"https:\/\/fervalle.com\/?post_type=product&#038;p=879"},"modified":"2023-09-06T09:47:26","modified_gmt":"2023-09-06T09:47:26","slug":"cuprovalle","status":"publish","type":"product","link":"https:\/\/www.fervalle.com\/el\/cuprovalle\/","title":{"rendered":"CUPROVALLE\u00ae"},"content":{"rendered":"","protected":false},"excerpt":{"rendered":"<h2 style=\"text-align: justify;\">Cobre quelado por EDTA en forma de microgr\u00e1nulos dispersables.<\/h2>\n<p style=\"text-align: justify;\"><strong>Formulaci\u00f3n s\u00f3lida rica en cobre quelado en forma de microgr\u00e1nulos altamente dispersables en agua.<\/strong> La presencia del EDTA proporciona al cobre una mayor estabilidad evitando su p\u00e9rdida y favoreciendo que sea asimilado por la planta de forma gradual seg\u00fan la necesidad nutricional.<\/p>\n<p><img decoding=\"async\" class=\"alignnone size-full wp-image-582\" src=\"https:\/\/fervalle.com\/wp-content\/uploads\/2022\/02\/ECO-FERVALLE.jpg\" alt=\"\" width=\"70\" height=\"70\" srcset=\"https:\/\/www.fervalle.com\/wp-content\/uploads\/2022\/02\/ECO-FERVALLE.jpg 70w, https:\/\/www.fervalle.com\/wp-content\/uploads\/2022\/02\/ECO-FERVALLE-64x64.jpg 64w\" sizes=\"(max-width: 70px) 100vw, 70px\" \/><img decoding=\"async\" class=\"alignnone size-full wp-image-583\" src=\"https:\/\/fervalle.com\/wp-content\/uploads\/2022\/02\/FOLIAR-FERVALLE.jpg\" alt=\"\" width=\"70\" height=\"70\" srcset=\"https:\/\/www.fervalle.com\/wp-content\/uploads\/2022\/02\/FOLIAR-FERVALLE.jpg 70w, https:\/\/www.fervalle.com\/wp-content\/uploads\/2022\/02\/FOLIAR-FERVALLE-64x64.jpg 64w\" sizes=\"(max-width: 70px) 100vw, 70px\" \/><img decoding=\"async\" class=\"alignnone size-full wp-image-568\" src=\"https:\/\/fervalle.com\/wp-content\/uploads\/2022\/02\/fertirrigacion-logo.jpg\" alt=\"\" width=\"70\" height=\"70\" srcset=\"https:\/\/www.fervalle.com\/wp-content\/uploads\/2022\/02\/fertirrigacion-logo.jpg 70w, https:\/\/www.fervalle.com\/wp-content\/uploads\/2022\/02\/fertirrigacion-logo-64x64.jpg 64w\" sizes=\"(max-width: 70px) 100vw, 70px\" \/><img loading=\"lazy\" decoding=\"async\" class=\"alignnone size-full wp-image-681\" src=\"https:\/\/fervalle.com\/wp-content\/uploads\/2022\/02\/micronizado.jpg\" alt=\"\" width=\"70\" height=\"70\" \/>\u00a0\u00a0<img loading=\"lazy\" decoding=\"async\" class=\"alignnone size-full wp-image-569\" src=\"https:\/\/fervalle.com\/wp-content\/uploads\/2022\/02\/residuo-cero.jpg\" alt=\"\" width=\"70\" height=\"70\" srcset=\"https:\/\/www.fervalle.com\/wp-content\/uploads\/2022\/02\/residuo-cero.jpg 70w, https:\/\/www.fervalle.com\/wp-content\/uploads\/2022\/02\/residuo-cero-64x64.jpg 64w\" sizes=\"(max-width: 70px) 100vw, 70px\" \/> \u00a0<img loading=\"lazy\" decoding=\"async\" class=\"alignnone size-full wp-image-588\" src=\"https:\/\/fervalle.com\/wp-content\/uploads\/2022\/02\/CAAE-FERVALLE-LOGOTIPO.jpg\" alt=\"\" width=\"70\" height=\"70\" srcset=\"https:\/\/www.fervalle.com\/wp-content\/uploads\/2022\/02\/CAAE-FERVALLE-LOGOTIPO.jpg 70w, https:\/\/www.fervalle.com\/wp-content\/uploads\/2022\/02\/CAAE-FERVALLE-LOGOTIPO-64x64.jpg 64w\" sizes=\"(max-width: 70px) 100vw, 70px\" \/><\/p>\n<p><strong>CERTIFICACIONES PARA AGRICULTURA:<\/strong> ECOL\u00d3GICO.<\/p>\n<p><span style=\"font-size: 12pt;\"><strong>VENTAJAS Y BENEFICIOS:<\/strong><\/span><\/p>\n<ul>\n<li>El complejo formado con el EDTA favorece una mayor disponibilidad de cobre respecto a los productos tradicionales con cobre, consiguiendo una mayor eficacia y distribuci\u00f3n.<\/li>\n<li>Potencia la asimilaci\u00f3n nutricional a trav\u00e9s de la hoja por efecto de contacto.<\/li>\n<li>Mayor resistencia al lavado despu\u00e9s de la aplicaci\u00f3n y en consecuencia una mayor persistencia y durabilidad por su capacidad de incorporaci\u00f3n a trav\u00e9s de la epidermis vegetal.<\/li>\n<\/ul>\n<p><b>DOSIS Y MODO DE EMPLEO:<\/b><\/p>\n<div style=\"overflow-x: auto;\">\n<table style=\"width: 100%;\">\n<tbody>\n<tr>\n<td style=\"background-color: #353f48;\" width=\"154\"><span style=\"color: #ffffff;\"><strong>CULTIVO<\/strong><\/span><\/td>\n<td style=\"background-color: #353f48;\" width=\"272\"><span style=\"color: #ffffff;\"><strong>MOMENTO DE APLICACI\u00d3N<\/strong><\/span><\/td>\n<td style=\"background-color: #353f48;\" width=\"195\"><span style=\"color: #ffffff;\"><strong>FOLIAR<\/strong><\/span><\/td>\n<td style=\"background-color: #353f48;\" width=\"159\"><span style=\"color: #ffffff;\"><strong>FERTIRRIGACI\u00d3N<\/strong><\/span><\/td>\n<\/tr>\n<tr>\n<td width=\"154\">Frutales<\/td>\n<td width=\"272\">Tratamiento de invierno. Puede provocar defoliaci\u00f3n en frutal de hoja caduca<\/td>\n<td width=\"195\">1 &#8211; 3 kilos\/1000 litros<\/td>\n<td width=\"159\">&nbsp;<\/p>\n<p>2 &#8211; 4 kilos\/ha<\/p>\n<p>&nbsp;<\/td>\n<\/tr>\n<tr>\n<td width=\"154\">Hort\u00edcolas<\/td>\n<td width=\"272\">Tras el trasplante y durante la fase crecimiento vegetativo<\/td>\n<td width=\"195\">1 &#8211; 2 kilos\/1000 litros<\/td>\n<td width=\"159\">2 &#8211; 3 kilos\/ha<\/td>\n<\/tr>\n<tr>\n<td width=\"154\">Olivo<\/td>\n<td width=\"272\">Antes de la brotaci\u00f3n y durante el oto\u00f1o<\/td>\n<td width=\"195\">1 &#8211; 2,5 kilos\/1000 litros<\/td>\n<td width=\"159\">2 &#8211; 4 kilos\/ha<\/td>\n<\/tr>\n<tr>\n<td width=\"154\">Uva de mesa y vid<\/td>\n<td width=\"272\">Tras la vendimia y la poda<\/td>\n<td width=\"195\">1 &#8211; 2 kilos\/1000 litros<\/td>\n<td width=\"159\">&nbsp;<\/p>\n<p>2 &#8211; 3 kilos\/ha<\/p>\n<p>&nbsp;<\/td>\n<\/tr>\n<tr>\n<td width=\"154\">C\u00edtricos<\/td>\n<td width=\"272\">Desde la fase de cuajado hasta la recolecci\u00f3n del fruto<\/td>\n<td width=\"195\">1 &#8211; 3 kilos\/1000 litros<\/td>\n<td width=\"159\">2 &#8211; 3 kilos\/ha<\/td>\n<\/tr>\n<\/tbody>\n<\/table>\n<\/div>\n<p><span style=\"font-size: 12pt;\"><strong>Composici\u00f3n:<\/strong> cobre.<\/span><\/p>\n","protected":false},"featured_media":21528,"template":"","meta":{"_joinchat":{"message_send":"Hola, quiero saber m\u00e1s sobre CUPROVALLE\u00ae","view":"no"}},"product_brand":[],"product_cat":[25],"product_tag":[914,446],"class_list":{"0":"post-879","1":"product","2":"type-product","3":"status-publish","4":"has-post-thumbnail","6":"product_cat-blue-line","7":"product_tag-cuprovalle","8":"product_tag-inductor-de-defensas","9":"pa_composicion-azufre","10":"pa_composicion-cobre","11":"pa_funcion-desfoliadores","12":"pa_funcion-inductores-de-defensas","13":"pa_funcion-potenciadores-de-autodefensas","15":"first","16":"instock","17":"shipping-taxable","18":"product-type-simple"},"jetpack_sharing_enabled":true,"_links":{"self":[{"href":"https:\/\/www.fervalle.com\/el\/wp-json\/wp\/v2\/product\/879","targetHints":{"allow":["GET"]}}],"collection":[{"href":"https:\/\/www.fervalle.com\/el\/wp-json\/wp\/v2\/product"}],"about":[{"href":"https:\/\/www.fervalle.com\/el\/wp-json\/wp\/v2\/types\/product"}],"version-history":[{"count":6,"href":"https:\/\/www.fervalle.com\/el\/wp-json\/wp\/v2\/product\/879\/revisions"}],"predecessor-version":[{"id":21164,"href":"https:\/\/www.fervalle.com\/el\/wp-json\/wp\/v2\/product\/879\/revisions\/21164"}],"wp:featuredmedia":[{"embeddable":true,"href":"https:\/\/www.fervalle.com\/el\/wp-json\/wp\/v2\/media\/21528"}],"wp:attachment":[{"href":"https:\/\/www.fervalle.com\/el\/wp-json\/wp\/v2\/media?parent=879"}],"wp:term":[{"taxonomy":"product_brand","embeddable":true,"href":"https:\/\/www.fervalle.com\/el\/wp-json\/wp\/v2\/product_brand?post=879"},{"taxonomy":"product_cat","embeddable":true,"href":"https:\/\/www.fervalle.com\/el\/wp-json\/wp\/v2\/product_cat?post=879"},{"taxonomy":"product_tag","embeddable":true,"href":"https:\/\/www.fervalle.com\/el\/wp-json\/wp\/v2\/product_tag?post=879"}],"curies":[{"name":"wp","href":"https:\/\/api.w.org\/{rel}","templated":true}]}}