{"id":876,"date":"2022-02-17T11:28:20","date_gmt":"2022-02-17T11:28:20","guid":{"rendered":"https:\/\/fervalle.com\/?post_type=product&#038;p=876"},"modified":"2023-03-01T08:34:58","modified_gmt":"2023-03-01T08:34:58","slug":"cuvalle","status":"publish","type":"product","link":"https:\/\/www.fervalle.com\/el\/cuvalle\/","title":{"rendered":"CUVALLE\u00ae"},"content":{"rendered":"","protected":false},"excerpt":{"rendered":"<h2>Fertilizante Ecol\u00f3gico de Cobre org\u00e1nico de elevada absorci\u00f3n foliar y radicular, utilizable en Agricultura Biodin\u00e1mica.<\/h2>\n<p style=\"text-align: justify;\"><strong>Fertilizante basado en cobre con una elevada eficacia de absorci\u00f3n radicular, gracias a la presencia de mol\u00e9culas org\u00e1nicas.<\/strong> El cobre act\u00faa como un estimulador del crecimiento, incrementando el metabolismo de las prote\u00ednas implicadas en las fases iniciales del desarrollo de la planta.<\/p>\n<p><img decoding=\"async\" class=\"alignnone size-full wp-image-582\" src=\"https:\/\/fervalle.com\/wp-content\/uploads\/2022\/02\/ECO-FERVALLE.jpg\" alt=\"\" width=\"70\" height=\"70\" srcset=\"https:\/\/www.fervalle.com\/wp-content\/uploads\/2022\/02\/ECO-FERVALLE.jpg 70w, https:\/\/www.fervalle.com\/wp-content\/uploads\/2022\/02\/ECO-FERVALLE-64x64.jpg 64w\" sizes=\"(max-width: 70px) 100vw, 70px\" \/><img decoding=\"async\" class=\"alignnone size-full wp-image-583\" src=\"https:\/\/fervalle.com\/wp-content\/uploads\/2022\/02\/FOLIAR-FERVALLE.jpg\" alt=\"\" width=\"70\" height=\"70\" srcset=\"https:\/\/www.fervalle.com\/wp-content\/uploads\/2022\/02\/FOLIAR-FERVALLE.jpg 70w, https:\/\/www.fervalle.com\/wp-content\/uploads\/2022\/02\/FOLIAR-FERVALLE-64x64.jpg 64w\" sizes=\"(max-width: 70px) 100vw, 70px\" \/><img decoding=\"async\" class=\"alignnone size-full wp-image-568\" src=\"https:\/\/fervalle.com\/wp-content\/uploads\/2022\/02\/fertirrigacion-logo.jpg\" alt=\"\" width=\"70\" height=\"70\" srcset=\"https:\/\/www.fervalle.com\/wp-content\/uploads\/2022\/02\/fertirrigacion-logo.jpg 70w, https:\/\/www.fervalle.com\/wp-content\/uploads\/2022\/02\/fertirrigacion-logo-64x64.jpg 64w\" sizes=\"(max-width: 70px) 100vw, 70px\" \/>\u00a0\u00a0<img loading=\"lazy\" decoding=\"async\" class=\"alignnone size-full wp-image-569\" src=\"https:\/\/fervalle.com\/wp-content\/uploads\/2022\/02\/residuo-cero.jpg\" alt=\"\" width=\"70\" height=\"70\" srcset=\"https:\/\/www.fervalle.com\/wp-content\/uploads\/2022\/02\/residuo-cero.jpg 70w, https:\/\/www.fervalle.com\/wp-content\/uploads\/2022\/02\/residuo-cero-64x64.jpg 64w\" sizes=\"(max-width: 70px) 100vw, 70px\" \/> <img loading=\"lazy\" decoding=\"async\" class=\"alignnone size-full wp-image-584\" src=\"https:\/\/fervalle.com\/wp-content\/uploads\/2022\/02\/SHC-CERTIFICACION.jpg\" alt=\"\" width=\"70\" height=\"70\" srcset=\"https:\/\/www.fervalle.com\/wp-content\/uploads\/2022\/02\/SHC-CERTIFICACION.jpg 70w, https:\/\/www.fervalle.com\/wp-content\/uploads\/2022\/02\/SHC-CERTIFICACION-64x64.jpg 64w\" sizes=\"(max-width: 70px) 100vw, 70px\" \/>\u00a0 <img loading=\"lazy\" decoding=\"async\" class=\"alignnone size-full wp-image-585\" src=\"https:\/\/fervalle.com\/wp-content\/uploads\/2022\/02\/ECOCERT-LOGOTIPO.jpg\" alt=\"\" width=\"70\" height=\"70\" srcset=\"https:\/\/www.fervalle.com\/wp-content\/uploads\/2022\/02\/ECOCERT-LOGOTIPO.jpg 70w, https:\/\/www.fervalle.com\/wp-content\/uploads\/2022\/02\/ECOCERT-LOGOTIPO-64x64.jpg 64w\" sizes=\"(max-width: 70px) 100vw, 70px\" \/>\u00a0 <img loading=\"lazy\" decoding=\"async\" class=\"alignnone size-full wp-image-603\" src=\"https:\/\/www.fervalle.com\/wp-content\/uploads\/2023\/03\/DEMETER-BIODINAMICA-LOGO.jpg\" alt=\"\" width=\"70\" height=\"70\" \/> <img loading=\"lazy\" decoding=\"async\" class=\"alignnone size-full wp-image-588\" src=\"https:\/\/fervalle.com\/wp-content\/uploads\/2022\/02\/CAAE-FERVALLE-LOGOTIPO.jpg\" alt=\"\" width=\"70\" height=\"70\" srcset=\"https:\/\/www.fervalle.com\/wp-content\/uploads\/2022\/02\/CAAE-FERVALLE-LOGOTIPO.jpg 70w, https:\/\/www.fervalle.com\/wp-content\/uploads\/2022\/02\/CAAE-FERVALLE-LOGOTIPO-64x64.jpg 64w\" sizes=\"(max-width: 70px) 100vw, 70px\" \/><\/p>\n<p><strong>CERTIFICACIONES PARA AGRICULTURA:<\/strong> ECOL\u00d3GICO, BIODIN\u00c1MICA.<\/p>\n<p><span style=\"font-size: 12pt;\"><strong>VENTAJAS Y BENEFICIOS:<\/strong><\/span><\/p>\n<ul>\n<li>Su car\u00e1cter \u00e1cido favorece que el cobre est\u00e9 altamente disponible para la planta.<\/li>\n<li>La presencia de mol\u00e9culas org\u00e1nicas evita su lixiviaci\u00f3n a las capas m\u00e1s profundas del suelo.<\/li>\n<li>Estimula el crecimiento vegetal en las fases iniciales del desarrollo.<\/li>\n<li>Participa en la fotos\u00edntesis y en la s\u00edntesis de lignina, proporcionando mayor rigidez y resistencia a los tejidos vegetales.<\/li>\n<\/ul>\n<p><b>DOSIS Y MODO DE EMPLEO:<\/b><\/p>\n<div style=\"overflow-x: auto;\">\n<table style=\"width: 100%;\">\n<tbody>\n<tr>\n<td style=\"background-color: #353f48;\" width=\"154\"><span style=\"color: #ffffff;\"><strong>CULTIVO<\/strong><\/span><\/td>\n<td style=\"background-color: #353f48;\" width=\"272\"><span style=\"color: #ffffff;\"><strong>MOMENTO DE APLICACI\u00d3N<\/strong><\/span><\/td>\n<td style=\"background-color: #353f48;\" width=\"195\"><span style=\"color: #ffffff;\"><strong>FOLIAR<\/strong><\/span><\/td>\n<td style=\"background-color: #353f48;\" width=\"159\"><span style=\"color: #ffffff;\"><strong>FERTIRRIGACI\u00d3N<\/strong><\/span><\/td>\n<\/tr>\n<tr>\n<td width=\"154\">Frutales<\/td>\n<td width=\"272\">Durante la fase de inicio de la brotaci\u00f3n hasta la maduraci\u00f3n del fruto<\/td>\n<td width=\"195\">2 &#8211; 3 litros\/1000 litros<\/td>\n<td width=\"159\">&nbsp;<\/p>\n<p>2.5 &#8211; 5 litros\/ha<\/p>\n<p>&nbsp;<\/td>\n<\/tr>\n<tr>\n<td width=\"154\">Hort\u00edcolas<\/td>\n<td width=\"272\">Tras el trasplante y durante la fase crecimiento vegetativo<\/td>\n<td width=\"195\">2 &#8211; 3 litros\/1000 litros<\/td>\n<td width=\"159\">2.5 &#8211; 5 litros\/ha<\/td>\n<\/tr>\n<tr>\n<td width=\"154\">Olivo<\/td>\n<td width=\"272\">Antes de la brotaci\u00f3n y durante el oto\u00f1o<\/td>\n<td width=\"195\">2 &#8211; 3 litros\/1000 litros<\/td>\n<td width=\"159\">2.5 &#8211; 5 litros\/ha<\/td>\n<\/tr>\n<tr>\n<td width=\"154\">Uva de mesa y vid<\/td>\n<td width=\"272\">Durante la fase de inicio de la brotaci\u00f3n hasta su recolecci\u00f3n<\/td>\n<td width=\"195\">2 &#8211; 3 litros\/1000 litros<\/td>\n<td width=\"159\">&nbsp;<\/p>\n<p>2.5 &#8211; 5 litros\/ha<\/p>\n<p>&nbsp;<\/td>\n<\/tr>\n<tr>\n<td width=\"154\">C\u00edtricos<\/td>\n<td width=\"272\">Durante la fase de inicio de la brotaci\u00f3n en primavera y verano<\/td>\n<td width=\"195\">2 &#8211; 3 litros\/1000 litros<\/td>\n<td width=\"159\">2.5 &#8211; 5 litros\/ha<\/td>\n<\/tr>\n<\/tbody>\n<\/table>\n<\/div>\n<p><span style=\"font-size: 12pt;\"><strong>Composici\u00f3n:<\/strong> cobre.<\/span><\/p>\n","protected":false},"featured_media":1308,"template":"","meta":{"_joinchat":[]},"product_brand":[],"product_cat":[25],"product_tag":[446],"class_list":{"0":"post-876","1":"product","2":"type-product","3":"status-publish","4":"has-post-thumbnail","6":"product_cat-blue-line","7":"product_tag-inductor-de-defensas","8":"pa_composicion-cobre","9":"pa_funcion-inductores-de-defensas","10":"pa_funcion-potenciadores-de-autodefensas","12":"first","13":"instock","14":"shipping-taxable","15":"product-type-simple"},"jetpack_sharing_enabled":true,"_links":{"self":[{"href":"https:\/\/www.fervalle.com\/el\/wp-json\/wp\/v2\/product\/876","targetHints":{"allow":["GET"]}}],"collection":[{"href":"https:\/\/www.fervalle.com\/el\/wp-json\/wp\/v2\/product"}],"about":[{"href":"https:\/\/www.fervalle.com\/el\/wp-json\/wp\/v2\/types\/product"}],"version-history":[{"count":7,"href":"https:\/\/www.fervalle.com\/el\/wp-json\/wp\/v2\/product\/876\/revisions"}],"predecessor-version":[{"id":14881,"href":"https:\/\/www.fervalle.com\/el\/wp-json\/wp\/v2\/product\/876\/revisions\/14881"}],"wp:featuredmedia":[{"embeddable":true,"href":"https:\/\/www.fervalle.com\/el\/wp-json\/wp\/v2\/media\/1308"}],"wp:attachment":[{"href":"https:\/\/www.fervalle.com\/el\/wp-json\/wp\/v2\/media?parent=876"}],"wp:term":[{"taxonomy":"product_brand","embeddable":true,"href":"https:\/\/www.fervalle.com\/el\/wp-json\/wp\/v2\/product_brand?post=876"},{"taxonomy":"product_cat","embeddable":true,"href":"https:\/\/www.fervalle.com\/el\/wp-json\/wp\/v2\/product_cat?post=876"},{"taxonomy":"product_tag","embeddable":true,"href":"https:\/\/www.fervalle.com\/el\/wp-json\/wp\/v2\/product_tag?post=876"}],"curies":[{"name":"wp","href":"https:\/\/api.w.org\/{rel}","templated":true}]}}