{"id":861,"date":"2022-02-17T10:35:10","date_gmt":"2022-02-17T10:35:10","guid":{"rendered":"https:\/\/fervalle.com\/?post_type=product&#038;p=861"},"modified":"2022-08-30T05:50:17","modified_gmt":"2022-08-30T05:50:17","slug":"balax","status":"publish","type":"product","link":"https:\/\/www.fervalle.com\/el\/balax\/","title":{"rendered":"BALAX\u00ae"},"content":{"rendered":"","protected":false},"excerpt":{"rendered":"<h2>Formulaci\u00f3n l\u00edquida rica en \u00e1cidos f\u00falvicos.<\/h2>\n<p style=\"text-align: justify;\"><strong>Producto que aporta \u00e1cidos f\u00falvicos que favorecen y potencian el desarrollo del sistema radicular<\/strong>. Poseen la capacidad de aumentar el proceso de la brotaci\u00f3n, floraci\u00f3n y el engorde durante la fase de desarrollo del fruto. Su capacidad quelante y complejante favorece la absorci\u00f3n de los macronutrientes y micronutrientes esenciales para el desarrollo y crecimiento de la planta.<\/p>\n<p><img decoding=\"async\" class=\"alignnone size-full wp-image-568\" src=\"https:\/\/fervalle.com\/wp-content\/uploads\/2022\/02\/fertirrigacion-logo.jpg\" alt=\"\" width=\"70\" height=\"70\" srcset=\"https:\/\/www.fervalle.com\/wp-content\/uploads\/2022\/02\/fertirrigacion-logo.jpg 70w, https:\/\/www.fervalle.com\/wp-content\/uploads\/2022\/02\/fertirrigacion-logo-64x64.jpg 64w\" sizes=\"(max-width: 70px) 100vw, 70px\" \/>\u00a0\u00a0<img decoding=\"async\" class=\"alignnone size-full wp-image-569\" src=\"https:\/\/fervalle.com\/wp-content\/uploads\/2022\/02\/residuo-cero.jpg\" alt=\"\" width=\"70\" height=\"70\" srcset=\"https:\/\/www.fervalle.com\/wp-content\/uploads\/2022\/02\/residuo-cero.jpg 70w, https:\/\/www.fervalle.com\/wp-content\/uploads\/2022\/02\/residuo-cero-64x64.jpg 64w\" sizes=\"(max-width: 70px) 100vw, 70px\" \/><\/p>\n<p><span style=\"font-size: 12pt;\"><strong>VENTAJAS Y BENEFICIOS:<\/strong><\/span><\/p>\n<ul>\n<li>Act\u00faa de uni\u00f3n entre las part\u00edculas del suelo favoreciendo el aumento de la textura del suelo.<\/li>\n<li>Los \u00e1cidos f\u00falvicos y \u00e1cidos h\u00famicos enriquecen el complejo de cambio, incrementando la fertilidad del suelo.<\/li>\n<li>Favorecen el crecimiento radicular y el desarrollo de la parte a\u00e9rea de la planta.<\/li>\n<li>Son fuente de energ\u00eda directa para planta para procesos tan importantes como la fotos\u00edntesis.<\/li>\n<\/ul>\n<p><b>DOSIS Y MODO DE EMPLEO:<\/b><\/p>\n<div style=\"overflow-x:auto;\">\n<table style=\"width: 100%;\">\n<tbody>\n<tr>\n<td style=\"background-color: #353f48;\" width=\"154\"><span style=\"color: #ffffff;\"><strong>CULTIVO<\/strong><\/span><\/td>\n<td style=\"background-color: #353f48;\" width=\"272\"><span style=\"color: #ffffff;\"><strong>MOMENTO DE APLICACI\u00d3N<\/strong><\/span><\/td>\n<td style=\"background-color: #353f48;\" width=\"159\"><span style=\"color: #ffffff;\"><strong>FERTIRRIGACI\u00d3N<\/strong><\/span><\/td>\n<\/tr>\n<tr>\n<td width=\"154\">Frutales<\/td>\n<td rowspan=\"5\" width=\"272\">Aplicar durante todo el ciclo de cultivo<\/td>\n<td rowspan=\"5\" width=\"159\">&nbsp;<\/p>\n<p>80 &#8211; 100 litros\/ha<\/p>\n<p>&nbsp;<\/td>\n<\/tr>\n<tr>\n<td width=\"154\">Hort\u00edcolas<\/td>\n<\/tr>\n<tr>\n<td width=\"154\">Olivo<\/td>\n<\/tr>\n<tr>\n<td width=\"154\">Uva de mesa y vid<\/td>\n<\/tr>\n<tr>\n<td width=\"154\">C\u00edtricos<\/td>\n<\/tr>\n<\/tbody>\n<\/table>\n<\/div>\n<p><span style=\"font-size: 12pt;\"><strong>Composici\u00f3n:<\/strong> extracto h\u00famico y \u00e1cidos f\u00falvicos.<\/span><\/p>\n","protected":false},"featured_media":1312,"template":"","meta":{"_joinchat":[]},"product_brand":[],"product_cat":[27],"product_tag":[466],"class_list":{"0":"post-861","1":"product","2":"type-product","3":"status-publish","4":"has-post-thumbnail","6":"product_cat-brown-line","7":"product_tag-bioestimulante-de-acidos-fulvicos","8":"pa_composicion-acidos-fulvicos","9":"pa_funcion-acondicionadores-de-suelo","10":"pa_funcion-bioestimulantes","12":"first","13":"instock","14":"shipping-taxable","15":"product-type-simple"},"jetpack_sharing_enabled":true,"_links":{"self":[{"href":"https:\/\/www.fervalle.com\/el\/wp-json\/wp\/v2\/product\/861","targetHints":{"allow":["GET"]}}],"collection":[{"href":"https:\/\/www.fervalle.com\/el\/wp-json\/wp\/v2\/product"}],"about":[{"href":"https:\/\/www.fervalle.com\/el\/wp-json\/wp\/v2\/types\/product"}],"version-history":[{"count":5,"href":"https:\/\/www.fervalle.com\/el\/wp-json\/wp\/v2\/product\/861\/revisions"}],"predecessor-version":[{"id":7671,"href":"https:\/\/www.fervalle.com\/el\/wp-json\/wp\/v2\/product\/861\/revisions\/7671"}],"wp:featuredmedia":[{"embeddable":true,"href":"https:\/\/www.fervalle.com\/el\/wp-json\/wp\/v2\/media\/1312"}],"wp:attachment":[{"href":"https:\/\/www.fervalle.com\/el\/wp-json\/wp\/v2\/media?parent=861"}],"wp:term":[{"taxonomy":"product_brand","embeddable":true,"href":"https:\/\/www.fervalle.com\/el\/wp-json\/wp\/v2\/product_brand?post=861"},{"taxonomy":"product_cat","embeddable":true,"href":"https:\/\/www.fervalle.com\/el\/wp-json\/wp\/v2\/product_cat?post=861"},{"taxonomy":"product_tag","embeddable":true,"href":"https:\/\/www.fervalle.com\/el\/wp-json\/wp\/v2\/product_tag?post=861"}],"curies":[{"name":"wp","href":"https:\/\/api.w.org\/{rel}","templated":true}]}}