{"id":817,"date":"2022-02-17T10:08:45","date_gmt":"2022-02-17T10:08:45","guid":{"rendered":"https:\/\/fervalle.com\/?post_type=product&#038;p=817"},"modified":"2023-03-30T20:41:05","modified_gmt":"2023-03-30T20:41:05","slug":"nitrux","status":"publish","type":"product","link":"https:\/\/www.fervalle.com\/el\/nitrux\/","title":{"rendered":"NITRUX\u00ae"},"content":{"rendered":"","protected":false},"excerpt":{"rendered":"<h2 style=\"text-align: justify;\">Fertilizante Nitrogenado con alta capacidad de absorci\u00f3n durante la fase de crecimiento de la planta.<\/h2>\n<p style=\"text-align: justify;\"><b>Fertilizante con nitr\u00f3geno l\u00edquido con alto contenido en nitr\u00f3geno derivado de la urea formaldeh\u00eddo, especialmente indicado para su aplicaci\u00f3n foliar en cultivos.<\/b> Su aplicaci\u00f3n aporta una cantidad de nitr\u00f3geno que es r\u00e1pidamente incorporada a la planta durante la fase de crecimiento, y otro porcentaje de liberaci\u00f3n controlada que es absorbida por la planta seg\u00fan su necesidad nutricional. Su alta estabilidad impide que se pierda por lixiviaci\u00f3n o volatilizaci\u00f3n.<\/p>\n<p><img decoding=\"async\" class=\"alignnone size-full wp-image-583\" src=\"https:\/\/fervalle.com\/wp-content\/uploads\/2022\/02\/FOLIAR-FERVALLE.jpg\" alt=\"\" width=\"70\" height=\"70\" srcset=\"https:\/\/www.fervalle.com\/wp-content\/uploads\/2022\/02\/FOLIAR-FERVALLE.jpg 70w, https:\/\/www.fervalle.com\/wp-content\/uploads\/2022\/02\/FOLIAR-FERVALLE-64x64.jpg 64w\" sizes=\"(max-width: 70px) 100vw, 70px\" \/><img decoding=\"async\" class=\"alignnone size-full wp-image-568\" src=\"https:\/\/fervalle.com\/wp-content\/uploads\/2022\/02\/fertirrigacion-logo.jpg\" alt=\"\" width=\"70\" height=\"70\" srcset=\"https:\/\/www.fervalle.com\/wp-content\/uploads\/2022\/02\/fertirrigacion-logo.jpg 70w, https:\/\/www.fervalle.com\/wp-content\/uploads\/2022\/02\/fertirrigacion-logo-64x64.jpg 64w\" sizes=\"(max-width: 70px) 100vw, 70px\" \/>\u00a0\u00a0<img decoding=\"async\" class=\"alignnone size-full wp-image-569\" src=\"https:\/\/fervalle.com\/wp-content\/uploads\/2022\/02\/residuo-cero.jpg\" alt=\"\" width=\"70\" height=\"70\" srcset=\"https:\/\/www.fervalle.com\/wp-content\/uploads\/2022\/02\/residuo-cero.jpg 70w, https:\/\/www.fervalle.com\/wp-content\/uploads\/2022\/02\/residuo-cero-64x64.jpg 64w\" sizes=\"(max-width: 70px) 100vw, 70px\" \/><\/p>\n<p><span style=\"font-size: 12pt;\"><strong>VENTAJAS Y BENEFICIOS:<\/strong><\/span><\/p>\n<ul>\n<li>Es la mejor\u00a0<b>alternativa a la urea, urea foliar o urea liquida<\/b>, ya que a diferencia de los fertilizantes de urea, tiene un inicio de asimilaci\u00f3n m\u00e1s r\u00e1pido y una completa asimilaci\u00f3n por parte de la planta.<\/li>\n<li>El nitr\u00f3geno ureico es r\u00e1pidamente absorbido a trav\u00e9s de la ra\u00edz, actuando como una fuente directa de nitr\u00f3geno necesaria para el crecimiento y desarrollo de la planta.<\/li>\n<li>El nitr\u00f3geno urea-formaldehido se mantiene estable en el suelo sin que se pierda por lixiviaci\u00f3n.<\/li>\n<li>Con el aumento de temperatura en el suelo y la acci\u00f3n de los microorganismos beneficiosos se ir\u00e1 descomponiendo poco a poco, sirviendo de fuente de energ\u00eda directa para la planta.<\/li>\n<\/ul>\n<p><b>DOSIS Y MODO DE EMPLEO:<\/b><\/p>\n<div style=\"overflow-x: auto;\">\n<table style=\"width: 100%;\">\n<tbody>\n<tr>\n<td style=\"background-color: #353f48;\" width=\"142\"><span style=\"color: #ffffff;\"><strong>CULTIVO<\/strong><\/span><\/td>\n<td style=\"background-color: #353f48;\" width=\"189\"><span style=\"color: #ffffff;\"><strong>MOMENTO DE APLICACI\u00d3N<\/strong><\/span><\/td>\n<td style=\"background-color: #353f48;\" width=\"188\"><span style=\"color: #ffffff;\"><strong>FOLIAR<\/strong><\/span><\/td>\n<td style=\"background-color: #353f48;\" width=\"189\"><span style=\"color: #ffffff;\"><strong>FERTIRRIGACI\u00d3N<\/strong><\/span><\/td>\n<\/tr>\n<tr>\n<td width=\"142\">Frutales<\/td>\n<td rowspan=\"6\" width=\"189\">Durante todo el ciclo del cultivo<\/td>\n<td rowspan=\"5\" width=\"188\">5 &#8211; 10 litros\/1000 litros.<\/td>\n<td rowspan=\"5\" width=\"189\">&nbsp;<\/p>\n<p>25 &#8211; 50 litros\/ha<\/p>\n<p>&nbsp;<\/td>\n<\/tr>\n<tr>\n<td width=\"142\">Hort\u00edcolas<\/td>\n<\/tr>\n<tr>\n<td width=\"142\">Olivo<\/td>\n<\/tr>\n<tr>\n<td width=\"142\">Uva de mesa y vid<\/td>\n<\/tr>\n<tr>\n<td width=\"142\">C\u00edtricos<\/td>\n<\/tr>\n<tr>\n<td width=\"142\">C\u00e9sped<\/td>\n<td width=\"188\">75 &#8211; 100 litros\/ha.<\/td>\n<td width=\"189\"><\/td>\n<\/tr>\n<\/tbody>\n<\/table>\n<\/div>\n<p><span style=\"font-size: 12pt;\"><strong>Composici\u00f3n:<\/strong> nitr\u00f3geno.<\/span><\/p>\n","protected":false},"featured_media":12150,"template":"","meta":{"_joinchat":[]},"product_brand":[],"product_cat":[28],"product_tag":[465,464],"class_list":{"0":"post-817","1":"product","2":"type-product","3":"status-publish","4":"has-post-thumbnail","6":"product_cat-star-line","7":"product_tag-escalonado-y-progresivo","8":"product_tag-nitrogeno-formaldehido","9":"pa_composicion-nitrogeno","10":"pa_funcion-potenciadores-abonos-npk","11":"pa_funcion-vigorizantes","13":"first","14":"instock","15":"shipping-taxable","16":"product-type-simple"},"jetpack_sharing_enabled":true,"_links":{"self":[{"href":"https:\/\/www.fervalle.com\/el\/wp-json\/wp\/v2\/product\/817","targetHints":{"allow":["GET"]}}],"collection":[{"href":"https:\/\/www.fervalle.com\/el\/wp-json\/wp\/v2\/product"}],"about":[{"href":"https:\/\/www.fervalle.com\/el\/wp-json\/wp\/v2\/types\/product"}],"version-history":[{"count":13,"href":"https:\/\/www.fervalle.com\/el\/wp-json\/wp\/v2\/product\/817\/revisions"}],"predecessor-version":[{"id":16282,"href":"https:\/\/www.fervalle.com\/el\/wp-json\/wp\/v2\/product\/817\/revisions\/16282"}],"wp:featuredmedia":[{"embeddable":true,"href":"https:\/\/www.fervalle.com\/el\/wp-json\/wp\/v2\/media\/12150"}],"wp:attachment":[{"href":"https:\/\/www.fervalle.com\/el\/wp-json\/wp\/v2\/media?parent=817"}],"wp:term":[{"taxonomy":"product_brand","embeddable":true,"href":"https:\/\/www.fervalle.com\/el\/wp-json\/wp\/v2\/product_brand?post=817"},{"taxonomy":"product_cat","embeddable":true,"href":"https:\/\/www.fervalle.com\/el\/wp-json\/wp\/v2\/product_cat?post=817"},{"taxonomy":"product_tag","embeddable":true,"href":"https:\/\/www.fervalle.com\/el\/wp-json\/wp\/v2\/product_tag?post=817"}],"curies":[{"name":"wp","href":"https:\/\/api.w.org\/{rel}","templated":true}]}}