{"id":1073,"date":"2022-02-18T14:37:43","date_gmt":"2022-02-18T14:37:43","guid":{"rendered":"https:\/\/fervalle.com\/?post_type=product&#038;p=1073"},"modified":"2022-08-09T10:17:36","modified_gmt":"2022-08-09T10:17:36","slug":"bicasod","status":"publish","type":"product","link":"https:\/\/www.fervalle.com\/el\/bicasod\/","title":{"rendered":"BICASOD\u00ae"},"content":{"rendered":"","protected":false},"excerpt":{"rendered":"<p style=\"text-align: justify;\">Producto s\u00f3lido con acci\u00f3n fungicida que, al ser aplicado v\u00eda foliar, impide el crecimiento y desarrollo de hongos sobre la superficie foliar. Act\u00faa de forma preventiva para el control del o\u00eddio de la vid; mildiu en hort\u00edcolas, frutos rojos y ornamentales; moteado del manzano; y moho azul y moho verde de frutos recolectados como manzanas y c\u00edtricos<\/p>\n<p><img decoding=\"async\" class=\"alignnone size-full wp-image-582\" src=\"https:\/\/fervalle.com\/wp-content\/uploads\/2022\/02\/ECO-FERVALLE.jpg\" alt=\"\" width=\"70\" height=\"70\" srcset=\"https:\/\/www.fervalle.com\/wp-content\/uploads\/2022\/02\/ECO-FERVALLE.jpg 70w, https:\/\/www.fervalle.com\/wp-content\/uploads\/2022\/02\/ECO-FERVALLE-64x64.jpg 64w\" sizes=\"(max-width: 70px) 100vw, 70px\" \/><img decoding=\"async\" class=\"alignnone size-full wp-image-583\" src=\"https:\/\/fervalle.com\/wp-content\/uploads\/2022\/02\/FOLIAR-FERVALLE.jpg\" alt=\"\" width=\"70\" height=\"70\" srcset=\"https:\/\/www.fervalle.com\/wp-content\/uploads\/2022\/02\/FOLIAR-FERVALLE.jpg 70w, https:\/\/www.fervalle.com\/wp-content\/uploads\/2022\/02\/FOLIAR-FERVALLE-64x64.jpg 64w\" sizes=\"(max-width: 70px) 100vw, 70px\" \/>\u00a0\u00a0<img decoding=\"async\" class=\"alignnone size-full wp-image-569\" src=\"https:\/\/fervalle.com\/wp-content\/uploads\/2022\/02\/residuo-cero.jpg\" alt=\"\" width=\"70\" height=\"70\" srcset=\"https:\/\/www.fervalle.com\/wp-content\/uploads\/2022\/02\/residuo-cero.jpg 70w, https:\/\/www.fervalle.com\/wp-content\/uploads\/2022\/02\/residuo-cero-64x64.jpg 64w\" sizes=\"(max-width: 70px) 100vw, 70px\" \/><\/p>\n<p><span style=\"font-size: 12pt;\"><strong>Composici\u00f3n:<\/strong> Bicarbonato de sodio.<\/span><\/p>\n","protected":false},"featured_media":3674,"template":"","meta":{"_joinchat":[]},"product_brand":[],"product_cat":[26],"product_tag":[433],"class_list":{"0":"post-1073","1":"product","2":"type-product","3":"status-publish","4":"has-post-thumbnail","6":"product_cat-orange-line","7":"product_tag-fungicida","8":"pa_composicion-bicarbonato-de-sodio","9":"pa_funcion-bio-fungicidas","11":"first","12":"instock","13":"shipping-taxable","14":"product-type-simple"},"jetpack_sharing_enabled":true,"_links":{"self":[{"href":"https:\/\/www.fervalle.com\/el\/wp-json\/wp\/v2\/product\/1073","targetHints":{"allow":["GET"]}}],"collection":[{"href":"https:\/\/www.fervalle.com\/el\/wp-json\/wp\/v2\/product"}],"about":[{"href":"https:\/\/www.fervalle.com\/el\/wp-json\/wp\/v2\/types\/product"}],"version-history":[{"count":5,"href":"https:\/\/www.fervalle.com\/el\/wp-json\/wp\/v2\/product\/1073\/revisions"}],"predecessor-version":[{"id":3943,"href":"https:\/\/www.fervalle.com\/el\/wp-json\/wp\/v2\/product\/1073\/revisions\/3943"}],"wp:featuredmedia":[{"embeddable":true,"href":"https:\/\/www.fervalle.com\/el\/wp-json\/wp\/v2\/media\/3674"}],"wp:attachment":[{"href":"https:\/\/www.fervalle.com\/el\/wp-json\/wp\/v2\/media?parent=1073"}],"wp:term":[{"taxonomy":"product_brand","embeddable":true,"href":"https:\/\/www.fervalle.com\/el\/wp-json\/wp\/v2\/product_brand?post=1073"},{"taxonomy":"product_cat","embeddable":true,"href":"https:\/\/www.fervalle.com\/el\/wp-json\/wp\/v2\/product_cat?post=1073"},{"taxonomy":"product_tag","embeddable":true,"href":"https:\/\/www.fervalle.com\/el\/wp-json\/wp\/v2\/product_tag?post=1073"}],"curies":[{"name":"wp","href":"https:\/\/api.w.org\/{rel}","templated":true}]}}