{"id":892,"date":"2022-02-17T11:45:17","date_gmt":"2022-02-17T11:45:17","guid":{"rendered":"https:\/\/fervalle.com\/?post_type=product&#038;p=892"},"modified":"2023-01-11T16:08:57","modified_gmt":"2023-01-11T16:08:57","slug":"brotovalle-n","status":"publish","type":"product","link":"https:\/\/www.fervalle.com\/de\/produkt\/brotovalle-n\/","title":{"rendered":"BROTOVALLE N\u00ae"},"content":{"rendered":"","protected":false},"excerpt":{"rendered":"<h2 style=\"text-align: justify;\">Inductor de Savia basado en microelementos que inducen la s\u00edntesis de mol\u00e9culas org\u00e1nicas implicadas en el crecimiento y desarrollo del cultivo.<\/h2>\n<p style=\"text-align: justify;\"><strong>Fertilizante l\u00edquido con nitr\u00f3geno y potasio enriquecido con microelementos como el cobre, manganeso y zinc que, favorecen el incremento de la calidad y producci\u00f3n de las cosechas.<\/strong> Su exclusiva formulaci\u00f3n favorece e incrementa el flujo de agua y nutrientes a trav\u00e9s del xilema y el floema, llegando a todas las partes de la planta que est\u00e1n en crecimiento. El correcto equilibrio nutricional que aporta aumenta la resistencia de la planta como mecanismos frente a infecciones provocadas por microorganismos.<\/p>\n<p><img decoding=\"async\" class=\"alignnone size-full wp-image-583\" src=\"https:\/\/fervalle.com\/wp-content\/uploads\/2022\/02\/FOLIAR-FERVALLE.jpg\" alt=\"\" width=\"70\" height=\"70\" srcset=\"https:\/\/www.fervalle.com\/wp-content\/uploads\/2022\/02\/FOLIAR-FERVALLE.jpg 70w, https:\/\/www.fervalle.com\/wp-content\/uploads\/2022\/02\/FOLIAR-FERVALLE-64x64.jpg 64w\" sizes=\"(max-width: 70px) 100vw, 70px\" \/><img decoding=\"async\" class=\"alignnone size-full wp-image-568\" src=\"https:\/\/fervalle.com\/wp-content\/uploads\/2022\/02\/fertirrigacion-logo.jpg\" alt=\"\" width=\"70\" height=\"70\" srcset=\"https:\/\/www.fervalle.com\/wp-content\/uploads\/2022\/02\/fertirrigacion-logo.jpg 70w, https:\/\/www.fervalle.com\/wp-content\/uploads\/2022\/02\/fertirrigacion-logo-64x64.jpg 64w\" sizes=\"(max-width: 70px) 100vw, 70px\" \/>\u00a0\u00a0<img decoding=\"async\" class=\"alignnone size-full wp-image-569\" src=\"https:\/\/fervalle.com\/wp-content\/uploads\/2022\/02\/residuo-cero.jpg\" alt=\"\" width=\"70\" height=\"70\" srcset=\"https:\/\/www.fervalle.com\/wp-content\/uploads\/2022\/02\/residuo-cero.jpg 70w, https:\/\/www.fervalle.com\/wp-content\/uploads\/2022\/02\/residuo-cero-64x64.jpg 64w\" sizes=\"(max-width: 70px) 100vw, 70px\" \/><\/p>\n<p><span style=\"font-size: 12pt;\"><strong>VENTAJAS Y BENEFICIOS:<\/strong><\/span><\/p>\n<ul>\n<li>Incrementa la calidad y la producci\u00f3n de las cosechas.<\/li>\n<li>Mejora la floraci\u00f3n, cuajado y enraizamiento.<\/li>\n<li>Potencia la brotaci\u00f3n tras la \u00e9poca invernal.<\/li>\n<li>Aumenta el flujo de agua y nutrientes a trav\u00e9s de xilema y floema.<\/li>\n<\/ul>\n<p><b>DOSIS Y MODO DE EMPLEO:<\/b><\/p>\n<div style=\"overflow-x: auto;\">\n<table style=\"width: 100%;\">\n<tbody>\n<tr>\n<td style=\"background-color: #353f48;\" width=\"154\"><span style=\"color: #ffffff;\"><strong>CULTIVO<\/strong><\/span><\/td>\n<td style=\"background-color: #353f48;\" width=\"272\"><span style=\"color: #ffffff;\"><strong>MOMENTO DE APLICACI\u00d3N<\/strong><\/span><\/td>\n<td style=\"background-color: #353f48;\" width=\"195\"><span style=\"color: #ffffff;\"><strong>FOLIAR<\/strong><\/span><\/td>\n<td style=\"background-color: #353f48;\" width=\"159\"><span style=\"color: #ffffff;\"><strong>FERTIRRIGACI\u00d3N<\/strong><\/span><\/td>\n<\/tr>\n<tr>\n<td width=\"154\">Frutales<\/td>\n<td width=\"272\">Tras la ca\u00edda de los p\u00e9talos y durante el cuajado del fruto<\/td>\n<td width=\"195\">2 &#8211; 3 litros\/1000 litros<\/td>\n<td width=\"159\">&nbsp;<\/p>\n<p>4 &#8211; 8 litros\/ha<\/p>\n<p>&nbsp;<\/td>\n<\/tr>\n<tr>\n<td width=\"154\">Hort\u00edcolas<\/td>\n<td width=\"272\">Durante la fase crecimiento vegetativo<\/td>\n<td width=\"195\">2 &#8211; 3 litros\/1000 litros<\/td>\n<td width=\"159\">&nbsp;<\/p>\n<p>4 &#8211; 8 litros\/ha<\/p>\n<p>&nbsp;<\/td>\n<\/tr>\n<tr>\n<td width=\"154\">Olivo<\/td>\n<td width=\"272\">Antes de la brotaci\u00f3n y durante el oto\u00f1o<\/td>\n<td width=\"195\">2 &#8211; 3 litros\/1000 litros<\/td>\n<td width=\"159\">&nbsp;<\/p>\n<p>4 &#8211; 8 litros\/ha<\/p>\n<p>&nbsp;<\/td>\n<\/tr>\n<tr>\n<td width=\"154\">Uva de mesa y vid<\/td>\n<td width=\"272\">Antes del proceso de la maduraci\u00f3n de la uva, durante la primavera y la tras la cosecha<\/td>\n<td width=\"195\">2 &#8211; 3 litros\/1000 litros<\/td>\n<td width=\"159\">&nbsp;<\/p>\n<p>4 &#8211; 8 litros\/ha<\/p>\n<p>&nbsp;<\/td>\n<\/tr>\n<tr>\n<td width=\"154\">C\u00edtricos<\/td>\n<td width=\"272\">Durante la fase de floraci\u00f3n de primavera y verano. Y durante el proceso de cuajado en oto\u00f1o<\/td>\n<td width=\"195\">2 &#8211; 3 litros\/1000 litros<\/td>\n<td width=\"159\">2,5 &#8211; 5 litros\/ha<\/td>\n<\/tr>\n<\/tbody>\n<\/table>\n<\/div>\n<p><span style=\"font-size: 12pt;\"><strong>Composici\u00f3n:<\/strong> cobre, manganeso y zinc.<\/span><\/p>\n","protected":false},"featured_media":1297,"template":"","meta":{"_joinchat":[]},"product_brand":[],"product_cat":[25],"product_tag":[445],"class_list":{"0":"post-892","1":"product","2":"type-product","3":"status-publish","4":"has-post-thumbnail","6":"product_cat-blue-line","7":"product_tag-inductor-de-savia","8":"pa_composicion-cobre","9":"pa_composicion-manganeso","10":"pa_composicion-nitrogeno","11":"pa_composicion-potasio","12":"pa_composicion-zinc","13":"pa_funcion-bioestimulantes","14":"pa_funcion-inductores-de-defensas","15":"pa_funcion-inductores-de-savia","16":"pa_funcion-potenciadores-de-autodefensas","18":"first","19":"instock","20":"shipping-taxable","21":"product-type-simple"},"jetpack_sharing_enabled":true,"_links":{"self":[{"href":"https:\/\/www.fervalle.com\/de\/wp-json\/wp\/v2\/product\/892","targetHints":{"allow":["GET"]}}],"collection":[{"href":"https:\/\/www.fervalle.com\/de\/wp-json\/wp\/v2\/product"}],"about":[{"href":"https:\/\/www.fervalle.com\/de\/wp-json\/wp\/v2\/types\/product"}],"version-history":[{"count":6,"href":"https:\/\/www.fervalle.com\/de\/wp-json\/wp\/v2\/product\/892\/revisions"}],"predecessor-version":[{"id":13095,"href":"https:\/\/www.fervalle.com\/de\/wp-json\/wp\/v2\/product\/892\/revisions\/13095"}],"wp:featuredmedia":[{"embeddable":true,"href":"https:\/\/www.fervalle.com\/de\/wp-json\/wp\/v2\/media\/1297"}],"wp:attachment":[{"href":"https:\/\/www.fervalle.com\/de\/wp-json\/wp\/v2\/media?parent=892"}],"wp:term":[{"taxonomy":"product_brand","embeddable":true,"href":"https:\/\/www.fervalle.com\/de\/wp-json\/wp\/v2\/product_brand?post=892"},{"taxonomy":"product_cat","embeddable":true,"href":"https:\/\/www.fervalle.com\/de\/wp-json\/wp\/v2\/product_cat?post=892"},{"taxonomy":"product_tag","embeddable":true,"href":"https:\/\/www.fervalle.com\/de\/wp-json\/wp\/v2\/product_tag?post=892"}],"curies":[{"name":"wp","href":"https:\/\/api.w.org\/{rel}","templated":true}]}}