{"id":858,"date":"2022-02-17T10:29:52","date_gmt":"2022-02-17T10:29:52","guid":{"rendered":"https:\/\/fervalle.com\/?post_type=product&#038;p=858"},"modified":"2022-08-30T05:51:06","modified_gmt":"2022-08-30T05:51:06","slug":"humivalle","status":"publish","type":"product","link":"https:\/\/www.fervalle.com\/de\/produkt\/humivalle\/","title":{"rendered":"HUMIVALLE\u00ae"},"content":{"rendered":"","protected":false},"excerpt":{"rendered":"<h2 style=\"text-align: justify;\">Formulaci\u00f3n de alto contenido en \u00e1cidos h\u00famicos y f\u00falvicos procedentes de leonardita americana.<\/h2>\n<p style=\"text-align: justify;\">Formulaci\u00f3n l\u00edquida de leonardita americana con un alto contenido de \u00e1cidos h\u00famicos y f\u00falvicos que, <strong>aumentan la capacidad de intercambio de cationes y la solubilizaci\u00f3n de macronutrientes y micronutrientes presentes en el suelo<\/strong>, consiguiendo que la planta tenga la capacidad de incorporarlos a trav\u00e9s del sistema radicular. La reorganizaci\u00f3n de las part\u00edculas del suelo favorece que mejore la estructura del suelo, traduci\u00e9ndose en un aumento de la capacidad de retenci\u00f3n de agua y en la biodisponibilidad de nutrientes esenciales para el desarrollo del cultivo.<\/p>\n<p><img decoding=\"async\" class=\"alignnone size-full wp-image-568\" src=\"https:\/\/fervalle.com\/wp-content\/uploads\/2022\/02\/fertirrigacion-logo.jpg\" alt=\"\" width=\"70\" height=\"70\" srcset=\"https:\/\/www.fervalle.com\/wp-content\/uploads\/2022\/02\/fertirrigacion-logo.jpg 70w, https:\/\/www.fervalle.com\/wp-content\/uploads\/2022\/02\/fertirrigacion-logo-64x64.jpg 64w\" sizes=\"(max-width: 70px) 100vw, 70px\" \/> <img decoding=\"async\" class=\"alignnone size-full wp-image-569\" src=\"https:\/\/fervalle.com\/wp-content\/uploads\/2022\/02\/residuo-cero.jpg\" alt=\"\" width=\"70\" height=\"70\" srcset=\"https:\/\/www.fervalle.com\/wp-content\/uploads\/2022\/02\/residuo-cero.jpg 70w, https:\/\/www.fervalle.com\/wp-content\/uploads\/2022\/02\/residuo-cero-64x64.jpg 64w\" sizes=\"(max-width: 70px) 100vw, 70px\" \/><\/p>\n<p><span style=\"font-size: 12pt;\"><strong>VENTAJAS Y BENEFICIOS:<\/strong><\/span><\/p>\n<ul>\n<li>La leonardita act\u00faa de uni\u00f3n entre las part\u00edculas del suelo favoreciendo el aumento de la textura del suelo.<\/li>\n<li>Los \u00e1cidos f\u00falvicos y \u00e1cidos h\u00famicos enriquecen el complejo de cambio, incrementando la fertilidad del suelo.<\/li>\n<li>Garantiza una \u00f3ptima retenci\u00f3n de agua y nutrientes esenciales para el desarrollo y crecimiento de la planta.<\/li>\n<\/ul>\n<p><b>DOSIS Y MODO DE EMPLEO:<\/b><\/p>\n<div style=\"overflow-x:auto;\">\n<table style=\"width: 100%;\">\n<tbody>\n<tr>\n<td style=\"background-color: #353f48;\" width=\"154\"><span style=\"color: #ffffff;\"><strong>CULTIVO<\/strong><\/span><\/td>\n<td style=\"background-color: #353f48;\" width=\"272\"><span style=\"color: #ffffff;\"><strong>MOMENTO DE APLICACI\u00d3N<\/strong><\/span><\/td>\n<td style=\"background-color: #353f48;\" width=\"159\"><span style=\"color: #ffffff;\"><strong>FERTIRRIGACI\u00d3N<\/strong><\/span><\/td>\n<\/tr>\n<tr>\n<td width=\"154\">Frutales<\/td>\n<td rowspan=\"5\" width=\"272\">Aplicar durante todo el ciclo de cultivo<\/td>\n<td rowspan=\"5\" width=\"159\">&nbsp;<\/p>\n<p>40 &#8211; 140 litros\/ha<\/p>\n<p>&nbsp;<\/td>\n<\/tr>\n<tr>\n<td width=\"154\">Hort\u00edcolas<\/td>\n<\/tr>\n<tr>\n<td width=\"154\">Olivo<\/td>\n<\/tr>\n<tr>\n<td width=\"154\">Uva de mesa y vid<\/td>\n<\/tr>\n<tr>\n<td width=\"154\">C\u00edtricos<\/td>\n<\/tr>\n<\/tbody>\n<\/table>\n<\/div>\n<p><span style=\"font-size: 12pt;\"><strong>Composici\u00f3n:<\/strong> extracto h\u00famico, \u00e1cidos h\u00famicos, \u00e1cidos f\u00falvicos y potasio.<\/span><\/p>\n","protected":false},"featured_media":1314,"template":"","meta":{"_joinchat":[]},"product_brand":[],"product_cat":[27],"product_tag":[471,470],"class_list":{"0":"post-858","1":"product","2":"type-product","3":"status-publish","4":"has-post-thumbnail","6":"product_cat-brown-line","7":"product_tag-acidos-fulvicos","8":"product_tag-acidos-humicos","9":"pa_composicion-acidos-fulvicos","10":"pa_composicion-acidos-humicos","11":"pa_composicion-potasio","12":"pa_funcion-acondicionadores-de-suelo","14":"first","15":"instock","16":"shipping-taxable","17":"product-type-simple"},"jetpack_sharing_enabled":true,"_links":{"self":[{"href":"https:\/\/www.fervalle.com\/de\/wp-json\/wp\/v2\/product\/858","targetHints":{"allow":["GET"]}}],"collection":[{"href":"https:\/\/www.fervalle.com\/de\/wp-json\/wp\/v2\/product"}],"about":[{"href":"https:\/\/www.fervalle.com\/de\/wp-json\/wp\/v2\/types\/product"}],"version-history":[{"count":7,"href":"https:\/\/www.fervalle.com\/de\/wp-json\/wp\/v2\/product\/858\/revisions"}],"predecessor-version":[{"id":7672,"href":"https:\/\/www.fervalle.com\/de\/wp-json\/wp\/v2\/product\/858\/revisions\/7672"}],"wp:featuredmedia":[{"embeddable":true,"href":"https:\/\/www.fervalle.com\/de\/wp-json\/wp\/v2\/media\/1314"}],"wp:attachment":[{"href":"https:\/\/www.fervalle.com\/de\/wp-json\/wp\/v2\/media?parent=858"}],"wp:term":[{"taxonomy":"product_brand","embeddable":true,"href":"https:\/\/www.fervalle.com\/de\/wp-json\/wp\/v2\/product_brand?post=858"},{"taxonomy":"product_cat","embeddable":true,"href":"https:\/\/www.fervalle.com\/de\/wp-json\/wp\/v2\/product_cat?post=858"},{"taxonomy":"product_tag","embeddable":true,"href":"https:\/\/www.fervalle.com\/de\/wp-json\/wp\/v2\/product_tag?post=858"}],"curies":[{"name":"wp","href":"https:\/\/api.w.org\/{rel}","templated":true}]}}