{"id":784,"date":"2022-02-17T08:21:51","date_gmt":"2022-02-17T08:21:51","guid":{"rendered":"https:\/\/fervalle.com\/?post_type=product&#038;p=784"},"modified":"2023-07-24T05:50:06","modified_gmt":"2023-07-24T05:50:06","slug":"potasium-n","status":"publish","type":"product","link":"https:\/\/www.fervalle.com\/de\/produkt\/potasium-n\/","title":{"rendered":"POTASIUM\u00aeN"},"content":{"rendered":"","protected":false},"excerpt":{"rendered":"<h2 style=\"text-align: justify;\"><strong>Fertilizante de Potasio que Aumenta el color y el contenido de az\u00facares del fruto.<\/strong><\/h2>\n<p style=\"text-align: justify;\"><strong>Fertilizante pot\u00e1sico con pH neutro que permite la r\u00e1pida absorci\u00f3n y translocaci\u00f3n del potasio para potenciar la s\u00edntesis de az\u00facares y pigmentos del fruto en los estadios finales de maduraci\u00f3n.<\/strong> El potasio tambi\u00e9n es un activador de la s\u00edntesis de prote\u00ednas implicadas en la fotos\u00edntesis y participa en el mantenimiento de la turgencia de los tejidos vegetales.<\/p>\n<p><img decoding=\"async\" class=\"alignnone size-full wp-image-583\" src=\"https:\/\/fervalle.com\/wp-content\/uploads\/2022\/02\/FOLIAR-FERVALLE.jpg\" alt=\"\" width=\"70\" height=\"70\" srcset=\"https:\/\/www.fervalle.com\/wp-content\/uploads\/2022\/02\/FOLIAR-FERVALLE.jpg 70w, https:\/\/www.fervalle.com\/wp-content\/uploads\/2022\/02\/FOLIAR-FERVALLE-64x64.jpg 64w\" sizes=\"(max-width: 70px) 100vw, 70px\" \/><img decoding=\"async\" class=\"alignnone size-full wp-image-568\" src=\"https:\/\/fervalle.com\/wp-content\/uploads\/2022\/02\/fertirrigacion-logo.jpg\" alt=\"\" width=\"70\" height=\"70\" srcset=\"https:\/\/www.fervalle.com\/wp-content\/uploads\/2022\/02\/fertirrigacion-logo.jpg 70w, https:\/\/www.fervalle.com\/wp-content\/uploads\/2022\/02\/fertirrigacion-logo-64x64.jpg 64w\" sizes=\"(max-width: 70px) 100vw, 70px\" \/>\u00a0\u00a0<img decoding=\"async\" class=\"alignnone size-full wp-image-569\" src=\"https:\/\/fervalle.com\/wp-content\/uploads\/2022\/02\/residuo-cero.jpg\" alt=\"\" width=\"70\" height=\"70\" srcset=\"https:\/\/www.fervalle.com\/wp-content\/uploads\/2022\/02\/residuo-cero.jpg 70w, https:\/\/www.fervalle.com\/wp-content\/uploads\/2022\/02\/residuo-cero-64x64.jpg 64w\" sizes=\"(max-width: 70px) 100vw, 70px\" \/><\/p>\n<p><span style=\"font-size: 12pt;\"><strong>VENTAJAS Y BENEFICIOS:<\/strong><\/span><\/p>\n<ul>\n<li>Aumenta el color y el contenido de az\u00facares del producto.<\/li>\n<li>El pH ligeramente \u00e1cido incrementa la absorci\u00f3n y translocaci\u00f3n de los nutrientes a trav\u00e9s de la ra\u00edz.<\/li>\n<\/ul>\n<p><b>DOSIS Y MODO DE EMPLEO:<\/b><\/p>\n<div style=\"overflow-x: auto;\">\n<table style=\"width: 100%;\">\n<tbody>\n<tr>\n<td style=\"background-color: #353f48;\" width=\"154\"><span style=\"color: #ffffff;\"><strong>CULTIVO<\/strong><\/span><\/td>\n<td style=\"background-color: #353f48;\" width=\"272\"><span style=\"color: #ffffff;\"><strong>MOMENTO DE APLICACI\u00d3N<\/strong><\/span><\/td>\n<td style=\"background-color: #353f48;\" width=\"195\"><span style=\"color: #ffffff;\"><strong>FOLIAR<\/strong><\/span><\/td>\n<td style=\"background-color: #353f48;\" width=\"159\"><span style=\"color: #ffffff;\"><strong>FERTIRRIGACI\u00d3N<\/strong><\/span><\/td>\n<\/tr>\n<tr>\n<td width=\"154\">Frutales<\/td>\n<td width=\"272\">Durante el inicio del cuajado y hasta la maduraci\u00f3n del fruto<\/td>\n<td rowspan=\"5\" width=\"195\">2,5 &#8211; 4 litros\/1000 litros.<\/td>\n<td rowspan=\"5\" width=\"159\">&nbsp;<\/p>\n<p>4 &#8211; 8 litros\/ha.<\/p>\n<p>&nbsp;<\/td>\n<\/tr>\n<tr>\n<td width=\"154\">Hort\u00edcolas<\/td>\n<td width=\"272\">Desde la fase de inicio del engorde del fruto<\/td>\n<\/tr>\n<tr>\n<td width=\"154\">Olivo<\/td>\n<td width=\"272\">Desde el inicio de la floraci\u00f3n y cuajado del fruto<\/td>\n<\/tr>\n<tr>\n<td width=\"154\">Uva de mesa y vid<\/td>\n<td width=\"272\">Desde el proceso de maduraci\u00f3n del fruto<\/td>\n<\/tr>\n<tr>\n<td width=\"154\">C\u00edtricos<\/td>\n<td width=\"272\">Durante el inicio del cuajado y hasta el inicio de cambio de color del fruto<\/td>\n<\/tr>\n<\/tbody>\n<\/table>\n<\/div>\n<p><span style=\"font-size: 12pt;\"><strong>Composici\u00f3n:<\/strong> potasio.<\/span><\/p>\n","protected":false},"featured_media":1343,"template":"","meta":{"_joinchat":{"message_send":"Hola, quiero saber m\u00e1s sobre POTASIUM\u00ae N"}},"product_brand":[],"product_cat":[24],"product_tag":[504,902],"class_list":{"0":"post-784","1":"product","2":"type-product","3":"status-publish","4":"has-post-thumbnail","6":"product_cat-green-line","7":"product_tag-potasio-neutro","8":"product_tag-potasium-n","9":"pa_composicion-potasio","10":"pa_funcion-aumento-grados-brix","11":"pa_funcion-engorde","12":"pa_funcion-potenciadores-de-color","14":"first","15":"instock","16":"shipping-taxable","17":"product-type-simple"},"jetpack_sharing_enabled":true,"_links":{"self":[{"href":"https:\/\/www.fervalle.com\/de\/wp-json\/wp\/v2\/product\/784","targetHints":{"allow":["GET"]}}],"collection":[{"href":"https:\/\/www.fervalle.com\/de\/wp-json\/wp\/v2\/product"}],"about":[{"href":"https:\/\/www.fervalle.com\/de\/wp-json\/wp\/v2\/types\/product"}],"version-history":[{"count":8,"href":"https:\/\/www.fervalle.com\/de\/wp-json\/wp\/v2\/product\/784\/revisions"}],"predecessor-version":[{"id":14083,"href":"https:\/\/www.fervalle.com\/de\/wp-json\/wp\/v2\/product\/784\/revisions\/14083"}],"wp:featuredmedia":[{"embeddable":true,"href":"https:\/\/www.fervalle.com\/de\/wp-json\/wp\/v2\/media\/1343"}],"wp:attachment":[{"href":"https:\/\/www.fervalle.com\/de\/wp-json\/wp\/v2\/media?parent=784"}],"wp:term":[{"taxonomy":"product_brand","embeddable":true,"href":"https:\/\/www.fervalle.com\/de\/wp-json\/wp\/v2\/product_brand?post=784"},{"taxonomy":"product_cat","embeddable":true,"href":"https:\/\/www.fervalle.com\/de\/wp-json\/wp\/v2\/product_cat?post=784"},{"taxonomy":"product_tag","embeddable":true,"href":"https:\/\/www.fervalle.com\/de\/wp-json\/wp\/v2\/product_tag?post=784"}],"curies":[{"name":"wp","href":"https:\/\/api.w.org\/{rel}","templated":true}]}}