{"id":692,"date":"2022-02-16T15:16:59","date_gmt":"2022-02-16T15:16:59","guid":{"rendered":"https:\/\/fervalle.com\/?post_type=product&#038;p=692"},"modified":"2023-07-19T10:03:11","modified_gmt":"2023-07-19T10:03:11","slug":"desalvalle","status":"publish","type":"product","link":"https:\/\/www.fervalle.com\/de\/produkt\/desalvalle\/","title":{"rendered":"DESALVALLE\u00ae"},"content":{"rendered":"","protected":false},"excerpt":{"rendered":"<h2 style=\"text-align: justify;\">Act\u00faa como corrector de carencias de calcio y desplazador salino.<\/h2>\n<p style=\"text-align: justify;\"><strong>Corrector de carencias de calcio complejo con nitr\u00f3geno que, act\u00faa como desplazador salino consiguiendo que el calcio favorezca la disminuci\u00f3n de la salinidad del agua y del suelo, mejorando la calidad del cultivo.<\/strong> Este producto permite la recuperaci\u00f3n de los suelos salino-s\u00f3dicos tras aplicarlo de forma peri\u00f3dica. Por otra parte, el efecto del agente complejante elimina el problema de la distribuci\u00f3n del calcio en la planta, permitiendo una mayor biodisponibilidad y absorci\u00f3n radicular del mismo.<\/p>\n<p><img decoding=\"async\" class=\"alignnone size-full wp-image-568\" src=\"https:\/\/fervalle.com\/wp-content\/uploads\/2022\/02\/fertirrigacion-logo.jpg\" alt=\"\" width=\"70\" height=\"70\" srcset=\"https:\/\/www.fervalle.com\/wp-content\/uploads\/2022\/02\/fertirrigacion-logo.jpg 70w, https:\/\/www.fervalle.com\/wp-content\/uploads\/2022\/02\/fertirrigacion-logo-64x64.jpg 64w\" sizes=\"(max-width: 70px) 100vw, 70px\" \/>\u00a0\u00a0<img decoding=\"async\" class=\"alignnone size-full wp-image-569\" src=\"https:\/\/fervalle.com\/wp-content\/uploads\/2022\/02\/residuo-cero.jpg\" alt=\"\" width=\"70\" height=\"70\" srcset=\"https:\/\/www.fervalle.com\/wp-content\/uploads\/2022\/02\/residuo-cero.jpg 70w, https:\/\/www.fervalle.com\/wp-content\/uploads\/2022\/02\/residuo-cero-64x64.jpg 64w\" sizes=\"(max-width: 70px) 100vw, 70px\" \/><\/p>\n<p><span style=\"font-size: 12pt;\"><strong>VENTAJAS Y BENEFICIOS:<\/strong><\/span><\/p>\n<ul>\n<li>El calcio compite por el sodio en el complejo de cambio, favoreciendo que \u00e9ste se libere y por lixiviaci\u00f3n se desplace a las capas profundas del suelo.<\/li>\n<li>El car\u00e1cter \u00e1cido favorece de forma significativa la absorci\u00f3n radicular de nutrientes esenciales para el crecimiento y desarrollo de la planta.<\/li>\n<li>Participa en la divisi\u00f3n celular, fortaleciendo la pared celular, durante el proceso de formaci\u00f3n del fruto.<\/li>\n<\/ul>\n<p><b>DOSIS Y MODO DE EMPLEO:<\/b><\/p>\n<div style=\"overflow-x: auto;\">\n<table style=\"width: 100%;\">\n<tbody>\n<tr>\n<td style=\"background-color: #353f48;\" width=\"148\"><span style=\"color: #ffffff;\"><strong>CULTIVO<\/strong><\/span><\/td>\n<td style=\"background-color: #353f48;\" width=\"147\"><span style=\"color: #ffffff;\"><strong>MOMENTO DE APLICACI\u00d3N<\/strong><\/span><\/td>\n<td style=\"background-color: #353f48;\" width=\"154\"><span style=\"color: #ffffff;\"><strong>FOLIAR<\/strong><\/span><\/td>\n<td style=\"background-color: #353f48;\" width=\"259\"><span style=\"color: #ffffff;\"><strong>FERTIRRIGACI\u00d3N<\/strong><\/span><\/td>\n<\/tr>\n<tr>\n<td width=\"148\">Frutales<\/td>\n<td rowspan=\"5\" width=\"147\">Durante el ciclo de crecimiento del cultivo<\/td>\n<td rowspan=\"5\" width=\"154\">2 &#8211; 4 litros\/1000 litros<\/td>\n<td rowspan=\"5\" width=\"259\">5 &#8211; 10 litros\/ha cada 7 &#8211; 14 d\u00edas.<\/p>\n<p>Para la mejora de las aguas de riego salinas de 15 &#8211; 60L\/m<sup>3<\/sup>.<\/p>\n<p>Riego superficie y aspersi\u00f3n\/pivot: de 20 -30L\/ha.<\/td>\n<\/tr>\n<tr>\n<td width=\"148\">Hort\u00edcolas<\/td>\n<\/tr>\n<tr>\n<td width=\"148\">Olivo<\/td>\n<\/tr>\n<tr>\n<td width=\"148\">Uva de mesa y vid<\/td>\n<\/tr>\n<tr>\n<td width=\"148\">C\u00edtricos<\/td>\n<\/tr>\n<\/tbody>\n<\/table>\n<\/div>\n<p><span style=\"font-size: 12pt;\"><strong>Composici\u00f3n:<\/strong> calcio y calcio complejado.<\/span><\/p>\n","protected":false},"featured_media":1368,"template":"","meta":{"_joinchat":{"message_send":"Hola, quiero saber m\u00e1s sobre DESALVALLE\u00ae"}},"product_brand":[],"product_cat":[24],"product_tag":[489],"class_list":{"0":"post-692","1":"product","2":"type-product","3":"status-publish","4":"has-post-thumbnail","6":"product_cat-green-line","7":"product_tag-desplazador-de-sales","8":"pa_composicion-calcio","9":"pa_funcion-acondicionadores-de-suelo","10":"pa_funcion-desplazadores-de-sales","12":"first","13":"instock","14":"shipping-taxable","15":"product-type-simple"},"jetpack_sharing_enabled":true,"_links":{"self":[{"href":"https:\/\/www.fervalle.com\/de\/wp-json\/wp\/v2\/product\/692","targetHints":{"allow":["GET"]}}],"collection":[{"href":"https:\/\/www.fervalle.com\/de\/wp-json\/wp\/v2\/product"}],"about":[{"href":"https:\/\/www.fervalle.com\/de\/wp-json\/wp\/v2\/types\/product"}],"version-history":[{"count":8,"href":"https:\/\/www.fervalle.com\/de\/wp-json\/wp\/v2\/product\/692\/revisions"}],"predecessor-version":[{"id":21137,"href":"https:\/\/www.fervalle.com\/de\/wp-json\/wp\/v2\/product\/692\/revisions\/21137"}],"wp:featuredmedia":[{"embeddable":true,"href":"https:\/\/www.fervalle.com\/de\/wp-json\/wp\/v2\/media\/1368"}],"wp:attachment":[{"href":"https:\/\/www.fervalle.com\/de\/wp-json\/wp\/v2\/media?parent=692"}],"wp:term":[{"taxonomy":"product_brand","embeddable":true,"href":"https:\/\/www.fervalle.com\/de\/wp-json\/wp\/v2\/product_brand?post=692"},{"taxonomy":"product_cat","embeddable":true,"href":"https:\/\/www.fervalle.com\/de\/wp-json\/wp\/v2\/product_cat?post=692"},{"taxonomy":"product_tag","embeddable":true,"href":"https:\/\/www.fervalle.com\/de\/wp-json\/wp\/v2\/product_tag?post=692"}],"curies":[{"name":"wp","href":"https:\/\/api.w.org\/{rel}","templated":true}]}}