{"id":1041,"date":"2022-02-18T12:25:04","date_gmt":"2022-02-18T12:25:04","guid":{"rendered":"https:\/\/fervalle.com\/?post_type=product&#038;p=1041"},"modified":"2023-02-05T18:29:55","modified_gmt":"2023-02-05T18:29:55","slug":"ph-valle","status":"publish","type":"product","link":"https:\/\/www.fervalle.com\/de\/produkt\/ph-valle\/","title":{"rendered":"PH VALLE\u00ae"},"content":{"rendered":"","protected":false},"excerpt":{"rendered":"<h2>Triple Acci\u00f3n<\/h2>\n<p style=\"text-align: justify;\">Formulaci\u00f3n nutricional con nitr\u00f3geno y f\u00f3sforo de car\u00e1cter \u00e1cido que gracias a su pH,<strong> disminuye el pH del agua, mejora las aplicaciones foliares, reduce la espuma<\/strong> <strong>y favorece la absorci\u00f3n radicular<\/strong> de los nutrientes por parte de la planta evitando as\u00ed su p\u00e9rdida por lavado.<\/p>\n<p><img decoding=\"async\" class=\"alignnone size-full wp-image-583\" src=\"https:\/\/fervalle.com\/wp-content\/uploads\/2022\/02\/FOLIAR-FERVALLE.jpg\" alt=\"\" width=\"70\" height=\"70\" srcset=\"https:\/\/www.fervalle.com\/wp-content\/uploads\/2022\/02\/FOLIAR-FERVALLE.jpg 70w, https:\/\/www.fervalle.com\/wp-content\/uploads\/2022\/02\/FOLIAR-FERVALLE-64x64.jpg 64w\" sizes=\"(max-width: 70px) 100vw, 70px\" \/><img decoding=\"async\" class=\"alignnone size-full wp-image-568\" src=\"https:\/\/fervalle.com\/wp-content\/uploads\/2022\/02\/fertirrigacion-logo.jpg\" alt=\"\" width=\"70\" height=\"70\" srcset=\"https:\/\/www.fervalle.com\/wp-content\/uploads\/2022\/02\/fertirrigacion-logo.jpg 70w, https:\/\/www.fervalle.com\/wp-content\/uploads\/2022\/02\/fertirrigacion-logo-64x64.jpg 64w\" sizes=\"(max-width: 70px) 100vw, 70px\" \/>\u00a0\u00a0<img decoding=\"async\" class=\"alignnone size-full wp-image-569\" src=\"https:\/\/fervalle.com\/wp-content\/uploads\/2022\/02\/residuo-cero.jpg\" alt=\"\" width=\"70\" height=\"70\" srcset=\"https:\/\/www.fervalle.com\/wp-content\/uploads\/2022\/02\/residuo-cero.jpg 70w, https:\/\/www.fervalle.com\/wp-content\/uploads\/2022\/02\/residuo-cero-64x64.jpg 64w\" sizes=\"(max-width: 70px) 100vw, 70px\" \/><\/p>\n<p><span style=\"font-size: 12pt;\"><strong>VENTAJAS Y BENEFICIOS:<\/strong><\/span><\/p>\n<ul>\n<li>Modifica las condiciones del suelo gracias a su car\u00e1cter \u00e1cido.<\/li>\n<li>Favorece la absorci\u00f3n radicular de nutrientes esenciales.<\/li>\n<\/ul>\n<p><b>DOSIS Y MODO DE EMPLEO:<\/b><\/p>\n<div style=\"overflow-x:auto;\">\n<table style=\"width: 100%;\">\n<tbody>\n<tr>\n<td style=\"background-color: #232230;\" width=\"260\"><span style=\"color: #ffffff;\"><strong>\u00a0<\/strong><\/span><\/td>\n<td style=\"background-color: #232230;\" width=\"455\"><span style=\"color: #ffffff;\"><strong>PARA OBTENER UN PH 6,5 &#8211; 6<\/strong><\/span><\/td>\n<\/tr>\n<tr>\n<td width=\"260\">Agua de riego<\/td>\n<td width=\"455\">Para acidificar aguas de pH 8 a 9 aplicar de 0,5 \u2013 0,6 litros\/1000 litros de agua<\/td>\n<\/tr>\n<tr>\n<td width=\"260\">Agua de riego<\/td>\n<td width=\"455\">Para acidificar aguas de pH 9 a 10 aplicar de 0,6 \u2013 0,7 litros\/1000 litros de agua<\/td>\n<\/tr>\n<tr>\n<td width=\"260\">Agua de riego<\/td>\n<td width=\"455\">Para acidificar aguas de pH 10 a 11 aplicar de 0,8 \u2013 1 litros\/1000 litros de agua<\/td>\n<\/tr>\n<tr>\n<td width=\"260\">Fertirrigaci\u00f3n en todo tipo de cultivos<\/td>\n<td width=\"455\">Aplicar una dosis de 1 \u2013 1,5 litros\/ha<\/td>\n<\/tr>\n<\/tbody>\n<\/table>\n<\/div>\n<p><span style=\"font-size: 12pt;\"><strong>Composici\u00f3n:<\/strong> Nitr\u00f3geno y f\u00f3sforo.<\/span><\/p>\n","protected":false},"featured_media":1279,"template":"","meta":{"_joinchat":[]},"product_brand":[],"product_cat":[29],"product_tag":[859],"class_list":{"0":"post-1041","1":"product","2":"type-product","3":"status-publish","4":"has-post-thumbnail","6":"product_cat-red-line","7":"product_tag-correctores-ph","8":"pa_composicion-fosforo","9":"pa_composicion-nitrogeno","10":"pa_funcion-acondicionadores-de-agua","11":"pa_funcion-correctores-ph","12":"pa_funcion-tratamiento-de-aguas","14":"first","15":"instock","16":"shipping-taxable","17":"product-type-simple"},"jetpack_sharing_enabled":true,"_links":{"self":[{"href":"https:\/\/www.fervalle.com\/de\/wp-json\/wp\/v2\/product\/1041","targetHints":{"allow":["GET"]}}],"collection":[{"href":"https:\/\/www.fervalle.com\/de\/wp-json\/wp\/v2\/product"}],"about":[{"href":"https:\/\/www.fervalle.com\/de\/wp-json\/wp\/v2\/types\/product"}],"version-history":[{"count":6,"href":"https:\/\/www.fervalle.com\/de\/wp-json\/wp\/v2\/product\/1041\/revisions"}],"predecessor-version":[{"id":7657,"href":"https:\/\/www.fervalle.com\/de\/wp-json\/wp\/v2\/product\/1041\/revisions\/7657"}],"wp:featuredmedia":[{"embeddable":true,"href":"https:\/\/www.fervalle.com\/de\/wp-json\/wp\/v2\/media\/1279"}],"wp:attachment":[{"href":"https:\/\/www.fervalle.com\/de\/wp-json\/wp\/v2\/media?parent=1041"}],"wp:term":[{"taxonomy":"product_brand","embeddable":true,"href":"https:\/\/www.fervalle.com\/de\/wp-json\/wp\/v2\/product_brand?post=1041"},{"taxonomy":"product_cat","embeddable":true,"href":"https:\/\/www.fervalle.com\/de\/wp-json\/wp\/v2\/product_cat?post=1041"},{"taxonomy":"product_tag","embeddable":true,"href":"https:\/\/www.fervalle.com\/de\/wp-json\/wp\/v2\/product_tag?post=1041"}],"curies":[{"name":"wp","href":"https:\/\/api.w.org\/{rel}","templated":true}]}}