{"id":30007,"date":"2022-03-02T16:41:30","date_gmt":"2022-03-02T16:41:30","guid":{"rendered":"https:\/\/www.fervalle.com\/zertifizierungen\/"},"modified":"2025-06-03T09:25:39","modified_gmt":"2025-06-03T09:25:39","slug":"zertifizierungen","status":"publish","type":"page","link":"https:\/\/www.fervalle.com\/de\/zertifizierungen\/","title":{"rendered":"Zertifizierungen"},"content":{"rendered":"\t\t<div data-elementor-type=\"wp-page\" data-elementor-id=\"30007\" class=\"elementor elementor-30007 elementor-1648\" data-elementor-post-type=\"page\">\n\t\t\t\t\t\t<section class=\"elementor-section elementor-top-section elementor-element elementor-element-3e36ecd elementor-section-boxed elementor-section-height-default elementor-section-height-default\" data-id=\"3e36ecd\" data-element_type=\"section\" data-e-type=\"section\">\n\t\t\t\t\t\t<div class=\"elementor-container elementor-column-gap-default\">\n\t\t\t\t\t<div class=\"elementor-column elementor-col-50 elementor-top-column elementor-element elementor-element-eca4352\" data-id=\"eca4352\" data-element_type=\"column\" data-e-type=\"column\">\n\t\t\t<div class=\"elementor-widget-wrap elementor-element-populated\">\n\t\t\t\t\t\t<div class=\"elementor-element elementor-element-8cd25f1 elementor-widget elementor-widget-spacer\" data-id=\"8cd25f1\" data-element_type=\"widget\" data-e-type=\"widget\" data-widget_type=\"spacer.default\">\n\t\t\t\t<div class=\"elementor-widget-container\">\n\t\t\t\t\t\t\t<div class=\"elementor-spacer\">\n\t\t\t<div class=\"elementor-spacer-inner\"><\/div>\n\t\t<\/div>\n\t\t\t\t\t\t<\/div>\n\t\t\t\t<\/div>\n\t\t\t\t<div class=\"elementor-element elementor-element-abe5f1b elementor-nav-menu--dropdown-tablet elementor-nav-menu__text-align-aside elementor-nav-menu--toggle elementor-nav-menu--burger elementor-widget elementor-widget-nav-menu\" data-id=\"abe5f1b\" data-element_type=\"widget\" data-e-type=\"widget\" data-settings=\"{&quot;layout&quot;:&quot;horizontal&quot;,&quot;submenu_icon&quot;:{&quot;value&quot;:&quot;&lt;i class=\\&quot;fas fa-caret-down\\&quot; aria-hidden=\\&quot;true\\&quot;&gt;&lt;\\\/i&gt;&quot;,&quot;library&quot;:&quot;fa-solid&quot;},&quot;toggle&quot;:&quot;burger&quot;}\" data-widget_type=\"nav-menu.default\">\n\t\t\t\t<div class=\"elementor-widget-container\">\n\t\t\t\t\t\t\t\t<nav aria-label=\"Men\u00fc\" class=\"elementor-nav-menu--main elementor-nav-menu__container elementor-nav-menu--layout-horizontal e--pointer-underline e--animation-fade\">\n\t\t\t\t<ul id=\"menu-1-abe5f1b\" class=\"elementor-nav-menu\"><li class=\"menu-item menu-item-type-post_type menu-item-object-page menu-item-30378\"><a href=\"https:\/\/www.fervalle.com\/de\/forschung-und-entwicklung\/\" class=\"elementor-item\">Forschung und Entwicklung<\/a><\/li>\n<li class=\"menu-item menu-item-type-post_type menu-item-object-page menu-item-30379\"><a href=\"https:\/\/www.fervalle.com\/de\/zertifizierungen\/\" class=\"elementor-item\">Zertifizierungen<\/a><\/li>\n<li class=\"menu-item menu-item-type-post_type menu-item-object-page menu-item-30380\"><a href=\"https:\/\/www.fervalle.com\/de\/lieferanten\/\" class=\"elementor-item\">Lieferanten<\/a><\/li>\n<\/ul>\t\t\t<\/nav>\n\t\t\t\t\t<div class=\"elementor-menu-toggle\" role=\"button\" tabindex=\"0\" aria-label=\"Men\u00fc Umschalter\" aria-expanded=\"false\">\n\t\t\t<i aria-hidden=\"true\" role=\"presentation\" class=\"elementor-menu-toggle__icon--open eicon-menu-bar\"><\/i><i aria-hidden=\"true\" role=\"presentation\" class=\"elementor-menu-toggle__icon--close eicon-close\"><\/i>\t\t<\/div>\n\t\t\t\t\t<nav class=\"elementor-nav-menu--dropdown elementor-nav-menu__container\" aria-hidden=\"true\">\n\t\t\t\t<ul id=\"menu-2-abe5f1b\" class=\"elementor-nav-menu\"><li class=\"menu-item menu-item-type-post_type menu-item-object-page menu-item-30378\"><a href=\"https:\/\/www.fervalle.com\/de\/forschung-und-entwicklung\/\" class=\"elementor-item\" tabindex=\"-1\">Forschung und Entwicklung<\/a><\/li>\n<li class=\"menu-item menu-item-type-post_type menu-item-object-page menu-item-30379\"><a href=\"https:\/\/www.fervalle.com\/de\/zertifizierungen\/\" class=\"elementor-item\" tabindex=\"-1\">Zertifizierungen<\/a><\/li>\n<li class=\"menu-item menu-item-type-post_type menu-item-object-page menu-item-30380\"><a href=\"https:\/\/www.fervalle.com\/de\/lieferanten\/\" class=\"elementor-item\" tabindex=\"-1\">Lieferanten<\/a><\/li>\n<\/ul>\t\t\t<\/nav>\n\t\t\t\t\t\t<\/div>\n\t\t\t\t<\/div>\n\t\t\t\t\t<\/div>\n\t\t<\/div>\n\t\t\t\t<div class=\"elementor-column elementor-col-50 elementor-top-column elementor-element elementor-element-08ff8bb\" data-id=\"08ff8bb\" data-element_type=\"column\" data-e-type=\"column\">\n\t\t\t<div class=\"elementor-widget-wrap elementor-element-populated\">\n\t\t\t\t\t\t<div class=\"elementor-element elementor-element-631f09e elementor-widget elementor-widget-spacer\" data-id=\"631f09e\" data-element_type=\"widget\" data-e-type=\"widget\" data-widget_type=\"spacer.default\">\n\t\t\t\t<div class=\"elementor-widget-container\">\n\t\t\t\t\t\t\t<div class=\"elementor-spacer\">\n\t\t\t<div class=\"elementor-spacer-inner\"><\/div>\n\t\t<\/div>\n\t\t\t\t\t\t<\/div>\n\t\t\t\t<\/div>\n\t\t\t\t<div class=\"elementor-element elementor-element-d8b6c6a elementor-widget elementor-widget-heading\" data-id=\"d8b6c6a\" data-element_type=\"widget\" data-e-type=\"widget\" data-widget_type=\"heading.default\">\n\t\t\t\t<div class=\"elementor-widget-container\">\n\t\t\t\t\t<h2 class=\"elementor-heading-title elementor-size-default\">Unsere Zertifizierungen<\/h2>\t\t\t\t<\/div>\n\t\t\t\t<\/div>\n\t\t\t\t<div class=\"elementor-element elementor-element-75fb6ce elementor-widget-divider--view-line elementor-widget elementor-widget-divider\" data-id=\"75fb6ce\" data-element_type=\"widget\" data-e-type=\"widget\" data-widget_type=\"divider.default\">\n\t\t\t\t<div class=\"elementor-widget-container\">\n\t\t\t\t\t\t\t<div class=\"elementor-divider\">\n\t\t\t<span class=\"elementor-divider-separator\">\n\t\t\t\t\t\t<\/span>\n\t\t<\/div>\n\t\t\t\t\t\t<\/div>\n\t\t\t\t<\/div>\n\t\t\t\t<div class=\"elementor-element elementor-element-a902dd4 elementor-widget elementor-widget-text-editor\" data-id=\"a902dd4\" data-element_type=\"widget\" data-e-type=\"widget\" data-widget_type=\"text-editor.default\">\n\t\t\t\t<div class=\"elementor-widget-container\">\n\t\t\t\t\t\t\t\t\t<p><span style=\"font-family: helvetica, arial, sans-serif; color: #333333;\"><strong>Produkte f\u00fcr den \u00f6kologischen Landbau<\/strong><\/span><\/p><p><span style=\"font-family: helvetica, arial, sans-serif; color: #333333;\">Produkte, die f\u00fcr die Verwendung in der \u00f6kologischen Landwirtschaft oder im Gartenbau zertifiziert sind, werden je nach Land, in dem das Produkt vermarktet wird, von den wichtigsten Zertifizierungsgesellschaften wie <strong>SOHISCERT, ECOCERT, CAAE<\/strong> zertifiziert.<\/span><\/p><p><span style=\"color: #333333;\"><strong><span style=\"font-family: helvetica, arial, sans-serif;\">Null Abfall<\/span><\/strong><\/span><\/p><p><span style=\"font-family: helvetica, arial, sans-serif; color: #333333;\">Die moderne Landwirtschaft erfordert nicht nur Qualit\u00e4tsprodukte mit effektiven Ergebnissen, sondern auch r\u00fcckstandsfreie Produkte, D\u00fcngemittel, die gesunde landwirtschaftliche Nahrungsmittel erzeugen. Die von Industrias Qu\u00edmicas Fervalle vermarkteten Produkte entsprechen den Vorschriften der Europ\u00e4ischen Union in Bezug auf R\u00fcckst\u00e4nde, so dass wir best\u00e4tigen k\u00f6nnen, dass es sich um r\u00fcckstandsfreie Produkte handelt. <\/span><\/p><p><span style=\"color: #333333;\"><strong><span style=\"font-family: helvetica, arial, sans-serif;\">Respekt f\u00fcr die Umwelt<\/span><\/strong><\/span><\/p><p><span style=\"font-family: helvetica, arial, sans-serif; color: #333333;\">In unseren Prozessen arbeiten wir mit anspruchsvollen, umweltfreundlichen Techniken, von der Forschung bis zum Recycling der Endverpackung, durch die Umweltorganisation ECOEMBES.<\/span><\/p><p><span style=\"color: #333333;\"><strong><span style=\"font-family: helvetica, arial, sans-serif;\">Andere Vorschriften<\/span><\/strong><\/span><\/p><p><span style=\"font-family: helvetica, arial, sans-serif; color: #333333;\">Wir erf\u00fcllen alle notwendigen Vorschriften und Zertifizierungen f\u00fcr die Forschung, Entwicklung und Herstellung von chemischen, organischen, biologischen und \u00f6kologischen Produkten f\u00fcr die Pflanzenern\u00e4hrung und den Pflanzenschutz.<\/span><\/p><p><span style=\"color: #333333;\"><strong><span style=\"font-family: helvetica, arial, sans-serif;\">D\u00fcngemittel und D\u00fcngemittelgesetze und -verordnungen je nach Vermarktungsland.<\/span><\/strong><\/span><\/p><p><span style=\"color: #333333;\"><strong><span style=\"font-family: helvetica, arial, sans-serif;\">Umweltgesetze und -vorschriften.<\/span><\/strong><\/span><\/p><p><span style=\"color: #333333;\"><strong><span style=\"font-family: helvetica, arial, sans-serif;\">Vorschriften und Gesetze zu Chemikalien.<\/span><\/strong><\/span><\/p><p><strong><span style=\"font-family: helvetica, arial, sans-serif;\"><span style=\"color: #333333;\">Verordnungen und Gesetze zu \u00f6kologischen und biologischen Produkten<\/span>.<\/span><\/strong><\/p>\t\t\t\t\t\t\t\t<\/div>\n\t\t\t\t<\/div>\n\t\t\t\t<div class=\"elementor-element elementor-element-e54a965 elementor-widget elementor-widget-spacer\" data-id=\"e54a965\" data-element_type=\"widget\" data-e-type=\"widget\" data-widget_type=\"spacer.default\">\n\t\t\t\t<div class=\"elementor-widget-container\">\n\t\t\t\t\t\t\t<div class=\"elementor-spacer\">\n\t\t\t<div class=\"elementor-spacer-inner\"><\/div>\n\t\t<\/div>\n\t\t\t\t\t\t<\/div>\n\t\t\t\t<\/div>\n\t\t\t\t\t<\/div>\n\t\t<\/div>\n\t\t\t\t\t<\/div>\n\t\t<\/section>\n\t\t\t\t<section class=\"elementor-section elementor-top-section elementor-element elementor-element-b3c6fb8 elementor-section-boxed elementor-section-height-default elementor-section-height-default\" data-id=\"b3c6fb8\" data-element_type=\"section\" data-e-type=\"section\" data-settings=\"{&quot;background_background&quot;:&quot;classic&quot;}\">\n\t\t\t\t\t\t<div class=\"elementor-container elementor-column-gap-default\">\n\t\t\t\t\t<div class=\"elementor-column elementor-col-20 elementor-top-column elementor-element elementor-element-c580f19\" data-id=\"c580f19\" data-element_type=\"column\" data-e-type=\"column\">\n\t\t\t<div class=\"elementor-widget-wrap elementor-element-populated\">\n\t\t\t\t\t\t<div class=\"elementor-element elementor-element-e59c65a elementor-widget elementor-widget-image\" data-id=\"e59c65a\" data-element_type=\"widget\" data-e-type=\"widget\" data-widget_type=\"image.default\">\n\t\t\t\t<div class=\"elementor-widget-container\">\n\t\t\t\t\t\t\t\t\t\t\t\t\t\t\t<img decoding=\"async\" width=\"100\" height=\"100\" src=\"https:\/\/www.fervalle.com\/wp-content\/uploads\/2022\/02\/CAAE-LOGO.png\" class=\"attachment-large size-large wp-image-2993\" alt=\"\" srcset=\"https:\/\/www.fervalle.com\/wp-content\/uploads\/2022\/02\/CAAE-LOGO.png 100w, https:\/\/www.fervalle.com\/wp-content\/uploads\/2022\/02\/CAAE-LOGO-64x64.png 64w\" sizes=\"(max-width: 100px) 100vw, 100px\" \/>\t\t\t\t\t\t\t\t\t\t\t\t\t\t\t<\/div>\n\t\t\t\t<\/div>\n\t\t\t\t\t<\/div>\n\t\t<\/div>\n\t\t\t\t<div class=\"elementor-column elementor-col-20 elementor-top-column elementor-element elementor-element-dacb695\" data-id=\"dacb695\" data-element_type=\"column\" data-e-type=\"column\">\n\t\t\t<div class=\"elementor-widget-wrap elementor-element-populated\">\n\t\t\t\t\t\t<div class=\"elementor-element elementor-element-aafe57b elementor-widget elementor-widget-image\" data-id=\"aafe57b\" data-element_type=\"widget\" data-e-type=\"widget\" data-widget_type=\"image.default\">\n\t\t\t\t<div class=\"elementor-widget-container\">\n\t\t\t\t\t\t\t\t\t\t\t\t\t\t\t<img decoding=\"async\" width=\"100\" height=\"100\" src=\"https:\/\/www.fervalle.com\/wp-content\/uploads\/2022\/02\/SHC-LOGOTIPO.png\" class=\"attachment-large size-large wp-image-2997\" alt=\"\" srcset=\"https:\/\/www.fervalle.com\/wp-content\/uploads\/2022\/02\/SHC-LOGOTIPO.png 100w, https:\/\/www.fervalle.com\/wp-content\/uploads\/2022\/02\/SHC-LOGOTIPO-64x64.png 64w\" sizes=\"(max-width: 100px) 100vw, 100px\" \/>\t\t\t\t\t\t\t\t\t\t\t\t\t\t\t<\/div>\n\t\t\t\t<\/div>\n\t\t\t\t\t<\/div>\n\t\t<\/div>\n\t\t\t\t<div class=\"elementor-column elementor-col-20 elementor-top-column elementor-element elementor-element-2a6d5c8\" data-id=\"2a6d5c8\" data-element_type=\"column\" data-e-type=\"column\">\n\t\t\t<div class=\"elementor-widget-wrap elementor-element-populated\">\n\t\t\t\t\t\t<div class=\"elementor-element elementor-element-ef4f678 elementor-widget elementor-widget-image\" data-id=\"ef4f678\" data-element_type=\"widget\" data-e-type=\"widget\" data-widget_type=\"image.default\">\n\t\t\t\t<div class=\"elementor-widget-container\">\n\t\t\t\t\t\t\t\t\t\t\t\t\t\t\t<img decoding=\"async\" width=\"100\" height=\"100\" src=\"https:\/\/www.fervalle.com\/wp-content\/uploads\/2022\/02\/ACOCERT-LOGO.png\" class=\"attachment-large size-large wp-image-3001\" alt=\"\" srcset=\"https:\/\/www.fervalle.com\/wp-content\/uploads\/2022\/02\/ACOCERT-LOGO.png 100w, https:\/\/www.fervalle.com\/wp-content\/uploads\/2022\/02\/ACOCERT-LOGO-64x64.png 64w\" sizes=\"(max-width: 100px) 100vw, 100px\" \/>\t\t\t\t\t\t\t\t\t\t\t\t\t\t\t<\/div>\n\t\t\t\t<\/div>\n\t\t\t\t\t<\/div>\n\t\t<\/div>\n\t\t\t\t<div class=\"elementor-column elementor-col-20 elementor-top-column elementor-element elementor-element-f128087\" data-id=\"f128087\" data-element_type=\"column\" data-e-type=\"column\">\n\t\t\t<div class=\"elementor-widget-wrap elementor-element-populated\">\n\t\t\t\t\t\t<div class=\"elementor-element elementor-element-00bb360 elementor-widget elementor-widget-image\" data-id=\"00bb360\" data-element_type=\"widget\" data-e-type=\"widget\" data-widget_type=\"image.default\">\n\t\t\t\t<div class=\"elementor-widget-container\">\n\t\t\t\t\t\t\t\t\t\t\t\t\t\t\t<img loading=\"lazy\" decoding=\"async\" width=\"100\" height=\"100\" src=\"https:\/\/www.fervalle.com\/wp-content\/uploads\/2022\/02\/SIGFITO-LOGO.png\" class=\"attachment-large size-large wp-image-3005\" alt=\"\" srcset=\"https:\/\/www.fervalle.com\/wp-content\/uploads\/2022\/02\/SIGFITO-LOGO.png 100w, https:\/\/www.fervalle.com\/wp-content\/uploads\/2022\/02\/SIGFITO-LOGO-64x64.png 64w\" sizes=\"(max-width: 100px) 100vw, 100px\" \/>\t\t\t\t\t\t\t\t\t\t\t\t\t\t\t<\/div>\n\t\t\t\t<\/div>\n\t\t\t\t\t<\/div>\n\t\t<\/div>\n\t\t\t\t<div class=\"elementor-column elementor-col-20 elementor-top-column elementor-element elementor-element-76c8735\" data-id=\"76c8735\" data-element_type=\"column\" data-e-type=\"column\">\n\t\t\t<div class=\"elementor-widget-wrap elementor-element-populated\">\n\t\t\t\t\t\t<div class=\"elementor-element elementor-element-497f4ca elementor-widget elementor-widget-image\" data-id=\"497f4ca\" data-element_type=\"widget\" data-e-type=\"widget\" data-widget_type=\"image.default\">\n\t\t\t\t<div class=\"elementor-widget-container\">\n\t\t\t\t\t\t\t\t\t\t\t\t\t\t\t<img loading=\"lazy\" decoding=\"async\" width=\"100\" height=\"100\" src=\"https:\/\/www.fervalle.com\/wp-content\/uploads\/2022\/02\/demeter-logo.png\" class=\"attachment-large size-large wp-image-3009\" alt=\"Fertilizantes Biodin\u00e1micos demeter\" srcset=\"https:\/\/www.fervalle.com\/wp-content\/uploads\/2022\/02\/demeter-logo.png 100w, https:\/\/www.fervalle.com\/wp-content\/uploads\/2022\/02\/demeter-logo-64x64.png 64w\" sizes=\"(max-width: 100px) 100vw, 100px\" \/>\t\t\t\t\t\t\t\t\t\t\t\t\t\t\t<\/div>\n\t\t\t\t<\/div>\n\t\t\t\t\t<\/div>\n\t\t<\/div>\n\t\t\t\t\t<\/div>\n\t\t<\/section>\n\t\t\t\t<section class=\"elementor-section elementor-top-section elementor-element elementor-element-646b574 elementor-section-boxed elementor-section-height-default elementor-section-height-default\" data-id=\"646b574\" data-element_type=\"section\" data-e-type=\"section\">\n\t\t\t\t\t\t<div class=\"elementor-container elementor-column-gap-default\">\n\t\t\t\t\t<div class=\"elementor-column elementor-col-100 elementor-top-column elementor-element elementor-element-502d0be\" data-id=\"502d0be\" data-element_type=\"column\" data-e-type=\"column\">\n\t\t\t<div class=\"elementor-widget-wrap elementor-element-populated\">\n\t\t\t\t\t\t<div class=\"elementor-element elementor-element-bbfaddf elementor-widget elementor-widget-spacer\" data-id=\"bbfaddf\" data-element_type=\"widget\" data-e-type=\"widget\" data-widget_type=\"spacer.default\">\n\t\t\t\t<div class=\"elementor-widget-container\">\n\t\t\t\t\t\t\t<div class=\"elementor-spacer\">\n\t\t\t<div class=\"elementor-spacer-inner\"><\/div>\n\t\t<\/div>\n\t\t\t\t\t\t<\/div>\n\t\t\t\t<\/div>\n\t\t\t\t\t<\/div>\n\t\t<\/div>\n\t\t\t\t\t<\/div>\n\t\t<\/section>\n\t\t\t\t<\/div>\n\t\t","protected":false},"excerpt":{"rendered":"<p>Unsere Zertifizierungen Produkte f\u00fcr den \u00f6kologischen Landbau Produkte, die f\u00fcr die Verwendung in der \u00f6kologischen Landwirtschaft oder im Gartenbau zertifiziert sind, werden je nach Land, in dem das Produkt vermarktet wird, von den wichtigsten Zertifizierungsgesellschaften wie SOHISCERT, ECOCERT, CAAE zertifiziert. Null Abfall Die moderne Landwirtschaft erfordert nicht nur Qualit\u00e4tsprodukte mit effektiven Ergebnissen, sondern auch r\u00fcckstandsfreie &#8230; <a title=\"Zertifizierungen\" class=\"read-more\" href=\"https:\/\/www.fervalle.com\/de\/zertifizierungen\/\" aria-label=\"Mehr zu Zertifizierungen\">Weiterlesen &#8230;<\/a><\/p>\n","protected":false},"author":1,"featured_media":0,"parent":0,"menu_order":0,"comment_status":"closed","ping_status":"closed","template":"elementor_header_footer","meta":{"_joinchat":[],"footnotes":""},"class_list":["post-30007","page","type-page","status-publish"],"jetpack_sharing_enabled":true,"_links":{"self":[{"href":"https:\/\/www.fervalle.com\/de\/wp-json\/wp\/v2\/pages\/30007","targetHints":{"allow":["GET"]}}],"collection":[{"href":"https:\/\/www.fervalle.com\/de\/wp-json\/wp\/v2\/pages"}],"about":[{"href":"https:\/\/www.fervalle.com\/de\/wp-json\/wp\/v2\/types\/page"}],"author":[{"embeddable":true,"href":"https:\/\/www.fervalle.com\/de\/wp-json\/wp\/v2\/users\/1"}],"replies":[{"embeddable":true,"href":"https:\/\/www.fervalle.com\/de\/wp-json\/wp\/v2\/comments?post=30007"}],"version-history":[{"count":1,"href":"https:\/\/www.fervalle.com\/de\/wp-json\/wp\/v2\/pages\/30007\/revisions"}],"predecessor-version":[{"id":30008,"href":"https:\/\/www.fervalle.com\/de\/wp-json\/wp\/v2\/pages\/30007\/revisions\/30008"}],"wp:attachment":[{"href":"https:\/\/www.fervalle.com\/de\/wp-json\/wp\/v2\/media?parent=30007"}],"curies":[{"name":"wp","href":"https:\/\/api.w.org\/{rel}","templated":true}]}}