{"id":29969,"date":"2021-12-21T09:14:14","date_gmt":"2021-12-21T09:14:14","guid":{"rendered":"https:\/\/www.fervalle.com\/datenschutzbestimmungen\/"},"modified":"2025-06-03T09:25:12","modified_gmt":"2025-06-03T09:25:12","slug":"datenschutzbestimmungen","status":"publish","type":"page","link":"https:\/\/www.fervalle.com\/de\/datenschutzbestimmungen\/","title":{"rendered":"Datenschutzbestimmungen"},"content":{"rendered":"\t\t<div data-elementor-type=\"wp-page\" data-elementor-id=\"29969\" class=\"elementor elementor-29969 elementor-494\" data-elementor-post-type=\"page\">\n\t\t\t\t\t\t<section class=\"elementor-section elementor-top-section elementor-element elementor-element-3cc8311 elementor-section-boxed elementor-section-height-default elementor-section-height-default\" data-id=\"3cc8311\" data-element_type=\"section\" data-e-type=\"section\">\n\t\t\t\t\t\t<div class=\"elementor-container elementor-column-gap-default\">\n\t\t\t\t\t<div class=\"elementor-column elementor-col-50 elementor-top-column elementor-element elementor-element-4de2eda\" data-id=\"4de2eda\" data-element_type=\"column\" data-e-type=\"column\">\n\t\t\t<div class=\"elementor-widget-wrap\">\n\t\t\t\t\t\t\t<\/div>\n\t\t<\/div>\n\t\t\t\t<div class=\"elementor-column elementor-col-50 elementor-top-column elementor-element elementor-element-c6bbff6\" data-id=\"c6bbff6\" data-element_type=\"column\" data-e-type=\"column\">\n\t\t\t<div class=\"elementor-widget-wrap elementor-element-populated\">\n\t\t\t\t\t\t<div class=\"elementor-element elementor-element-9b9e2ed elementor-hidden-tablet elementor-hidden-mobile elementor-widget elementor-widget-spacer\" data-id=\"9b9e2ed\" data-element_type=\"widget\" data-e-type=\"widget\" data-widget_type=\"spacer.default\">\n\t\t\t\t<div class=\"elementor-widget-container\">\n\t\t\t\t\t\t\t<div class=\"elementor-spacer\">\n\t\t\t<div class=\"elementor-spacer-inner\"><\/div>\n\t\t<\/div>\n\t\t\t\t\t\t<\/div>\n\t\t\t\t<\/div>\n\t\t\t\t<div class=\"elementor-element elementor-element-38c2897 elementor-widget elementor-widget-heading\" data-id=\"38c2897\" data-element_type=\"widget\" data-e-type=\"widget\" data-widget_type=\"heading.default\">\n\t\t\t\t<div class=\"elementor-widget-container\">\n\t\t\t\t\t<h2 class=\"elementor-heading-title elementor-size-default\">Datenschutzbestimmungen<\/h2>\t\t\t\t<\/div>\n\t\t\t\t<\/div>\n\t\t\t\t<div class=\"elementor-element elementor-element-6d9472d elementor-widget-divider--view-line elementor-widget elementor-widget-divider\" data-id=\"6d9472d\" data-element_type=\"widget\" data-e-type=\"widget\" data-widget_type=\"divider.default\">\n\t\t\t\t<div class=\"elementor-widget-container\">\n\t\t\t\t\t\t\t<div class=\"elementor-divider\">\n\t\t\t<span class=\"elementor-divider-separator\">\n\t\t\t\t\t\t<\/span>\n\t\t<\/div>\n\t\t\t\t\t\t<\/div>\n\t\t\t\t<\/div>\n\t\t\t\t<div class=\"elementor-element elementor-element-53e47e5 elementor-widget elementor-widget-text-editor\" data-id=\"53e47e5\" data-element_type=\"widget\" data-e-type=\"widget\" data-widget_type=\"text-editor.default\">\n\t\t\t\t<div class=\"elementor-widget-container\">\n\t\t\t\t\t\t\t\t\t<ol>\n<li><strong><span style=\"color: #333333; font-family: helvetica, arial, sans-serif;\">BENUTZERINFORMATIONEN<\/span><\/strong><\/li>\n<\/ol>\n<p><span style=\"color: #333333; font-family: helvetica, arial, sans-serif;\"><strong>INDUSTRIAS QUIMICAS FERVALLE, S.L.<\/strong>, im Folgenden VERANTWORTLICHER, ist der Verantwortliche f\u00fcr die Verarbeitung der personenbezogenen Daten des Nutzers und informiert Sie dar\u00fcber, dass diese Daten gem\u00e4\u00df den Bestimmungen der Verordnung (EU) 2016\/679 vom 27. April 2016 (GDPR) zum Schutz nat\u00fcrlicher Personen bei der Verarbeitung personenbezogener Daten und zum freien Datenverkehr verarbeitet werden, weshalb Sie die folgenden Informationen zur Verarbeitung erhalten:<\/span><\/p>\n<p><span style=\"color: #333333; font-family: helvetica, arial, sans-serif;\"><strong>Zweck der Verarbeitung<\/strong>: zur Verwaltung der vertraglichen Beziehung, die uns bindet, zur Verwaltung der Zusendung der angeforderten Informationen, um Interessenten Angebote f\u00fcr unsere Dienstleistungen und\/oder Produkte, die f\u00fcr sie von Interesse sind, zukommen zu lassen.<\/span><\/p>\n<p><span style=\"color: #333333; font-family: helvetica, arial, sans-serif;\"><strong>Rechtm\u00e4\u00dfigkeit der Verarbeitung:<\/strong> Die Rechtsgrundlage f\u00fcr die Verarbeitung Ihrer personenbezogenen Daten kann die Erf\u00fcllung eines potenziellen und\/oder abgeschlossenen Vertragsverh\u00e4ltnisses, ein berechtigtes Interesse, eine gesetzliche Erm\u00e4chtigung und\/oder die Einwilligung der betroffenen Person selbst sein.<\/span><\/p>\n<p><strong style=\"color: rgb(51, 51, 51); font-family: helvetica, arial, sans-serif;\">Kriterien f\u00fcr die Datenaufbewahrung<\/strong><span style=\"color: rgb(51, 51, 51); font-family: helvetica, arial, sans-serif; font-weight: var( --e-global-typography-text-font-weight );\">Die Daten werden so lange aufbewahrt, wie ein beiderseitiges Interesse an der Aufrechterhaltung des Zwecks der Verarbeitung besteht. Wenn sie f\u00fcr diesen Zweck nicht mehr ben\u00f6tigt werden, werden sie mit geeigneten Sicherheitsma\u00dfnahmen gel\u00f6scht, um die Pseudonymisierung der Daten oder die vollst\u00e4ndige Vernichtung der Daten zu gew\u00e4hrleisten.<\/span><\/p>\n<p><span style=\"color: #333333; font-family: helvetica, arial, sans-serif;\"><strong>\u00dcbermittlung von Daten<\/strong>: <\/span><font color=\"#333333\" face=\"helvetica, arial, sans-serif\">Die Daten k\u00f6nnen zum gleichen Zweck an unsere Vertriebspartner weitergegeben werden.<\/font><\/p>\n<p><span style=\"color: #333333; font-family: helvetica, arial, sans-serif;\"><strong>Rechte des Nutzers<\/strong>:<\/span><\/p>\n<p><span style=\"color: #333333; font-family: helvetica, arial, sans-serif;\">Recht auf jederzeitigen Widerruf der Zustimmung.<\/span><\/p>\n<p><span style=\"color: #333333; font-family: helvetica, arial, sans-serif;\">Das Recht auf Zugang, Berichtigung, \u00dcbertragbarkeit und L\u00f6schung Ihrer Daten sowie das Recht, die Verarbeitung einzuschr\u00e4nken oder ihr zu widersprechen.<\/span><\/p>\n<p><span style=\"color: #333333; font-family: helvetica, arial, sans-serif;\">Das Recht, eine Beschwerde bei der Aufsichtsbeh\u00f6rde (agpd.es) einzureichen, wenn Sie der Meinung sind, dass die Verarbeitung nicht mit den geltenden Vorschriften \u00fcbereinstimmt.<\/span><\/p>\n<p><span style=\"color: #333333; font-family: helvetica, arial, sans-serif;\"><strong>Kontaktinformationen f\u00fcr die Aus\u00fcbung Ihrer Rechte<\/strong>:<\/span><\/p>\n<p><span style=\"color: #333333; font-family: helvetica, arial, sans-serif;\">Postanschrift: INDUSTRIAS QUIMICAS FERVALLE, S.L.. Calle Chile, 15, &#8211; 30600 Archena (Murcia). E-Mail: info@fervalle.com  <\/span><\/p>\n<p><\/p>\n<ol start=\"2\">\n<li><strong><span style=\"color: #333333; font-family: helvetica, arial, sans-serif;\">OBLIGATORISCHER ODER FAKULTATIVER CHARAKTER DER VOM BENUTZER BEREITGESTELLTEN INFORMATIONEN<\/span><\/strong><\/li>\n<\/ol>\n<p><span style=\"color: #333333; font-family: helvetica, arial, sans-serif;\">Mit dem Ankreuzen der entsprechenden K\u00e4stchen und der Eingabe von Daten in die mit einem Sternchen (*) gekennzeichneten Felder im Kontaktformular oder in Download-Formularen akzeptiert der Nutzer ausdr\u00fccklich und frei und unmissverst\u00e4ndlich, dass seine Daten notwendig sind, um seine Anfrage zu erf\u00fcllen, und zwar durch den Anbieter, wobei die Aufnahme von Daten in die \u00fcbrigen Felder freiwillig ist. Der Nutzer garantiert, dass die pers\u00f6nlichen Daten, die er dem VERANTWORTLICHEN zur Verf\u00fcgung stellt, der Wahrheit entsprechen und ist daf\u00fcr verantwortlich, alle \u00c4nderungen daran mitzuteilen. <\/span><\/p>\n<p><span style=\"color: #333333; font-family: helvetica, arial, sans-serif;\">Der VERANTWORTLICHE informiert und garantiert den Nutzern ausdr\u00fccklich, dass ihre pers\u00f6nlichen Daten unter keinen Umst\u00e4nden an Dritte weitergegeben werden und dass bei jeder Art der Weitergabe von pers\u00f6nlichen Daten zuvor die ausdr\u00fcckliche, informierte und unmissverst\u00e4ndliche Zustimmung der Nutzer eingeholt wird. Alle \u00fcber die Website abgefragten Daten sind obligatorisch, da sie f\u00fcr die Bereitstellung eines optimalen Service f\u00fcr den Nutzer erforderlich sind. Falls nicht alle Daten angegeben werden, kann nicht garantiert werden, dass die angebotenen Informationen und Dienstleistungen vollst\u00e4ndig auf Ihre Bed\u00fcrfnisse zugeschnitten sind.  <\/span><\/p>\n<p><\/p>\n<ol start=\"3\">\n<li><strong><span style=\"color: #333333; font-family: helvetica, arial, sans-serif;\">SICHERHEITSMASSNAHMEN<\/span><\/strong><\/li>\n<\/ol>\n<p><span style=\"color: #333333; font-family: helvetica, arial, sans-serif;\">dass der VERANTWORTLICHE in \u00dcbereinstimmung mit den Bestimmungen der geltenden Vorschriften zum Schutz personenbezogener Daten alle Bestimmungen der DSGVO f\u00fcr die Verarbeitung personenbezogener Daten unter seiner Verantwortung einh\u00e4lt und offensichtlich die in Artikel 5 der DSGVO beschriebenen Grunds\u00e4tze einh\u00e4lt, wonach die Daten rechtm\u00e4\u00dfig, nach Treu und Glauben und in transparenter Weise gegen\u00fcber der betroffenen Person verarbeitet werden und den Zwecken, f\u00fcr die sie verarbeitet werden, entsprechen, daf\u00fcr erheblich sind und auf das Notwendige beschr\u00e4nkt sind.<\/span><\/p>\n<p><span style=\"color: rgb(51, 51, 51); font-family: helvetica, arial, sans-serif; font-weight: var( --e-global-typography-text-font-weight );\">Die VERANTWORTLICHE PARTEI gew\u00e4hrleistet, dass sie geeignete technische und organisatorische Ma\u00dfnahmen zur Umsetzung der in der DSGVO festgelegten Sicherheitsma\u00dfnahmen zum Schutz der Rechte und Freiheiten der Nutzer ergriffen hat und den Nutzern geeignete Informationen mitgeteilt hat, damit sie diese Rechte und Freiheiten aus\u00fcben k\u00f6nnen.<\/span><\/p>\n<p><\/p>\n<p><font color=\"#333333\" face=\"helvetica, arial, sans-serif\">09\/03\/2023<\/font><br><\/p>\n<p><\/p>\t\t\t\t\t\t\t\t<\/div>\n\t\t\t\t<\/div>\n\t\t\t\t\t<\/div>\n\t\t<\/div>\n\t\t\t\t\t<\/div>\n\t\t<\/section>\n\t\t\t\t<section class=\"elementor-section elementor-top-section elementor-element elementor-element-3ddd588 elementor-section-boxed elementor-section-height-default elementor-section-height-default\" data-id=\"3ddd588\" data-element_type=\"section\" data-e-type=\"section\">\n\t\t\t\t\t\t<div class=\"elementor-container elementor-column-gap-default\">\n\t\t\t\t\t<div class=\"elementor-column elementor-col-100 elementor-top-column elementor-element elementor-element-9ac9bd3\" data-id=\"9ac9bd3\" data-element_type=\"column\" data-e-type=\"column\">\n\t\t\t<div class=\"elementor-widget-wrap\">\n\t\t\t\t\t\t\t<\/div>\n\t\t<\/div>\n\t\t\t\t\t<\/div>\n\t\t<\/section>\n\t\t\t\t<\/div>\n\t\t","protected":false},"excerpt":{"rendered":"<p>Datenschutzbestimmungen BENUTZERINFORMATIONEN INDUSTRIAS QUIMICAS FERVALLE, S.L., im Folgenden VERANTWORTLICHER, ist der Verantwortliche f\u00fcr die Verarbeitung der personenbezogenen Daten des Nutzers und informiert Sie dar\u00fcber, dass diese Daten gem\u00e4\u00df den Bestimmungen der Verordnung (EU) 2016\/679 vom 27. April 2016 (GDPR) zum Schutz nat\u00fcrlicher Personen bei der Verarbeitung personenbezogener Daten und zum freien Datenverkehr verarbeitet werden, weshalb &#8230; <a title=\"Datenschutzbestimmungen\" class=\"read-more\" href=\"https:\/\/www.fervalle.com\/de\/datenschutzbestimmungen\/\" aria-label=\"Mehr zu Datenschutzbestimmungen\">Weiterlesen &#8230;<\/a><\/p>\n","protected":false},"author":1,"featured_media":0,"parent":0,"menu_order":0,"comment_status":"closed","ping_status":"closed","template":"elementor_header_footer","meta":{"_joinchat":[],"footnotes":""},"class_list":["post-29969","page","type-page","status-publish"],"jetpack_sharing_enabled":true,"_links":{"self":[{"href":"https:\/\/www.fervalle.com\/de\/wp-json\/wp\/v2\/pages\/29969","targetHints":{"allow":["GET"]}}],"collection":[{"href":"https:\/\/www.fervalle.com\/de\/wp-json\/wp\/v2\/pages"}],"about":[{"href":"https:\/\/www.fervalle.com\/de\/wp-json\/wp\/v2\/types\/page"}],"author":[{"embeddable":true,"href":"https:\/\/www.fervalle.com\/de\/wp-json\/wp\/v2\/users\/1"}],"replies":[{"embeddable":true,"href":"https:\/\/www.fervalle.com\/de\/wp-json\/wp\/v2\/comments?post=29969"}],"version-history":[{"count":1,"href":"https:\/\/www.fervalle.com\/de\/wp-json\/wp\/v2\/pages\/29969\/revisions"}],"predecessor-version":[{"id":29971,"href":"https:\/\/www.fervalle.com\/de\/wp-json\/wp\/v2\/pages\/29969\/revisions\/29971"}],"wp:attachment":[{"href":"https:\/\/www.fervalle.com\/de\/wp-json\/wp\/v2\/media?parent=29969"}],"curies":[{"name":"wp","href":"https:\/\/api.w.org\/{rel}","templated":true}]}}