{"id":29887,"date":"2021-12-21T09:10:53","date_gmt":"2021-12-21T09:10:53","guid":{"rendered":"https:\/\/www.fervalle.com\/kommerzielles-netzwerk\/"},"modified":"2025-06-03T09:24:19","modified_gmt":"2025-06-03T09:24:19","slug":"kommerzielles-netzwerk","status":"publish","type":"page","link":"https:\/\/www.fervalle.com\/de\/kommerzielles-netzwerk\/","title":{"rendered":"Kommerzielles Netzwerk"},"content":{"rendered":"\t\t<div data-elementor-type=\"wp-page\" data-elementor-id=\"29887\" class=\"elementor elementor-29887 elementor-474\" data-elementor-post-type=\"page\">\n\t\t\t\t\t\t<section class=\"elementor-section elementor-top-section elementor-element elementor-element-031f41a elementor-section-boxed elementor-section-height-default elementor-section-height-default\" data-id=\"031f41a\" data-element_type=\"section\" data-e-type=\"section\">\n\t\t\t\t\t\t<div class=\"elementor-container elementor-column-gap-default\">\n\t\t\t\t\t<div class=\"elementor-column elementor-col-50 elementor-top-column elementor-element elementor-element-544774b\" data-id=\"544774b\" data-element_type=\"column\" data-e-type=\"column\">\n\t\t\t<div class=\"elementor-widget-wrap elementor-element-populated\">\n\t\t\t\t\t\t<div class=\"elementor-element elementor-element-c441fda elementor-widget elementor-widget-spacer\" data-id=\"c441fda\" data-element_type=\"widget\" data-e-type=\"widget\" data-widget_type=\"spacer.default\">\n\t\t\t\t<div class=\"elementor-widget-container\">\n\t\t\t\t\t\t\t<div class=\"elementor-spacer\">\n\t\t\t<div class=\"elementor-spacer-inner\"><\/div>\n\t\t<\/div>\n\t\t\t\t\t\t<\/div>\n\t\t\t\t<\/div>\n\t\t\t\t<div class=\"elementor-element elementor-element-4bd5092 elementor-nav-menu--dropdown-tablet elementor-nav-menu__text-align-aside elementor-nav-menu--toggle elementor-nav-menu--burger elementor-widget elementor-widget-nav-menu\" data-id=\"4bd5092\" data-element_type=\"widget\" data-e-type=\"widget\" data-settings=\"{&quot;layout&quot;:&quot;horizontal&quot;,&quot;submenu_icon&quot;:{&quot;value&quot;:&quot;&lt;i class=\\&quot;fas fa-caret-down\\&quot; aria-hidden=\\&quot;true\\&quot;&gt;&lt;\\\/i&gt;&quot;,&quot;library&quot;:&quot;fa-solid&quot;},&quot;toggle&quot;:&quot;burger&quot;}\" data-widget_type=\"nav-menu.default\">\n\t\t\t\t<div class=\"elementor-widget-container\">\n\t\t\t\t\t\t\t\t<nav aria-label=\"Men\u00fc\" class=\"elementor-nav-menu--main elementor-nav-menu__container elementor-nav-menu--layout-horizontal e--pointer-underline e--animation-fade\">\n\t\t\t\t<ul id=\"menu-1-4bd5092\" class=\"elementor-nav-menu\"><li class=\"menu-item menu-item-type-post_type menu-item-object-page menu-item-30378\"><a href=\"https:\/\/www.fervalle.com\/de\/forschung-und-entwicklung\/\" class=\"elementor-item\">Forschung und Entwicklung<\/a><\/li>\n<li class=\"menu-item menu-item-type-post_type menu-item-object-page menu-item-30379\"><a href=\"https:\/\/www.fervalle.com\/de\/zertifizierungen\/\" class=\"elementor-item\">Zertifizierungen<\/a><\/li>\n<li class=\"menu-item menu-item-type-post_type menu-item-object-page menu-item-30380\"><a href=\"https:\/\/www.fervalle.com\/de\/lieferanten\/\" class=\"elementor-item\">Lieferanten<\/a><\/li>\n<\/ul>\t\t\t<\/nav>\n\t\t\t\t\t<div class=\"elementor-menu-toggle\" role=\"button\" tabindex=\"0\" aria-label=\"Men\u00fc Umschalter\" aria-expanded=\"false\">\n\t\t\t<i aria-hidden=\"true\" role=\"presentation\" class=\"elementor-menu-toggle__icon--open eicon-menu-bar\"><\/i><i aria-hidden=\"true\" role=\"presentation\" class=\"elementor-menu-toggle__icon--close eicon-close\"><\/i>\t\t<\/div>\n\t\t\t\t\t<nav class=\"elementor-nav-menu--dropdown elementor-nav-menu__container\" aria-hidden=\"true\">\n\t\t\t\t<ul id=\"menu-2-4bd5092\" class=\"elementor-nav-menu\"><li class=\"menu-item menu-item-type-post_type menu-item-object-page menu-item-30378\"><a href=\"https:\/\/www.fervalle.com\/de\/forschung-und-entwicklung\/\" class=\"elementor-item\" tabindex=\"-1\">Forschung und Entwicklung<\/a><\/li>\n<li class=\"menu-item menu-item-type-post_type menu-item-object-page menu-item-30379\"><a href=\"https:\/\/www.fervalle.com\/de\/zertifizierungen\/\" class=\"elementor-item\" tabindex=\"-1\">Zertifizierungen<\/a><\/li>\n<li class=\"menu-item menu-item-type-post_type menu-item-object-page menu-item-30380\"><a href=\"https:\/\/www.fervalle.com\/de\/lieferanten\/\" class=\"elementor-item\" tabindex=\"-1\">Lieferanten<\/a><\/li>\n<\/ul>\t\t\t<\/nav>\n\t\t\t\t\t\t<\/div>\n\t\t\t\t<\/div>\n\t\t\t\t\t<\/div>\n\t\t<\/div>\n\t\t\t\t<div class=\"elementor-column elementor-col-50 elementor-top-column elementor-element elementor-element-21c5d6e\" data-id=\"21c5d6e\" data-element_type=\"column\" data-e-type=\"column\">\n\t\t\t<div class=\"elementor-widget-wrap elementor-element-populated\">\n\t\t\t\t\t\t<div class=\"elementor-element elementor-element-316fc3c elementor-widget elementor-widget-spacer\" data-id=\"316fc3c\" data-element_type=\"widget\" data-e-type=\"widget\" data-widget_type=\"spacer.default\">\n\t\t\t\t<div class=\"elementor-widget-container\">\n\t\t\t\t\t\t\t<div class=\"elementor-spacer\">\n\t\t\t<div class=\"elementor-spacer-inner\"><\/div>\n\t\t<\/div>\n\t\t\t\t\t\t<\/div>\n\t\t\t\t<\/div>\n\t\t\t\t<div class=\"elementor-element elementor-element-12601df elementor-widget elementor-widget-heading\" data-id=\"12601df\" data-element_type=\"widget\" data-e-type=\"widget\" data-widget_type=\"heading.default\">\n\t\t\t\t<div class=\"elementor-widget-container\">\n\t\t\t\t\t<h2 class=\"elementor-heading-title elementor-size-default\">Kommerzielles Netzwerk<\/h2>\t\t\t\t<\/div>\n\t\t\t\t<\/div>\n\t\t\t\t<div class=\"elementor-element elementor-element-1351fc2 elementor-widget-divider--view-line elementor-widget elementor-widget-divider\" data-id=\"1351fc2\" data-element_type=\"widget\" data-e-type=\"widget\" data-widget_type=\"divider.default\">\n\t\t\t\t<div class=\"elementor-widget-container\">\n\t\t\t\t\t\t\t<div class=\"elementor-divider\">\n\t\t\t<span class=\"elementor-divider-separator\">\n\t\t\t\t\t\t<\/span>\n\t\t<\/div>\n\t\t\t\t\t\t<\/div>\n\t\t\t\t<\/div>\n\t\t\t\t<div class=\"elementor-element elementor-element-14c63c3 elementor-widget elementor-widget-text-editor\" data-id=\"14c63c3\" data-element_type=\"widget\" data-e-type=\"widget\" data-widget_type=\"text-editor.default\">\n\t\t\t\t<div class=\"elementor-widget-container\">\n\t\t\t\t\t\t\t\t\t<p style=\"margin-bottom: 0px; padding-bottom: 1em; outline: 0px; background-image: initial; background-position: 0px 0px; background-size: initial; background-repeat: initial; background-attachment: initial; background-origin: initial; background-clip: initial; vertical-align: baseline; text-size-adjust: 100%; font-family: 'Open Sans', Arial, sans-serif; text-align: justify;\">Industrias Qu\u00edmicas Fervalle ist sowohl auf nationaler als auch auf internationaler Ebene vertreten. Seine breite Produktpalette deckt den Bedarf seiner Kunden in mehr als 10 L\u00e4ndern der Welt ab. Dank seiner umfangreichen Erfahrung und der Anpassung jedes seiner Projekte an die Eigenschaften seiner Kunden geh\u00f6rt das Unternehmen zu den f\u00fchrenden Unternehmen in seinem Sektor.<\/p><p style=\"margin-bottom: 0px; padding-bottom: 1em; outline: 0px; background-image: initial; background-position: 0px 0px; background-size: initial; background-repeat: initial; background-attachment: initial; background-origin: initial; background-clip: initial; vertical-align: baseline; text-size-adjust: 100%; font-family: 'Open Sans', Arial, sans-serif; text-align: justify;\">Dank unseres Vertriebsnetzes k\u00f6nnen wir sehr nah an den Bed\u00fcrfnissen unserer Kunden sein und ihnen schnelle und effiziente L\u00f6sungen anbieten.<\/p><p style=\"margin-bottom: 0px; padding-bottom: 1em; outline: 0px; background-image: initial; background-position: 0px 0px; background-size: initial; background-repeat: initial; background-attachment: initial; background-origin: initial; background-clip: initial; vertical-align: baseline; text-size-adjust: 100%; font-family: 'Open Sans', Arial, sans-serif; text-align: justify;\"> <\/p><p style=\"margin-bottom: 0px; padding-bottom: 1em; outline: 0px; background-image: initial; background-position: 0px 0px; background-size: initial; background-repeat: initial; background-attachment: initial; background-origin: initial; background-clip: initial; vertical-align: baseline; text-size-adjust: 100%; font-family: 'Open Sans', Arial, sans-serif; text-align: justify;\"><span style=\"margin: 0px; padding: 0px; border: 0px; outline: 0px; background: 0px 0px; vertical-align: baseline; text-size-adjust: 100%; font-weight: bold;\">DIE DARAN INTERESSIERT SIND, DEM KOMMERZIELLEN NETZWERK VON FERVALLE BEIZUTRETEN ODER PRODUKTE ZU ERWERBEN<\/span><\/p><p style=\"margin-bottom: 0px; outline: 0px; background-image: initial; background-position: 0px 0px; background-size: initial; background-repeat: initial; background-attachment: initial; background-origin: initial; background-clip: initial; vertical-align: baseline; text-size-adjust: 100%; font-family: 'Open Sans', Arial, sans-serif; text-align: justify;\">Bitte geben Sie Ihre Aktivit\u00e4t und Ihre Kontaktdaten an, damit wir schneller und effizienter antworten k\u00f6nnen.<\/p><div style=\"margin: 0px; padding: 31.0781px 0px; border: 0px; outline: 0px; background-image: initial; background-position: center center; background-size: cover; background-repeat: no-repeat; background-attachment: initial; background-origin: initial; background-clip: initial; vertical-align: baseline; text-size-adjust: 100%; position: relative; width: 832.188px; font-family: 'Open Sans', Arial, sans-serif;\"><div style=\"padding: 0px; border: 0px; outline: 0px; background: center center \/ cover; vertical-align: baseline; text-size-adjust: 100%; float: left; position: relative; z-index: 9; width: 832.188px; margin: 0px 0px !important 0px 0px;\"><div style=\"margin: 0px; padding: 0px; border: 0px; outline: 0px; background: center center \/ cover no-repeat; vertical-align: baseline; text-size-adjust: 100%; animation-timing-function: linear; animation-duration: 0.2s;\" data-form_unique_num=\"0\"><div style=\"margin: 0px; padding: 0px; border: 0px; outline: 0px; background: 0px 0px; vertical-align: baseline; text-size-adjust: 100%; position: relative;\"><form style=\"margin: 0px 0px 0px -24.9531px; padding: 0px; border: 0px; outline: 0px; background: 0px 0px; vertical-align: baseline; text-size-adjust: 100%;\" action=\"https:\/\/www.fervalle.com\/empresa\/red-comercial\/\" method=\"post\"><p style=\"margin-bottom: 25.7031px; padding-left: 25.7031px; border-style: solid; border-color: #333333; outline: 0px; background: 0px 0px; vertical-align: baseline; text-size-adjust: 100%; text-align: justify;\" data-id=\"tipo\" data-type=\"radio\"><span style=\"margin: 0px; padding: 0px; border: 0px; outline: 0px; background: 0px 0px; vertical-align: baseline; text-size-adjust: 100%; position: relative; display: block;\"><span style=\"margin: 0px; padding: 0px; border: 0px; outline: 0px; background: 0px 0px; vertical-align: baseline; text-size-adjust: 100%; position: relative; float: left;\"><span style=\"margin: 0px; padding: 0px; border: 0px; outline: 0px; background: 0px 0px; vertical-align: baseline; text-size-adjust: 100%; position: relative; display: block;\"><label style=\"margin: 0px; padding: 0px; border: 0px; outline: 0px; background: 0px 0px; font-size: 21px; vertical-align: middle; text-size-adjust: 100%; position: relative; text-align: left; display: inline-block; min-height: 1.7em; line-height: 1.7em; cursor: pointer; font-weight: 800; letter-spacing: 0px;\" for=\"et_pb_contact_tipo_1_0_0\">FARMER &#8211; WO SIE PRODUKTE KAUFEN K\u00d6NNEN<\/label><\/span><span style=\"margin: 0px; padding: 0px; border: 0px; outline: 0px; background: 0px 0px; vertical-align: baseline; text-size-adjust: 100%; position: relative; display: block;\"><label style=\"margin: 0px; padding: 0px; border: 0px; outline: 0px; background: 0px 0px; font-size: 21px; vertical-align: middle; text-size-adjust: 100%; position: relative; text-align: left; display: inline-block; min-height: 1.7em; line-height: 1.7em; cursor: pointer; font-weight: 800; letter-spacing: 0px;\" for=\"et_pb_contact_tipo_1_0_1\">H\u00c4NDLER &#8211; WERDEN SIE OFFIZIELLER H\u00c4NDLER<\/label><\/span><\/span><\/span><\/p><\/form><\/div><\/div><\/div><\/div>\t\t\t\t\t\t\t\t<\/div>\n\t\t\t\t<\/div>\n\t\t\t\t<div class=\"elementor-element elementor-element-63ccc45 elementor-widget elementor-widget-html\" data-id=\"63ccc45\" data-element_type=\"widget\" data-e-type=\"widget\" data-widget_type=\"html.default\">\n\t\t\t\t<div class=\"elementor-widget-container\">\n\t\t\t\t\t[contact-form-7 id=\"921\" title=\"Verteiler\"]\t\t\t\t<\/div>\n\t\t\t\t<\/div>\n\t\t\t\t\t<\/div>\n\t\t<\/div>\n\t\t\t\t\t<\/div>\n\t\t<\/section>\n\t\t\t\t<\/div>\n\t\t","protected":false},"excerpt":{"rendered":"<p>Kommerzielles Netzwerk Industrias Qu\u00edmicas Fervalle ist sowohl auf nationaler als auch auf internationaler Ebene vertreten. Seine breite Produktpalette deckt den Bedarf seiner Kunden in mehr als 10 L\u00e4ndern der Welt ab. Dank seiner umfangreichen Erfahrung und der Anpassung jedes seiner Projekte an die Eigenschaften seiner Kunden geh\u00f6rt das Unternehmen zu den f\u00fchrenden Unternehmen in seinem &#8230; <a title=\"Kommerzielles Netzwerk\" class=\"read-more\" href=\"https:\/\/www.fervalle.com\/de\/kommerzielles-netzwerk\/\" aria-label=\"Mehr zu Kommerzielles Netzwerk\">Weiterlesen &#8230;<\/a><\/p>\n","protected":false},"author":1,"featured_media":0,"parent":0,"menu_order":0,"comment_status":"closed","ping_status":"closed","template":"elementor_header_footer","meta":{"_joinchat":[],"footnotes":""},"class_list":["post-29887","page","type-page","status-publish"],"jetpack_sharing_enabled":true,"_links":{"self":[{"href":"https:\/\/www.fervalle.com\/de\/wp-json\/wp\/v2\/pages\/29887","targetHints":{"allow":["GET"]}}],"collection":[{"href":"https:\/\/www.fervalle.com\/de\/wp-json\/wp\/v2\/pages"}],"about":[{"href":"https:\/\/www.fervalle.com\/de\/wp-json\/wp\/v2\/types\/page"}],"author":[{"embeddable":true,"href":"https:\/\/www.fervalle.com\/de\/wp-json\/wp\/v2\/users\/1"}],"replies":[{"embeddable":true,"href":"https:\/\/www.fervalle.com\/de\/wp-json\/wp\/v2\/comments?post=29887"}],"version-history":[{"count":1,"href":"https:\/\/www.fervalle.com\/de\/wp-json\/wp\/v2\/pages\/29887\/revisions"}],"predecessor-version":[{"id":29889,"href":"https:\/\/www.fervalle.com\/de\/wp-json\/wp\/v2\/pages\/29887\/revisions\/29889"}],"wp:attachment":[{"href":"https:\/\/www.fervalle.com\/de\/wp-json\/wp\/v2\/media?parent=29887"}],"curies":[{"name":"wp","href":"https:\/\/api.w.org\/{rel}","templated":true}]}}