{"id":812,"date":"2022-02-17T09:48:37","date_gmt":"2022-02-17T09:48:37","guid":{"rendered":"https:\/\/fervalle.com\/?post_type=product&#038;p=812"},"modified":"2022-12-02T15:54:16","modified_gmt":"2022-12-02T15:54:16","slug":"krapton","status":"publish","type":"product","link":"https:\/\/www.fervalle.com\/ar\/krapton\/","title":{"rendered":"KRAPTON\u00ae"},"content":{"rendered":"","protected":false},"excerpt":{"rendered":"<h2 style=\"text-align: justify;\">Formulaci\u00f3n l\u00edquida rica en hierro y \u00e1cidos org\u00e1nicos.<\/h2>\n<p style=\"text-align: justify;\">Formulaci\u00f3n rica en \u00e1cidos org\u00e1nicos, <strong>indicada para transformar los fertilizantes tradicionales menos asimilables<\/strong>, en nutrientes con una mayor biodisponibilidad radicular, es decir, la presencia de hierro y el poder tamponante de la soluci\u00f3n <strong>aumenta la biodisponibilidad de nutrientes esenciales para el crecimiento y desarrollo de la planta.<\/strong><\/p>\n<p><img decoding=\"async\" class=\"alignnone size-full wp-image-582\" src=\"https:\/\/fervalle.com\/wp-content\/uploads\/2022\/02\/ECO-FERVALLE.jpg\" alt=\"\" width=\"70\" height=\"70\" srcset=\"https:\/\/www.fervalle.com\/wp-content\/uploads\/2022\/02\/ECO-FERVALLE.jpg 70w, https:\/\/www.fervalle.com\/wp-content\/uploads\/2022\/02\/ECO-FERVALLE-64x64.jpg 64w\" sizes=\"(max-width: 70px) 100vw, 70px\" \/><img decoding=\"async\" class=\"alignnone size-full wp-image-568\" src=\"https:\/\/fervalle.com\/wp-content\/uploads\/2022\/02\/fertirrigacion-logo.jpg\" alt=\"\" width=\"70\" height=\"70\" srcset=\"https:\/\/www.fervalle.com\/wp-content\/uploads\/2022\/02\/fertirrigacion-logo.jpg 70w, https:\/\/www.fervalle.com\/wp-content\/uploads\/2022\/02\/fertirrigacion-logo-64x64.jpg 64w\" sizes=\"(max-width: 70px) 100vw, 70px\" \/>\u00a0\u00a0<img decoding=\"async\" class=\"alignnone size-full wp-image-569\" src=\"https:\/\/fervalle.com\/wp-content\/uploads\/2022\/02\/residuo-cero.jpg\" alt=\"\" width=\"70\" height=\"70\" srcset=\"https:\/\/www.fervalle.com\/wp-content\/uploads\/2022\/02\/residuo-cero.jpg 70w, https:\/\/www.fervalle.com\/wp-content\/uploads\/2022\/02\/residuo-cero-64x64.jpg 64w\" sizes=\"(max-width: 70px) 100vw, 70px\" \/> <img loading=\"lazy\" decoding=\"async\" class=\"alignnone size-full wp-image-584\" src=\"https:\/\/fervalle.com\/wp-content\/uploads\/2022\/02\/SHC-CERTIFICACION.jpg\" alt=\"\" width=\"70\" height=\"70\" srcset=\"https:\/\/www.fervalle.com\/wp-content\/uploads\/2022\/02\/SHC-CERTIFICACION.jpg 70w, https:\/\/www.fervalle.com\/wp-content\/uploads\/2022\/02\/SHC-CERTIFICACION-64x64.jpg 64w\" sizes=\"(max-width: 70px) 100vw, 70px\" \/>\u00a0 \u00a0\u00a0\u00a0<img loading=\"lazy\" decoding=\"async\" class=\"alignnone size-full wp-image-588\" src=\"https:\/\/fervalle.com\/wp-content\/uploads\/2022\/02\/CAAE-FERVALLE-LOGOTIPO.jpg\" alt=\"\" width=\"70\" height=\"70\" srcset=\"https:\/\/www.fervalle.com\/wp-content\/uploads\/2022\/02\/CAAE-FERVALLE-LOGOTIPO.jpg 70w, https:\/\/www.fervalle.com\/wp-content\/uploads\/2022\/02\/CAAE-FERVALLE-LOGOTIPO-64x64.jpg 64w\" sizes=\"(max-width: 70px) 100vw, 70px\" \/><\/p>\n<p><strong>CERTIFICACIONES PARA AGRICULTURA:<\/strong> ECOL\u00d3GICO.<\/p>\n<p><span style=\"font-size: 12pt;\"><strong>VENTAJAS Y BENEFICIOS:<\/strong><\/span><\/p>\n<ul>\n<li>Modifica las condiciones de pH de la disoluci\u00f3n del suelo permitiendo una mayor liberaci\u00f3n de nutrientes del complejo de cambio.<\/li>\n<li>Aumenta y favorece el crecimiento de poblaciones bacterianas beneficiosas para la planta.<\/li>\n<li>Activa la s\u00edntesis de multitud de prote\u00ednas implicadas en la fotos\u00edntesis.<\/li>\n<\/ul>\n<p><b>DOSIS Y MODO DE EMPLEO:<\/b><\/p>\n<div style=\"overflow-x: auto;\">\n<table style=\"width: 100%;\">\n<tbody>\n<tr>\n<td style=\"background-color: #353f48;\" width=\"154\"><span style=\"color: #ffffff;\"><strong>CULTIVO<\/strong><\/span><\/td>\n<td style=\"background-color: #353f48;\" width=\"212\"><span style=\"color: #ffffff;\"><strong>MOMENTO DE APLICACI\u00d3N<\/strong><\/span><\/td>\n<td style=\"background-color: #353f48;\" width=\"218\"><span style=\"color: #ffffff;\"><strong>FERTIRRIGACI\u00d3N<\/strong><\/span><\/td>\n<\/tr>\n<tr>\n<td width=\"154\">Frutales<\/td>\n<td rowspan=\"6\" width=\"212\">Durante todo el ciclo del cultivo<\/td>\n<td rowspan=\"5\" width=\"218\">&nbsp;<\/p>\n<p>1 &#8211; 2 litros\/ha semanalmente<\/p>\n<p>&nbsp;<\/td>\n<\/tr>\n<tr>\n<td width=\"154\">Hort\u00edcolas<\/td>\n<\/tr>\n<tr>\n<td width=\"154\">Olivo<\/td>\n<\/tr>\n<tr>\n<td width=\"154\">Uva de mesa y vid<\/td>\n<\/tr>\n<tr>\n<td width=\"154\">C\u00edtricos<\/td>\n<\/tr>\n<tr>\n<td width=\"154\">Cultivo hidrop\u00f3nico<\/td>\n<td width=\"218\">2 &#8211; 3 litros\/ha semanalmente<\/td>\n<\/tr>\n<\/tbody>\n<\/table>\n<\/div>\n<p><span style=\"font-size: 12pt;\"><strong>Composici\u00f3n: <\/strong>hierro.<\/span><\/p>\n","protected":false},"featured_media":12158,"template":"","meta":{"_joinchat":[]},"product_brand":[],"product_cat":[28],"product_tag":[460],"class_list":{"0":"post-812","1":"product","2":"type-product","3":"status-publish","4":"has-post-thumbnail","6":"product_cat-star-line","7":"product_tag-potencia-npk-convencionales","8":"pa_composicion-hierro","9":"pa_funcion-acondicionadores-de-suelo","10":"pa_funcion-potenciadores-abonos-npk","12":"first","13":"instock","14":"shipping-taxable","15":"product-type-simple"},"jetpack_sharing_enabled":true,"_links":{"self":[{"href":"https:\/\/www.fervalle.com\/ar\/wp-json\/wp\/v2\/product\/812","targetHints":{"allow":["GET"]}}],"collection":[{"href":"https:\/\/www.fervalle.com\/ar\/wp-json\/wp\/v2\/product"}],"about":[{"href":"https:\/\/www.fervalle.com\/ar\/wp-json\/wp\/v2\/types\/product"}],"version-history":[{"count":6,"href":"https:\/\/www.fervalle.com\/ar\/wp-json\/wp\/v2\/product\/812\/revisions"}],"predecessor-version":[{"id":12166,"href":"https:\/\/www.fervalle.com\/ar\/wp-json\/wp\/v2\/product\/812\/revisions\/12166"}],"wp:featuredmedia":[{"embeddable":true,"href":"https:\/\/www.fervalle.com\/ar\/wp-json\/wp\/v2\/media\/12158"}],"wp:attachment":[{"href":"https:\/\/www.fervalle.com\/ar\/wp-json\/wp\/v2\/media?parent=812"}],"wp:term":[{"taxonomy":"product_brand","embeddable":true,"href":"https:\/\/www.fervalle.com\/ar\/wp-json\/wp\/v2\/product_brand?post=812"},{"taxonomy":"product_cat","embeddable":true,"href":"https:\/\/www.fervalle.com\/ar\/wp-json\/wp\/v2\/product_cat?post=812"},{"taxonomy":"product_tag","embeddable":true,"href":"https:\/\/www.fervalle.com\/ar\/wp-json\/wp\/v2\/product_tag?post=812"}],"curies":[{"name":"wp","href":"https:\/\/api.w.org\/{rel}","templated":true}]}}