{"id":756,"date":"2022-02-16T16:28:32","date_gmt":"2022-02-16T16:28:32","guid":{"rendered":"https:\/\/fervalle.com\/?post_type=product&#038;p=756"},"modified":"2022-08-30T06:03:38","modified_gmt":"2022-08-30T06:03:38","slug":"molibo","status":"publish","type":"product","link":"https:\/\/www.fervalle.com\/ar\/molibo\/","title":{"rendered":"MOLIBO\u00ae"},"content":{"rendered":"","protected":false},"excerpt":{"rendered":"<h2 style=\"text-align: justify;\">Indicado para mejorar, estimular y potenciar diferentes funciones fisiol\u00f3gicas del cultivo.<\/h2>\n<p style=\"text-align: justify;\"><strong>El boro y el molibdeno est\u00e1n implicados en las diferentes fases de desarrollo y crecimiento<\/strong>, como la aparici\u00f3n precoz de polen y un aumento de la floraci\u00f3n y fructificaci\u00f3n. Adem\u00e1s, el molibdeno est\u00e1 directamente implicado en el metabolismo del nitr\u00f3geno y el f\u00f3sforo, ya que \u00e9ste micronutriente forma parte de la estructura de las prote\u00ednas de las bacterias beneficiosas para la planta que, est\u00e1n implicadas en la captaci\u00f3n y absorci\u00f3n de estos.<\/p>\n<p><img decoding=\"async\" class=\"alignnone size-full wp-image-582\" src=\"https:\/\/fervalle.com\/wp-content\/uploads\/2022\/02\/ECO-FERVALLE.jpg\" alt=\"\" width=\"70\" height=\"70\" srcset=\"https:\/\/www.fervalle.com\/wp-content\/uploads\/2022\/02\/ECO-FERVALLE.jpg 70w, https:\/\/www.fervalle.com\/wp-content\/uploads\/2022\/02\/ECO-FERVALLE-64x64.jpg 64w\" sizes=\"(max-width: 70px) 100vw, 70px\" \/><img decoding=\"async\" class=\"alignnone size-full wp-image-583\" src=\"https:\/\/fervalle.com\/wp-content\/uploads\/2022\/02\/FOLIAR-FERVALLE.jpg\" alt=\"\" width=\"70\" height=\"70\" srcset=\"https:\/\/www.fervalle.com\/wp-content\/uploads\/2022\/02\/FOLIAR-FERVALLE.jpg 70w, https:\/\/www.fervalle.com\/wp-content\/uploads\/2022\/02\/FOLIAR-FERVALLE-64x64.jpg 64w\" sizes=\"(max-width: 70px) 100vw, 70px\" \/><img decoding=\"async\" class=\"alignnone size-full wp-image-568\" src=\"https:\/\/fervalle.com\/wp-content\/uploads\/2022\/02\/fertirrigacion-logo.jpg\" alt=\"\" width=\"70\" height=\"70\" srcset=\"https:\/\/www.fervalle.com\/wp-content\/uploads\/2022\/02\/fertirrigacion-logo.jpg 70w, https:\/\/www.fervalle.com\/wp-content\/uploads\/2022\/02\/fertirrigacion-logo-64x64.jpg 64w\" sizes=\"(max-width: 70px) 100vw, 70px\" \/><img loading=\"lazy\" decoding=\"async\" class=\"alignnone size-full wp-image-681\" src=\"https:\/\/fervalle.com\/wp-content\/uploads\/2022\/02\/micronizado.jpg\" alt=\"\" width=\"70\" height=\"70\" \/>\u00a0\u00a0<img loading=\"lazy\" decoding=\"async\" class=\"alignnone size-full wp-image-569\" src=\"https:\/\/fervalle.com\/wp-content\/uploads\/2022\/02\/residuo-cero.jpg\" alt=\"\" width=\"70\" height=\"70\" srcset=\"https:\/\/www.fervalle.com\/wp-content\/uploads\/2022\/02\/residuo-cero.jpg 70w, https:\/\/www.fervalle.com\/wp-content\/uploads\/2022\/02\/residuo-cero-64x64.jpg 64w\" sizes=\"(max-width: 70px) 100vw, 70px\" \/> <img loading=\"lazy\" decoding=\"async\" class=\"alignnone size-full wp-image-584\" src=\"https:\/\/fervalle.com\/wp-content\/uploads\/2022\/02\/SHC-CERTIFICACION.jpg\" alt=\"\" width=\"70\" height=\"70\" srcset=\"https:\/\/www.fervalle.com\/wp-content\/uploads\/2022\/02\/SHC-CERTIFICACION.jpg 70w, https:\/\/www.fervalle.com\/wp-content\/uploads\/2022\/02\/SHC-CERTIFICACION-64x64.jpg 64w\" sizes=\"(max-width: 70px) 100vw, 70px\" \/>\u00a0 \u00a0\u00a0\u00a0<img loading=\"lazy\" decoding=\"async\" class=\"alignnone size-full wp-image-588\" src=\"https:\/\/fervalle.com\/wp-content\/uploads\/2022\/02\/CAAE-FERVALLE-LOGOTIPO.jpg\" alt=\"\" width=\"70\" height=\"70\" srcset=\"https:\/\/www.fervalle.com\/wp-content\/uploads\/2022\/02\/CAAE-FERVALLE-LOGOTIPO.jpg 70w, https:\/\/www.fervalle.com\/wp-content\/uploads\/2022\/02\/CAAE-FERVALLE-LOGOTIPO-64x64.jpg 64w\" sizes=\"(max-width: 70px) 100vw, 70px\" \/><\/p>\n<p><strong>CERTIFICACIONES PARA AGRICULTURA:<\/strong> ECOL\u00d3GICO.<\/p>\n<p><span style=\"font-size: 12pt;\"><strong>VENTAJAS Y BENEFICIOS:<\/strong><\/span><\/p>\n<ul>\n<li>Favorece la captaci\u00f3n de nitr\u00f3geno y f\u00f3sforo a trav\u00e9s de la hoja de la planta.<\/li>\n<li>Promueve el aumento de la floraci\u00f3n.<\/li>\n<li>Potencia la calidad del polen para obtener una fructificaci\u00f3n \u00f3ptima.<\/li>\n<\/ul>\n<p><b>DOSIS Y MODO DE EMPLEO:<\/b><\/p>\n<div style=\"overflow-x:auto;\">\n<table style=\"width: 100%;\">\n<tbody>\n<tr>\n<td style=\"background-color: #353f48;\" width=\"139\"><span style=\"color: #ffffff;\"><strong>CULTIVO<\/strong><\/span><\/td>\n<td style=\"background-color: #353f48;\" width=\"236\"><span style=\"color: #ffffff;\"><strong>MOMENTO DE APLICACI\u00d3N<\/strong><\/span><\/td>\n<td style=\"background-color: #353f48;\" width=\"175\"><span style=\"color: #ffffff;\"><strong>FOLIAR<\/strong><\/span><\/td>\n<td style=\"background-color: #353f48;\" width=\"158\"><span style=\"color: #ffffff;\"><strong>FERTIRRIGACI\u00d3N<\/strong><\/span><\/td>\n<\/tr>\n<tr>\n<td width=\"139\">Frutales<\/td>\n<td width=\"236\">Durante el inicio de la floraci\u00f3n, principio cuajado y hasta la maduraci\u00f3n del fruto<\/td>\n<td rowspan=\"5\" width=\"175\">2 &#8211; 3 kilos\/1000 litros.<\/td>\n<td rowspan=\"5\" width=\"158\">2 &#8211; 4 kilos\/ha.<\/td>\n<\/tr>\n<tr>\n<td width=\"139\">Hort\u00edcolas<\/td>\n<td width=\"236\">Desde el trasplante hasta el fin del ciclo del cultivo<\/td>\n<\/tr>\n<tr>\n<td width=\"139\">Olivo<\/td>\n<td width=\"236\">Desde el inicio de la brotaci\u00f3n hasta la floraci\u00f3n y cuajado del fruto<\/td>\n<\/tr>\n<tr>\n<td width=\"139\">Uva de mesa y vid<\/td>\n<td width=\"236\">Desde la aparici\u00f3n de los botones florales y hasta el cuajado del fruto<\/td>\n<\/tr>\n<tr>\n<td width=\"139\">C\u00edtricos<\/td>\n<td width=\"236\">A partir de la brotaci\u00f3n y durante el proceso de formaci\u00f3n del fruto<\/td>\n<\/tr>\n<\/tbody>\n<\/table>\n<\/div>\n<p><span style=\"font-size: 12pt;\"><strong>Composici\u00f3n:<\/strong> boro y molibdeno.<\/span><\/p>\n","protected":false},"featured_media":1352,"template":"","meta":{"_joinchat":[]},"product_brand":[],"product_cat":[24],"product_tag":[500],"class_list":{"0":"post-756","1":"product","2":"type-product","3":"status-publish","4":"has-post-thumbnail","6":"product_cat-green-line","7":"product_tag-boro-molibdeno","8":"pa_composicion-boro","9":"pa_composicion-molibdeno","10":"pa_funcion-correctores-de-carencias","11":"pa_funcion-potenciadores-abonos-npk","12":"pa_funcion-potenciadores-de-floracion","14":"first","15":"instock","16":"shipping-taxable","17":"product-type-simple"},"jetpack_sharing_enabled":true,"_links":{"self":[{"href":"https:\/\/www.fervalle.com\/ar\/wp-json\/wp\/v2\/product\/756","targetHints":{"allow":["GET"]}}],"collection":[{"href":"https:\/\/www.fervalle.com\/ar\/wp-json\/wp\/v2\/product"}],"about":[{"href":"https:\/\/www.fervalle.com\/ar\/wp-json\/wp\/v2\/types\/product"}],"version-history":[{"count":8,"href":"https:\/\/www.fervalle.com\/ar\/wp-json\/wp\/v2\/product\/756\/revisions"}],"predecessor-version":[{"id":7691,"href":"https:\/\/www.fervalle.com\/ar\/wp-json\/wp\/v2\/product\/756\/revisions\/7691"}],"wp:featuredmedia":[{"embeddable":true,"href":"https:\/\/www.fervalle.com\/ar\/wp-json\/wp\/v2\/media\/1352"}],"wp:attachment":[{"href":"https:\/\/www.fervalle.com\/ar\/wp-json\/wp\/v2\/media?parent=756"}],"wp:term":[{"taxonomy":"product_brand","embeddable":true,"href":"https:\/\/www.fervalle.com\/ar\/wp-json\/wp\/v2\/product_brand?post=756"},{"taxonomy":"product_cat","embeddable":true,"href":"https:\/\/www.fervalle.com\/ar\/wp-json\/wp\/v2\/product_cat?post=756"},{"taxonomy":"product_tag","embeddable":true,"href":"https:\/\/www.fervalle.com\/ar\/wp-json\/wp\/v2\/product_tag?post=756"}],"curies":[{"name":"wp","href":"https:\/\/api.w.org\/{rel}","templated":true}]}}