{"id":716,"date":"2022-02-16T16:08:05","date_gmt":"2022-02-16T16:08:05","guid":{"rendered":"https:\/\/fervalle.com\/?post_type=product&#038;p=716"},"modified":"2022-08-30T06:05:10","modified_gmt":"2022-08-30T06:05:10","slug":"maxamin","status":"publish","type":"product","link":"https:\/\/www.fervalle.com\/ar\/maxamin\/","title":{"rendered":"MAXAMIN\u00ae"},"content":{"rendered":"","protected":false},"excerpt":{"rendered":"<h2 style=\"text-align: justify;\">Formulaci\u00f3n l\u00edquida con amino\u00e1cidos que favorece el desarrollo y crecimiento vegetativo.<\/h2>\n<p style=\"text-align: justify;\"><strong>Formulaci\u00f3n l\u00edquida con un 13% de amino\u00e1cidos libres procedente del hidrolizado de prote\u00ednas.<\/strong> La aplicaci\u00f3n v\u00eda foliar o v\u00eda fertirrigaci\u00f3n implica el aporte directo de una fuente de amino\u00e1cidos para la s\u00edntesis de prote\u00ednas, evitando que la planta tenga que gastar energ\u00eda para la s\u00edntesis de estos. El metabolismo de los amino\u00e1cidos implica una fuente directa de nitr\u00f3geno org\u00e1nico a los \u00f3rganos de la planta que est\u00e1n en crecimiento. Adem\u00e1s, los amino\u00e1cidos act\u00faan como agentes complejantes de macronutrientes y micronutrientes esenciales para la planta.<\/p>\n<p><img decoding=\"async\" class=\"alignnone size-full wp-image-583\" src=\"https:\/\/fervalle.com\/wp-content\/uploads\/2022\/02\/FOLIAR-FERVALLE.jpg\" alt=\"\" width=\"70\" height=\"70\" srcset=\"https:\/\/www.fervalle.com\/wp-content\/uploads\/2022\/02\/FOLIAR-FERVALLE.jpg 70w, https:\/\/www.fervalle.com\/wp-content\/uploads\/2022\/02\/FOLIAR-FERVALLE-64x64.jpg 64w\" sizes=\"(max-width: 70px) 100vw, 70px\" \/><img decoding=\"async\" class=\"alignnone size-full wp-image-568\" src=\"https:\/\/fervalle.com\/wp-content\/uploads\/2022\/02\/fertirrigacion-logo.jpg\" alt=\"\" width=\"70\" height=\"70\" srcset=\"https:\/\/www.fervalle.com\/wp-content\/uploads\/2022\/02\/fertirrigacion-logo.jpg 70w, https:\/\/www.fervalle.com\/wp-content\/uploads\/2022\/02\/fertirrigacion-logo-64x64.jpg 64w\" sizes=\"(max-width: 70px) 100vw, 70px\" \/>\u00a0\u00a0<img decoding=\"async\" class=\"alignnone size-full wp-image-569\" src=\"https:\/\/fervalle.com\/wp-content\/uploads\/2022\/02\/residuo-cero.jpg\" alt=\"\" width=\"70\" height=\"70\" srcset=\"https:\/\/www.fervalle.com\/wp-content\/uploads\/2022\/02\/residuo-cero.jpg 70w, https:\/\/www.fervalle.com\/wp-content\/uploads\/2022\/02\/residuo-cero-64x64.jpg 64w\" sizes=\"(max-width: 70px) 100vw, 70px\" \/><\/p>\n<p><span style=\"font-size: 12pt;\"><strong>VENTAJAS Y BENEFICIOS:<\/strong><\/span><\/p>\n<ul>\n<li>Disminuye el gasto energ\u00e9tico de la planta y aumenta la resistencia frente al estr\u00e9s clim\u00e1tico.<\/li>\n<li>Aumenta el aporte de nitr\u00f3geno org\u00e1nico implicado en el desarrollo y crecimiento vegetativo.<\/li>\n<li>Incrementa la absorci\u00f3n y translocaci\u00f3n de los nutrientes a trav\u00e9s de la ra\u00edz.<\/li>\n<\/ul>\n<p><b>DOSIS Y MODO DE EMPLEO:<\/b><\/p>\n<div style=\"overflow-x:auto;\">\n<table style=\"width: 100%;\">\n<tbody>\n<tr>\n<td style=\"background-color: #353944;\" width=\"154\"><span style=\"color: #ffffff;\"><strong>CULTIVO<\/strong><\/span><\/td>\n<td style=\"background-color: #353944;\" width=\"272\"><span style=\"color: #ffffff;\"><strong>MOMENTO DE APLICACI\u00d3N<\/strong><\/span><\/td>\n<td style=\"background-color: #353944;\" width=\"195\"><span style=\"color: #ffffff;\"><strong>FOLIAR<\/strong><\/span><\/td>\n<td style=\"background-color: #353944;\" width=\"159\"><span style=\"color: #ffffff;\"><strong>FERTIRRIGACI\u00d3N<\/strong><\/span><\/td>\n<\/tr>\n<tr>\n<td width=\"154\">Frutales<\/td>\n<td width=\"272\">Durante el inicio de la floraci\u00f3n, principio cuajado y hasta la maduraci\u00f3n del fruto<\/td>\n<td rowspan=\"5\" width=\"195\">2,5 &#8211; 5 litros\/1000 litros. Realizar varias aplicaciones cada 8 \u2013 12 d\u00edas<\/td>\n<td rowspan=\"5\" width=\"159\">&nbsp;<\/p>\n<p>15 &#8211; 20 litros\/ha. Realizar varias aplicaciones cada 7 \u2013 10 d\u00edas<\/p>\n<p>&nbsp;<\/td>\n<\/tr>\n<tr>\n<td width=\"154\">Hort\u00edcolas<\/td>\n<td width=\"272\">Desde el trasplante hasta el fin del ciclo del cultivo<\/td>\n<\/tr>\n<tr>\n<td width=\"154\">Olivo<\/td>\n<td width=\"272\">Desde el inicio de la brotaci\u00f3n hasta la floraci\u00f3n y cuajado del fruto<\/td>\n<\/tr>\n<tr>\n<td width=\"154\">Uva de mesa y vid<\/td>\n<td width=\"272\">Desde la aparici\u00f3n de los botones florales y hasta el cuajado del fruto<\/td>\n<\/tr>\n<tr>\n<td width=\"154\">C\u00edtricos<\/td>\n<td width=\"272\">A partir de la brotaci\u00f3n y durante el proceso de formaci\u00f3n del fruto<\/td>\n<\/tr>\n<\/tbody>\n<\/table>\n<\/div>\n<p><span style=\"font-size: 12pt;\"><strong>Composici\u00f3n:<\/strong> Amino\u00e1cidos.<\/span><\/p>\n","protected":false},"featured_media":1461,"template":"","meta":{"_joinchat":[]},"product_brand":[],"product_cat":[24],"product_tag":[496],"class_list":{"0":"post-716","1":"product","2":"type-product","3":"status-publish","4":"has-post-thumbnail","6":"product_cat-green-line","7":"product_tag-potente-bioestimulante-en-base-aminoacidos","8":"pa_composicion-aminoacidos","9":"pa_funcion-bioestimulantes","10":"pa_funcion-engorde","11":"pa_funcion-potenciador-vegetativo","12":"pa_funcion-vigorizantes","14":"first","15":"instock","16":"shipping-taxable","17":"product-type-simple"},"jetpack_sharing_enabled":true,"_links":{"self":[{"href":"https:\/\/www.fervalle.com\/ar\/wp-json\/wp\/v2\/product\/716","targetHints":{"allow":["GET"]}}],"collection":[{"href":"https:\/\/www.fervalle.com\/ar\/wp-json\/wp\/v2\/product"}],"about":[{"href":"https:\/\/www.fervalle.com\/ar\/wp-json\/wp\/v2\/types\/product"}],"version-history":[{"count":6,"href":"https:\/\/www.fervalle.com\/ar\/wp-json\/wp\/v2\/product\/716\/revisions"}],"predecessor-version":[{"id":7694,"href":"https:\/\/www.fervalle.com\/ar\/wp-json\/wp\/v2\/product\/716\/revisions\/7694"}],"wp:featuredmedia":[{"embeddable":true,"href":"https:\/\/www.fervalle.com\/ar\/wp-json\/wp\/v2\/media\/1461"}],"wp:attachment":[{"href":"https:\/\/www.fervalle.com\/ar\/wp-json\/wp\/v2\/media?parent=716"}],"wp:term":[{"taxonomy":"product_brand","embeddable":true,"href":"https:\/\/www.fervalle.com\/ar\/wp-json\/wp\/v2\/product_brand?post=716"},{"taxonomy":"product_cat","embeddable":true,"href":"https:\/\/www.fervalle.com\/ar\/wp-json\/wp\/v2\/product_cat?post=716"},{"taxonomy":"product_tag","embeddable":true,"href":"https:\/\/www.fervalle.com\/ar\/wp-json\/wp\/v2\/product_tag?post=716"}],"curies":[{"name":"wp","href":"https:\/\/api.w.org\/{rel}","templated":true}]}}