{"id":657,"date":"2022-02-16T12:18:31","date_gmt":"2022-02-16T12:18:31","guid":{"rendered":"https:\/\/fervalle.com\/?post_type=product&#038;p=657"},"modified":"2023-01-31T11:33:56","modified_gmt":"2023-01-31T11:33:56","slug":"calbomix","status":"publish","type":"product","link":"https:\/\/www.fervalle.com\/ar\/calbomix\/","title":{"rendered":"CALBOMIX\u00ae"},"content":{"rendered":"","protected":false},"excerpt":{"rendered":"<h2>Aumenta la calidad y el poder de conservaci\u00f3n de los frutos.<\/h2>\n<p style=\"text-align: justify;\"><strong>Fertilizante rico en nitr\u00f3geno, calcio, magnesio y enriquecida con micronutrientes con un alto poder reverdecedor en el cultivo<\/strong>. El pH de car\u00e1cter \u00e1cido del produce favorece que el nitr\u00f3geno y calcio aportados sea r\u00e1pidamente absorbido por la planta a trav\u00e9s de la ra\u00edz. El calcio y el magnesio a su vez tienen la capacidad de competir con las sales presentes en el complejo de cambio de las part\u00edculas de suelo, favoreciendo el lavado de sales. La f\u00f3rmula enriquecida con micronutrientes permite prevenir y corregir estados carenciales de estos que puedan comprometer el correcto desarrollo del cultivo.<\/p>\n<p><img decoding=\"async\" class=\"alignnone size-full wp-image-583\" src=\"https:\/\/fervalle.com\/wp-content\/uploads\/2022\/02\/FOLIAR-FERVALLE.jpg\" alt=\"\" width=\"70\" height=\"70\" srcset=\"https:\/\/www.fervalle.com\/wp-content\/uploads\/2022\/02\/FOLIAR-FERVALLE.jpg 70w, https:\/\/www.fervalle.com\/wp-content\/uploads\/2022\/02\/FOLIAR-FERVALLE-64x64.jpg 64w\" sizes=\"(max-width: 70px) 100vw, 70px\" \/><img decoding=\"async\" class=\"size-full wp-image-568\" src=\"https:\/\/fervalle.com\/wp-content\/uploads\/2022\/02\/fertirrigacion-logo.jpg\" alt=\"\" width=\"70\" height=\"70\" srcset=\"https:\/\/www.fervalle.com\/wp-content\/uploads\/2022\/02\/fertirrigacion-logo.jpg 70w, https:\/\/www.fervalle.com\/wp-content\/uploads\/2022\/02\/fertirrigacion-logo-64x64.jpg 64w\" sizes=\"(max-width: 70px) 100vw, 70px\" \/> \u00a0<img decoding=\"async\" class=\"alignnone size-full wp-image-569\" src=\"https:\/\/fervalle.com\/wp-content\/uploads\/2022\/02\/residuo-cero.jpg\" alt=\"\" width=\"70\" height=\"70\" srcset=\"https:\/\/www.fervalle.com\/wp-content\/uploads\/2022\/02\/residuo-cero.jpg 70w, https:\/\/www.fervalle.com\/wp-content\/uploads\/2022\/02\/residuo-cero-64x64.jpg 64w\" sizes=\"(max-width: 70px) 100vw, 70px\" \/><\/p>\n<p><span style=\"font-size: 12pt;\"><strong>VENTAJAS Y BENEFICIOS:<\/strong><\/span><\/p>\n<ul>\n<li>Alta movilidad del calcio a trav\u00e9s del floema hacia los frutos, favoreciendo su correcto desarrollo y preservaci\u00f3n tras la recolecci\u00f3n.<\/li>\n<li>Excelente corrector de carencias de micronutrientes.<\/li>\n<li>Participa en la divisi\u00f3n celular, fortaleciendo la pared celular, durante el proceso de formaci\u00f3n del fruto.<\/li>\n<\/ul>\n<p><b>DOSIS Y MODO DE EMPLEO:<\/b><\/p>\n<div style=\"overflow-x: auto;\">\n<table style=\"width: 100%;\">\n<tbody>\n<tr>\n<td width=\"154\"><strong>CULTIVO<\/strong><\/td>\n<td width=\"272\"><strong>MOMENTO DE APLICACI\u00d3N<\/strong><\/td>\n<td width=\"195\"><strong>FOLIAR<\/strong><\/td>\n<td width=\"159\"><strong>FERTIRRIGACI\u00d3N<\/strong><\/td>\n<\/tr>\n<tr>\n<td width=\"154\">Frutales<\/td>\n<td rowspan=\"5\" width=\"272\">Aplicar durante todo el ciclo de cultivo<\/td>\n<td rowspan=\"5\" width=\"195\">2 &#8211; 3 litros\/1000 litros<\/td>\n<td rowspan=\"5\" width=\"159\">&nbsp;<\/p>\n<p>4 &#8211; 8 litros\/ha<\/p>\n<p>&nbsp;<\/td>\n<\/tr>\n<tr>\n<td width=\"154\">Hort\u00edcolas<\/td>\n<\/tr>\n<tr>\n<td width=\"154\">Olivo<\/td>\n<\/tr>\n<tr>\n<td width=\"154\">Uva de mesa y vid<\/td>\n<\/tr>\n<tr>\n<td width=\"154\">C\u00edtricos<\/td>\n<\/tr>\n<\/tbody>\n<\/table>\n<\/div>\n<p><span style=\"font-size: 12pt;\"><strong>Composici\u00f3n:<\/strong> calcio, nitr\u00f3geno, magnesio, enriquecido con boro, cobre, hierro, manganeso, molibdeno y zinc.<\/span><\/p>\n","protected":false},"featured_media":12167,"template":"","meta":{"_joinchat":[]},"product_brand":[],"product_cat":[28],"product_tag":[453,452],"class_list":{"0":"post-657","1":"product","2":"type-product","3":"status-publish","4":"has-post-thumbnail","6":"product_cat-star-line","7":"product_tag-mayor-durabilidad-en-postcosecha","8":"product_tag-multiplicador-celular","9":"pa_composicion-boro","10":"pa_composicion-calcio","11":"pa_composicion-cobre","12":"pa_composicion-hierro","13":"pa_composicion-magnesio","14":"pa_composicion-manganeso","15":"pa_composicion-molibdeno","16":"pa_composicion-nitrogeno","17":"pa_composicion-zinc","18":"pa_funcion-division-celular","19":"pa_funcion-durabilidad-postcosecha","20":"pa_funcion-multiplicadores-celulares","22":"first","23":"instock","24":"shipping-taxable","25":"product-type-simple"},"jetpack_sharing_enabled":true,"_links":{"self":[{"href":"https:\/\/www.fervalle.com\/ar\/wp-json\/wp\/v2\/product\/657","targetHints":{"allow":["GET"]}}],"collection":[{"href":"https:\/\/www.fervalle.com\/ar\/wp-json\/wp\/v2\/product"}],"about":[{"href":"https:\/\/www.fervalle.com\/ar\/wp-json\/wp\/v2\/types\/product"}],"version-history":[{"count":8,"href":"https:\/\/www.fervalle.com\/ar\/wp-json\/wp\/v2\/product\/657\/revisions"}],"predecessor-version":[{"id":14040,"href":"https:\/\/www.fervalle.com\/ar\/wp-json\/wp\/v2\/product\/657\/revisions\/14040"}],"wp:featuredmedia":[{"embeddable":true,"href":"https:\/\/www.fervalle.com\/ar\/wp-json\/wp\/v2\/media\/12167"}],"wp:attachment":[{"href":"https:\/\/www.fervalle.com\/ar\/wp-json\/wp\/v2\/media?parent=657"}],"wp:term":[{"taxonomy":"product_brand","embeddable":true,"href":"https:\/\/www.fervalle.com\/ar\/wp-json\/wp\/v2\/product_brand?post=657"},{"taxonomy":"product_cat","embeddable":true,"href":"https:\/\/www.fervalle.com\/ar\/wp-json\/wp\/v2\/product_cat?post=657"},{"taxonomy":"product_tag","embeddable":true,"href":"https:\/\/www.fervalle.com\/ar\/wp-json\/wp\/v2\/product_tag?post=657"}],"curies":[{"name":"wp","href":"https:\/\/api.w.org\/{rel}","templated":true}]}}